{"id":32147,"date":"2021-11-22T15:57:19","date_gmt":"2021-11-22T14:57:19","guid":{"rendered":"https:\/\/irema.servidorbilnea.com\/?page_id=32147"},"modified":"2026-01-30T11:05:55","modified_gmt":"2026-01-30T10:05:55","slug":"datenschutzbestimmungen","status":"publish","type":"page","link":"https:\/\/www.irema.org\/de\/datenschutzbestimmungen\/","title":{"rendered":"Datenschutzbestimmungen"},"content":{"rendered":"<h1 style=\"text-align: center;\">DATENSCHUTZERKL\u00c4RUNG<\/h1>\n<p data-path-to-node=\"2\">Diese Datenschutzerkl\u00e4rung entspricht der Verordnung (EU) 2016\/679 des Europ\u00e4ischen Parlaments und des Rates vom 27. April 2016 <span class=\"citation-945 citation-end-945\">zum Schutz nat\u00fcrlicher Personen bei der Verarbeitung personenbezogener Daten und zum freien Datenverkehr (DSGVO), dem spanischen Organgesetz 3\/2018 vom 5. Dezember \u00fcber den Schutz personenbezogener Daten und <\/span>die Gew\u00e4hrleistung digitaler Rechte (LOPDGDD) sowie, sofern sie nicht im Widerspruch zu den genannten Vorschriften steht, dem Organgesetz 15\/1999 \u00fcber den Schutz personenbezogener Daten (LOPD) und deren Ausf\u00fchrungsbestimmungen bzw. jenen Vorschriften, die diese in Zukunft ersetzen oder aktualisieren k\u00f6nnten.<\/p>\n<div class=\"source-inline-chip-container ng-star-inserted\"><\/div>\n<p data-path-to-node=\"3\">Unsere Organisation verpflichtet sich zum Schutz Ihrer personenbezogenen Daten. Die bereitgestellten personenbezogenen Daten sind f\u00fcr die Erbringung unserer Dienstleistungen erforderlich und werden rechtm\u00e4\u00dfig, nach Treu und Glauben und in einer transparenten Weise behandelt. Dabei wird eine angemessene Sicherheit gew\u00e4hrleistet, einschlie\u00dflich des Schutzes vor unbefugter oder unrechtm\u00e4\u00dfiger Verarbeitung sowie vor unbeabsichtigtem Verlust, unbeabsichtigter Zerst\u00f6rung oder unbeabsichtigter Sch\u00e4digung durch die Anwendung technischer und organisatorischer Ma\u00dfnahmen.<\/p>\n<p data-path-to-node=\"4\">Mit dem vorliegenden Dokument m\u00f6chten wir Ihnen auf transparente und faire Weise alle notwendigen Informationen \u00fcber die Verarbeitung Ihrer personenbezogenen Daten durch diese Organisation zukommen lassen.<\/p>\n<h3 data-path-to-node=\"6\">I.- VERANTWORTLICHER F\u00dcR DIE VERARBEITUNG<\/h3>\n<p style=\"padding-left: 40px;\" data-path-to-node=\"7\"><b data-path-to-node=\"7\" data-index-in-node=\"0\">IDENTIT\u00c4T:<\/b> INSTITUTO DE REPRODUCCION DE LA MARINA ALTA, S.L.<\/p>\n<p style=\"padding-left: 40px;\" data-path-to-node=\"8\"><b data-path-to-node=\"8\" data-index-in-node=\"0\">C.I.F. \/ N.I.F.:<\/b> B53951745<\/p>\n<p style=\"padding-left: 40px;\" data-path-to-node=\"9\"><b data-path-to-node=\"9\" data-index-in-node=\"0\">ANSCHRIFT:<\/b> AVDA. DOCTOR FLEMING, 47, 03760 ONDARA (ALICANTE)<\/p>\n<p style=\"padding-left: 40px;\" data-path-to-node=\"10\"><b data-path-to-node=\"10\" data-index-in-node=\"0\">TELEFON:<\/b> 966477265<\/p>\n<p style=\"padding-left: 40px;\" data-path-to-node=\"11\"><b data-path-to-node=\"11\" data-index-in-node=\"0\">E-MAIL:<\/b> contactar@irema.org<\/p>\n<p style=\"padding-left: 40px;\" data-path-to-node=\"12\"><b data-path-to-node=\"12\" data-index-in-node=\"0\">DATENSCHUTZBEAUFTRAGTER:<\/b> dpo@procoden.es<\/p>\n<h3 data-path-to-node=\"13\">II.- EMPF\u00c4NGER DER PERSONENBEZOGENEN DATEN<\/h3>\n<ol start=\"1\" data-path-to-node=\"14\">\n<li>\n<p data-path-to-node=\"14,0,0\">Die bereitgestellten personenbezogenen Daten werden nicht an Dritte weitergegeben, es sei denn, dies ist in den spezifischen Behandlungen ausdr\u00fccklich vorgesehen.<\/p>\n<\/li>\n<li>\n<p data-path-to-node=\"14,1,0\">Optional k\u00f6nnen f\u00fcr die Inanspruchnahme von Cloud-Computing-Diensten und\/oder Diensten f\u00fcr den E-Mail-Versand, die Kommunikation sowie andere damit verbundene IT-Dienstleistungen personenbezogene Daten:\u00a0\u00a0\u2013 an IT-Dienstleistungsunternehmen mit Sitz innerhalb des Europ\u00e4ischen Wirtschaftsraums (EWR) weitergegeben werden oder\u2013 an IT-Dienstleistungsunternehmen mit Sitz au\u00dferhalb des EWR \u00fcbertragen werden, die dem Privacy-Shield-Schutzschild unterliegen und somit \u00fcber angemessene Schutzma\u00dfnahmen zur Gew\u00e4hrleistung der Sicherheit personenbezogener Daten verf\u00fcgen. Weitere Informationen finden Sie unter diesem Link: <a class=\"ng-star-inserted\" href=\"https:\/\/www.privacyshield.gov\/welcome\" target=\"_blank\" rel=\"noopener\">https:\/\/www.privacyshield.gov\/welcome<\/a><\/p>\n<\/li>\n<li>Optional an Beh\u00f6rden und sonstige Stellen, wenn dies zur Erf\u00fcllung gesetzlicher Verpflichtungen erforderlich ist.<\/li>\n<\/ol>\n<h3 data-path-to-node=\"15\">III.- RECHTSGRUNDLAGE F\u00dcR DIE VERARBEITUNG DER PERSONENBEZOGENEN DATEN<\/h3>\n<p style=\"padding-left: 40px;\" data-path-to-node=\"16\">In jeder spezifischen Verarbeitung personenbezogener Daten werden wir Sie \u00fcber die Rechtsgrundlage informieren, die diese legitimiert.<\/p>\n<h3 data-path-to-node=\"17\">IV.- RECHTE<\/h3>\n<p style=\"padding-left: 40px;\" data-path-to-node=\"18\"><b data-path-to-node=\"18\" data-index-in-node=\"0\">AUSKUNFTSRECHT<\/b> Es ist das Recht, von dem Verantwortlichen eine Best\u00e4tigung dar\u00fcber zu verlangen, ob sie betreffende personenbezogene Daten verarbeitet werden; ist dies der Fall, so hat sie ein Recht auf Auskunft \u00fcber diese personenbezogenen Daten und auf folgende Informationen: Verarbeitungszwecke, Kategorien personenbezogener Daten, Empf\u00e4nger oder Kategorien von Empf\u00e4ngern, gegen\u00fcber denen die Daten offengelegt wurden oder noch offengelegt werden, Speicherdauer oder Kriterien f\u00fcr die Festlegung dieser Dauer, das Bestehen eines Rechts auf Berichtigung oder L\u00f6schung oder auf Einschr\u00e4nkung der Verarbeitung oder eines Widerspruchsrechts gegen diese Verarbeitung, das Beschwerderecht bei der spanischen Datenschutzbeh\u00f6rde (AEPD), das Bestehen einer automatisierten Entscheidungsfindung einschlie\u00dflich Profiling sowie bei \u00dcbermittlung an Drittl\u00e4nder das Recht auf Unterrichtung \u00fcber die angewandten geeigneten Garantien.<\/p>\n<p style=\"padding-left: 40px;\" data-path-to-node=\"19\"><b data-path-to-node=\"19\" data-index-in-node=\"0\">RECHT AUF BERICHTIGUNG<\/b> Es ist das Recht, die Berichtigung unrichtiger personenbezogener Daten zu verlangen, einschlie\u00dflich des Rechts auf Vervollst\u00e4ndigung unvollst\u00e4ndiger Daten. Beachten Sie, dass Sie mit der \u00dcbermittlung der Daten garantieren, dass diese wahrheitsgem\u00e4\u00df und korrekt sind, und sich verpflichten, uns \u00c4nderungen mitzuteilen. Sch\u00e4den, die durch fehlerhafte oder unvollst\u00e4ndige Angaben in den Webformularen entstehen, liegen in der ausschlie\u00dflichen Verantwortung des Betroffenen.<\/p>\n<p style=\"padding-left: 40px;\" data-path-to-node=\"20\"><b data-path-to-node=\"20\" data-index-in-node=\"0\">RECHT AUF L\u00d6SCHUNG<\/b> Es ist das Recht, die L\u00f6schung personenbezogener Daten zu verlangen, wenn diese unter anderem f\u00fcr die Zwecke, f\u00fcr die sie erhoben wurden, nicht mehr notwendig sind oder die Einwilligung widerrufen wird. Eine L\u00f6schung erfolgt nicht, wenn die Verarbeitung unter anderem zur Erf\u00fcllung rechtlicher Verpflichtungen oder zur Geltendmachung, Aus\u00fcbung oder Verteidigung von Rechtsanspr\u00fcchen erforderlich ist.<\/p>\n<p style=\"padding-left: 40px;\" data-path-to-node=\"21\"><b data-path-to-node=\"21\" data-index-in-node=\"0\">RECHT AUF EINSCHR\u00c4NKUNG<\/b> Es ist das Recht, die Einschr\u00e4nkung der Verarbeitung zu verlangen. Dies bedeutet, dass Sie in bestimmten F\u00e4llen verlangen k\u00f6nnen, dass wir die Verarbeitung vor\u00fcbergehend aussetzen oder die Daten \u00fcber die erforderliche Zeit hinaus aufbewahren, wenn Sie diese ben\u00f6tigen k\u00f6nnten.<\/p>\n<p style=\"padding-left: 40px;\" data-path-to-node=\"22\"><b data-path-to-node=\"22\" data-index-in-node=\"0\">RECHT AUF WIDERRUF DER EINWILLIGUNG<\/b> Es ist das Recht, die erteilte Einwilligung durch das Anklicken von \u201eIch habe die Datenschutzerkl\u00e4rung gelesen und akzeptiere sie\u201c jederzeit zu widerrufen. Dies hat keine Auswirkungen, wenn die Verarbeitung zur Erf\u00fcllung einer rechtlichen Verpflichtung, zur Durchf\u00fchrung eines Vertrages oder zur Verteidigung von Anspr\u00fcchen erforderlich ist. Der Widerruf wirkt nicht r\u00fcckwirkend.<\/p>\n<p style=\"padding-left: 40px;\" data-path-to-node=\"23\"><b data-path-to-node=\"23\" data-index-in-node=\"0\">RECHT AUF DATEN\u00dcBERTRAGBARKEIT<\/b> Es ist das Recht, die Sie betreffenden Daten in einem strukturierten, g\u00e4ngigen und maschinenlesbaren Format zu erhalten und sie einem anderen Verantwortlichen zu \u00fcbermitteln, sofern die Verarbeitung auf einer Einwilligung beruht und mithilfe automatisierter Verfahren erfolgt.<\/p>\n<p style=\"padding-left: 40px;\" data-path-to-node=\"24\"><b data-path-to-node=\"24\" data-index-in-node=\"0\">WIDERSPRUCHSRECHT<\/b> Es ist das Recht, der Verarbeitung aufgrund unseres berechtigten Interesses zu widersprechen. Wir werden die Daten nicht weiter verarbeiten, es sei denn, wir k\u00f6nnen zwingende schutzw\u00fcrdige Gr\u00fcnde nachweisen, die Ihre Interessen \u00fcberwiegen, oder zur Verteidigung von Anspr\u00fcchen.<\/p>\n<p style=\"padding-left: 40px;\" data-path-to-node=\"25\"><b data-path-to-node=\"25\" data-index-in-node=\"0\">RECHT AUF BESCHWERDE BEI EINER AUFSICHTSBEH\u00d6RDE<\/b> Wenn Sie der Meinung sind, dass wir Ihre Daten unkorrekt behandeln, k\u00f6nnen Sie uns kontaktieren oder eine Beschwerde bei der spanischen Datenschutzbeh\u00f6rde (AEPD) einreichen: <a class=\"ng-star-inserted\" href=\"https:\/\/www.agpd.es\/\" target=\"_blank\" rel=\"noopener\">https:\/\/www.agpd.es\/<\/a><\/p>\n<p style=\"padding-left: 40px;\" data-path-to-node=\"26\"><b data-path-to-node=\"26\" data-index-in-node=\"0\">WAHRNEHMUNG DER RECHTE<\/b> Sie k\u00f6nnen Ihre Rechte per Brief an die oben genannte Postanschrift oder per E-Mail an contactar@irema.org aus\u00fcben, wobei in beiden F\u00e4llen eine Kopie Ihres NIF\/NIE\/Reisepasses oder eines vergleichbaren Dokuments beizuf\u00fcgen ist.<\/p>\n<h3 data-path-to-node=\"28\">V.- VERARBEITUNG PERSONENBEZOGENER DATEN.<\/h3>\n<p style=\"padding-left: 40px;\" data-path-to-node=\"29\"><b data-path-to-node=\"29\" data-index-in-node=\"0\">ALLGEMEINE BESTIMMUNGEN<\/b> Die in den jeweiligen Verarbeitungen geforderten Daten sind angemessen, erheblich und auf das notwendige Ma\u00df beschr\u00e4nkt (Datenminimierung). Die Verweigerung der Bereitstellung notwendiger Daten f\u00fchrt dazu, dass die Dienstleistung nicht erbracht werden kann. Die Daten\u00fcbermittlungen sind teilweise f\u00fcr die Vertragserf\u00fcllung oder aufgrund rechtlicher Verpflichtungen erforderlich.<\/p>\n<p style=\"padding-left: 40px;\" data-path-to-node=\"30\"><b data-path-to-node=\"30\" data-index-in-node=\"0\">KONTAKTFORMULAR<\/b> Die Daten werden verarbeitet, um Informationsanfragen, Vorschl\u00e4ge und Reklamationen von Nutzern oder Kunden zu bearbeiten.<\/p>\n<ul>\n<li style=\"list-style-type: none;\">\n<ul data-path-to-node=\"31\">\n<li>\n<p data-path-to-node=\"31,0,0\"><b data-path-to-node=\"31,0,0\" data-index-in-node=\"0\">Rechtsgrundlage:<\/b> Ausdr\u00fcckliche Einwilligung durch das Anklicken von \u201eIch habe die Datenschutzerkl\u00e4rung gelesen und akzeptiere sie\u201c.<\/p>\n<\/li>\n<li>\n<p data-path-to-node=\"31,1,0\"><b data-path-to-node=\"31,1,0\" data-index-in-node=\"0\">Speicherdauer:<\/b> Zwei Jahre ab dem Zeitpunkt, an dem die Verarbeitung endet, unbeschadet der Wahrnehmung Ihrer Rechte.<\/p>\n<\/li>\n<\/ul>\n<\/li>\n<\/ul>\n<p style=\"padding-left: 40px;\" data-path-to-node=\"32\"><b data-path-to-node=\"32\" data-index-in-node=\"0\">LEBENSLAUF-FORMULAR (CURRICULUM)<\/b> Die Daten werden verarbeitet, um den Auswahlprozess im Unternehmen zu verwalten.<\/p>\n<ul>\n<li style=\"list-style-type: none;\">\n<ul data-path-to-node=\"33\">\n<li>\n<p data-path-to-node=\"33,0,0\"><b data-path-to-node=\"33,0,0\" data-index-in-node=\"0\">Rechtsgrundlage:<\/b> Ausdr\u00fcckliche Einwilligung durch das Anklicken von \u201eIch habe die Datenschutzerkl\u00e4rung gelesen und akzeptiere sie\u201c.<\/p>\n<\/li>\n<li>\n<p data-path-to-node=\"33,1,0\"><b data-path-to-node=\"33,1,0\" data-index-in-node=\"0\">Speicherdauer:<\/b> Zwei Jahre ab dem Zeitpunkt, an dem die Verarbeitung endet, unbeschadet der Wahrnehmung Ihrer Rechte.<\/p>\n<\/li>\n<\/ul>\n<\/li>\n<\/ul>\n","protected":false},"excerpt":{"rendered":"<p>DATENSCHUTZERKL\u00c4RUNG Diese Datenschutzerkl\u00e4rung entspricht der Verordnung (EU) 2016\/679 des Europ\u00e4ischen Parlaments und des Rates vom 27. April 2016 zum Schutz nat\u00fcrlicher Personen bei der Verarbeitung personenbezogener Daten und zum freien Datenverkehr (DSGVO), dem spanischen Organgesetz 3\/2018 vom 5. Dezember \u00fcber den Schutz personenbezogener Daten und die Gew\u00e4hrleistung digitaler Rechte (LOPDGDD) sowie, sofern sie nicht im [&hellip;]<\/p>\n","protected":false},"author":3,"featured_media":0,"parent":0,"menu_order":0,"comment_status":"closed","ping_status":"closed","template":"","meta":{"footnotes":""},"class_list":["post-32147","page","type-page","status-publish","hentry"],"_links":{"self":[{"href":"https:\/\/www.irema.org\/de\/wp-json\/wp\/v2\/pages\/32147","targetHints":{"allow":["GET"]}}],"collection":[{"href":"https:\/\/www.irema.org\/de\/wp-json\/wp\/v2\/pages"}],"about":[{"href":"https:\/\/www.irema.org\/de\/wp-json\/wp\/v2\/types\/page"}],"author":[{"embeddable":true,"href":"https:\/\/www.irema.org\/de\/wp-json\/wp\/v2\/users\/3"}],"replies":[{"embeddable":true,"href":"https:\/\/www.irema.org\/de\/wp-json\/wp\/v2\/comments?post=32147"}],"version-history":[{"count":8,"href":"https:\/\/www.irema.org\/de\/wp-json\/wp\/v2\/pages\/32147\/revisions"}],"predecessor-version":[{"id":48281,"href":"https:\/\/www.irema.org\/de\/wp-json\/wp\/v2\/pages\/32147\/revisions\/48281"}],"wp:attachment":[{"href":"https:\/\/www.irema.org\/de\/wp-json\/wp\/v2\/media?parent=32147"}],"curies":[{"name":"wp","href":"https:\/\/api.w.org\/{rel}","templated":true}]}}