{"id":32168,"date":"2021-11-22T18:08:11","date_gmt":"2021-11-22T17:08:11","guid":{"rendered":"https:\/\/irema.servidorbilnea.com\/?page_id=32168"},"modified":"2026-01-29T17:46:35","modified_gmt":"2026-01-29T16:46:35","slug":"rechtlicher-hinweis","status":"publish","type":"page","link":"https:\/\/www.irema.org\/de\/rechtlicher-hinweis\/","title":{"rendered":"Rechtlicher Hinweis"},"content":{"rendered":"\t\t<div data-elementor-type=\"wp-page\" data-elementor-id=\"32168\" class=\"elementor elementor-32168 elementor-13\" data-elementor-post-type=\"page\">\n\t\t\t\t\t\t<section class=\"elementor-section elementor-top-section elementor-element elementor-element-6bc92868 elementor-section-boxed elementor-section-height-default elementor-section-height-default\" data-id=\"6bc92868\" data-element_type=\"section\" data-e-type=\"section\" data-settings=\"{&quot;jet_parallax_layout_list&quot;:[{&quot;jet_parallax_layout_image&quot;:{&quot;url&quot;:&quot;&quot;,&quot;id&quot;:&quot;&quot;,&quot;size&quot;:&quot;&quot;},&quot;_id&quot;:&quot;e526f0c&quot;,&quot;jet_parallax_layout_image_tablet&quot;:{&quot;url&quot;:&quot;&quot;,&quot;id&quot;:&quot;&quot;,&quot;size&quot;:&quot;&quot;},&quot;jet_parallax_layout_image_mobile&quot;:{&quot;url&quot;:&quot;&quot;,&quot;id&quot;:&quot;&quot;,&quot;size&quot;:&quot;&quot;},&quot;jet_parallax_layout_speed&quot;:{&quot;unit&quot;:&quot;%&quot;,&quot;size&quot;:50,&quot;sizes&quot;:[]},&quot;jet_parallax_layout_type&quot;:&quot;scroll&quot;,&quot;jet_parallax_layout_direction&quot;:&quot;1&quot;,&quot;jet_parallax_layout_fx_direction&quot;:null,&quot;jet_parallax_layout_z_index&quot;:&quot;&quot;,&quot;jet_parallax_layout_bg_x&quot;:50,&quot;jet_parallax_layout_bg_x_tablet&quot;:&quot;&quot;,&quot;jet_parallax_layout_bg_x_mobile&quot;:&quot;&quot;,&quot;jet_parallax_layout_bg_y&quot;:50,&quot;jet_parallax_layout_bg_y_tablet&quot;:&quot;&quot;,&quot;jet_parallax_layout_bg_y_mobile&quot;:&quot;&quot;,&quot;jet_parallax_layout_bg_size&quot;:&quot;auto&quot;,&quot;jet_parallax_layout_bg_size_tablet&quot;:&quot;&quot;,&quot;jet_parallax_layout_bg_size_mobile&quot;:&quot;&quot;,&quot;jet_parallax_layout_animation_prop&quot;:&quot;transform&quot;,&quot;jet_parallax_layout_on&quot;:[&quot;desktop&quot;,&quot;tablet&quot;]}]}\">\n\t\t\t\t\t\t<div class=\"elementor-container elementor-column-gap-default\">\n\t\t\t\t\t<div class=\"elementor-column elementor-col-100 elementor-top-column elementor-element elementor-element-4ffea3b0\" data-id=\"4ffea3b0\" data-element_type=\"column\" data-e-type=\"column\">\n\t\t\t<div class=\"elementor-widget-wrap elementor-element-populated\">\n\t\t\t\t\t\t<div class=\"elementor-element elementor-element-4b16c960 elementor-widget elementor-widget-text-editor\" data-id=\"4b16c960\" data-element_type=\"widget\" data-e-type=\"widget\" data-widget_type=\"text-editor.default\">\n\t\t\t\t<div class=\"elementor-widget-container\">\n\t\t\t\t\t\t\t\t\t<h1 style=\"text-align: center;\">RECHTLICHER HINWEIS<\/h1><p>Gem\u00e4\u00df Artikel 10 des Gesetzes 34\/2002 vom 11. Juli \u00fcber die Dienste der Informationsgesellschaft und den elektronischen Handel teilen wir Ihnen mit, dass die f\u00fcr diese Website verantwortliche Partei ist:<\/p><p><strong>IDENTIT\u00c4T:<\/strong> &#8222;INSTITUTO DE REPRODUCCION DE LA MARINA ALTA, S.L.&#8220;.<\/p><p> <strong> C.I.F. \/ N.I.F.:<\/strong> B53951745<\/p><p><strong>ADRESSE:<\/strong> AVDA. DOCTOR FLEMING, 47, 03760 ONDARA (ALICANTE) <\/p><p> <strong> TELEFON:<\/strong> 966477265<\/p><p><strong>E-MAIL:<\/strong> contactar@irema.org<\/p><p> <strong> REGISTRATIONSDATEN:<\/strong> Handelsregister der Provinz ALICANTE, Band 2879, Buch 0, Folio 59, Seite A-89169 1.<\/p><p> <strong> VERWALTUNGSBESCHEINIGUNG:<\/strong> Bescheinigung \u00fcber die Eintragung in das Autonome Register der Gesundheitszentren, -dienste und -einrichtungen der Autonomen Gemeinschaft Valencia unter der Nummer 6206.<\/p>\t\t\t\t\t\t\t\t<\/div>\n\t\t\t\t<\/div>\n\t\t\t\t\t<\/div>\n\t\t<\/div>\n\t\t\t\t\t<\/div>\n\t\t<\/section>\n\t\t\t\t<\/div>\n\t\t","protected":false},"excerpt":{"rendered":"<p>RECHTLICHER HINWEIS Gem\u00e4\u00df Artikel 10 des Gesetzes 34\/2002 vom 11. Juli \u00fcber die Dienste der Informationsgesellschaft und den elektronischen Handel teilen wir Ihnen mit, dass die f\u00fcr diese Website verantwortliche Partei ist: IDENTIT\u00c4T: &#8222;INSTITUTO DE REPRODUCCION DE LA MARINA ALTA, S.L.&#8220;. C.I.F. \/ N.I.F.: B53951745 ADRESSE: AVDA. DOCTOR FLEMING, 47, 03760 ONDARA (ALICANTE) TELEFON: 966477265 [&hellip;]<\/p>\n","protected":false},"author":3,"featured_media":0,"parent":0,"menu_order":0,"comment_status":"closed","ping_status":"closed","template":"","meta":{"footnotes":""},"class_list":["post-32168","page","type-page","status-publish","hentry"],"_links":{"self":[{"href":"https:\/\/www.irema.org\/de\/wp-json\/wp\/v2\/pages\/32168","targetHints":{"allow":["GET"]}}],"collection":[{"href":"https:\/\/www.irema.org\/de\/wp-json\/wp\/v2\/pages"}],"about":[{"href":"https:\/\/www.irema.org\/de\/wp-json\/wp\/v2\/types\/page"}],"author":[{"embeddable":true,"href":"https:\/\/www.irema.org\/de\/wp-json\/wp\/v2\/users\/3"}],"replies":[{"embeddable":true,"href":"https:\/\/www.irema.org\/de\/wp-json\/wp\/v2\/comments?post=32168"}],"version-history":[{"count":4,"href":"https:\/\/www.irema.org\/de\/wp-json\/wp\/v2\/pages\/32168\/revisions"}],"predecessor-version":[{"id":48199,"href":"https:\/\/www.irema.org\/de\/wp-json\/wp\/v2\/pages\/32168\/revisions\/48199"}],"wp:attachment":[{"href":"https:\/\/www.irema.org\/de\/wp-json\/wp\/v2\/media?parent=32168"}],"curies":[{"name":"wp","href":"https:\/\/api.w.org\/{rel}","templated":true}]}}