{"id":32705,"date":"2021-12-02T13:16:50","date_gmt":"2021-12-02T12:16:50","guid":{"rendered":"https:\/\/irema.servidorbilnea.com\/?page_id=32705"},"modified":"2022-03-28T18:50:04","modified_gmt":"2022-03-28T16:50:04","slug":"seminogramm","status":"publish","type":"page","link":"https:\/\/www.irema.org\/de\/diagnostische-tests\/seminogramm\/","title":{"rendered":"Seminogramm"},"content":{"rendered":"\t\t<div data-elementor-type=\"wp-page\" data-elementor-id=\"32705\" class=\"elementor elementor-32705 elementor-186\" data-elementor-post-type=\"page\">\n\t\t\t\t\t\t<section class=\"elementor-section elementor-top-section elementor-element elementor-element-7456d66 elementor-section-boxed elementor-section-height-default elementor-section-height-default\" data-id=\"7456d66\" data-element_type=\"section\" data-e-type=\"section\" data-settings=\"{&quot;jet_parallax_layout_list&quot;:[{&quot;jet_parallax_layout_image&quot;:{&quot;url&quot;:&quot;&quot;,&quot;id&quot;:&quot;&quot;,&quot;size&quot;:&quot;&quot;},&quot;_id&quot;:&quot;cf33a8f&quot;,&quot;jet_parallax_layout_image_tablet&quot;:{&quot;url&quot;:&quot;&quot;,&quot;id&quot;:&quot;&quot;,&quot;size&quot;:&quot;&quot;},&quot;jet_parallax_layout_image_mobile&quot;:{&quot;url&quot;:&quot;&quot;,&quot;id&quot;:&quot;&quot;,&quot;size&quot;:&quot;&quot;},&quot;jet_parallax_layout_speed&quot;:{&quot;unit&quot;:&quot;%&quot;,&quot;size&quot;:50,&quot;sizes&quot;:[]},&quot;jet_parallax_layout_type&quot;:&quot;scroll&quot;,&quot;jet_parallax_layout_direction&quot;:&quot;1&quot;,&quot;jet_parallax_layout_fx_direction&quot;:null,&quot;jet_parallax_layout_z_index&quot;:&quot;&quot;,&quot;jet_parallax_layout_bg_x&quot;:50,&quot;jet_parallax_layout_bg_x_tablet&quot;:&quot;&quot;,&quot;jet_parallax_layout_bg_x_mobile&quot;:&quot;&quot;,&quot;jet_parallax_layout_bg_y&quot;:50,&quot;jet_parallax_layout_bg_y_tablet&quot;:&quot;&quot;,&quot;jet_parallax_layout_bg_y_mobile&quot;:&quot;&quot;,&quot;jet_parallax_layout_bg_size&quot;:&quot;auto&quot;,&quot;jet_parallax_layout_bg_size_tablet&quot;:&quot;&quot;,&quot;jet_parallax_layout_bg_size_mobile&quot;:&quot;&quot;,&quot;jet_parallax_layout_animation_prop&quot;:&quot;transform&quot;,&quot;jet_parallax_layout_on&quot;:[&quot;desktop&quot;,&quot;tablet&quot;]}]}\">\n\t\t\t\t\t\t<div class=\"elementor-container elementor-column-gap-default\">\n\t\t\t\t\t<div class=\"elementor-column elementor-col-100 elementor-top-column elementor-element elementor-element-378dde4\" data-id=\"378dde4\" data-element_type=\"column\" data-e-type=\"column\">\n\t\t\t<div class=\"elementor-widget-wrap elementor-element-populated\">\n\t\t\t\t\t\t<div class=\"elementor-element elementor-element-69b5e85 elementor-invisible elementor-widget elementor-widget-heading\" data-id=\"69b5e85\" data-element_type=\"widget\" data-e-type=\"widget\" data-settings=\"{&quot;_animation&quot;:&quot;fadeIn&quot;}\" data-widget_type=\"heading.default\">\n\t\t\t\t<div class=\"elementor-widget-container\">\n\t\t\t\t\t<h1 class=\"elementor-heading-title elementor-size-default\">Was ist ein Seminogramm oder Spermiogramm?<\/h1>\t\t\t\t<\/div>\n\t\t\t\t<\/div>\n\t\t\t\t\t<\/div>\n\t\t<\/div>\n\t\t\t\t\t<\/div>\n\t\t<\/section>\n\t\t\t\t<section class=\"elementor-section elementor-top-section elementor-element elementor-element-0351af9 elementor-section-boxed elementor-section-height-default elementor-section-height-default\" data-id=\"0351af9\" data-element_type=\"section\" data-e-type=\"section\" data-settings=\"{&quot;jet_parallax_layout_list&quot;:[{&quot;jet_parallax_layout_image&quot;:{&quot;url&quot;:&quot;&quot;,&quot;id&quot;:&quot;&quot;,&quot;size&quot;:&quot;&quot;},&quot;_id&quot;:&quot;2761ba2&quot;,&quot;jet_parallax_layout_image_tablet&quot;:{&quot;url&quot;:&quot;&quot;,&quot;id&quot;:&quot;&quot;,&quot;size&quot;:&quot;&quot;},&quot;jet_parallax_layout_image_mobile&quot;:{&quot;url&quot;:&quot;&quot;,&quot;id&quot;:&quot;&quot;,&quot;size&quot;:&quot;&quot;},&quot;jet_parallax_layout_speed&quot;:{&quot;unit&quot;:&quot;%&quot;,&quot;size&quot;:50,&quot;sizes&quot;:[]},&quot;jet_parallax_layout_type&quot;:&quot;scroll&quot;,&quot;jet_parallax_layout_direction&quot;:&quot;1&quot;,&quot;jet_parallax_layout_fx_direction&quot;:null,&quot;jet_parallax_layout_z_index&quot;:&quot;&quot;,&quot;jet_parallax_layout_bg_x&quot;:50,&quot;jet_parallax_layout_bg_x_tablet&quot;:&quot;&quot;,&quot;jet_parallax_layout_bg_x_mobile&quot;:&quot;&quot;,&quot;jet_parallax_layout_bg_y&quot;:50,&quot;jet_parallax_layout_bg_y_tablet&quot;:&quot;&quot;,&quot;jet_parallax_layout_bg_y_mobile&quot;:&quot;&quot;,&quot;jet_parallax_layout_bg_size&quot;:&quot;auto&quot;,&quot;jet_parallax_layout_bg_size_tablet&quot;:&quot;&quot;,&quot;jet_parallax_layout_bg_size_mobile&quot;:&quot;&quot;,&quot;jet_parallax_layout_animation_prop&quot;:&quot;transform&quot;,&quot;jet_parallax_layout_on&quot;:[&quot;desktop&quot;,&quot;tablet&quot;]}]}\">\n\t\t\t\t\t\t<div class=\"elementor-container elementor-column-gap-default\">\n\t\t\t\t\t<div class=\"elementor-column elementor-col-33 elementor-top-column elementor-element elementor-element-dc8586f\" data-id=\"dc8586f\" data-element_type=\"column\" data-e-type=\"column\">\n\t\t\t<div class=\"elementor-widget-wrap elementor-element-populated\">\n\t\t\t\t\t\t<div class=\"elementor-element elementor-element-fa46004 elementor-invisible elementor-widget elementor-widget-image\" data-id=\"fa46004\" data-element_type=\"widget\" data-e-type=\"widget\" data-settings=\"{&quot;_animation&quot;:&quot;fadeInLeft&quot;}\" data-widget_type=\"image.default\">\n\t\t\t\t<div class=\"elementor-widget-container\">\n\t\t\t\t\t\t\t\t\t\t\t\t\t\t\t<img fetchpriority=\"high\" decoding=\"async\" width=\"600\" height=\"600\" src=\"https:\/\/www.irema.org\/wp-content\/uploads\/esperma.jpeg\" class=\"attachment-large size-large wp-image-32706\" alt=\"- Irema\" srcset=\"https:\/\/www.irema.org\/wp-content\/uploads\/esperma.jpeg 600w, https:\/\/www.irema.org\/wp-content\/uploads\/esperma-300x300.jpeg 300w, https:\/\/www.irema.org\/wp-content\/uploads\/esperma-150x150.jpeg 150w, https:\/\/www.irema.org\/wp-content\/uploads\/esperma-230x230.jpeg 230w, https:\/\/www.irema.org\/wp-content\/uploads\/esperma-400x400.jpeg 400w\" sizes=\"(max-width: 600px) 100vw, 600px\" title=\"- Irema\">\t\t\t\t\t\t\t\t\t\t\t\t\t\t\t<\/div>\n\t\t\t\t<\/div>\n\t\t\t\t\t<\/div>\n\t\t<\/div>\n\t\t\t\t<div class=\"elementor-column elementor-col-66 elementor-top-column elementor-element elementor-element-4c453ed\" data-id=\"4c453ed\" data-element_type=\"column\" data-e-type=\"column\">\n\t\t\t<div class=\"elementor-widget-wrap elementor-element-populated\">\n\t\t\t\t\t\t<div class=\"elementor-element elementor-element-7307d72 elementor-widget elementor-widget-text-editor\" data-id=\"7307d72\" data-element_type=\"widget\" data-e-type=\"widget\" data-widget_type=\"text-editor.default\">\n\t\t\t\t<div class=\"elementor-widget-container\">\n\t\t\t\t\t\t\t\t\t<p>Die Samen-Analyse ist die Untersuchung der Spermien. Dies ist die wichtigste Studie zur Beurteilung der m\u00e4nnlichen Fruchtbarkeit. Diese Studie erfolgt makroskopisch und mikroskopisch. Die Messdaten wie pH-Wert, Volumen, Verfl\u00fcssigung, Viskosit\u00e4t, Mobilit\u00e4t,<\/p><p>Lebensf\u00e4higkeit und Morphologie werden analysiert.Die Verarbeitung der Probe gibt uns die Anzahl der Spermien bekannt.<\/p>\t\t\t\t\t\t\t\t<\/div>\n\t\t\t\t<\/div>\n\t\t\t\t\t<\/div>\n\t\t<\/div>\n\t\t\t\t\t<\/div>\n\t\t<\/section>\n\t\t\t\t<section class=\"elementor-section elementor-top-section elementor-element elementor-element-3b1996a elementor-section-boxed elementor-section-height-default elementor-section-height-default\" data-id=\"3b1996a\" data-element_type=\"section\" data-e-type=\"section\" data-settings=\"{&quot;jet_parallax_layout_list&quot;:[{&quot;jet_parallax_layout_image&quot;:{&quot;url&quot;:&quot;&quot;,&quot;id&quot;:&quot;&quot;,&quot;size&quot;:&quot;&quot;},&quot;_id&quot;:&quot;2761ba2&quot;,&quot;jet_parallax_layout_image_tablet&quot;:{&quot;url&quot;:&quot;&quot;,&quot;id&quot;:&quot;&quot;,&quot;size&quot;:&quot;&quot;},&quot;jet_parallax_layout_image_mobile&quot;:{&quot;url&quot;:&quot;&quot;,&quot;id&quot;:&quot;&quot;,&quot;size&quot;:&quot;&quot;},&quot;jet_parallax_layout_speed&quot;:{&quot;unit&quot;:&quot;%&quot;,&quot;size&quot;:50,&quot;sizes&quot;:[]},&quot;jet_parallax_layout_type&quot;:&quot;scroll&quot;,&quot;jet_parallax_layout_direction&quot;:&quot;1&quot;,&quot;jet_parallax_layout_fx_direction&quot;:null,&quot;jet_parallax_layout_z_index&quot;:&quot;&quot;,&quot;jet_parallax_layout_bg_x&quot;:50,&quot;jet_parallax_layout_bg_x_tablet&quot;:&quot;&quot;,&quot;jet_parallax_layout_bg_x_mobile&quot;:&quot;&quot;,&quot;jet_parallax_layout_bg_y&quot;:50,&quot;jet_parallax_layout_bg_y_tablet&quot;:&quot;&quot;,&quot;jet_parallax_layout_bg_y_mobile&quot;:&quot;&quot;,&quot;jet_parallax_layout_bg_size&quot;:&quot;auto&quot;,&quot;jet_parallax_layout_bg_size_tablet&quot;:&quot;&quot;,&quot;jet_parallax_layout_bg_size_mobile&quot;:&quot;&quot;,&quot;jet_parallax_layout_animation_prop&quot;:&quot;transform&quot;,&quot;jet_parallax_layout_on&quot;:[&quot;desktop&quot;,&quot;tablet&quot;]}]}\">\n\t\t\t\t\t\t<div class=\"elementor-container elementor-column-gap-default\">\n\t\t\t\t\t<div class=\"elementor-column elementor-col-100 elementor-top-column elementor-element elementor-element-45141ac\" data-id=\"45141ac\" data-element_type=\"column\" data-e-type=\"column\">\n\t\t\t<div class=\"elementor-widget-wrap elementor-element-populated\">\n\t\t\t\t\t\t<div class=\"elementor-element elementor-element-df840ce elementor-widget elementor-widget-text-editor\" data-id=\"df840ce\" data-element_type=\"widget\" data-e-type=\"widget\" data-widget_type=\"text-editor.default\">\n\t\t\t\t<div class=\"elementor-widget-container\">\n\t\t\t\t\t\t\t\t\t<p>Fogende sind die Parameter und Werte, die untersucht werden:<\/p><p><strong>pH-Wert:<\/strong>Der pH-Wert sollte zwischen 7,2 und 8,1 liegen, was aber nicht bedeutet, dass ein Wert von mehr als 8,1 als negativ gilt. Andererseits k\u00f6nnen niedrige Werte auf eine genitale Infektion hinweisen.<\/p><p><strong>Volumen:\u00a0<\/strong>Das Volumen sollte mehr als 2 ml sein. Eine Probe von weniger als 2 ml hei\u00dft \u201chypospermia\u201d. Ein geringes Volumen zeigt eine Behinderung durch eine genitale Infektion, eine angeborene Ver\u00e4nderung, die bek\u00e4mpft werden muss\u00a0 oder retrograde Ejakulation an.<\/p><p><strong>Verfl\u00fcssigung:\u00a0<\/strong>Wenn die Stichprobe zentrifugiert worden ist, stellt dies einen Zustand der Blutgerinnung dar, und muss zu deren Untersuchung vermischt werden. Die Verfl\u00fcssigung findet nach 20-30 Minuten statt. Falls dies nicht geschieht ist das Vorhandensein von jeglicher Art von Funktionsst\u00f6rungen bei Prostatahyperplasie m\u00f6glich.<\/p><p><strong>Vikosit\u00e4t<\/strong>: Nach der Verfl\u00fcssung m\u00fcsste der Samen etwas viskoser sein als Wasser. Wenn die Probe hochviskos ist, kann es sich um eine Desfunktion der Prostata, h\u00e4ufige Ejakulation und\/ oder psychischen Zustand des Patienten handeln. Diese Erh\u00f6hung der Viskosit\u00e4t ist nicht eine direkte Ursache der Unfruchtbarkeit, aber es kann bei nachfolgenden Bewertungen des Spermiograms die Konzentration und Mobilit\u00e4t der Spermien vort\u00e4uschen.<\/p><p><strong>Z\u00e4hlung<\/strong>: Die normalen Werte sollten \u00fcber 20 Millionen\/ml liegen. Wenn der Wert niedriger ist, wird die Probe nach der Anzahl der Spermien auf folgende Art und Weise gelesen:<\/p><ul><li>Moderat Oligozoospermia: zwischen 10 und 20 Millionen\/ml<\/li><li>Schwere Oligozoopermie: zwischen 0,1 und 10 Millionen\/ml<\/li><li>Kryptozoospermie: weniger als 0,1 Millionen\/ml<\/li><li>Azoospermie: Es gibt keine Spermien in den Samen<\/li><\/ul><p><strong>Beweglichkeit<\/strong>: Beweglichkeit beruht auf der Beobachtung der Probe durch das Mikroskop. Es bestehen verschiedene Arten:<\/p><ul><li>Klasse a) Exzellent: Beschreibt beinahe Verschiebungen gerader Wege (auch \u201c+++\u201d)<\/li><li>Klasse b) Moderat:.Moderat progressive Geschwindigkeit mit geradem Weg. (auch \u201c++\u201d)<\/li><li>Klasse c) nicht progressive Geschwindigkeit mit wenig oder gar keiner Geradlinigkeit. (auch\u00a0 \u201c++\u201d) oder Bewegung der Spermien mit kaum oder ohne Verschiebung. (auch \u201c+\u201d)<\/li><li>Klasse d) keine Mobilit\u00e4t<\/li><\/ul><p><strong>Entwicklungsf\u00e4higkeit oder Vitalit\u00e4t<\/strong>: Die Lebensf\u00e4higkeit erm\u00f6glicht\u00a0 uns die Zahl der lebendigen Spermien zu erkennen, auch wenn sie sich nicht bewegen. Es wird eine Farbe verwendet, mit welcher die toten Spermien verf\u00e4rbt werden. Wenn der Wert niedriger ist als 60%, spricht man von einer Nekrozoospermie.<\/p><p><strong>Morphologie:<\/strong>Ist die Form der Untersuchung der Spermien. Es wird mit den unter strikten Kriterien der Tygerberg durchgef\u00fchrt, in denen eine Probe als normal gilt, wenn die Anzahl der normalen Spermien gleich oder \u00fcber 4% liegt.<\/p><p>\u00a0<\/p>\t\t\t\t\t\t\t\t<\/div>\n\t\t\t\t<\/div>\n\t\t\t\t<div class=\"elementor-element elementor-element-85565d6 elementor-widget elementor-widget-heading\" data-id=\"85565d6\" data-element_type=\"widget\" data-e-type=\"widget\" data-widget_type=\"heading.default\">\n\t\t\t\t<div class=\"elementor-widget-container\">\n\t\t\t\t\t<h3 class=\"elementor-heading-title elementor-size-default\">Sperm Washing:\n\n<\/h3>\t\t\t\t<\/div>\n\t\t\t\t<\/div>\n\t\t\t\t<div class=\"elementor-element elementor-element-81428fb elementor-widget elementor-widget-text-editor\" data-id=\"81428fb\" data-element_type=\"widget\" data-e-type=\"widget\" data-widget_type=\"text-editor.default\">\n\t\t\t\t<div class=\"elementor-widget-container\">\n\t\t\t\t\t\t\t\t\t<p>\u00a0In diesem Prozess werden die Spermien von der zukunftstr\u00e4chtigen Fl\u00fcssigkeit getrennt. Es handelt sich hier um einen Prozess, der \u201clebendig\u201d auftritt.\u00a0In dem Labor, wird uns diese Technik erm\u00f6glichen,\u00a0die zukunftstr\u00e4chtige Fl\u00fcssigkeit sowie die Spermien von guter Qualit\u00e4t von jenen von schlechter Qualit\u00e4t zu trennen. Es ist ein Auswahls Prozess. So werden wir in der Lage sein, die Anzahl und die Beweglichkeit der Spermien, welche sich erh\u00f6hen, zu erkennen. Dies orientiert uns \u00fcber die Technik, welche in einem Notfall anzuwenden w\u00e4re.<\/p>\t\t\t\t\t\t\t\t<\/div>\n\t\t\t\t<\/div>\n\t\t\t\t\t<\/div>\n\t\t<\/div>\n\t\t\t\t\t<\/div>\n\t\t<\/section>\n\t\t\t\t<section class=\"elementor-section elementor-top-section elementor-element elementor-element-b47e84a elementor-section-boxed elementor-section-height-default elementor-section-height-default\" data-id=\"b47e84a\" data-element_type=\"section\" data-e-type=\"section\" data-settings=\"{&quot;jet_parallax_layout_list&quot;:[{&quot;jet_parallax_layout_image&quot;:{&quot;url&quot;:&quot;&quot;,&quot;id&quot;:&quot;&quot;,&quot;size&quot;:&quot;&quot;},&quot;_id&quot;:&quot;b1dc739&quot;,&quot;jet_parallax_layout_image_tablet&quot;:{&quot;url&quot;:&quot;&quot;,&quot;id&quot;:&quot;&quot;,&quot;size&quot;:&quot;&quot;},&quot;jet_parallax_layout_image_mobile&quot;:{&quot;url&quot;:&quot;&quot;,&quot;id&quot;:&quot;&quot;,&quot;size&quot;:&quot;&quot;},&quot;jet_parallax_layout_speed&quot;:{&quot;unit&quot;:&quot;%&quot;,&quot;size&quot;:50,&quot;sizes&quot;:[]},&quot;jet_parallax_layout_type&quot;:&quot;scroll&quot;,&quot;jet_parallax_layout_direction&quot;:&quot;1&quot;,&quot;jet_parallax_layout_fx_direction&quot;:null,&quot;jet_parallax_layout_z_index&quot;:&quot;&quot;,&quot;jet_parallax_layout_bg_x&quot;:50,&quot;jet_parallax_layout_bg_x_tablet&quot;:&quot;&quot;,&quot;jet_parallax_layout_bg_x_mobile&quot;:&quot;&quot;,&quot;jet_parallax_layout_bg_y&quot;:50,&quot;jet_parallax_layout_bg_y_tablet&quot;:&quot;&quot;,&quot;jet_parallax_layout_bg_y_mobile&quot;:&quot;&quot;,&quot;jet_parallax_layout_bg_size&quot;:&quot;auto&quot;,&quot;jet_parallax_layout_bg_size_tablet&quot;:&quot;&quot;,&quot;jet_parallax_layout_bg_size_mobile&quot;:&quot;&quot;,&quot;jet_parallax_layout_animation_prop&quot;:&quot;transform&quot;,&quot;jet_parallax_layout_on&quot;:[&quot;desktop&quot;,&quot;tablet&quot;]}]}\">\n\t\t\t\t\t\t<div class=\"elementor-container elementor-column-gap-default\">\n\t\t\t\t\t<div class=\"elementor-column elementor-col-100 elementor-top-column elementor-element elementor-element-a5b1161\" data-id=\"a5b1161\" data-element_type=\"column\" data-e-type=\"column\">\n\t\t\t<div class=\"elementor-widget-wrap elementor-element-populated\">\n\t\t\t\t\t\t<div class=\"elementor-element elementor-element-1547480 elementor-widget elementor-widget-html\" data-id=\"1547480\" data-element_type=\"widget\" data-e-type=\"widget\" data-widget_type=\"html.default\">\n\t\t\t\t<div class=\"elementor-widget-container\">\n\t\t\t\t\t\t\t<div data-elementor-type=\"section\" data-elementor-id=\"586\" class=\"elementor elementor-586\" data-elementor-post-type=\"elementor_library\">\n\t\t\t\t\t<section class=\"elementor-section elementor-top-section elementor-element elementor-element-173d425 elementor-section-stretched elementor-section-boxed elementor-section-height-default elementor-section-height-default elementor-invisible\" data-id=\"173d425\" data-element_type=\"section\" data-e-type=\"section\" data-settings=\"{&quot;stretch_section&quot;:&quot;section-stretched&quot;,&quot;jet_parallax_layout_list&quot;:[{&quot;jet_parallax_layout_image&quot;:{&quot;url&quot;:&quot;&quot;,&quot;id&quot;:&quot;&quot;,&quot;size&quot;:&quot;&quot;},&quot;_id&quot;:&quot;c8c2456&quot;,&quot;jet_parallax_layout_image_tablet&quot;:{&quot;url&quot;:&quot;&quot;,&quot;id&quot;:&quot;&quot;,&quot;size&quot;:&quot;&quot;},&quot;jet_parallax_layout_image_mobile&quot;:{&quot;url&quot;:&quot;&quot;,&quot;id&quot;:&quot;&quot;,&quot;size&quot;:&quot;&quot;},&quot;jet_parallax_layout_speed&quot;:{&quot;unit&quot;:&quot;%&quot;,&quot;size&quot;:50,&quot;sizes&quot;:[]},&quot;jet_parallax_layout_type&quot;:&quot;scroll&quot;,&quot;jet_parallax_layout_direction&quot;:&quot;1&quot;,&quot;jet_parallax_layout_fx_direction&quot;:null,&quot;jet_parallax_layout_z_index&quot;:&quot;&quot;,&quot;jet_parallax_layout_bg_x&quot;:50,&quot;jet_parallax_layout_bg_x_tablet&quot;:&quot;&quot;,&quot;jet_parallax_layout_bg_x_mobile&quot;:&quot;&quot;,&quot;jet_parallax_layout_bg_y&quot;:50,&quot;jet_parallax_layout_bg_y_tablet&quot;:&quot;&quot;,&quot;jet_parallax_layout_bg_y_mobile&quot;:&quot;&quot;,&quot;jet_parallax_layout_bg_size&quot;:&quot;auto&quot;,&quot;jet_parallax_layout_bg_size_tablet&quot;:&quot;&quot;,&quot;jet_parallax_layout_bg_size_mobile&quot;:&quot;&quot;,&quot;jet_parallax_layout_animation_prop&quot;:&quot;transform&quot;,&quot;jet_parallax_layout_on&quot;:[&quot;desktop&quot;,&quot;tablet&quot;]}],&quot;background_background&quot;:&quot;classic&quot;,&quot;animation&quot;:&quot;fadeInUp&quot;}\">\n\t\t\t\t\t\t<div class=\"elementor-container elementor-column-gap-default\">\n\t\t\t\t\t<div class=\"elementor-column elementor-col-50 elementor-top-column elementor-element elementor-element-7d82bc1\" data-id=\"7d82bc1\" data-element_type=\"column\" data-e-type=\"column\">\n\t\t\t<div class=\"elementor-widget-wrap elementor-element-populated\">\n\t\t\t\t\t\t<div class=\"elementor-element elementor-element-845af9d elementor-widget elementor-widget-heading\" data-id=\"845af9d\" data-element_type=\"widget\" data-e-type=\"widget\" data-widget_type=\"heading.default\">\n\t\t\t\t<div class=\"elementor-widget-container\">\n\t\t\t\t\t<h3 class=\"elementor-heading-title elementor-size-default\">Pide tu cita <b>ahora<\/b><\/h3>\t\t\t\t<\/div>\n\t\t\t\t<\/div>\n\t\t\t\t\t<\/div>\n\t\t<\/div>\n\t\t\t\t<div class=\"elementor-column elementor-col-50 elementor-top-column elementor-element elementor-element-81b644f\" data-id=\"81b644f\" data-element_type=\"column\" data-e-type=\"column\">\n\t\t\t<div class=\"elementor-widget-wrap elementor-element-populated\">\n\t\t\t\t\t\t<div class=\"elementor-element elementor-element-457dc68 elementor-align-right elementor-mobile-align-center elementor-widget elementor-widget-button\" data-id=\"457dc68\" data-element_type=\"widget\" data-e-type=\"widget\" data-widget_type=\"button.default\">\n\t\t\t\t<div class=\"elementor-widget-container\">\n\t\t\t\t\t\t\t\t\t<div class=\"elementor-button-wrapper\">\n\t\t\t\t\t<a class=\"elementor-button elementor-button-link elementor-size-sm elementor-animation-grow\" href=\"https:\/\/www.irema.org\/contacto\">\n\t\t\t\t\t\t<span class=\"elementor-button-content-wrapper\">\n\t\t\t\t\t\t\t\t\t<span class=\"elementor-button-text\">Te atenderemos en seguida<\/span>\n\t\t\t\t\t<\/span>\n\t\t\t\t\t<\/a>\n\t\t\t\t<\/div>\n\t\t\t\t\t\t\t\t<\/div>\n\t\t\t\t<\/div>\n\t\t\t\t\t<\/div>\n\t\t<\/div>\n\t\t\t\t\t<\/div>\n\t\t<\/section>\n\t\t\t\t<\/div>\n\t\t\t\t\t\t<\/div>\n\t\t\t\t<\/div>\n\t\t\t\t<div class=\"elementor-element elementor-element-b604cc0 elementor-invisible elementor-widget elementor-widget-heading\" data-id=\"b604cc0\" data-element_type=\"widget\" data-e-type=\"widget\" data-settings=\"{&quot;_animation&quot;:&quot;fadeInUp&quot;}\" data-widget_type=\"heading.default\">\n\t\t\t\t<div class=\"elementor-widget-container\">\n\t\t\t\t\t<h3 class=\"elementor-heading-title elementor-size-default\">OTRAS <b>PRUEBAS DIAGN\u00d3STICAS<\/b><\/h3>\t\t\t\t<\/div>\n\t\t\t\t<\/div>\n\t\t\t\t\t<\/div>\n\t\t<\/div>\n\t\t\t\t\t<\/div>\n\t\t<\/section>\n\t\t\t\t<\/div>\n\t\t","protected":false},"excerpt":{"rendered":"<p>Was ist ein Seminogramm oder Spermiogramm? Die Samen-Analyse ist die Untersuchung der Spermien. Dies ist die wichtigste Studie zur Beurteilung der m\u00e4nnlichen Fruchtbarkeit. Diese Studie erfolgt makroskopisch und mikroskopisch. Die Messdaten wie pH-Wert, Volumen, Verfl\u00fcssigung, Viskosit\u00e4t, Mobilit\u00e4t, Lebensf\u00e4higkeit und Morphologie werden analysiert.Die Verarbeitung der Probe gibt uns die Anzahl der Spermien bekannt. Fogende sind die [&hellip;]<\/p>\n","protected":false},"author":3,"featured_media":32706,"parent":31651,"menu_order":0,"comment_status":"closed","ping_status":"closed","template":"elementor_header_footer","meta":{"footnotes":""},"class_list":["post-32705","page","type-page","status-publish","has-post-thumbnail","hentry"],"_links":{"self":[{"href":"https:\/\/www.irema.org\/de\/wp-json\/wp\/v2\/pages\/32705","targetHints":{"allow":["GET"]}}],"collection":[{"href":"https:\/\/www.irema.org\/de\/wp-json\/wp\/v2\/pages"}],"about":[{"href":"https:\/\/www.irema.org\/de\/wp-json\/wp\/v2\/types\/page"}],"author":[{"embeddable":true,"href":"https:\/\/www.irema.org\/de\/wp-json\/wp\/v2\/users\/3"}],"replies":[{"embeddable":true,"href":"https:\/\/www.irema.org\/de\/wp-json\/wp\/v2\/comments?post=32705"}],"version-history":[{"count":0,"href":"https:\/\/www.irema.org\/de\/wp-json\/wp\/v2\/pages\/32705\/revisions"}],"up":[{"embeddable":true,"href":"https:\/\/www.irema.org\/de\/wp-json\/wp\/v2\/pages\/31651"}],"wp:featuredmedia":[{"embeddable":true,"href":"https:\/\/www.irema.org\/de\/wp-json\/wp\/v2\/media\/32706"}],"wp:attachment":[{"href":"https:\/\/www.irema.org\/de\/wp-json\/wp\/v2\/media?parent=32705"}],"curies":[{"name":"wp","href":"https:\/\/api.w.org\/{rel}","templated":true}]}}