{"id":48183,"date":"2022-02-14T13:36:04","date_gmt":"2022-02-14T12:36:04","guid":{"rendered":"https:\/\/www.irema.org\/cgu\/"},"modified":"2026-01-29T17:50:04","modified_gmt":"2026-01-29T16:50:04","slug":"cgu","status":"publish","type":"page","link":"https:\/\/www.irema.org\/de\/cgu\/","title":{"rendered":"CGU"},"content":{"rendered":"<p style=\"text-align: center;\">ALLGEMEINE NUTZUNGSBEDINGUNGEN VON WWW.IREMA.ORG<\/p>\n<h3>1.- OBJEKT.<\/h3>\n<p style=\"padding-left: 40px;\">Diese allgemeinen Nutzungsbedingungen (im Folgenden AVB) regeln den Zugang und die Nutzung der Website unter der Domain WWW.IREMA.ORG (im Folgenden Website), die Eigentum von &#8222;INSTITUTO DE REPRODUCCION DE LA MARINA ALTA, S.L.&#8220; (im Folgenden IREMA) ist und den Benutzern (im Folgenden Benutzer) zur Verf\u00fcgung gestellt wird.<\/p>\n<p style=\"padding-left: 40px;\">Wenn Sie irgendwelche Zweifel oder Fragen in Bezug auf die Nutzung und den Zugang zur Website oder zu den vorliegenden AGB haben, k\u00f6nnen Sie uns \u00fcber die im Impressum ver\u00f6ffentlichten Kontaktdaten kontaktieren.<\/p>\n<h3>2.- \u00dcBEREINSTIMMUNG MIT DEN VORLIEGENDEN ALLGEMEINEN BEDINGUNGEN.<\/h3>\n<p style=\"padding-left: 40px;\">Die Nutzung der Website setzt voraus, dass der <strong>Nutzer<\/strong> die zum Zeitpunkt des <strong>Zugriffs<\/strong> auf die Website geltenden AGB in vollem Umfang akzeptiert. Wenn der Nutzer mit einer der hier aufgef\u00fchrten Bedingungen nicht einverstanden ist, sollte er\/sie daher von der Nutzung dieser Website absehen. <\/p>\n<p style=\"padding-left: 40px;\">Daher muss der Nutzer die NB jedes Mal sorgf\u00e4ltig lesen, wenn er die Website nutzen m\u00f6chte.<\/p>\n<p style=\"padding-left: 40px;\">In jedem Fall beh\u00e4lt sich IREMA das Recht vor, die NB ohne vorherige Ank\u00fcndigung und zu jeder Zeit zu \u00e4ndern. Ebenso beh\u00e4lt sich IREMA das Recht vor, den Betrieb der Website jederzeit auszusetzen, zu unterbrechen oder einzustellen. <\/p>\n<p style=\"padding-left: 40px;\">Unter &#8222;Nutzung der Website&#8220; verstehen wir jeden Nutzer, der auf die Website zugreift und sie durchst\u00f6bert, unabh\u00e4ngig davon, ob er\/sie die Registrierungsformulare ausf\u00fcllt oder nicht.<\/p>\n<h3>3.- BEDINGUNGEN F\u00dcR DEN ZUGANG UND DIE NUTZUNG DER WEBSITE UND IHRER INHALTE.<\/h3>\n<p style=\"padding-left: 40px;\">Der Zugriff auf die Website und\/oder die darin enthaltenen Inhalte impliziert keinerlei Garantie hinsichtlich der Eignung der Website und\/oder der darin enthaltenen Inhalte f\u00fcr die besonderen oder spezifischen Zwecke der Nutzer.<\/p>\n<p style=\"padding-left: 40px;\"><strong>IREMA<\/strong> kann zus\u00e4tzliche Beschr\u00e4nkungen und\/oder Bedingungen f\u00fcr die Nutzung und\/oder den Zugriff auf die Website und\/oder die Inhalte festlegen, die von den Nutzern in jedem Fall eingehalten werden m\u00fcssen.<\/p>\n<h4 style=\"padding-left: 40px;\">3.1- Zugang und Nutzung der Website.<\/h4>\n<p style=\"padding-left: 80px;\">Sofern nicht anders angegeben, ist die Nutzung der Website kostenlos, unbeschadet der Kosten f\u00fcr die Verbindung \u00fcber das entsprechende Telekommunikationsnetz, das der <strong>Nutzer<\/strong> beauftragt hat.<\/p>\n<p style=\"padding-left: 80px;\">Der <strong>Benutzer<\/strong> erkennt an, dass er\/sie \u00fcber achtzehn Jahre alt ist, und er\/sie ist sich bewusst, dass die Nutzung der Website in jedem Fall unter seiner\/ihrer alleinigen und ausschlie\u00dflichen Verantwortung erfolgt, und er\/sie akzeptiert dies freiwillig und ausdr\u00fccklich.<\/p>\n<p style=\"padding-left: 80px;\">Der Benutzer verpflichtet sich, die AGB sowie die auf der Website enthaltenen besonderen Warnungen oder Anweisungen zu befolgen und stets in \u00dcbereinstimmung mit dem Gesetz, den guten Sitten und den Erfordernissen von Treu und Glauben zu handeln, wobei er seine gr\u00f6\u00dftm\u00f6gliche Sorgfalt unter Ber\u00fccksichtigung der Art und des Gegenstands der von ihm genutzten Dienstleistung walten l\u00e4sst. Zu diesem Zweck werden Sie es unterlassen, die Website in irgendeiner Weise zu nutzen, die das normale Funktionieren derselben, die G\u00fcter oder Rechte von <strong>IREMA<\/strong>, seinen Lieferanten, seinen H\u00e4ndlern, den \u00fcbrigen Nutzern oder allgemein von Dritten behindern, besch\u00e4digen oder verschlechtern k\u00f6nnte. <\/p>\n<p style=\"padding-left: 80px;\">Insbesondere, und ohne dass dies eine Einschr\u00e4nkung der vom <strong>Nutzer<\/strong> im Allgemeinen gem\u00e4\u00df dem vorstehenden Abschnitt \u00fcbernommenen Verpflichtung bedeutet, verpflichtet sich der <strong>Nutzer<\/strong>, die Website zu nutzen:<\/p>\n<p style=\"padding-left: 120px;\">a) keine Informationen oder Materialien auf oder von der Website einzugeben, zu speichern oder zu verbreiten, die diffamierend, verleumderisch, obsz\u00f6n, bedrohlich, fremdenfeindlich, pornografisch, terroristisch, gewaltverherrlichend, diskriminierend aufgrund von Ethnie, Geschlecht, Ideologie oder Religion sind oder die in irgendeiner Weise die Form, die \u00f6ffentliche Ordnung, die Grundrechte, die \u00f6ffentlichen Freiheiten, die Ehre, die Privatsph\u00e4re oder das Ansehen Dritter und im Allgemeinen die geltenden Vorschriften verletzen.<\/p>\n<p style=\"padding-left: 120px;\">b) \u00dcber die Website keine Computerprogramme, Daten, Viren, Codes oder andere elektronische oder physische Instrumente oder Vorrichtungen einzuf\u00fchren, zu speichern oder zu verbreiten, die Sch\u00e4den an der Website, an einem der Dienste oder an einer der Ausr\u00fcstungen, Systeme oder Netzwerke von <strong>IREMA<\/strong>, eines Benutzers, der Lieferanten oder H\u00e4ndler von <strong>IREMA<\/strong> oder allgemein von Dritten verursachen k\u00f6nnen, die in der Lage sind, irgendeine Art von Ver\u00e4nderung zu verursachen oder das normale Funktionieren derselben zu verhindern.<\/p>\n<p style=\"padding-left: 120px;\">c) \u00fcber die Website keine Inhalte einzuf\u00fchren, zu speichern oder zu verbreiten, die gegen die Vorschriften \u00fcber geistiges oder gewerbliches Eigentum oder die Rechte Dritter versto\u00dfen, sowie generell keine Inhalte, f\u00fcr die er nach dem Gesetz nicht das Recht hat, sie Dritten zug\u00e4nglich zu machen.<\/p>\n<h4 style=\"padding-left: 40px;\">3.2- Zugang und Nutzung der Inhalte.<\/h4>\n<p style=\"padding-left: 80px;\">Der Inhalt der Website wird dem <strong>Nutzer<\/strong> mit Informationen aus eigenen und fremden Quellen zur Verf\u00fcgung gestellt.<\/p>\n<p style=\"padding-left: 80px;\"><strong>IREMA<\/strong> bem\u00fcht sich, sicherzustellen, dass die Inhalte von h\u00f6chstm\u00f6glicher Qualit\u00e4t und einigerma\u00dfen aktuell sind, \u00fcbernimmt jedoch keine Garantie f\u00fcr die N\u00fctzlichkeit, Genauigkeit, Vollst\u00e4ndigkeit, Relevanz und\/oder Aktualit\u00e4t der Inhalte.<\/p>\n<h3>4.- RECHTE AN GEISTIGEM UND GEWERBLICHEM EIGENTUM.<\/h3>\n<p style=\"padding-left: 40px;\">Mit diesen ANB werden keine geistigen oder gewerblichen Eigentumsrechte an der Website oder einem ihrer Bestandteile \u00fcbertragen, und es ist dem Nutzer ausdr\u00fccklich untersagt, sie in irgendeiner Weise, mit welchen Mitteln oder Verfahren auch immer, zu vervielf\u00e4ltigen, umzuwandeln, zu verbreiten, \u00f6ffentlich zu kommunizieren, zur Verf\u00fcgung zu stellen, zu extrahieren, wiederzuverwenden, weiterzusenden oder zu nutzen, au\u00dfer in F\u00e4llen, in denen dies gesetzlich erlaubt oder vom Inhaber der entsprechenden Rechte genehmigt ist.<\/p>\n<p style=\"padding-left: 40px;\">Der <strong>Nutzer<\/strong> kann eine vor\u00fcbergehende Privatkopie der Inhalte f\u00fcr seinen ausschlie\u00dflichen pers\u00f6nlichen und privaten Gebrauch auf seinen Computersystemen (Software und Hardware) ansehen und erhalten, vorausgesetzt, dies geschieht nicht zum Zwecke der Durchf\u00fchrung von Aktivit\u00e4ten kommerzieller oder professioneller Art. Der <strong>Nutzer<\/strong> muss es unterlassen, die Inhalte mit anderen Mitteln oder Verfahren zu erhalten oder zu versuchen, sie zu erhalten, als denjenigen, die in jedem Fall zu diesem Zweck zur Verf\u00fcgung gestellt oder angegeben wurden, oder denjenigen, die normalerweise im Internet verwendet werden (vorausgesetzt, dass letztere nicht das Risiko einer Besch\u00e4digung oder Deaktivierung der Website mit sich bringen). Der <strong>Benutzer<\/strong> muss zu jeder Zeit alle geistigen und gewerblichen Eigentumsrechte an der Website respektieren, die <strong>IREMA<\/strong> oder Dritten geh\u00f6ren.  <\/p>\n<h3>5.- AUSSCHLUSS VON GARANTIE UND HAFTUNG.<\/h3>\n<h4 style=\"padding-left: 40px;\">5.1.- Ausschluss von Garantien und Haftung f\u00fcr das Funktionieren der Website.<\/h4>\n<p style=\"padding-left: 80px;\"><strong>IREMA<\/strong> garantiert weder die Verf\u00fcgbarkeit und Kontinuit\u00e4t des Funktionierens der Website und der darin angebotenen Dienste oder Inhalte noch die Aktualit\u00e4t der Inhalte der Website und ist von jeglicher Haftung f\u00fcr Sch\u00e4den jeglicher Art, die sich aus solchen Umst\u00e4nden ergeben k\u00f6nnten, befreit.<\/p>\n<p style=\"padding-left: 80px;\"><strong>IREMA<\/strong> f\u00fchrt, sofern keine Umst\u00e4nde vorliegen, die die Ausf\u00fchrung unm\u00f6glich machen oder erschweren, und sobald sie von den Fehlern, Unterbrechungen und\/oder der fehlenden Aktualisierung der Inhalte Kenntnis erlangt, alle Aufgaben aus, die darauf abzielen, die Fehler zu korrigieren, die Kommunikation wiederherzustellen und\/oder die oben genannten Inhalte zu aktualisieren.<\/p>\n<p style=\"padding-left: 80px;\">Ebenso wenig garantiert <strong>IREMA<\/strong> die technische Zuverl\u00e4ssigkeit ihrer Website oder den Zugang zu ihren verschiedenen Seiten und ist ebenfalls von jeglicher Haftung f\u00fcr Sch\u00e4den jeglicher Art, die aus diesem Grund entstehen k\u00f6nnten, befreit.<\/p>\n<p style=\"padding-left: 80px;\">Dar\u00fcber hinaus \u00fcbernimmt <strong>IREMA<\/strong> keine Verantwortung f\u00fcr m\u00f6gliche Fehler oder Sicherheitsm\u00e4ngel, die aufgrund der Verwendung eines Browsers mit einer veralteten oder unsicheren Version des Browsers durch den Benutzer auftreten k\u00f6nnen, oder f\u00fcr Sch\u00e4den, Fehler oder Ungenauigkeiten, die durch die Fehlfunktion des Browsers entstehen k\u00f6nnen.<\/p>\n<p style=\"padding-left: 80px;\">Um das Risiko der Einschleppung von Viren in die Website zu verringern, verwendet IREMA Virenerkennungsprogramme zur Kontrolle aller Inhalte, die sie in die Website einstellt.<strong>IREMA<\/strong> garantiert jedoch nicht die Abwesenheit von Viren oder anderen Elementen auf der Website, die von Dritten, die nichts mit IREMA zu tun haben, eingef\u00fchrt wurden und die Ver\u00e4nderungen in den physischen oder logischen Systemen der Benutzer oder in den elektronischen Dokumenten und Dateien, die in deren Systemen gespeichert sind, verursachen k\u00f6nnen. Folglich haftet <strong>IREMA<\/strong> in keinem Fall f\u00fcr Sch\u00e4den jeglicher Art, die durch das Vorhandensein von Viren oder anderen Elementen entstehen k\u00f6nnen, die Ver\u00e4nderungen in den physischen oder logischen Systemen, elektronischen Dokumenten oder Dateien der <strong>Benutzer<\/strong> verursachen k\u00f6nnen.  <\/p>\n<p style=\"padding-left: 80px;\"><strong>IREMA<\/strong> ergreift verschiedene Schutzma\u00dfnahmen, um die Website, die gesammelten Daten und die Inhalte gegen Computerangriffe durch Dritte zu sch\u00fctzen. <strong>IREMA<\/strong> garantiert jedoch nicht, dass unbefugte Dritte Zugang zu der Art der Nutzung der Website durch den <strong>Benutzer<\/strong> oder zu den Bedingungen, Merkmalen und Umst\u00e4nden, unter denen diese erfolgt, haben k\u00f6nnen. Folglich haftet <strong>IREMA<\/strong> in keinem Fall f\u00fcr Sch\u00e4den, die sich aus einem solchen unbefugten Zugriff ergeben k\u00f6nnten.  <\/p>\n<p style=\"padding-left: 80px;\"><strong>IREMA<\/strong> haftet unter keinen Umst\u00e4nden f\u00fcr die Nutzung der Website oder der Inhalte durch Nutzer und\/oder Dritte und auch nicht f\u00fcr Sch\u00e4den, die sich daraus ergeben k\u00f6nnten.<\/p>\n<h4 style=\"padding-left: 40px;\">5.2.- Ausschluss von Garantien und Haftung f\u00fcr den Inhalt.<\/h4>\n<p style=\"padding-left: 80px;\"><strong>IREMA<\/strong> redigiert die auf der Website ver\u00f6ffentlichten Inhalte Dritter nicht und garantiert folglich nicht und ist nicht verantwortlich f\u00fcr die Rechtm\u00e4\u00dfigkeit, Zuverl\u00e4ssigkeit, N\u00fctzlichkeit, Wahrhaftigkeit, Genauigkeit, Vollst\u00e4ndigkeit und Aktualit\u00e4t dieser Inhalte, noch f\u00fcr die eigenen Inhalte von IREMA. IREMA haftet in keinem Fall f\u00fcr Sch\u00e4den, die sich ergeben k\u00f6nnen aus: (i) der mangelnden Rechtm\u00e4\u00dfigkeit, Wahrhaftigkeit, Genauigkeit, Vollst\u00e4ndigkeit und\/oder Aktualit\u00e4t der Inhalte, die von Dritten und von IREMA selbst stammen; (ii) der Ungeeignetheit f\u00fcr irgendeinen Zweck und der Entt\u00e4uschung der durch die Inhalte geweckten Erwartungen; (iii) Entscheidungen oder Handlungen, die der Nutzer im Vertrauen auf die in den Inhalten bereitgestellten Informationen oder Daten getroffen oder unterlassen hat, einschlie\u00dflich, aber nicht beschr\u00e4nkt auf den Verlust von Gewinnen oder Gesch\u00e4ftsm\u00f6glichkeiten.    <\/p>\n<h3>6.- HYPERLINKS.<\/h3>\n<p style=\"padding-left: 40px;\">Personen, die beabsichtigen, Hyperlinks zwischen ihrer Webseite und der Website einzurichten, m\u00fcssen die folgenden Bedingungen beachten und einhalten:<\/p>\n<p style=\"padding-left: 80px;\">i) Eine vorherige Genehmigung ist nicht erforderlich, wenn der Hyperlink nur den Zugriff auf die Startseite der Website erm\u00f6glicht, diese aber nicht in irgendeiner Form wiedergeben darf. Jede andere Form des Hyperlinks bedarf der ausdr\u00fccklichen und unmissverst\u00e4ndlichen schriftlichen Genehmigung von IREMA. <\/p>\n<p style=\"padding-left: 80px;\">ii) Die Webseite, auf der der Hyperlink eingerichtet wird, darf nur das enthalten, was unbedingt notwendig ist, um das Ziel des Hyperlinks zu identifizieren.<\/p>\n<p style=\"padding-left: 80px;\">iii) Die Webseite, auf der der Hyperlink eingerichtet wird, darf keine Informationen oder Inhalte enthalten, die rechtswidrig sind, gegen die guten Sitten und die allgemein anerkannten guten Sitten und die \u00f6ffentliche Ordnung versto\u00dfen, noch darf sie Inhalte enthalten, die die Rechte Dritter verletzen.<\/p>\n<p style=\"padding-left: 80px;\">iv) <strong>IREMA<\/strong> beh\u00e4lt sich das Recht vor, Hyperlinks zur Website zu sperren, f\u00fcr die keine ausdr\u00fcckliche vorherige Genehmigung vorliegt, auch wenn sie den Bestimmungen dieses Punktes der Allgemeinen Bedingungen entsprechen.<\/p>\n<h3>7.- MASSNAHMEN IM FALLE DER NICHTEINHALTUNG.<\/h3>\n<div id=\"page-4\" class=\"_kqswh2mm _bfhku67f _18u01wug _2hwx1wug\" style=\"padding-left: 40px;\" data-testid=\"page-3\"><strong>IREMA<\/strong> beh\u00e4lt sich das Recht vor, alle nach dem Gesetz m\u00f6glichen Ma\u00dfnahmen zu ergreifen, um die Einhaltung der<\/div>\n<div id=\"page-5\" class=\"_kqswh2mm _bfhku67f _18u01wug _2hwx1wug\" style=\"padding-left: 40px;\" data-testid=\"page-4\">die Haftung, die sich aus der Verletzung einer der Bestimmungen dieser Allgemeinen Gesch\u00e4ftsbedingungen der Website durch einen Nutzer ergibt.<\/div>\n<div data-testid=\"page-4\"><\/div>\n<h3 data-testid=\"page-4\">8.- TEILWEISE NICHTIGKEIT.<\/h3>\n<p style=\"padding-left: 40px;\">Die Erkl\u00e4rung einer der in diesen Allgemeinen Bedingungen enthaltenen Klauseln als nichtig, ung\u00fcltig oder unwirksam ber\u00fchrt nicht die G\u00fcltigkeit oder Wirksamkeit der \u00fcbrigen Klauseln, die weiterhin zwischen den Parteien verbindlich sind.<\/p>\n<h3>9.- ANWENDBARES RECHT UND GERICHTSBARKEIT.<\/h3>\n<p style=\"padding-left: 40px;\">Diese ANB unterliegen den Bestimmungen des spanischen Rechts.<\/p>\n<p style=\"padding-left: 40px;\">Jegliche Streitigkeiten im Zusammenhang mit den in diesem Dokument der AGB der Website enthaltenen Bedingungen f\u00fcr die Nutzung und den Zugang zu dieser Website unterwerfen die Parteien unter ausdr\u00fccklichem Verzicht auf jede andere Gerichtsbarkeit, die ihnen zustehen k\u00f6nnte, sofern gesetzlich nicht anders bestimmt, den Gerichten von Denia.<\/p>\n<h3>10.- BENACHRICHTIGUNGEN.<\/h3>\n<p>F\u00fcr die Zwecke der entsprechenden Benachrichtigungen benennt <strong>IREMA<\/strong> die im Impressum angegebene Adresse als Kontaktadresse.<\/p>\n<p>Die vom <strong>Benutzer<\/strong> bei der Registrierung auf der Website angegebene E-Mail-Adresse wird von <strong>IREMA<\/strong> f\u00fcr den Versand von Benachrichtigungen an den Benutzer verwendet.<\/p>\n<p>Der <strong>Nutzer<\/strong> ist verpflichtet, die in dieser Klausel genannten Daten f\u00fcr die Zwecke der Benachrichtigung ordnungsgem\u00e4\u00df auf dem neuesten Stand zu halten.<\/p>\n<p>Alle Mitteilungen von <strong>IREMA<\/strong> an den <strong>Nutzer<\/strong> gelten als g\u00fcltig, wenn sie unter Verwendung der Daten und auf dem oben genannten Weg gemacht wurden. <strong>IREMA<\/strong> kann nicht f\u00fcr Sch\u00e4den verantwortlich gemacht werden, die dadurch entstehen, dass der <strong>Nutzer<\/strong> seine Kontaktdaten nicht auf dem neuesten Stand h\u00e4lt.<\/p>\n<p>&nbsp;<\/p>\n","protected":false},"excerpt":{"rendered":"<p>ALLGEMEINE NUTZUNGSBEDINGUNGEN VON WWW.IREMA.ORG 1.- OBJEKT. Diese allgemeinen Nutzungsbedingungen (im Folgenden AVB) regeln den Zugang und die Nutzung der Website unter der Domain WWW.IREMA.ORG (im Folgenden Website), die Eigentum von &#8222;INSTITUTO DE REPRODUCCION DE LA MARINA ALTA, S.L.&#8220; (im Folgenden IREMA) ist und den Benutzern (im Folgenden Benutzer) zur Verf\u00fcgung gestellt wird. Wenn Sie irgendwelche [&hellip;]<\/p>\n","protected":false},"author":3,"featured_media":0,"parent":0,"menu_order":0,"comment_status":"closed","ping_status":"closed","template":"","meta":{"footnotes":""},"class_list":["post-48183","page","type-page","status-publish","hentry"],"_links":{"self":[{"href":"https:\/\/www.irema.org\/de\/wp-json\/wp\/v2\/pages\/48183","targetHints":{"allow":["GET"]}}],"collection":[{"href":"https:\/\/www.irema.org\/de\/wp-json\/wp\/v2\/pages"}],"about":[{"href":"https:\/\/www.irema.org\/de\/wp-json\/wp\/v2\/types\/page"}],"author":[{"embeddable":true,"href":"https:\/\/www.irema.org\/de\/wp-json\/wp\/v2\/users\/3"}],"replies":[{"embeddable":true,"href":"https:\/\/www.irema.org\/de\/wp-json\/wp\/v2\/comments?post=48183"}],"version-history":[{"count":1,"href":"https:\/\/www.irema.org\/de\/wp-json\/wp\/v2\/pages\/48183\/revisions"}],"predecessor-version":[{"id":48211,"href":"https:\/\/www.irema.org\/de\/wp-json\/wp\/v2\/pages\/48183\/revisions\/48211"}],"wp:attachment":[{"href":"https:\/\/www.irema.org\/de\/wp-json\/wp\/v2\/media?parent=48183"}],"curies":[{"name":"wp","href":"https:\/\/api.w.org\/{rel}","templated":true}]}}