{"id":48309,"date":"2021-12-23T20:55:14","date_gmt":"2021-12-23T19:55:14","guid":{"rendered":"https:\/\/www.irema.org\/politica-de-cookies-ue\/"},"modified":"2026-02-02T09:35:51","modified_gmt":"2026-02-02T08:35:51","slug":"politica-de-cookies-ue","status":"publish","type":"page","link":"https:\/\/www.irema.org\/de\/politica-de-cookies-ue\/","title":{"rendered":"Pol\u00edtica de cookies (UE)"},"content":{"rendered":"<h1 style=\"text-align: center;\">COOKIE-RICHTLINIE<\/h1>\n<div class=\"row\">\n<div class=\"col-xl-10 mx-auto\">\n<div class=\"paper\">\n<div>\n<h3>1. Was sind Cookies?<\/h3>\n<p style=\"padding-left: 40px;\" data-path-to-node=\"4\">Cookies sind kleine Datendateien, die auf dem Computer des Nutzers erzeugt werden und es uns erm\u00f6glichen, die H\u00e4ufigkeit der Besuche, die am h\u00e4ufigsten ausgew\u00e4hlten Inhalte und die Sicherheitselemente zu kennen, die an der Zugangskontrolle zu eingeschr\u00e4nkten Bereichen beteiligt sein k\u00f6nnen. Sie dienen auch der Anzeige von Werbung nach vordefinierten Kriterien von <b data-path-to-node=\"4\" data-index-in-node=\"366\">INSTITUTO DE REPRODUCCION DE LA MARINA ALTA, S.L.<\/b>, die durch Cookies aktiviert werden, welche von dieser Einrichtung oder von Dritten, die diese Dienstleistungen im Auftrag von <b data-path-to-node=\"4\" data-index-in-node=\"543\">INSTITUTO DE REPRODUCCION DE LA MARINA ALTA, S.L.<\/b> erbringen, gesetzt werden.<\/p>\n<p style=\"padding-left: 40px;\" data-path-to-node=\"5\">Im Allgemeinen gibt es die folgenden Arten von Cookies:<\/p>\n<p style=\"padding-left: 40px;\" data-path-to-node=\"6\">Je nach der Einheit, die die Dom\u00e4ne verwaltet, von der die Cookies gesendet werden, und die die erhaltenen Daten verarbeitet, lassen sich zwei Arten unterscheiden:<\/p>\n<ul>\n<li style=\"list-style-type: none;\">\n<ul data-path-to-node=\"7\">\n<li>\n<p data-path-to-node=\"7,0,0\"><b data-path-to-node=\"7,0,0\" data-index-in-node=\"0\">Eigene Cookies:<\/b> Diese werden von einem Ger\u00e4t oder einer Dom\u00e4ne an das Endger\u00e4t des Nutzers gesendet, die vom Herausgeber selbst verwaltet wird und von der aus der vom Nutzer angeforderte Dienst erbracht wird.<\/p>\n<\/li>\n<li>\n<p data-path-to-node=\"7,1,0\"><b data-path-to-node=\"7,1,0\" data-index-in-node=\"0\">Cookies von Drittanbietern:<\/b> Diese werden von einem Ger\u00e4t oder einer Dom\u00e4ne an das Endger\u00e4t des Nutzers gesendet, die nicht vom Herausgeber verwaltet wird, sondern von einer anderen Einheit, die die \u00fcber die Cookies erhaltenen Daten verarbeitet.<\/p>\n<\/li>\n<\/ul>\n<\/li>\n<\/ul>\n<p style=\"padding-left: 40px;\" data-path-to-node=\"8\">Falls die Cookies von einem Ger\u00e4t oder einer Dom\u00e4ne installiert werden, die vom Herausgeber selbst verwaltet wird, die damit erhobenen Informationen jedoch von einem Dritten verwaltet werden, k\u00f6nnen sie nicht als eigene Cookies betrachtet werden.<\/p>\n<p style=\"padding-left: 40px;\" data-path-to-node=\"9\">Es gibt auch eine zweite Klassifizierung nach der Zeitspanne, f\u00fcr die sie im Browser des Kunden gespeichert bleiben:<\/p>\n<ul>\n<li style=\"list-style-type: none;\">\n<ul data-path-to-node=\"10\">\n<li>\n<p data-path-to-node=\"10,0,0\"><b data-path-to-node=\"10,0,0\" data-index-in-node=\"0\">Sitzungscookies:<\/b> Diese dienen dazu, Daten zu sammeln und zu speichern, w\u00e4hrend der Nutzer auf eine Webseite zugreift. Sie werden in der Regel verwendet, um Informationen zu speichern, die nur f\u00fcr die Erbringung der vom Nutzer angeforderten Dienstleistung bei einer einzigen Gelegenheit relevant sind (z. B. eine Liste der gekauften Produkte).<\/p>\n<\/li>\n<li>\n<p data-path-to-node=\"10,1,0\"><b data-path-to-node=\"10,1,0\" data-index-in-node=\"0\">Persistente Cookies:<\/b> Die Daten bleiben auf dem Endger\u00e4t gespeichert und k\u00f6nnen \u00fcber einen vom Cookie-Verantwortlichen festgelegten Zeitraum, der von einigen Minuten bis zu mehreren Jahren reichen kann, abgerufen und verarbeitet werden.<\/p>\n<\/li>\n<\/ul>\n<\/li>\n<\/ul>\n<p style=\"padding-left: 40px;\" data-path-to-node=\"11\">Schlie\u00dflich gibt es eine weitere Klassifizierung mit sechs Arten von Cookies je nach Zweck der Datenverarbeitung:<\/p>\n<ul>\n<li style=\"list-style-type: none;\">\n<ul data-path-to-node=\"12\">\n<li>\n<p data-path-to-node=\"12,0,0\"><b data-path-to-node=\"12,0,0\" data-index-in-node=\"0\">Technische Cookies:<\/b> Technische oder notwendige Cookies sind f\u00fcr das ordnungsgem\u00e4\u00dfe Funktionieren unserer Website unerl\u00e4sslich und umfassen grundlegende Funktionen wie die Identifizierung der Sitzung oder den Zugang f\u00fcr registrierte Benutzer zu gesch\u00fctzten Bereichen. Aus diesen Gr\u00fcnden k\u00f6nnen technische Cookies nicht deaktiviert werden.<\/p>\n<\/li>\n<li>\n<p data-path-to-node=\"12,1,0\"><b data-path-to-node=\"12,1,0\" data-index-in-node=\"0\">Pr\u00e4ferenz-Cookies:<\/b> Durch die Verwendung von Pr\u00e4ferenz-Cookies kann sich die Website Informationen \u00fcber Ihr Surfverhalten merken, die mit der Art und Weise zusammenh\u00e4ngen, wie sich die Seite verh\u00e4lt oder aussieht, wie z. B. Ihre bevorzugte Sprache oder die Region, in der Sie sich befinden.<\/p>\n<\/li>\n<li>\n<p data-path-to-node=\"12,2,0\"><b data-path-to-node=\"12,2,0\" data-index-in-node=\"0\">Statistik-Cookies:<\/b> Wir verwenden Statistik-Cookies, um zu sehen, wie Sie mit der Website interagieren, indem wir w\u00e4hrend Ihres Besuchs anonyme Informationen sammeln. Der Zweck dieser Informationen ist die Einf\u00fchrung von Verbesserungen auf der Website basierend auf der Analyse der aggregierten Daten.<\/p>\n<\/li>\n<li>\n<p data-path-to-node=\"12,3,0\"><b data-path-to-node=\"12,3,0\" data-index-in-node=\"0\">Marketing-\/Werbecookies:<\/b> Sie erm\u00f6glichen uns die Verwaltung der auf unserer Website, Anwendung oder Plattform enthaltenen Werbefl\u00e4chen auf der Grundlage von Kriterien wie dem angezeigten Inhalt oder der H\u00e4ufigkeit der Anzeige der Werbeanzeigen.<\/p>\n<\/li>\n<li>\n<p data-path-to-node=\"12,4,0\"><b data-path-to-node=\"12,4,0\" data-index-in-node=\"0\">Marketing-Cookies:<\/b> Marketing-Cookies werden verwendet, um Ihr Verhalten w\u00e4hrend Ihres Besuchs auf der Website zu analysieren, damit andere Anbieter Ihnen gelegentlich personalisierte und relevante Werbung anbieten k\u00f6nnen, die Ihrem Surferprofil entspricht.<\/p>\n<\/li>\n<li>\n<p data-path-to-node=\"12,5,0\"><b data-path-to-node=\"12,5,0\" data-index-in-node=\"0\">Cookies von externen sozialen Netzwerken:<\/b> Diese werden verwendet, damit Besucher mit den Inhalten verschiedener sozialer Plattformen (Facebook, YouTube, Twitter, LinkedIn usw.) interagieren k\u00f6nnen, und werden ausschlie\u00dflich f\u00fcr die Nutzer dieser sozialen Netzwerke generiert. Die Bedingungen f\u00fcr die Verwendung dieser Cookies und die gesammelten Informationen werden durch die Datenschutzrichtlinie der jeweiligen sozialen Plattform geregelt.<\/p>\n<\/li>\n<\/ul>\n<\/li>\n<\/ul>\n<h2 data-path-to-node=\"13\">2. Von uns verwendete Cookies<\/h2>\n<p style=\"padding-left: 40px;\" data-path-to-node=\"14\">Auf der Website von <b data-path-to-node=\"14\" data-index-in-node=\"20\">INSTITUTO DE REPRODUCCION DE LA MARINA ALTA, S.L.<\/b> verwenden wir Cookies mit unterschiedlichen Funktionen:<\/p>\n<p style=\"padding-left: 40px;\" data-path-to-node=\"15\">[wcc_category_list]<\/p>\n<h3 style=\"padding-left: 40px;\">EIGENE COOKIES<\/h3>\n<h4 style=\"padding-left: 80px;\">Technische oder notwendige Cookies:<\/h4>\n<div id=\"page-15\" class=\"_kqswh2mm _bfhku67f _18u01wug _2hwx1wug\" style=\"padding-left: 120px;\" data-testid=\"page-14\">Technische oder unbedingt erforderliche Cookies sind solche, die dem Nutzer das Surfen auf einer Webseite und die Nutzung der verschiedenen darin angebotenen Optionen oder Dienste erm\u00f6glichen. Dazu geh\u00f6ren beispielsweise die Kontrolle des Datenverkehrs und der Datenkommunikation, die Identifizierung der Sitzung, der Zugang zu gesch\u00fctzten Bereichen, das Merken der Bestandteile einer Bestellung, die Durchf\u00fchrung des Kaufvorgangs einer Bestellung, die Verwaltung der Zahlung, die Kontrolle von Betrug im Zusammenhang mit der Sicherheit des Dienstes, die Beantragung der Anmeldung oder Teilnahme an einer Veranstaltung, die Verwendung von Sicherheitselementen w\u00e4hrend des Surfens, das Speichern von Inhalten f\u00fcr die Verbreitung von Videos oder Ton, das Aktivieren dynamischer Inhalte (z. B. Ladeanimation eines Textes oder Bildes), das Teilen von Inhalten \u00fcber soziale Netzwerke oder die Personalisierung der Benutzeroberfl\u00e4che, sofern der Nutzer die gew\u00fcnschten Personalisierungsoptionen selbst w\u00e4hlt. Die Rechtsgrundlage f\u00fcr diese Verarbeitung ist die Ausf\u00fchrung und Aufrechterhaltung der vom Nutzer angeforderten Dienstleistung. Diese Cookies bleiben aktiv, solange der Nutzer auf der Website verweilt.<\/div>\n<h4 style=\"padding-left: 80px;\">Pr\u00e4ferenz- oder Personalisierungscookies:<\/h4>\n<p style=\"padding-left: 120px;\">Pr\u00e4ferenz- oder Personalisierungscookies erm\u00f6glichen es, Informationen zu speichern, damit der Nutzer auf den Dienst mit bestimmten Merkmalen zugreift, die seine Erfahrung von der anderer Nutzer unterscheiden k\u00f6nnen, wie z. B. die Sprache, die Anzahl der bei einer Suche anzuzeigenden Ergebnisse, das Erscheinungsbild oder der Inhalt des Dienstes je nach Art des Browsers oder der Region, aus der der Zugriff erfolgt, usw. Die Dauer dieser Cookies entspricht der Zeit, die der Nutzer auf der Website verbringt (Sitzung). Die Informationen werden ausschlie\u00dflich im Browser des Nutzers gespeichert und f\u00fcr keinen anderen Zweck als die Verwaltung der Nutzerpr\u00e4ferenzen verwendet. Die Rechtsgrundlage f\u00fcr die Verarbeitung ist die vom Nutzer erteilte ausdr\u00fcckliche Einwilligung.<\/p>\n<h4 style=\"padding-left: 40px;\">COOKIES VON DRITTANBIETERN<\/h4>\n<h4 style=\"padding-left: 80px;\">Messung oder Analyse:<\/h4>\n<p style=\"padding-left: 120px;\">Mess- oder Analysecookies erm\u00f6glichen es dem Verantwortlichen, das Verhalten der Nutzer der Websites, mit denen sie verkn\u00fcpft sind, zu verfolgen und zu analysieren, einschlie\u00dflich der Quantifizierung der Wirkung von Werbeanzeigen. Die durch diese Art von Cookies gesammelten Informationen werden zur Messung der Aktivit\u00e4t der Websites, Anwendungen oder Plattformen verwendet, um Verbesserungen auf der Grundlage der Analyse der Nutzungsdaten der Nutzer des Dienstes einzuf\u00fchren. Die Rechtsgrundlage f\u00fcr die Verarbeitung ist die vom Nutzer erteilte ausdr\u00fcckliche Einwilligung. Weitere Informationen zu diesen Cookies sowie deren Aufbewahrungsfrist finden Sie unter den Links zur \u201eCookie-Richtlinie\u201c.<\/p>\n<h4 style=\"padding-left: 80px;\">Verhaltensbezogene Werbung:<\/h4>\n<p style=\"padding-left: 120px;\" data-path-to-node=\"21\">Cookies f\u00fcr verhaltensbezogene Werbung speichern Informationen \u00fcber das Nutzerverhalten, die durch die kontinuierliche Beobachtung ihrer Surfgewohnheiten gewonnen werden, was die Erstellung eines spezifischen Profils erm\u00f6glicht, um darauf basierende Werbung anzuzeigen. Die Rechtsgrundlage f\u00fcr die Verarbeitung ist die vom Nutzer erteilte ausdr\u00fcckliche Einwilligung. Weitere Informationen zu diesen Cookies sowie deren Aufbewahrungsfrist finden Sie unter den Links zur \u201eCookie-Richtlinie\u201c.<\/p>\n<p style=\"padding-left: 120px;\" data-path-to-node=\"22\">Wir verwenden eigene Cookies und Cookies von Drittanbietern. In der folgenden Tabelle finden Sie alle verwendeten Cookies.<\/p>\n<h3>3. So \u00e4ndern Sie Cookies (Deaktivierung und L\u00f6schung)<\/h3>\n<p style=\"padding-left: 40px;\">Verwaltung von Cookies \u00fcber unser Banner:<\/p>\n<p style=\"padding-left: 80px;\">Innerhalb der Website \u00f6ffnet sich automatisch ein Fenster, in dem Sie entscheiden k\u00f6nnen, ob Sie der Installation von Cookies zustimmen m\u00f6chten (wodurch diese gem\u00e4\u00df unserer Cookie-Richtlinie installiert und verwendet werden d\u00fcrfen) oder ob Sie diese nach Ihren W\u00fcnschen konfigurieren m\u00f6chten. Die Option zur Konfiguration der Cookies ist f\u00fcr den Fall, dass Sie Ihre Meinung \u00e4ndern, stets am unteren Rand der Seite verf\u00fcgbar.<\/p>\n<p style=\"padding-left: 40px;\">Verwaltung von Cookies \u00fcber Ihren Browser:<\/p>\n<p style=\"padding-left: 80px;\">Die meisten Browser erm\u00f6glichen es Ihnen, die Cookies einer Website anzuzeigen, zu verwalten, zu l\u00f6schen und zu blockieren. Bitte beachten Sie, dass beim L\u00f6schen aller Cookies alle von Ihnen festgelegten Benutzereinstellungen verloren gehen, einschlie\u00dflich der M\u00f6glichkeit, Cookies auszuschlie\u00dfen, da diese Funktion gerade das Setzen eines Opt-out-Cookies auf Ihrem Ger\u00e4t erfordert.<\/p>\n<p style=\"padding-left: 80px;\">Nachfolgend finden Sie Informationen zur Verwaltung von Cookies in den g\u00e4ngigsten Browsern:<\/p>\n<p style=\"padding-left: 120px;\" data-path-to-node=\"27\"><b data-path-to-node=\"27\" data-index-in-node=\"0\">Google Chrome<\/b><\/p>\n<ol>\n<li style=\"list-style-type: none;\">\n<ol>\n<li style=\"list-style-type: none;\">\n<ol>\n<li style=\"list-style-type: none;\">\n<ol start=\"1\" data-path-to-node=\"28\">\n<li>\n<p data-path-to-node=\"28,0,0\">\u00d6ffnen Sie Chrome auf Ihrem Computer.<\/p>\n<\/li>\n<li>\n<p data-path-to-node=\"28,1,0\">Klicken Sie oben rechts auf \u201eMehr\u201c (drei Punkte) und dann auf \u201eEinstellungen\u201c.<\/p>\n<\/li>\n<li>\n<p data-path-to-node=\"28,2,0\">Klicken Sie unter \u201eDatenschutz und Sicherheit\u201c auf \u201eWebsite-Einstellungen\u201c.<\/p>\n<\/li>\n<li>\n<p data-path-to-node=\"28,3,0\">Klicken Sie auf \u201eCookies\u201c.<\/p>\n<\/li>\n<li>\n<p data-path-to-node=\"28,4,0\">Hier k\u00f6nnen Sie: Cookies aktivieren: Schalten Sie den Schalter neben \u201eBlockiert\u201c ein. F\u00fcr weitere Informationen k\u00f6nnen Sie den Google-Support oder die Hilfe des Browsers konsultieren.<\/p>\n<\/li>\n<\/ol>\n<\/li>\n<\/ol>\n<\/li>\n<\/ol>\n<\/li>\n<\/ol>\n<p style=\"padding-left: 120px;\" data-path-to-node=\"29\"><b data-path-to-node=\"29\" data-index-in-node=\"0\">Microsoft Internet Explorer<\/b><\/p>\n<ol>\n<li style=\"list-style-type: none;\">\n<ol>\n<li style=\"list-style-type: none;\">\n<ol>\n<li style=\"list-style-type: none;\">\n<ol start=\"1\" data-path-to-node=\"30\">\n<li>\n<p data-path-to-node=\"30,0,0\">Klicken Sie auf \u201eExtras\u201c in der oberen Ecke Ihres Windows-Browsers, w\u00e4hlen Sie \u201eInternetoptionen\u201c und klicken Sie erneut auf die Option \u201eDatenschutz\u201c.<\/p>\n<\/li>\n<li>\n<p data-path-to-node=\"30,1,0\">Stellen Sie sicher, dass Ihre Datenschutzstufe auf \u201eMittel\u201c oder niedriger eingestellt ist, was die Verwendung von Cookies in Ihrem Browser erm\u00f6glicht.<\/p>\n<\/li>\n<li>\n<p data-path-to-node=\"30,2,0\">Wenn eine Option h\u00f6her als \u201eMittel\u201c gew\u00e4hlt wird, werden Cookies nicht zugelassen. F\u00fcr weitere Informationen k\u00f6nnen Sie den Microsoft-Support oder die Hilfe des Browsers konsultieren.<\/p>\n<\/li>\n<\/ol>\n<\/li>\n<\/ol>\n<\/li>\n<\/ol>\n<\/li>\n<\/ol>\n<p style=\"padding-left: 120px;\" data-path-to-node=\"31\"><b data-path-to-node=\"31\" data-index-in-node=\"0\">Mozilla Firefox<\/b><\/p>\n<ol>\n<li style=\"list-style-type: none;\">\n<ol>\n<li style=\"list-style-type: none;\">\n<ol>\n<li style=\"list-style-type: none;\">\n<ol start=\"1\" data-path-to-node=\"32\">\n<li>\n<p data-path-to-node=\"32,0,0\">Klicken Sie im oberen Bereich Ihres Browserfensters auf \u201eExtras\u201c und w\u00e4hlen Sie \u201eEinstellungen\u201c.<\/p>\n<\/li>\n<li>\n<p data-path-to-node=\"32,1,0\">W\u00e4hlen Sie das Symbol \u201eDatenschutz &amp; Sicherheit\u201c.<\/p>\n<\/li>\n<li>\n<p data-path-to-node=\"32,2,0\">Klicken Sie auf die Option, Cookies auf dieser Website zu erlauben. F\u00fcr weitere Informationen k\u00f6nnen Sie den Mozilla-Support oder die Hilfe des Browsers konsultieren.<\/p>\n<\/li>\n<\/ol>\n<\/li>\n<\/ol>\n<\/li>\n<\/ol>\n<\/li>\n<\/ol>\n<p style=\"padding-left: 120px;\" data-path-to-node=\"33\"><b data-path-to-node=\"33\" data-index-in-node=\"0\">Safari<\/b><\/p>\n<ol>\n<li style=\"list-style-type: none;\">\n<ol>\n<li style=\"list-style-type: none;\">\n<ol>\n<li style=\"list-style-type: none;\">\n<ol start=\"1\" data-path-to-node=\"34\">\n<li>\n<p data-path-to-node=\"34,0,0\">Klicken Sie auf das Werkzeug-Symbol oben in Ihrem Browser und w\u00e4hlen Sie die Option \u201eEinstellungen\u201c.<\/p>\n<\/li>\n<li>\n<p data-path-to-node=\"34,1,0\">Klicken Sie auf \u201eDatenschutz\u201c und w\u00e4hlen Sie die Option \u201eWebsite-\u00fcbergreifendes Tracking verhindern\u201c.<\/p>\n<\/li>\n<li>\n<p data-path-to-node=\"34,2,0\">Klicken Sie auf \u201eSpeichern\u201c. F\u00fcr weitere Informationen k\u00f6nnen Sie den Apple-Support oder die Hilfe des Browsers konsultieren.<\/p>\n<\/li>\n<\/ol>\n<\/li>\n<\/ol>\n<\/li>\n<\/ol>\n<\/li>\n<\/ol>\n<p style=\"padding-left: 120px;\" data-path-to-node=\"35\">Alternativ k\u00f6nnen Sie die von der spanischen Datenschutzbeh\u00f6rde ver\u00f6ffentlichten Video-Tutorials konsultieren: <a class=\"ng-star-inserted\" href=\"http:\/\/www.youtube.com\/user\/desdelaAEPD\" target=\"_blank\" rel=\"noopener\">http:\/\/www.youtube.com\/user\/desdelaAEPD<\/a><\/p>\n<h3>4. \u00c4nderungen an der Cookie-Richtlinie<\/h3>\n<p style=\"padding-left: 40px;\">Dieser Datenschutzhinweis kann aufgrund neuer gesetzlicher Anforderungen Modifikationen, \u00c4nderungen oder Aktualisierungen unterliegen. Das vorliegende Dokument entspricht stets der aktuellen, an neue Anforderungen angepassten Version. Interessenten k\u00f6nnen ihre Rechte auf Auskunft, Berichtigung, L\u00f6schung oder Widerspruch \u00fcber die folgende E-Mail-Adresse aus\u00fcben: <b data-path-to-node=\"37\" data-index-in-node=\"364\">dpo@procoden.es<\/b>.<\/p>\n<h3>5. Datenverarbeitung und Aus\u00fcbung von Rechten<\/h3>\n<div id=\"page-18\" class=\"_kqswh2mm _bfhku67f _18u01wug _2hwx1wug\" style=\"padding-left: 40px;\" data-testid=\"page-17\">Die personenbezogenen Daten, die wir durch die Verwendung von Cookies erheben, werden verarbeitet von: <b data-path-to-node=\"39\" data-index-in-node=\"103\">INSTITUTO DE REPRODUCCION DE LA MARINA ALTA, S.L., AVDA. DOCTOR FLEMING, 47 03760 ONDARA (ALICANTE)<\/b><\/div>\n<div data-testid=\"page-18\"><\/div>\n<div style=\"padding-left: 40px;\" data-testid=\"page-18\">Ihre personenbezogenen Daten werden zu den Zwecken verarbeitet, die bei jedem der in der obigen Tabelle identifizierten Cookies angegeben sind. Diese personenbezogenen Daten werden auf Grundlage Ihrer Einwilligung verarbeitet.<\/div>\n<div style=\"padding-left: 40px;\" data-testid=\"page-18\"><\/div>\n<\/div>\n<div style=\"padding-left: 40px;\" data-testid=\"page-18\">Sie k\u00f6nnen Ihre Rechte auf Auskunft, Berichtigung, L\u00f6schung und Widerspruch sowie das Recht auf Einschr\u00e4nkung der Verarbeitung, das Recht auf Daten\u00fcbertragbarkeit und das Recht, keiner automatisierten Entscheidung unterworfen zu werden, aus\u00fcben, indem Sie Ihre Identit\u00e4t mittels Personalausweis oder \u00c4hnlichem nachweisen und eine E-Mail an <b data-path-to-node=\"41\" data-index-in-node=\"340\">dpo@procoden.es<\/b> senden.<\/div>\n<div style=\"padding-left: 40px;\" data-testid=\"page-18\"><\/div>\n<\/div>\n<div style=\"padding-left: 40px;\" data-testid=\"page-18\">Sie k\u00f6nnen die f\u00fcr jede Art von Cookie erteilte Einwilligung jederzeit \u00fcber unser Cookie-Konfigurationspanel widerrufen.<\/div>\n<div style=\"padding-left: 40px;\" data-testid=\"page-18\"><\/div>\n<\/div>\n<div style=\"padding-left: 40px;\" data-testid=\"page-18\">Wenn Sie der Meinung sind, dass <b data-path-to-node=\"43\" data-index-in-node=\"32\">INSTITUTO DE REPRODUCCION DE LA MARINA ALTA, S.L.<\/b> eines der oben genannten Rechte nicht respektiert hat, haben Sie das Recht, eine Beschwerde bei der spanischen Datenschutzbeh\u00f6rde (Agencia Espa\u00f1ola de Protecci\u00f3n de Datos) einzureichen.<\/div>\n<\/div>\n<h3 data-testid=\"page-18\">6. An wen Ihre Daten \u00fcbermittelt werden<\/h3>\n<p style=\"padding-left: 40px;\">Im Allgemeinen werden die \u00fcber die eigenen Cookies dieser Website erhobenen Nutzerdaten nicht an Dritte \u00fcbertragen. Aufgrund der Verwendung von Cookies von Drittanbietern ist es jedoch m\u00f6glich, dass die erhobenen Daten au\u00dferhalb der Europ\u00e4ischen Union \u00fcbertragen werden, da diese Cookies au\u00dferhalb des Europ\u00e4ischen Wirtschaftsraums gehostet werden k\u00f6nnen. Die Cookies, die au\u00dferhalb der EU gehostet sein k\u00f6nnen, sind die folgenden:<\/p>\n<p style=\"padding-left: 40px;\" data-path-to-node=\"46\"><b data-path-to-node=\"46\" data-index-in-node=\"0\">WEITERE INFORMATIONEN \u00dcBER DIE VERARBEITUNG PERSONENBEZOGENER DATEN<\/b> Weitere Informationen \u00fcber die Verarbeitung Ihrer personenbezogenen Daten finden Sie in unserer Datenschutzrichtlinie.<\/p>\n<p style=\"padding-left: 80px;\">\n","protected":false},"excerpt":{"rendered":"<p>COOKIE-RICHTLINIE 1. Was sind Cookies? Cookies sind kleine Datendateien, die auf dem Computer des Nutzers erzeugt werden und es uns erm\u00f6glichen, die H\u00e4ufigkeit der Besuche, die am h\u00e4ufigsten ausgew\u00e4hlten Inhalte und die Sicherheitselemente zu kennen, die an der Zugangskontrolle zu eingeschr\u00e4nkten Bereichen beteiligt sein k\u00f6nnen. Sie dienen auch der Anzeige von Werbung nach vordefinierten Kriterien [&hellip;]<\/p>\n","protected":false},"author":3,"featured_media":0,"parent":0,"menu_order":0,"comment_status":"closed","ping_status":"closed","template":"","meta":{"footnotes":""},"class_list":["post-48309","page","type-page","status-publish","hentry"],"_links":{"self":[{"href":"https:\/\/www.irema.org\/de\/wp-json\/wp\/v2\/pages\/48309","targetHints":{"allow":["GET"]}}],"collection":[{"href":"https:\/\/www.irema.org\/de\/wp-json\/wp\/v2\/pages"}],"about":[{"href":"https:\/\/www.irema.org\/de\/wp-json\/wp\/v2\/types\/page"}],"author":[{"embeddable":true,"href":"https:\/\/www.irema.org\/de\/wp-json\/wp\/v2\/users\/3"}],"replies":[{"embeddable":true,"href":"https:\/\/www.irema.org\/de\/wp-json\/wp\/v2\/comments?post=48309"}],"version-history":[{"count":2,"href":"https:\/\/www.irema.org\/de\/wp-json\/wp\/v2\/pages\/48309\/revisions"}],"predecessor-version":[{"id":48311,"href":"https:\/\/www.irema.org\/de\/wp-json\/wp\/v2\/pages\/48309\/revisions\/48311"}],"wp:attachment":[{"href":"https:\/\/www.irema.org\/de\/wp-json\/wp\/v2\/media?parent=48309"}],"curies":[{"name":"wp","href":"https:\/\/api.w.org\/{rel}","templated":true}]}}