{"id":1452,"date":"2021-12-20T12:31:03","date_gmt":"2021-12-20T11:31:03","guid":{"rendered":"https:\/\/irema.servidorbilnea.com\/?page_id=1452"},"modified":"2021-12-20T12:36:07","modified_gmt":"2021-12-20T11:36:07","slug":"sperman-luovuttaja","status":"publish","type":"page","link":"https:\/\/www.irema.org\/fi\/sperman-luovuttaja\/","title":{"rendered":"Sperman luovuttaja"},"content":{"rendered":"\t\t<div data-elementor-type=\"wp-page\" data-elementor-id=\"1452\" class=\"elementor elementor-1452 elementor-190\" data-elementor-post-type=\"page\">\n\t\t\t\t\t\t<section class=\"elementor-section elementor-top-section elementor-element elementor-element-1acf422 elementor-section-boxed elementor-section-height-default elementor-section-height-default\" data-id=\"1acf422\" data-element_type=\"section\" data-e-type=\"section\" data-settings=\"{&quot;jet_parallax_layout_list&quot;:[{&quot;jet_parallax_layout_image&quot;:{&quot;url&quot;:&quot;&quot;,&quot;id&quot;:&quot;&quot;,&quot;size&quot;:&quot;&quot;},&quot;_id&quot;:&quot;cf33a8f&quot;,&quot;jet_parallax_layout_image_tablet&quot;:{&quot;url&quot;:&quot;&quot;,&quot;id&quot;:&quot;&quot;,&quot;size&quot;:&quot;&quot;},&quot;jet_parallax_layout_image_mobile&quot;:{&quot;url&quot;:&quot;&quot;,&quot;id&quot;:&quot;&quot;,&quot;size&quot;:&quot;&quot;},&quot;jet_parallax_layout_speed&quot;:{&quot;unit&quot;:&quot;%&quot;,&quot;size&quot;:50,&quot;sizes&quot;:[]},&quot;jet_parallax_layout_type&quot;:&quot;scroll&quot;,&quot;jet_parallax_layout_direction&quot;:&quot;1&quot;,&quot;jet_parallax_layout_fx_direction&quot;:null,&quot;jet_parallax_layout_z_index&quot;:&quot;&quot;,&quot;jet_parallax_layout_bg_x&quot;:50,&quot;jet_parallax_layout_bg_x_tablet&quot;:&quot;&quot;,&quot;jet_parallax_layout_bg_x_mobile&quot;:&quot;&quot;,&quot;jet_parallax_layout_bg_y&quot;:50,&quot;jet_parallax_layout_bg_y_tablet&quot;:&quot;&quot;,&quot;jet_parallax_layout_bg_y_mobile&quot;:&quot;&quot;,&quot;jet_parallax_layout_bg_size&quot;:&quot;auto&quot;,&quot;jet_parallax_layout_bg_size_tablet&quot;:&quot;&quot;,&quot;jet_parallax_layout_bg_size_mobile&quot;:&quot;&quot;,&quot;jet_parallax_layout_animation_prop&quot;:&quot;transform&quot;,&quot;jet_parallax_layout_on&quot;:[&quot;desktop&quot;,&quot;tablet&quot;]}]}\">\n\t\t\t\t\t\t<div class=\"elementor-container elementor-column-gap-default\">\n\t\t\t\t\t<div class=\"elementor-column elementor-col-100 elementor-top-column elementor-element elementor-element-b4c62b8\" data-id=\"b4c62b8\" data-element_type=\"column\" data-e-type=\"column\">\n\t\t\t<div class=\"elementor-widget-wrap elementor-element-populated\">\n\t\t\t\t\t\t<div class=\"elementor-element elementor-element-a4c1e21 elementor-invisible elementor-widget elementor-widget-heading\" data-id=\"a4c1e21\" data-element_type=\"widget\" data-e-type=\"widget\" data-settings=\"{&quot;_animation&quot;:&quot;fadeIn&quot;}\" data-widget_type=\"heading.default\">\n\t\t\t\t<div class=\"elementor-widget-container\">\n\t\t\t\t\t<h1 class=\"elementor-heading-title elementor-size-default\">Spermanluovuttajat<\/h1>\t\t\t\t<\/div>\n\t\t\t\t<\/div>\n\t\t\t\t<div class=\"elementor-element elementor-element-16ad804 elementor-invisible elementor-widget elementor-widget-heading\" data-id=\"16ad804\" data-element_type=\"widget\" data-e-type=\"widget\" data-settings=\"{&quot;_animation&quot;:&quot;fadeInUp&quot;,&quot;_animation_delay&quot;:400}\" data-widget_type=\"heading.default\">\n\t\t\t\t<div class=\"elementor-widget-container\">\n\t\t\t\t\t<h2 class=\"elementor-heading-title elementor-size-default\">Haluan olla spermanluovuttaja<\/h2>\t\t\t\t<\/div>\n\t\t\t\t<\/div>\n\t\t\t\t<div class=\"elementor-element elementor-element-e7bc07f elementor-invisible elementor-widget elementor-widget-image\" data-id=\"e7bc07f\" data-element_type=\"widget\" data-e-type=\"widget\" data-settings=\"{&quot;_animation&quot;:&quot;fadeInUp&quot;}\" data-widget_type=\"image.default\">\n\t\t\t\t<div class=\"elementor-widget-container\">\n\t\t\t\t\t\t\t\t\t\t\t\t\t\t\t<img fetchpriority=\"high\" decoding=\"async\" width=\"1200\" height=\"628\" src=\"https:\/\/www.irema.org\/wp-content\/uploads\/donacion-esperma.jpeg\" class=\"attachment-full size-full wp-image-1451\" alt=\"- Irema\" srcset=\"https:\/\/www.irema.org\/wp-content\/uploads\/donacion-esperma.jpeg.webp 1200w, https:\/\/www.irema.org\/wp-content\/uploads\/donacion-esperma-300x157.jpeg.webp 300w, https:\/\/www.irema.org\/wp-content\/uploads\/donacion-esperma-1024x536.jpeg.webp 1024w, https:\/\/www.irema.org\/wp-content\/uploads\/donacion-esperma-768x402.jpeg.webp 768w, https:\/\/www.irema.org\/wp-content\/uploads\/donacion-esperma-600x314.jpeg.webp 600w\" sizes=\"(max-width: 1200px) 100vw, 1200px\" title=\"- Irema\">\t\t\t\t\t\t\t\t\t\t\t\t\t\t\t<\/div>\n\t\t\t\t<\/div>\n\t\t\t\t\t<\/div>\n\t\t<\/div>\n\t\t\t\t\t<\/div>\n\t\t<\/section>\n\t\t\t\t<section class=\"elementor-section elementor-top-section elementor-element elementor-element-c6afc03 elementor-section-boxed elementor-section-height-default elementor-section-height-default\" data-id=\"c6afc03\" data-element_type=\"section\" data-e-type=\"section\" data-settings=\"{&quot;jet_parallax_layout_list&quot;:[{&quot;jet_parallax_layout_image&quot;:{&quot;url&quot;:&quot;&quot;,&quot;id&quot;:&quot;&quot;,&quot;size&quot;:&quot;&quot;},&quot;_id&quot;:&quot;2761ba2&quot;,&quot;jet_parallax_layout_image_tablet&quot;:{&quot;url&quot;:&quot;&quot;,&quot;id&quot;:&quot;&quot;,&quot;size&quot;:&quot;&quot;},&quot;jet_parallax_layout_image_mobile&quot;:{&quot;url&quot;:&quot;&quot;,&quot;id&quot;:&quot;&quot;,&quot;size&quot;:&quot;&quot;},&quot;jet_parallax_layout_speed&quot;:{&quot;unit&quot;:&quot;%&quot;,&quot;size&quot;:50,&quot;sizes&quot;:[]},&quot;jet_parallax_layout_type&quot;:&quot;scroll&quot;,&quot;jet_parallax_layout_direction&quot;:&quot;1&quot;,&quot;jet_parallax_layout_fx_direction&quot;:null,&quot;jet_parallax_layout_z_index&quot;:&quot;&quot;,&quot;jet_parallax_layout_bg_x&quot;:50,&quot;jet_parallax_layout_bg_x_tablet&quot;:&quot;&quot;,&quot;jet_parallax_layout_bg_x_mobile&quot;:&quot;&quot;,&quot;jet_parallax_layout_bg_y&quot;:50,&quot;jet_parallax_layout_bg_y_tablet&quot;:&quot;&quot;,&quot;jet_parallax_layout_bg_y_mobile&quot;:&quot;&quot;,&quot;jet_parallax_layout_bg_size&quot;:&quot;auto&quot;,&quot;jet_parallax_layout_bg_size_tablet&quot;:&quot;&quot;,&quot;jet_parallax_layout_bg_size_mobile&quot;:&quot;&quot;,&quot;jet_parallax_layout_animation_prop&quot;:&quot;transform&quot;,&quot;jet_parallax_layout_on&quot;:[&quot;desktop&quot;,&quot;tablet&quot;]}]}\">\n\t\t\t\t\t\t<div class=\"elementor-container elementor-column-gap-default\">\n\t\t\t\t\t<div class=\"elementor-column elementor-col-33 elementor-top-column elementor-element elementor-element-9edebd6\" data-id=\"9edebd6\" data-element_type=\"column\" data-e-type=\"column\">\n\t\t\t<div class=\"elementor-widget-wrap elementor-element-populated\">\n\t\t\t\t\t\t<div class=\"elementor-element elementor-element-2ec510e elementor-invisible elementor-widget elementor-widget-image\" data-id=\"2ec510e\" data-element_type=\"widget\" data-e-type=\"widget\" data-settings=\"{&quot;_animation&quot;:&quot;fadeInLeft&quot;}\" data-widget_type=\"image.default\">\n\t\t\t\t<div class=\"elementor-widget-container\">\n\t\t\t\t\t\t\t\t\t\t\t\t\t\t\t<img decoding=\"async\" width=\"300\" height=\"267\" src=\"https:\/\/www.irema.org\/wp-content\/uploads\/Congelacion-del-semen-300x267-1.jpeg\" class=\"attachment-large size-large wp-image-41165\" alt=\"- Irema\" title=\"- Irema\">\t\t\t\t\t\t\t\t\t\t\t\t\t\t\t<\/div>\n\t\t\t\t<\/div>\n\t\t\t\t\t<\/div>\n\t\t<\/div>\n\t\t\t\t<div class=\"elementor-column elementor-col-66 elementor-top-column elementor-element elementor-element-4e15e1f\" data-id=\"4e15e1f\" data-element_type=\"column\" data-e-type=\"column\">\n\t\t\t<div class=\"elementor-widget-wrap elementor-element-populated\">\n\t\t\t\t\t\t<div class=\"elementor-element elementor-element-ff02f38 elementor-widget elementor-widget-heading\" data-id=\"ff02f38\" data-element_type=\"widget\" data-e-type=\"widget\" data-widget_type=\"heading.default\">\n\t\t\t\t<div class=\"elementor-widget-container\">\n\t\t\t\t\t<h3 class=\"elementor-heading-title elementor-size-default\">Spermanluovuttaja ja h\u00e4nen lahjoituksensa<\/h3>\t\t\t\t<\/div>\n\t\t\t\t<\/div>\n\t\t\t\t<div class=\"elementor-element elementor-element-711eeff elementor-widget elementor-widget-text-editor\" data-id=\"711eeff\" data-element_type=\"widget\" data-e-type=\"widget\" data-widget_type=\"text-editor.default\">\n\t\t\t\t<div class=\"elementor-widget-container\">\n\t\t\t\t\t\t\t\t\t<div class=\"wpb_text_column wpb_content_element \"><div class=\"wpb_wrapper\"><p>T\u00e4m\u00e4 on olennainen asia IREMAn kaltaisille avusteisen lis\u00e4\u00e4ntymisen klinikoille, joten kuten voitte kuvitella, siihen suhtaudutaan \u00e4\u00e4rimm\u00e4isen tarkasti.<\/p><p>Loppujen lopuksi spermapankki tarjoaa ratkaisuja erilaisiin ongelmiin, jotka liittyv\u00e4t vaikeuksiin saada terveit\u00e4 j\u00e4lkel\u00e4isi\u00e4 yhdynn\u00e4st\u00e4.<\/p><\/div><\/div>\t\t\t\t\t\t\t\t<\/div>\n\t\t\t\t<\/div>\n\t\t\t\t\t<\/div>\n\t\t<\/div>\n\t\t\t\t\t<\/div>\n\t\t<\/section>\n\t\t\t\t<section class=\"elementor-section elementor-top-section elementor-element elementor-element-0049209 elementor-section-stretched elementor-section-boxed elementor-section-height-default elementor-section-height-default\" data-id=\"0049209\" data-element_type=\"section\" data-e-type=\"section\" data-settings=\"{&quot;stretch_section&quot;:&quot;section-stretched&quot;,&quot;jet_parallax_layout_list&quot;:[{&quot;jet_parallax_layout_image&quot;:{&quot;url&quot;:&quot;&quot;,&quot;id&quot;:&quot;&quot;,&quot;size&quot;:&quot;&quot;},&quot;_id&quot;:&quot;0746e81&quot;,&quot;jet_parallax_layout_image_tablet&quot;:{&quot;url&quot;:&quot;&quot;,&quot;id&quot;:&quot;&quot;,&quot;size&quot;:&quot;&quot;},&quot;jet_parallax_layout_image_mobile&quot;:{&quot;url&quot;:&quot;&quot;,&quot;id&quot;:&quot;&quot;,&quot;size&quot;:&quot;&quot;},&quot;jet_parallax_layout_speed&quot;:{&quot;unit&quot;:&quot;%&quot;,&quot;size&quot;:50,&quot;sizes&quot;:[]},&quot;jet_parallax_layout_type&quot;:&quot;scroll&quot;,&quot;jet_parallax_layout_direction&quot;:&quot;1&quot;,&quot;jet_parallax_layout_fx_direction&quot;:null,&quot;jet_parallax_layout_z_index&quot;:&quot;&quot;,&quot;jet_parallax_layout_bg_x&quot;:50,&quot;jet_parallax_layout_bg_x_tablet&quot;:&quot;&quot;,&quot;jet_parallax_layout_bg_x_mobile&quot;:&quot;&quot;,&quot;jet_parallax_layout_bg_y&quot;:50,&quot;jet_parallax_layout_bg_y_tablet&quot;:&quot;&quot;,&quot;jet_parallax_layout_bg_y_mobile&quot;:&quot;&quot;,&quot;jet_parallax_layout_bg_size&quot;:&quot;auto&quot;,&quot;jet_parallax_layout_bg_size_tablet&quot;:&quot;&quot;,&quot;jet_parallax_layout_bg_size_mobile&quot;:&quot;&quot;,&quot;jet_parallax_layout_animation_prop&quot;:&quot;transform&quot;,&quot;jet_parallax_layout_on&quot;:[&quot;desktop&quot;,&quot;tablet&quot;]}],&quot;background_background&quot;:&quot;classic&quot;}\">\n\t\t\t\t\t\t<div class=\"elementor-container elementor-column-gap-default\">\n\t\t\t\t\t<div class=\"elementor-column elementor-col-100 elementor-top-column elementor-element elementor-element-7ecaa0f\" data-id=\"7ecaa0f\" data-element_type=\"column\" data-e-type=\"column\">\n\t\t\t<div class=\"elementor-widget-wrap elementor-element-populated\">\n\t\t\t\t\t\t<div class=\"elementor-element elementor-element-70b2956 elementor-widget elementor-widget-heading\" data-id=\"70b2956\" data-element_type=\"widget\" data-e-type=\"widget\" data-widget_type=\"heading.default\">\n\t\t\t\t<div class=\"elementor-widget-container\">\n\t\t\t\t\t<h3 class=\"elementor-heading-title elementor-size-default\">Spermanluovuttaja ja h\u00e4nen lahjoituksensa<\/h3>\t\t\t\t<\/div>\n\t\t\t\t<\/div>\n\t\t\t\t<div class=\"elementor-element elementor-element-b4509a2 elementor-widget elementor-widget-text-editor\" data-id=\"b4509a2\" data-element_type=\"widget\" data-e-type=\"widget\" data-widget_type=\"text-editor.default\">\n\t\t\t\t<div class=\"elementor-widget-container\">\n\t\t\t\t\t\t\t\t\t<p>Kaikki eiv\u00e4t voi ryhty\u00e4 spermanluovuttajiksi. Kiinnit\u00e4 siis huomiota spermapankkiohjelmaan osallistumista koskeviin vaatimuksiin:<\/p><p>Sinun on oltava t\u00e4ysi-ik\u00e4inen (enint\u00e4\u00e4n 39-vuotias).<br \/>Ole henkisesti ja fyysisesti terve.<br \/>Suvussa ei ole esiintynyt vakavia tai kroonisia perinn\u00f6llisi\u00e4 sairauksia tai synnynn\u00e4isi\u00e4 poikkeavuuksia.<br \/>Veri- ja siemennestetesteiss\u00e4 ei havaita sairauksia, jotka mit\u00e4t\u00f6iv\u00e4t luovuttajan aseman.<\/p>\t\t\t\t\t\t\t\t<\/div>\n\t\t\t\t<\/div>\n\t\t\t\t\t<\/div>\n\t\t<\/div>\n\t\t\t\t\t<\/div>\n\t\t<\/section>\n\t\t\t\t<section class=\"elementor-section elementor-top-section elementor-element elementor-element-54c560b elementor-section-boxed elementor-section-height-default elementor-section-height-default\" data-id=\"54c560b\" data-element_type=\"section\" data-e-type=\"section\" data-settings=\"{&quot;jet_parallax_layout_list&quot;:[{&quot;jet_parallax_layout_image&quot;:{&quot;url&quot;:&quot;&quot;,&quot;id&quot;:&quot;&quot;,&quot;size&quot;:&quot;&quot;},&quot;_id&quot;:&quot;9583415&quot;,&quot;jet_parallax_layout_image_tablet&quot;:{&quot;url&quot;:&quot;&quot;,&quot;id&quot;:&quot;&quot;,&quot;size&quot;:&quot;&quot;},&quot;jet_parallax_layout_image_mobile&quot;:{&quot;url&quot;:&quot;&quot;,&quot;id&quot;:&quot;&quot;,&quot;size&quot;:&quot;&quot;},&quot;jet_parallax_layout_speed&quot;:{&quot;unit&quot;:&quot;%&quot;,&quot;size&quot;:50,&quot;sizes&quot;:[]},&quot;jet_parallax_layout_type&quot;:&quot;scroll&quot;,&quot;jet_parallax_layout_direction&quot;:&quot;1&quot;,&quot;jet_parallax_layout_fx_direction&quot;:null,&quot;jet_parallax_layout_z_index&quot;:&quot;&quot;,&quot;jet_parallax_layout_bg_x&quot;:50,&quot;jet_parallax_layout_bg_x_tablet&quot;:&quot;&quot;,&quot;jet_parallax_layout_bg_x_mobile&quot;:&quot;&quot;,&quot;jet_parallax_layout_bg_y&quot;:50,&quot;jet_parallax_layout_bg_y_tablet&quot;:&quot;&quot;,&quot;jet_parallax_layout_bg_y_mobile&quot;:&quot;&quot;,&quot;jet_parallax_layout_bg_size&quot;:&quot;auto&quot;,&quot;jet_parallax_layout_bg_size_tablet&quot;:&quot;&quot;,&quot;jet_parallax_layout_bg_size_mobile&quot;:&quot;&quot;,&quot;jet_parallax_layout_animation_prop&quot;:&quot;transform&quot;,&quot;jet_parallax_layout_on&quot;:[&quot;desktop&quot;,&quot;tablet&quot;]}]}\">\n\t\t\t\t\t\t<div class=\"elementor-container elementor-column-gap-default\">\n\t\t\t\t\t<div class=\"elementor-column elementor-col-100 elementor-top-column elementor-element elementor-element-65a0b74\" data-id=\"65a0b74\" data-element_type=\"column\" data-e-type=\"column\">\n\t\t\t<div class=\"elementor-widget-wrap elementor-element-populated\">\n\t\t\t\t\t\t<div class=\"elementor-element elementor-element-db59255 elementor-widget elementor-widget-heading\" data-id=\"db59255\" data-element_type=\"widget\" data-e-type=\"widget\" data-widget_type=\"heading.default\">\n\t\t\t\t<div class=\"elementor-widget-container\">\n\t\t\t\t\t<h2 class=\"elementor-heading-title elementor-size-default\">Spermanluovutuksen vaiheet<\/h2>\t\t\t\t<\/div>\n\t\t\t\t<\/div>\n\t\t\t\t<div class=\"elementor-element elementor-element-ecc0ad5 elementor-invisible elementor-widget elementor-widget-text-editor\" data-id=\"ecc0ad5\" data-element_type=\"widget\" data-e-type=\"widget\" data-settings=\"{&quot;_animation&quot;:&quot;fadeInUp&quot;}\" data-widget_type=\"text-editor.default\">\n\t\t\t\t<div class=\"elementor-widget-container\">\n\t\t\t\t\t\t\t\t\t<div class=\"wpb_text_column wpb_content_element \"><div class=\"wpb_wrapper\"><p>Toisaalta spermanluovutusprosessi sis\u00e4lt\u00e4\u00e4 useita vaiheita, jotka ovat seuraavat:<\/p><p>1. Luovuttajan kliinisen historian avaaminen ja rekister\u00f6inti.<\/p><p>2. Androloginen l\u00e4\u00e4k\u00e4rintarkastus, jonka tarkoituksena on havaita virtsa- ja sukupuolielinten sairaudet.<\/p><p>3. Siemennesteen laadun tutkiminen ja sen viljely infektioiden poissulkemiseksi.<\/p><p>4. Verikokeen suorittaminen.<\/p><p>5. Siemennesten\u00e4ytteen ottaminen klinikan tiloissa (on v\u00e4ltt\u00e4m\u00e4t\u00f6nt\u00e4, ett\u00e4 on ollut seksuaalisesti pid\u00e4tt\u00e4ytynyt kolmesta viiteen p\u00e4iv\u00e4\u00e4 ennen n\u00e4ytteenottoa).<\/p><p>6. N\u00e4ytteen s\u00e4ilytt\u00e4minen spermapankissa.<\/p><p>7. Toista lahjoitus tietyll\u00e4 tiheydell\u00e4 ja vaihtelevan ajanjakson ajan (esimerkiksi kerran viikossa kolmen tai nelj\u00e4n kuukauden ajan).<\/p><p>Lopuksi on muistettava, ett\u00e4 lahjoituksen on oltava t\u00e4ysin nimet\u00f6n sek\u00e4 vanhemmille ett\u00e4 j\u00e4lkel\u00e4isille.<\/p><\/div><\/div>\t\t\t\t\t\t\t\t<\/div>\n\t\t\t\t<\/div>\n\t\t\t\t<div class=\"elementor-element elementor-element-fddf404 elementor-widget elementor-widget-heading\" data-id=\"fddf404\" data-element_type=\"widget\" data-e-type=\"widget\" data-widget_type=\"heading.default\">\n\t\t\t\t<div class=\"elementor-widget-container\">\n\t\t\t\t\t<h2 class=\"elementor-heading-title elementor-size-default\">Ketk\u00e4 hy\u00f6tyv\u00e4t spermanluovutuksesta?<\/h2>\t\t\t\t<\/div>\n\t\t\t\t<\/div>\n\t\t\t\t<div class=\"elementor-element elementor-element-b591b30 elementor-invisible elementor-widget elementor-widget-text-editor\" data-id=\"b591b30\" data-element_type=\"widget\" data-e-type=\"widget\" data-settings=\"{&quot;_animation&quot;:&quot;fadeInUp&quot;}\" data-widget_type=\"text-editor.default\">\n\t\t\t\t<div class=\"elementor-widget-container\">\n\t\t\t\t\t\t\t\t\t<p>Ensinn\u00e4kin voidaan ajatella, ett\u00e4 luovuttaja itse hy\u00f6tyy ensimm\u00e4isen\u00e4 prosessiin osallistumisesta.<\/p><p>Ei turhaan, sill\u00e4 h\u00e4nen vapaaehtoinen, ep\u00e4itsek\u00e4s ja tukeva toimintansa on jo itsess\u00e4\u00e4n hyv\u00e4 asia. Periaatteessa siitti\u00f6iden luovuttaja auttaa muita ihmisi\u00e4 saavuttamaan unelmansa tulla \u00e4ideiksi ja isiksi.<\/p><p>Meid\u00e4n on my\u00f6s huomautettava, ett\u00e4 avustettua lis\u00e4\u00e4ntymist\u00e4 k\u00e4sittelev\u00e4n kansallisen toimikunnan suositusten mukaisesti terveys-, sosiaalipalvelu- ja tasa-arvoministeri\u00f6 vahvistaa taloudellisen korvauksen, jolla palkitaan luovuttajaa ja lievennet\u00e4\u00e4n h\u00e4nen yhteisty\u00f6st\u00e4\u00e4n h\u00e4nelle mahdollisesti aiheutuvia haittoja.<\/p><p>Lopuksi, jos sinut hyv\u00e4ksyt\u00e4\u00e4n luovuttajaksi, saat merkityksellist\u00e4 tietoa siitti\u00f6idesi laadusta.<\/p><p>Toisaalta spermanluovutus voi auttaa kaikissa n\u00e4iss\u00e4 tapauksissa:<\/p><p>&#8211; Heteroseksuaaliset parit, joissa miespuolinen kumppani ei kykene tuottamaan siitti\u00f6it\u00e4 tai tuottaa vain v\u00e4h\u00e4n tai heikkolaatuisia siitti\u00f6it\u00e4.<\/p><p>&#8211; Yksinhuoltaja\u00e4idit.<\/p><p>&#8211; Jatkuvat virheet sellaisissa keinohedelm\u00f6itysmenetelmiss\u00e4, joissa k\u00e4ytet\u00e4\u00e4n kumppanin siitti\u00f6it\u00e4 (erityisesti jos arvioinnin mukaan siitti\u00f6 on hedelm\u00e4tt\u00f6myystekij\u00e4).<\/p><p>&#8211; Mahdollisuus, ett\u00e4 is\u00e4 voi siirt\u00e4\u00e4 geneettisi\u00e4 muutoksia (joita ei voida ehk\u00e4ist\u00e4 preimplantaatiodiagnostiikan avulla).<\/p>\t\t\t\t\t\t\t\t<\/div>\n\t\t\t\t<\/div>\n\t\t\t\t\t<\/div>\n\t\t<\/div>\n\t\t\t\t\t<\/div>\n\t\t<\/section>\n\t\t\t\t<section class=\"elementor-section elementor-top-section elementor-element elementor-element-9602c00 elementor-section-boxed elementor-section-height-default elementor-section-height-default\" data-id=\"9602c00\" data-element_type=\"section\" data-e-type=\"section\" data-settings=\"{&quot;jet_parallax_layout_list&quot;:[{&quot;jet_parallax_layout_image&quot;:{&quot;url&quot;:&quot;&quot;,&quot;id&quot;:&quot;&quot;,&quot;size&quot;:&quot;&quot;},&quot;_id&quot;:&quot;b1dc739&quot;,&quot;jet_parallax_layout_image_tablet&quot;:{&quot;url&quot;:&quot;&quot;,&quot;id&quot;:&quot;&quot;,&quot;size&quot;:&quot;&quot;},&quot;jet_parallax_layout_image_mobile&quot;:{&quot;url&quot;:&quot;&quot;,&quot;id&quot;:&quot;&quot;,&quot;size&quot;:&quot;&quot;},&quot;jet_parallax_layout_speed&quot;:{&quot;unit&quot;:&quot;%&quot;,&quot;size&quot;:50,&quot;sizes&quot;:[]},&quot;jet_parallax_layout_type&quot;:&quot;scroll&quot;,&quot;jet_parallax_layout_direction&quot;:&quot;1&quot;,&quot;jet_parallax_layout_fx_direction&quot;:null,&quot;jet_parallax_layout_z_index&quot;:&quot;&quot;,&quot;jet_parallax_layout_bg_x&quot;:50,&quot;jet_parallax_layout_bg_x_tablet&quot;:&quot;&quot;,&quot;jet_parallax_layout_bg_x_mobile&quot;:&quot;&quot;,&quot;jet_parallax_layout_bg_y&quot;:50,&quot;jet_parallax_layout_bg_y_tablet&quot;:&quot;&quot;,&quot;jet_parallax_layout_bg_y_mobile&quot;:&quot;&quot;,&quot;jet_parallax_layout_bg_size&quot;:&quot;auto&quot;,&quot;jet_parallax_layout_bg_size_tablet&quot;:&quot;&quot;,&quot;jet_parallax_layout_bg_size_mobile&quot;:&quot;&quot;,&quot;jet_parallax_layout_animation_prop&quot;:&quot;transform&quot;,&quot;jet_parallax_layout_on&quot;:[&quot;desktop&quot;,&quot;tablet&quot;]}]}\">\n\t\t\t\t\t\t<div class=\"elementor-container elementor-column-gap-default\">\n\t\t\t\t\t<div class=\"elementor-column elementor-col-100 elementor-top-column elementor-element elementor-element-d5242ad\" data-id=\"d5242ad\" data-element_type=\"column\" data-e-type=\"column\">\n\t\t\t<div class=\"elementor-widget-wrap elementor-element-populated\">\n\t\t\t\t\t\t<div class=\"elementor-element elementor-element-901f51a elementor-widget elementor-widget-html\" data-id=\"901f51a\" data-element_type=\"widget\" data-e-type=\"widget\" data-widget_type=\"html.default\">\n\t\t\t\t<div class=\"elementor-widget-container\">\n\t\t\t\t\t\t\t\t\t<\/div>\n\t\t\t\t<\/div>\n\t\t\t\t\t<\/div>\n\t\t<\/div>\n\t\t\t\t\t<\/div>\n\t\t<\/section>\n\t\t\t\t<\/div>\n\t\t","protected":false},"excerpt":{"rendered":"<p>Spermanluovuttajat Haluan olla spermanluovuttaja Spermanluovuttaja ja h\u00e4nen lahjoituksensa T\u00e4m\u00e4 on olennainen asia IREMAn kaltaisille avusteisen lis\u00e4\u00e4ntymisen klinikoille, joten kuten voitte kuvitella, siihen suhtaudutaan \u00e4\u00e4rimm\u00e4isen tarkasti. Loppujen lopuksi spermapankki tarjoaa ratkaisuja erilaisiin ongelmiin, jotka liittyv\u00e4t vaikeuksiin saada terveit\u00e4 j\u00e4lkel\u00e4isi\u00e4 yhdynn\u00e4st\u00e4. Spermanluovuttaja ja h\u00e4nen lahjoituksensa Kaikki eiv\u00e4t voi ryhty\u00e4 spermanluovuttajiksi. Kiinnit\u00e4 siis huomiota spermapankkiohjelmaan osallistumista koskeviin vaatimuksiin: [&hellip;]<\/p>\n","protected":false},"author":3,"featured_media":1451,"parent":0,"menu_order":0,"comment_status":"closed","ping_status":"closed","template":"elementor_header_footer","meta":{"footnotes":""},"class_list":["post-1452","page","type-page","status-publish","has-post-thumbnail","hentry"],"_links":{"self":[{"href":"https:\/\/www.irema.org\/fi\/wp-json\/wp\/v2\/pages\/1452","targetHints":{"allow":["GET"]}}],"collection":[{"href":"https:\/\/www.irema.org\/fi\/wp-json\/wp\/v2\/pages"}],"about":[{"href":"https:\/\/www.irema.org\/fi\/wp-json\/wp\/v2\/types\/page"}],"author":[{"embeddable":true,"href":"https:\/\/www.irema.org\/fi\/wp-json\/wp\/v2\/users\/3"}],"replies":[{"embeddable":true,"href":"https:\/\/www.irema.org\/fi\/wp-json\/wp\/v2\/comments?post=1452"}],"version-history":[{"count":0,"href":"https:\/\/www.irema.org\/fi\/wp-json\/wp\/v2\/pages\/1452\/revisions"}],"wp:featuredmedia":[{"embeddable":true,"href":"https:\/\/www.irema.org\/fi\/wp-json\/wp\/v2\/media\/1451"}],"wp:attachment":[{"href":"https:\/\/www.irema.org\/fi\/wp-json\/wp\/v2\/media?parent=1452"}],"curies":[{"name":"wp","href":"https:\/\/api.w.org\/{rel}","templated":true}]}}