{"id":31460,"date":"2021-12-02T13:15:58","date_gmt":"2021-12-02T12:15:58","guid":{"rendered":"https:\/\/irema.servidorbilnea.com\/?page_id=31460"},"modified":"2022-03-29T10:51:09","modified_gmt":"2022-03-29T08:51:09","slug":"siemennesteen-jaadyttaminen","status":"publish","type":"page","link":"https:\/\/www.irema.org\/fi\/siemennesteen-jaadyttaminen\/","title":{"rendered":"Siemennesteen j\u00e4\u00e4dytt\u00e4minen"},"content":{"rendered":"\t\t<div data-elementor-type=\"wp-page\" data-elementor-id=\"31460\" class=\"elementor elementor-31460 elementor-176\" data-elementor-post-type=\"page\">\n\t\t\t\t\t\t<section class=\"elementor-section elementor-top-section elementor-element elementor-element-03693cc elementor-section-boxed elementor-section-height-default elementor-section-height-default\" data-id=\"03693cc\" data-element_type=\"section\" data-e-type=\"section\" data-settings=\"{&quot;jet_parallax_layout_list&quot;:[{&quot;jet_parallax_layout_image&quot;:{&quot;url&quot;:&quot;&quot;,&quot;id&quot;:&quot;&quot;,&quot;size&quot;:&quot;&quot;},&quot;_id&quot;:&quot;cf33a8f&quot;,&quot;jet_parallax_layout_image_tablet&quot;:{&quot;url&quot;:&quot;&quot;,&quot;id&quot;:&quot;&quot;,&quot;size&quot;:&quot;&quot;},&quot;jet_parallax_layout_image_mobile&quot;:{&quot;url&quot;:&quot;&quot;,&quot;id&quot;:&quot;&quot;,&quot;size&quot;:&quot;&quot;},&quot;jet_parallax_layout_speed&quot;:{&quot;unit&quot;:&quot;%&quot;,&quot;size&quot;:50,&quot;sizes&quot;:[]},&quot;jet_parallax_layout_type&quot;:&quot;scroll&quot;,&quot;jet_parallax_layout_direction&quot;:&quot;1&quot;,&quot;jet_parallax_layout_fx_direction&quot;:null,&quot;jet_parallax_layout_z_index&quot;:&quot;&quot;,&quot;jet_parallax_layout_bg_x&quot;:50,&quot;jet_parallax_layout_bg_x_tablet&quot;:&quot;&quot;,&quot;jet_parallax_layout_bg_x_mobile&quot;:&quot;&quot;,&quot;jet_parallax_layout_bg_y&quot;:50,&quot;jet_parallax_layout_bg_y_tablet&quot;:&quot;&quot;,&quot;jet_parallax_layout_bg_y_mobile&quot;:&quot;&quot;,&quot;jet_parallax_layout_bg_size&quot;:&quot;auto&quot;,&quot;jet_parallax_layout_bg_size_tablet&quot;:&quot;&quot;,&quot;jet_parallax_layout_bg_size_mobile&quot;:&quot;&quot;,&quot;jet_parallax_layout_animation_prop&quot;:&quot;transform&quot;,&quot;jet_parallax_layout_on&quot;:[&quot;desktop&quot;,&quot;tablet&quot;]}]}\">\n\t\t\t\t\t\t<div class=\"elementor-container elementor-column-gap-default\">\n\t\t\t\t\t<div class=\"elementor-column elementor-col-100 elementor-top-column elementor-element elementor-element-dd3c986\" data-id=\"dd3c986\" data-element_type=\"column\" data-e-type=\"column\">\n\t\t\t<div class=\"elementor-widget-wrap elementor-element-populated\">\n\t\t\t\t\t\t<div class=\"elementor-element elementor-element-873004b elementor-invisible elementor-widget elementor-widget-heading\" data-id=\"873004b\" data-element_type=\"widget\" data-e-type=\"widget\" data-settings=\"{&quot;_animation&quot;:&quot;fadeIn&quot;}\" data-widget_type=\"heading.default\">\n\t\t\t\t<div class=\"elementor-widget-container\">\n\t\t\t\t\t<h1 class=\"elementor-heading-title elementor-size-default\">S\u00e4ilytystekniikka<\/h1>\t\t\t\t<\/div>\n\t\t\t\t<\/div>\n\t\t\t\t<div class=\"elementor-element elementor-element-29e24ee elementor-invisible elementor-widget elementor-widget-heading\" data-id=\"29e24ee\" data-element_type=\"widget\" data-e-type=\"widget\" data-settings=\"{&quot;_animation&quot;:&quot;fadeInUp&quot;,&quot;_animation_delay&quot;:400}\" data-widget_type=\"heading.default\">\n\t\t\t\t<div class=\"elementor-widget-container\">\n\t\t\t\t\t<h2 class=\"elementor-heading-title elementor-size-default\">Siemennesteen j\u00e4\u00e4dytt\u00e4minen<\/h2>\t\t\t\t<\/div>\n\t\t\t\t<\/div>\n\t\t\t\t\t<\/div>\n\t\t<\/div>\n\t\t\t\t\t<\/div>\n\t\t<\/section>\n\t\t\t\t<section class=\"elementor-section elementor-top-section elementor-element elementor-element-9d78dd5 elementor-section-boxed elementor-section-height-default elementor-section-height-default\" data-id=\"9d78dd5\" data-element_type=\"section\" data-e-type=\"section\" data-settings=\"{&quot;jet_parallax_layout_list&quot;:[{&quot;jet_parallax_layout_image&quot;:{&quot;url&quot;:&quot;&quot;,&quot;id&quot;:&quot;&quot;,&quot;size&quot;:&quot;&quot;},&quot;_id&quot;:&quot;2761ba2&quot;,&quot;jet_parallax_layout_image_tablet&quot;:{&quot;url&quot;:&quot;&quot;,&quot;id&quot;:&quot;&quot;,&quot;size&quot;:&quot;&quot;},&quot;jet_parallax_layout_image_mobile&quot;:{&quot;url&quot;:&quot;&quot;,&quot;id&quot;:&quot;&quot;,&quot;size&quot;:&quot;&quot;},&quot;jet_parallax_layout_speed&quot;:{&quot;unit&quot;:&quot;%&quot;,&quot;size&quot;:50,&quot;sizes&quot;:[]},&quot;jet_parallax_layout_type&quot;:&quot;scroll&quot;,&quot;jet_parallax_layout_direction&quot;:&quot;1&quot;,&quot;jet_parallax_layout_fx_direction&quot;:null,&quot;jet_parallax_layout_z_index&quot;:&quot;&quot;,&quot;jet_parallax_layout_bg_x&quot;:50,&quot;jet_parallax_layout_bg_x_tablet&quot;:&quot;&quot;,&quot;jet_parallax_layout_bg_x_mobile&quot;:&quot;&quot;,&quot;jet_parallax_layout_bg_y&quot;:50,&quot;jet_parallax_layout_bg_y_tablet&quot;:&quot;&quot;,&quot;jet_parallax_layout_bg_y_mobile&quot;:&quot;&quot;,&quot;jet_parallax_layout_bg_size&quot;:&quot;auto&quot;,&quot;jet_parallax_layout_bg_size_tablet&quot;:&quot;&quot;,&quot;jet_parallax_layout_bg_size_mobile&quot;:&quot;&quot;,&quot;jet_parallax_layout_animation_prop&quot;:&quot;transform&quot;,&quot;jet_parallax_layout_on&quot;:[&quot;desktop&quot;,&quot;tablet&quot;]}]}\">\n\t\t\t\t\t\t<div class=\"elementor-container elementor-column-gap-default\">\n\t\t\t\t\t<div class=\"elementor-column elementor-col-33 elementor-top-column elementor-element elementor-element-6a5fa3d\" data-id=\"6a5fa3d\" data-element_type=\"column\" data-e-type=\"column\">\n\t\t\t<div class=\"elementor-widget-wrap elementor-element-populated\">\n\t\t\t\t\t\t<div class=\"elementor-element elementor-element-2f7a45b elementor-invisible elementor-widget elementor-widget-image\" data-id=\"2f7a45b\" data-element_type=\"widget\" data-e-type=\"widget\" data-settings=\"{&quot;_animation&quot;:&quot;fadeInLeft&quot;}\" data-widget_type=\"image.default\">\n\t\t\t\t<div class=\"elementor-widget-container\">\n\t\t\t\t\t\t\t\t\t\t\t\t\t\t\t<img fetchpriority=\"high\" decoding=\"async\" width=\"600\" height=\"600\" src=\"https:\/\/www.irema.org\/wp-content\/uploads\/esperma-congelado-probetas.jpeg\" class=\"attachment-large size-large wp-image-31461\" alt=\"- Irema\" srcset=\"https:\/\/www.irema.org\/wp-content\/uploads\/esperma-congelado-probetas.jpeg 600w, https:\/\/www.irema.org\/wp-content\/uploads\/esperma-congelado-probetas-300x300.jpeg 300w, https:\/\/www.irema.org\/wp-content\/uploads\/esperma-congelado-probetas-150x150.jpeg 150w, https:\/\/www.irema.org\/wp-content\/uploads\/esperma-congelado-probetas-230x230.jpeg 230w, https:\/\/www.irema.org\/wp-content\/uploads\/esperma-congelado-probetas-400x400.jpeg 400w\" sizes=\"(max-width: 600px) 100vw, 600px\" title=\"- Irema\">\t\t\t\t\t\t\t\t\t\t\t\t\t\t\t<\/div>\n\t\t\t\t<\/div>\n\t\t\t\t\t<\/div>\n\t\t<\/div>\n\t\t\t\t<div class=\"elementor-column elementor-col-66 elementor-top-column elementor-element elementor-element-7b45a47\" data-id=\"7b45a47\" data-element_type=\"column\" data-e-type=\"column\">\n\t\t\t<div class=\"elementor-widget-wrap elementor-element-populated\">\n\t\t\t\t\t\t<div class=\"elementor-element elementor-element-feec398 elementor-widget elementor-widget-text-editor\" data-id=\"feec398\" data-element_type=\"widget\" data-e-type=\"widget\" data-widget_type=\"text-editor.default\">\n\t\t\t\t<div class=\"elementor-widget-container\">\n\t\t\t\t\t\t\t\t\t<p>Siitti\u00f6it\u00e4 voidaan j\u00e4\u00e4dytt\u00e4\u00e4 tai kylm\u00e4- kondensoidaan monista eri syist\u00e4, Iremalla j\u00e4\u00e4dytet\u00e4\u00e4n s\u00e4\u00e4nn\u00f6llisesti siemenkoe ennen IVF- hoitoa. T\u00e4m\u00e4n avulla voimme ehk\u00e4ist\u00e4 ik\u00e4vi\u00e4 yll\u00e4tyksi\u00e4 ja potilaat voivat olla rauhallisia kun tiet\u00e4v\u00e4t ett\u00e4 meill\u00e4 on siitti\u00f6it\u00e4 saatavissa jos he jostain syyst\u00e4 eiv\u00e4t voi olla l\u00e4sn\u00e4 hedelm\u00f6intip\u00e4iv\u00e4ll\u00e4.<\/p><p>Siemenkoe j\u00e4\u00e4dytet\u00e4\u00e4n my\u00f6s potilaita varten joiden on k\u00e4yt\u00e4v\u00e4 radioterapia- tai kemoterapia- hoidon l\u00e4pi, ja t\u00e4m\u00e4n takia joissain tapauksissa johtaa pysyv\u00e4\u00e4n hedelm\u00e4tt\u00f6myyteen. T\u00e4ll\u00e4 tavalla mies voi varmistaa ett\u00e4 pystyy saamaan lapsia tulevaisuudessa kun on terve. Uuden tekniikan avulla siemenkoe voidaan s\u00e4ilytt\u00e4\u00e4 miten kauan tahansa ilman ett\u00e4 siitti\u00f6t vaurioituvat.<\/p><p>Siten j\u00e4\u00e4dytet\u00e4\u00e4n kokeita potilailta joille suoritetaan sterilointi. Jos kyseinen henkil\u00f6 tulevaisuudessa haluaa saada lapsia ei tarvita tehd\u00e4 vaso- vasektomia (siemenjohtimien palauttaminen), joka ei takaa hedelm\u00e4llisyyden j\u00e4lleentuottamista. Siemenkoe j\u00e4\u00e4dytet\u00e4\u00e4n pieniss\u00e4 pillereiss\u00e4 jotka antavat meille mahdollisuus tehd\u00e4 useita keinohedelm\u00f6inti hoitoja.<\/p><div class=\"pp-multiple-authors-wrapper multiple-authors-target-the-content pp-multiple-authors-layout-centered\">\u00a0<\/div>\t\t\t\t\t\t\t\t<\/div>\n\t\t\t\t<\/div>\n\t\t\t\t\t<\/div>\n\t\t<\/div>\n\t\t\t\t\t<\/div>\n\t\t<\/section>\n\t\t\t\t<section class=\"elementor-section elementor-top-section elementor-element elementor-element-4e55ee5 elementor-section-boxed elementor-section-height-default elementor-section-height-default\" data-id=\"4e55ee5\" data-element_type=\"section\" data-e-type=\"section\" data-settings=\"{&quot;jet_parallax_layout_list&quot;:[{&quot;jet_parallax_layout_image&quot;:{&quot;url&quot;:&quot;&quot;,&quot;id&quot;:&quot;&quot;,&quot;size&quot;:&quot;&quot;},&quot;_id&quot;:&quot;b1dc739&quot;,&quot;jet_parallax_layout_image_tablet&quot;:{&quot;url&quot;:&quot;&quot;,&quot;id&quot;:&quot;&quot;,&quot;size&quot;:&quot;&quot;},&quot;jet_parallax_layout_image_mobile&quot;:{&quot;url&quot;:&quot;&quot;,&quot;id&quot;:&quot;&quot;,&quot;size&quot;:&quot;&quot;},&quot;jet_parallax_layout_speed&quot;:{&quot;unit&quot;:&quot;%&quot;,&quot;size&quot;:50,&quot;sizes&quot;:[]},&quot;jet_parallax_layout_type&quot;:&quot;scroll&quot;,&quot;jet_parallax_layout_direction&quot;:&quot;1&quot;,&quot;jet_parallax_layout_fx_direction&quot;:null,&quot;jet_parallax_layout_z_index&quot;:&quot;&quot;,&quot;jet_parallax_layout_bg_x&quot;:50,&quot;jet_parallax_layout_bg_x_tablet&quot;:&quot;&quot;,&quot;jet_parallax_layout_bg_x_mobile&quot;:&quot;&quot;,&quot;jet_parallax_layout_bg_y&quot;:50,&quot;jet_parallax_layout_bg_y_tablet&quot;:&quot;&quot;,&quot;jet_parallax_layout_bg_y_mobile&quot;:&quot;&quot;,&quot;jet_parallax_layout_bg_size&quot;:&quot;auto&quot;,&quot;jet_parallax_layout_bg_size_tablet&quot;:&quot;&quot;,&quot;jet_parallax_layout_bg_size_mobile&quot;:&quot;&quot;,&quot;jet_parallax_layout_animation_prop&quot;:&quot;transform&quot;,&quot;jet_parallax_layout_on&quot;:[&quot;desktop&quot;,&quot;tablet&quot;]}]}\">\n\t\t\t\t\t\t<div class=\"elementor-container elementor-column-gap-default\">\n\t\t\t\t\t<div class=\"elementor-column elementor-col-100 elementor-top-column elementor-element elementor-element-2bc3fa7\" data-id=\"2bc3fa7\" data-element_type=\"column\" data-e-type=\"column\">\n\t\t\t<div class=\"elementor-widget-wrap elementor-element-populated\">\n\t\t\t\t\t\t<div class=\"elementor-element elementor-element-739b4a2 elementor-widget elementor-widget-html\" data-id=\"739b4a2\" data-element_type=\"widget\" data-e-type=\"widget\" data-widget_type=\"html.default\">\n\t\t\t\t<div class=\"elementor-widget-container\">\n\t\t\t\t\t\t\t\t\t<\/div>\n\t\t\t\t<\/div>\n\t\t\t\t\t<\/div>\n\t\t<\/div>\n\t\t\t\t\t<\/div>\n\t\t<\/section>\n\t\t\t\t<\/div>\n\t\t","protected":false},"excerpt":{"rendered":"<p>S\u00e4ilytystekniikka Siemennesteen j\u00e4\u00e4dytt\u00e4minen Siitti\u00f6it\u00e4 voidaan j\u00e4\u00e4dytt\u00e4\u00e4 tai kylm\u00e4- kondensoidaan monista eri syist\u00e4, Iremalla j\u00e4\u00e4dytet\u00e4\u00e4n s\u00e4\u00e4nn\u00f6llisesti siemenkoe ennen IVF- hoitoa. T\u00e4m\u00e4n avulla voimme ehk\u00e4ist\u00e4 ik\u00e4vi\u00e4 yll\u00e4tyksi\u00e4 ja potilaat voivat olla rauhallisia kun tiet\u00e4v\u00e4t ett\u00e4 meill\u00e4 on siitti\u00f6it\u00e4 saatavissa jos he jostain syyst\u00e4 eiv\u00e4t voi olla l\u00e4sn\u00e4 hedelm\u00f6intip\u00e4iv\u00e4ll\u00e4. Siemenkoe j\u00e4\u00e4dytet\u00e4\u00e4n my\u00f6s potilaita varten joiden on k\u00e4yt\u00e4v\u00e4 radioterapia- [&hellip;]<\/p>\n","protected":false},"author":3,"featured_media":31461,"parent":0,"menu_order":0,"comment_status":"closed","ping_status":"closed","template":"elementor_header_footer","meta":{"footnotes":""},"class_list":["post-31460","page","type-page","status-publish","has-post-thumbnail","hentry"],"_links":{"self":[{"href":"https:\/\/www.irema.org\/fi\/wp-json\/wp\/v2\/pages\/31460","targetHints":{"allow":["GET"]}}],"collection":[{"href":"https:\/\/www.irema.org\/fi\/wp-json\/wp\/v2\/pages"}],"about":[{"href":"https:\/\/www.irema.org\/fi\/wp-json\/wp\/v2\/types\/page"}],"author":[{"embeddable":true,"href":"https:\/\/www.irema.org\/fi\/wp-json\/wp\/v2\/users\/3"}],"replies":[{"embeddable":true,"href":"https:\/\/www.irema.org\/fi\/wp-json\/wp\/v2\/comments?post=31460"}],"version-history":[{"count":0,"href":"https:\/\/www.irema.org\/fi\/wp-json\/wp\/v2\/pages\/31460\/revisions"}],"wp:featuredmedia":[{"embeddable":true,"href":"https:\/\/www.irema.org\/fi\/wp-json\/wp\/v2\/media\/31461"}],"wp:attachment":[{"href":"https:\/\/www.irema.org\/fi\/wp-json\/wp\/v2\/media?parent=31460"}],"curies":[{"name":"wp","href":"https:\/\/api.w.org\/{rel}","templated":true}]}}