{"id":31594,"date":"2021-12-02T13:16:08","date_gmt":"2021-12-02T12:16:08","guid":{"rendered":"https:\/\/irema.servidorbilnea.com\/?page_id=31594"},"modified":"2022-03-29T11:32:14","modified_gmt":"2022-03-29T09:32:14","slug":"oosyyttien-vitrifikaatio","status":"publish","type":"page","link":"https:\/\/www.irema.org\/fi\/oosyyttien-vitrifikaatio\/","title":{"rendered":"Oosyyttien vitrifikaatio"},"content":{"rendered":"\t\t<div data-elementor-type=\"wp-page\" data-elementor-id=\"31594\" class=\"elementor elementor-31594 elementor-178\" data-elementor-post-type=\"page\">\n\t\t\t\t\t\t<section class=\"elementor-section elementor-top-section elementor-element elementor-element-3bb0590 elementor-section-boxed elementor-section-height-default elementor-section-height-default\" data-id=\"3bb0590\" data-element_type=\"section\" data-e-type=\"section\" data-settings=\"{&quot;jet_parallax_layout_list&quot;:[{&quot;jet_parallax_layout_image&quot;:{&quot;url&quot;:&quot;&quot;,&quot;id&quot;:&quot;&quot;,&quot;size&quot;:&quot;&quot;},&quot;_id&quot;:&quot;cf33a8f&quot;,&quot;jet_parallax_layout_image_tablet&quot;:{&quot;url&quot;:&quot;&quot;,&quot;id&quot;:&quot;&quot;,&quot;size&quot;:&quot;&quot;},&quot;jet_parallax_layout_image_mobile&quot;:{&quot;url&quot;:&quot;&quot;,&quot;id&quot;:&quot;&quot;,&quot;size&quot;:&quot;&quot;},&quot;jet_parallax_layout_speed&quot;:{&quot;unit&quot;:&quot;%&quot;,&quot;size&quot;:50,&quot;sizes&quot;:[]},&quot;jet_parallax_layout_type&quot;:&quot;scroll&quot;,&quot;jet_parallax_layout_direction&quot;:&quot;1&quot;,&quot;jet_parallax_layout_fx_direction&quot;:null,&quot;jet_parallax_layout_z_index&quot;:&quot;&quot;,&quot;jet_parallax_layout_bg_x&quot;:50,&quot;jet_parallax_layout_bg_x_tablet&quot;:&quot;&quot;,&quot;jet_parallax_layout_bg_x_mobile&quot;:&quot;&quot;,&quot;jet_parallax_layout_bg_y&quot;:50,&quot;jet_parallax_layout_bg_y_tablet&quot;:&quot;&quot;,&quot;jet_parallax_layout_bg_y_mobile&quot;:&quot;&quot;,&quot;jet_parallax_layout_bg_size&quot;:&quot;auto&quot;,&quot;jet_parallax_layout_bg_size_tablet&quot;:&quot;&quot;,&quot;jet_parallax_layout_bg_size_mobile&quot;:&quot;&quot;,&quot;jet_parallax_layout_animation_prop&quot;:&quot;transform&quot;,&quot;jet_parallax_layout_on&quot;:[&quot;desktop&quot;,&quot;tablet&quot;]}]}\">\n\t\t\t\t\t\t<div class=\"elementor-container elementor-column-gap-default\">\n\t\t\t\t\t<div class=\"elementor-column elementor-col-100 elementor-top-column elementor-element elementor-element-66419e0\" data-id=\"66419e0\" data-element_type=\"column\" data-e-type=\"column\">\n\t\t\t<div class=\"elementor-widget-wrap elementor-element-populated\">\n\t\t\t\t\t\t<div class=\"elementor-element elementor-element-deecb70 elementor-invisible elementor-widget elementor-widget-heading\" data-id=\"deecb70\" data-element_type=\"widget\" data-e-type=\"widget\" data-settings=\"{&quot;_animation&quot;:&quot;fadeIn&quot;}\" data-widget_type=\"heading.default\">\n\t\t\t\t<div class=\"elementor-widget-container\">\n\t\t\t\t\t<h1 class=\"elementor-heading-title elementor-size-default\">S\u00e4ilytystekniikka<\/h1>\t\t\t\t<\/div>\n\t\t\t\t<\/div>\n\t\t\t\t<div class=\"elementor-element elementor-element-2bb2572 elementor-invisible elementor-widget elementor-widget-heading\" data-id=\"2bb2572\" data-element_type=\"widget\" data-e-type=\"widget\" data-settings=\"{&quot;_animation&quot;:&quot;fadeInUp&quot;,&quot;_animation_delay&quot;:400}\" data-widget_type=\"heading.default\">\n\t\t\t\t<div class=\"elementor-widget-container\">\n\t\t\t\t\t<h2 class=\"elementor-heading-title elementor-size-default\">Oosyyttien vitrifikaatio<\/h2>\t\t\t\t<\/div>\n\t\t\t\t<\/div>\n\t\t\t\t\t<\/div>\n\t\t<\/div>\n\t\t\t\t\t<\/div>\n\t\t<\/section>\n\t\t\t\t<section class=\"elementor-section elementor-top-section elementor-element elementor-element-f836329 elementor-section-boxed elementor-section-height-default elementor-section-height-default\" data-id=\"f836329\" data-element_type=\"section\" data-e-type=\"section\" data-settings=\"{&quot;jet_parallax_layout_list&quot;:[{&quot;jet_parallax_layout_image&quot;:{&quot;url&quot;:&quot;&quot;,&quot;id&quot;:&quot;&quot;,&quot;size&quot;:&quot;&quot;},&quot;_id&quot;:&quot;2761ba2&quot;,&quot;jet_parallax_layout_image_tablet&quot;:{&quot;url&quot;:&quot;&quot;,&quot;id&quot;:&quot;&quot;,&quot;size&quot;:&quot;&quot;},&quot;jet_parallax_layout_image_mobile&quot;:{&quot;url&quot;:&quot;&quot;,&quot;id&quot;:&quot;&quot;,&quot;size&quot;:&quot;&quot;},&quot;jet_parallax_layout_speed&quot;:{&quot;unit&quot;:&quot;%&quot;,&quot;size&quot;:50,&quot;sizes&quot;:[]},&quot;jet_parallax_layout_type&quot;:&quot;scroll&quot;,&quot;jet_parallax_layout_direction&quot;:&quot;1&quot;,&quot;jet_parallax_layout_fx_direction&quot;:null,&quot;jet_parallax_layout_z_index&quot;:&quot;&quot;,&quot;jet_parallax_layout_bg_x&quot;:50,&quot;jet_parallax_layout_bg_x_tablet&quot;:&quot;&quot;,&quot;jet_parallax_layout_bg_x_mobile&quot;:&quot;&quot;,&quot;jet_parallax_layout_bg_y&quot;:50,&quot;jet_parallax_layout_bg_y_tablet&quot;:&quot;&quot;,&quot;jet_parallax_layout_bg_y_mobile&quot;:&quot;&quot;,&quot;jet_parallax_layout_bg_size&quot;:&quot;auto&quot;,&quot;jet_parallax_layout_bg_size_tablet&quot;:&quot;&quot;,&quot;jet_parallax_layout_bg_size_mobile&quot;:&quot;&quot;,&quot;jet_parallax_layout_animation_prop&quot;:&quot;transform&quot;,&quot;jet_parallax_layout_on&quot;:[&quot;desktop&quot;,&quot;tablet&quot;]}]}\">\n\t\t\t\t\t\t<div class=\"elementor-container elementor-column-gap-default\">\n\t\t\t\t\t<div class=\"elementor-column elementor-col-33 elementor-top-column elementor-element elementor-element-648b0bb\" data-id=\"648b0bb\" data-element_type=\"column\" data-e-type=\"column\">\n\t\t\t<div class=\"elementor-widget-wrap elementor-element-populated\">\n\t\t\t\t\t\t<div class=\"elementor-element elementor-element-b80b744 elementor-invisible elementor-widget elementor-widget-image\" data-id=\"b80b744\" data-element_type=\"widget\" data-e-type=\"widget\" data-settings=\"{&quot;_animation&quot;:&quot;fadeInLeft&quot;}\" data-widget_type=\"image.default\">\n\t\t\t\t<div class=\"elementor-widget-container\">\n\t\t\t\t\t\t\t\t\t\t\t\t\t\t\t<img fetchpriority=\"high\" decoding=\"async\" width=\"1024\" height=\"680\" src=\"https:\/\/www.irema.org\/wp-content\/uploads\/pregnancy-775041_1920-1024x680-1.jpeg\" class=\"attachment-large size-large wp-image-32666\" alt=\"- Irema\" srcset=\"https:\/\/www.irema.org\/wp-content\/uploads\/pregnancy-775041_1920-1024x680-1.jpeg 1024w, https:\/\/www.irema.org\/wp-content\/uploads\/pregnancy-775041_1920-1024x680-1-300x199.jpeg 300w, https:\/\/www.irema.org\/wp-content\/uploads\/pregnancy-775041_1920-1024x680-1-768x510.jpeg 768w, https:\/\/www.irema.org\/wp-content\/uploads\/pregnancy-775041_1920-1024x680-1-600x398.jpeg 600w\" sizes=\"(max-width: 1024px) 100vw, 1024px\" title=\"- Irema\">\t\t\t\t\t\t\t\t\t\t\t\t\t\t\t<\/div>\n\t\t\t\t<\/div>\n\t\t\t\t\t<\/div>\n\t\t<\/div>\n\t\t\t\t<div class=\"elementor-column elementor-col-66 elementor-top-column elementor-element elementor-element-2e692fe\" data-id=\"2e692fe\" data-element_type=\"column\" data-e-type=\"column\">\n\t\t\t<div class=\"elementor-widget-wrap elementor-element-populated\">\n\t\t\t\t\t\t<div class=\"elementor-element elementor-element-4ac4edb elementor-widget elementor-widget-heading\" data-id=\"4ac4edb\" data-element_type=\"widget\" data-e-type=\"widget\" data-widget_type=\"heading.default\">\n\t\t\t\t<div class=\"elementor-widget-container\">\n\t\t\t\t\t<h3 class=\"elementor-heading-title elementor-size-default\">Mit\u00e4 on munasolujen vitrifikaatio?<\/h3>\t\t\t\t<\/div>\n\t\t\t\t<\/div>\n\t\t\t\t<div class=\"elementor-element elementor-element-06efa8c elementor-widget elementor-widget-text-editor\" data-id=\"06efa8c\" data-element_type=\"widget\" data-e-type=\"widget\" data-widget_type=\"text-editor.default\">\n\t\t\t\t<div class=\"elementor-widget-container\">\n\t\t\t\t\t\t\t\t\t<p>Yksi t\u00e4rkeimmist\u00e4 saavutuksista keinohedelm\u00f6intitieteess\u00e4 viime vuosina on ollut (vitrifikaatio) lasitustekniikka joka koostuu tosi nopeasta j\u00e4\u00e4hdytt\u00e4misest\u00e4. T\u00e4m\u00e4 tekniikka est\u00e4\u00e4 j\u00e4\u00e4kiteiden muodostuminen jotka tavanomaisessa j\u00e4\u00e4htymisess\u00e4 vahingoittavat munasolua.<\/p><p>\u00a0<\/p>\t\t\t\t\t\t\t\t<\/div>\n\t\t\t\t<\/div>\n\t\t\t\t\t<\/div>\n\t\t<\/div>\n\t\t\t\t\t<\/div>\n\t\t<\/section>\n\t\t\t\t<section class=\"elementor-section elementor-top-section elementor-element elementor-element-696943b elementor-section-boxed elementor-section-height-default elementor-section-height-default\" data-id=\"696943b\" data-element_type=\"section\" data-e-type=\"section\" data-settings=\"{&quot;jet_parallax_layout_list&quot;:[{&quot;jet_parallax_layout_image&quot;:{&quot;url&quot;:&quot;&quot;,&quot;id&quot;:&quot;&quot;,&quot;size&quot;:&quot;&quot;},&quot;_id&quot;:&quot;2761ba2&quot;,&quot;jet_parallax_layout_image_tablet&quot;:{&quot;url&quot;:&quot;&quot;,&quot;id&quot;:&quot;&quot;,&quot;size&quot;:&quot;&quot;},&quot;jet_parallax_layout_image_mobile&quot;:{&quot;url&quot;:&quot;&quot;,&quot;id&quot;:&quot;&quot;,&quot;size&quot;:&quot;&quot;},&quot;jet_parallax_layout_speed&quot;:{&quot;unit&quot;:&quot;%&quot;,&quot;size&quot;:50,&quot;sizes&quot;:[]},&quot;jet_parallax_layout_type&quot;:&quot;scroll&quot;,&quot;jet_parallax_layout_direction&quot;:&quot;1&quot;,&quot;jet_parallax_layout_fx_direction&quot;:null,&quot;jet_parallax_layout_z_index&quot;:&quot;&quot;,&quot;jet_parallax_layout_bg_x&quot;:50,&quot;jet_parallax_layout_bg_x_tablet&quot;:&quot;&quot;,&quot;jet_parallax_layout_bg_x_mobile&quot;:&quot;&quot;,&quot;jet_parallax_layout_bg_y&quot;:50,&quot;jet_parallax_layout_bg_y_tablet&quot;:&quot;&quot;,&quot;jet_parallax_layout_bg_y_mobile&quot;:&quot;&quot;,&quot;jet_parallax_layout_bg_size&quot;:&quot;auto&quot;,&quot;jet_parallax_layout_bg_size_tablet&quot;:&quot;&quot;,&quot;jet_parallax_layout_bg_size_mobile&quot;:&quot;&quot;,&quot;jet_parallax_layout_animation_prop&quot;:&quot;transform&quot;,&quot;jet_parallax_layout_on&quot;:[&quot;desktop&quot;,&quot;tablet&quot;]}]}\">\n\t\t\t\t\t\t<div class=\"elementor-container elementor-column-gap-default\">\n\t\t\t\t\t<div class=\"elementor-column elementor-col-100 elementor-top-column elementor-element elementor-element-9ef0688\" data-id=\"9ef0688\" data-element_type=\"column\" data-e-type=\"column\">\n\t\t\t<div class=\"elementor-widget-wrap elementor-element-populated\">\n\t\t\t\t\t\t<div class=\"elementor-element elementor-element-adb45cb elementor-widget elementor-widget-text-editor\" data-id=\"adb45cb\" data-element_type=\"widget\" data-e-type=\"widget\" data-widget_type=\"text-editor.default\">\n\t\t\t\t<div class=\"elementor-widget-container\">\n\t\t\t\t\t\t\t\t\t<p>Lasitustekniikkaa on k\u00e4ytetty Espanjassa vuodesta 2007 l\u00e4htien ja Iremassa vuosi 2009 j\u00e4lkeen. Olemme pystyneet kohentamaan n\u00e4ht\u00e4v\u00e4sti eloonj\u00e4\u00e4ntiprosenttia (97%), hedelm\u00f6intiprosentti (81%), tosi hyv\u00e4laatuiset alkiot (64%) ja raskauksien saavuttaminen (46%) j\u00e4\u00e4detyill\u00e4 munasoluilla. Olemme p\u00e4\u00e4sseet l\u00e4helle tuoreilla munasoluilla tehtyjen hoitojen arvoja.<\/p>\t\t\t\t\t\t\t\t<\/div>\n\t\t\t\t<\/div>\n\t\t\t\t<div class=\"elementor-element elementor-element-678928a elementor-widget elementor-widget-heading\" data-id=\"678928a\" data-element_type=\"widget\" data-e-type=\"widget\" data-widget_type=\"heading.default\">\n\t\t\t\t<div class=\"elementor-widget-container\">\n\t\t\t\t\t<h3 class=\"elementor-heading-title elementor-size-default\">Miss\u00e4 tapauksissa suositetaan munasolujen lasittaminen?\n<\/h3>\t\t\t\t<\/div>\n\t\t\t\t<\/div>\n\t\t\t\t<div class=\"elementor-element elementor-element-27aefbd elementor-widget elementor-widget-text-editor\" data-id=\"27aefbd\" data-element_type=\"widget\" data-e-type=\"widget\" data-widget_type=\"text-editor.default\">\n\t\t\t\t<div class=\"elementor-widget-container\">\n\t\t\t\t\t\t\t\t\t<ul><li>Naiset, ketk\u00e4 jostain syyst\u00e4 haluavat viivytt\u00e4\u00e4 raskausta, ty\u00f6n tai henkil\u00f6kotaisten syiden takia. Nainen on mit\u00e4 hedelm\u00e4llisin 20-30 vuotiaana ja t\u00e4m\u00e4 on ajanjakso jolloin naisella on my\u00f6s henkil\u00f6kohtainen ja ammatillinen kehittyminen korkeimmillaan. 35 vuoden j\u00e4lkeen hedelm\u00e4llisyys v\u00e4henee nopeasti ja 40 vuotiaana viel\u00e4 nopeammin ja monissa tapauksissa on liian my\u00f6h\u00e4ist\u00e4 saavuttaa raskausta omilla munasoluilla.<\/li><li>Sy\u00f6p\u00e4potilaille est\u00e4\u00e4kseen hedelm\u00e4tt\u00f6myys radio- ja kemoterapian seurauksena. Edistyksi\u00e4 onkologisissa hoidoissa on tuonut mukanaan huomattavasti suuremman selviytymisprosentin ja t\u00e4ten on nyky\u00e4\u00e4n t\u00e4rke\u00e4 ottaa huomioon el\u00e4m\u00e4nlaatu, my\u00f6s sairauden voittamisen j\u00e4lkeen. Hedelm\u00e4llisess\u00e4 i\u00e4ss\u00e4 olevien naisten kohdalla sek\u00e4 kemo- ett\u00e4 radio- terapia aiheuttaa useissa tapauksissa pysyv\u00e4n hedelm\u00e4tt\u00f6myyden. On t\u00e4rke\u00e4\u00e4 kysy\u00e4 onkologilta olisiko aiheenmukaista j\u00e4\u00e4dytt\u00e4\u00e4 munasoluja ennen hoitoa, yll\u00e4pit\u00e4\u00e4kseen mahdollisuutta saada lapsia.<\/li><li>Potilaita, joilla on vaara k\u00e4rsi\u00e4 ennenaikaisesta munasarjojen vajaatoiminnasta.<ol><li>Endometrioosi<\/li><li>Autoimmuunisairauksia<\/li><li>Kollageeni- sairauksia<\/li><li>Liian aikaiset vaihdevuodet perheess\u00e4<\/li><\/ol><\/li><\/ul><p>Kaikille naisille, jotka k\u00e4rsiv\u00e4t ylimainituista sairauksista tai vajaatoiminnoista munasolujen lasittuminen tarkoittaa realistista mahdollisuutta tulla raskaiksi.<br \/>Saat kaiken tiedon mit\u00e4 voit tarvitset ottamalla yhteytt\u00e4 IREMA:an.<\/p>\t\t\t\t\t\t\t\t<\/div>\n\t\t\t\t<\/div>\n\t\t\t\t\t<\/div>\n\t\t<\/div>\n\t\t\t\t\t<\/div>\n\t\t<\/section>\n\t\t\t\t<section class=\"elementor-section elementor-top-section elementor-element elementor-element-dce7729 elementor-section-stretched elementor-section-boxed elementor-section-height-default elementor-section-height-default\" data-id=\"dce7729\" data-element_type=\"section\" data-e-type=\"section\" data-settings=\"{&quot;stretch_section&quot;:&quot;section-stretched&quot;,&quot;jet_parallax_layout_list&quot;:[{&quot;jet_parallax_layout_image&quot;:{&quot;url&quot;:&quot;&quot;,&quot;id&quot;:&quot;&quot;,&quot;size&quot;:&quot;&quot;},&quot;_id&quot;:&quot;0746e81&quot;,&quot;jet_parallax_layout_image_tablet&quot;:{&quot;url&quot;:&quot;&quot;,&quot;id&quot;:&quot;&quot;,&quot;size&quot;:&quot;&quot;},&quot;jet_parallax_layout_image_mobile&quot;:{&quot;url&quot;:&quot;&quot;,&quot;id&quot;:&quot;&quot;,&quot;size&quot;:&quot;&quot;},&quot;jet_parallax_layout_speed&quot;:{&quot;unit&quot;:&quot;%&quot;,&quot;size&quot;:50,&quot;sizes&quot;:[]},&quot;jet_parallax_layout_type&quot;:&quot;scroll&quot;,&quot;jet_parallax_layout_direction&quot;:&quot;1&quot;,&quot;jet_parallax_layout_fx_direction&quot;:null,&quot;jet_parallax_layout_z_index&quot;:&quot;&quot;,&quot;jet_parallax_layout_bg_x&quot;:50,&quot;jet_parallax_layout_bg_x_tablet&quot;:&quot;&quot;,&quot;jet_parallax_layout_bg_x_mobile&quot;:&quot;&quot;,&quot;jet_parallax_layout_bg_y&quot;:50,&quot;jet_parallax_layout_bg_y_tablet&quot;:&quot;&quot;,&quot;jet_parallax_layout_bg_y_mobile&quot;:&quot;&quot;,&quot;jet_parallax_layout_bg_size&quot;:&quot;auto&quot;,&quot;jet_parallax_layout_bg_size_tablet&quot;:&quot;&quot;,&quot;jet_parallax_layout_bg_size_mobile&quot;:&quot;&quot;,&quot;jet_parallax_layout_animation_prop&quot;:&quot;transform&quot;,&quot;jet_parallax_layout_on&quot;:[&quot;desktop&quot;,&quot;tablet&quot;]}],&quot;background_background&quot;:&quot;classic&quot;}\">\n\t\t\t\t\t\t<div class=\"elementor-container elementor-column-gap-default\">\n\t\t\t\t\t<div class=\"elementor-column elementor-col-100 elementor-top-column elementor-element elementor-element-4aca064\" data-id=\"4aca064\" data-element_type=\"column\" data-e-type=\"column\">\n\t\t\t<div class=\"elementor-widget-wrap elementor-element-populated\">\n\t\t\t\t\t\t<div class=\"elementor-element elementor-element-d10b088 elementor-widget elementor-widget-heading\" data-id=\"d10b088\" data-element_type=\"widget\" data-e-type=\"widget\" data-widget_type=\"heading.default\">\n\t\t\t\t<div class=\"elementor-widget-container\">\n\t\t\t\t\t<h3 class=\"elementor-heading-title elementor-size-default\">Mit\u00e4 potilaan pit\u00e4\u00e4 tehd\u00e4 ett\u00e4 voisi k\u00e4yt\u00e4\u00e4 t\u00e4t\u00e4 hoitoa?\n\n<\/h3>\t\t\t\t<\/div>\n\t\t\t\t<\/div>\n\t\t\t\t<div class=\"elementor-element elementor-element-51b10b9 elementor-widget elementor-widget-text-editor\" data-id=\"51b10b9\" data-element_type=\"widget\" data-e-type=\"widget\" data-widget_type=\"text-editor.default\">\n\t\t\t\t<div class=\"elementor-widget-container\">\n\t\t\t\t\t\t\t\t\t<p>Aloitamme infotilaisuudella jossa l\u00e4pik\u00e4ymme kaikki n\u00e4k\u00f6kohdat ja suoritamme tutkimuksen. Hoidon lopputulos riippuu potilaan munasarjojen tilanteesta ja i\u00e4st\u00e4.<\/p><p>Hoito koostuu IVF- hoidon alkuvaiheista (siis stimulaatio ja poiminta) jonka j\u00e4lkeen munasolut lasitetaan ja s\u00e4ilytet\u00e4\u00e4n siihen asti kun nainen niit\u00e4 tarvitsee.<\/p><div class=\"pp-multiple-authors-wrapper multiple-authors-target-the-content pp-multiple-authors-layout-centered\">\u00a0<\/div>\t\t\t\t\t\t\t\t<\/div>\n\t\t\t\t<\/div>\n\t\t\t\t\t<\/div>\n\t\t<\/div>\n\t\t\t\t\t<\/div>\n\t\t<\/section>\n\t\t\t\t<section class=\"elementor-section elementor-top-section elementor-element elementor-element-ffd068a elementor-section-boxed elementor-section-height-default elementor-section-height-default\" data-id=\"ffd068a\" data-element_type=\"section\" data-e-type=\"section\" data-settings=\"{&quot;jet_parallax_layout_list&quot;:[{&quot;jet_parallax_layout_image&quot;:{&quot;url&quot;:&quot;&quot;,&quot;id&quot;:&quot;&quot;,&quot;size&quot;:&quot;&quot;},&quot;_id&quot;:&quot;b1dc739&quot;,&quot;jet_parallax_layout_image_tablet&quot;:{&quot;url&quot;:&quot;&quot;,&quot;id&quot;:&quot;&quot;,&quot;size&quot;:&quot;&quot;},&quot;jet_parallax_layout_image_mobile&quot;:{&quot;url&quot;:&quot;&quot;,&quot;id&quot;:&quot;&quot;,&quot;size&quot;:&quot;&quot;},&quot;jet_parallax_layout_speed&quot;:{&quot;unit&quot;:&quot;%&quot;,&quot;size&quot;:50,&quot;sizes&quot;:[]},&quot;jet_parallax_layout_type&quot;:&quot;scroll&quot;,&quot;jet_parallax_layout_direction&quot;:&quot;1&quot;,&quot;jet_parallax_layout_fx_direction&quot;:null,&quot;jet_parallax_layout_z_index&quot;:&quot;&quot;,&quot;jet_parallax_layout_bg_x&quot;:50,&quot;jet_parallax_layout_bg_x_tablet&quot;:&quot;&quot;,&quot;jet_parallax_layout_bg_x_mobile&quot;:&quot;&quot;,&quot;jet_parallax_layout_bg_y&quot;:50,&quot;jet_parallax_layout_bg_y_tablet&quot;:&quot;&quot;,&quot;jet_parallax_layout_bg_y_mobile&quot;:&quot;&quot;,&quot;jet_parallax_layout_bg_size&quot;:&quot;auto&quot;,&quot;jet_parallax_layout_bg_size_tablet&quot;:&quot;&quot;,&quot;jet_parallax_layout_bg_size_mobile&quot;:&quot;&quot;,&quot;jet_parallax_layout_animation_prop&quot;:&quot;transform&quot;,&quot;jet_parallax_layout_on&quot;:[&quot;desktop&quot;,&quot;tablet&quot;]}]}\">\n\t\t\t\t\t\t<div class=\"elementor-container elementor-column-gap-default\">\n\t\t\t\t\t<div class=\"elementor-column elementor-col-100 elementor-top-column elementor-element elementor-element-042f545\" data-id=\"042f545\" data-element_type=\"column\" data-e-type=\"column\">\n\t\t\t<div class=\"elementor-widget-wrap elementor-element-populated\">\n\t\t\t\t\t\t<div class=\"elementor-element elementor-element-4049677 elementor-widget elementor-widget-html\" data-id=\"4049677\" data-element_type=\"widget\" data-e-type=\"widget\" data-widget_type=\"html.default\">\n\t\t\t\t<div class=\"elementor-widget-container\">\n\t\t\t\t\t\t\t\t\t<\/div>\n\t\t\t\t<\/div>\n\t\t\t\t\t<\/div>\n\t\t<\/div>\n\t\t\t\t\t<\/div>\n\t\t<\/section>\n\t\t\t\t<\/div>\n\t\t","protected":false},"excerpt":{"rendered":"<p>S\u00e4ilytystekniikka Oosyyttien vitrifikaatio Mit\u00e4 on munasolujen vitrifikaatio? Yksi t\u00e4rkeimmist\u00e4 saavutuksista keinohedelm\u00f6intitieteess\u00e4 viime vuosina on ollut (vitrifikaatio) lasitustekniikka joka koostuu tosi nopeasta j\u00e4\u00e4hdytt\u00e4misest\u00e4. T\u00e4m\u00e4 tekniikka est\u00e4\u00e4 j\u00e4\u00e4kiteiden muodostuminen jotka tavanomaisessa j\u00e4\u00e4htymisess\u00e4 vahingoittavat munasolua. \u00a0 Lasitustekniikkaa on k\u00e4ytetty Espanjassa vuodesta 2007 l\u00e4htien ja Iremassa vuosi 2009 j\u00e4lkeen. Olemme pystyneet kohentamaan n\u00e4ht\u00e4v\u00e4sti eloonj\u00e4\u00e4ntiprosenttia (97%), hedelm\u00f6intiprosentti (81%), tosi hyv\u00e4laatuiset [&hellip;]<\/p>\n","protected":false},"author":3,"featured_media":31595,"parent":0,"menu_order":0,"comment_status":"closed","ping_status":"closed","template":"elementor_header_footer","meta":{"footnotes":""},"class_list":["post-31594","page","type-page","status-publish","has-post-thumbnail","hentry"],"_links":{"self":[{"href":"https:\/\/www.irema.org\/fi\/wp-json\/wp\/v2\/pages\/31594","targetHints":{"allow":["GET"]}}],"collection":[{"href":"https:\/\/www.irema.org\/fi\/wp-json\/wp\/v2\/pages"}],"about":[{"href":"https:\/\/www.irema.org\/fi\/wp-json\/wp\/v2\/types\/page"}],"author":[{"embeddable":true,"href":"https:\/\/www.irema.org\/fi\/wp-json\/wp\/v2\/users\/3"}],"replies":[{"embeddable":true,"href":"https:\/\/www.irema.org\/fi\/wp-json\/wp\/v2\/comments?post=31594"}],"version-history":[{"count":0,"href":"https:\/\/www.irema.org\/fi\/wp-json\/wp\/v2\/pages\/31594\/revisions"}],"wp:featuredmedia":[{"embeddable":true,"href":"https:\/\/www.irema.org\/fi\/wp-json\/wp\/v2\/media\/31595"}],"wp:attachment":[{"href":"https:\/\/www.irema.org\/fi\/wp-json\/wp\/v2\/media?parent=31594"}],"curies":[{"name":"wp","href":"https:\/\/api.w.org\/{rel}","templated":true}]}}