{"id":32153,"date":"2021-11-22T15:57:19","date_gmt":"2021-11-22T14:57:19","guid":{"rendered":"https:\/\/irema.servidorbilnea.com\/?page_id=32153"},"modified":"2026-01-30T11:37:10","modified_gmt":"2026-01-30T10:37:10","slug":"tietosuojakaytanto","status":"publish","type":"page","link":"https:\/\/www.irema.org\/fi\/tietosuojakaytanto\/","title":{"rendered":"Tietosuojak\u00e4yt\u00e4nt\u00f6"},"content":{"rendered":"<h1 style=\"text-align: center;\">TIETOSUOJAK\u00c4YT\u00c4NT\u00d6<\/h1>\n<p>T\u00e4m\u00e4 tietosuojak\u00e4yt\u00e4nt\u00f6 on Euroopan parlamentin ja neuvoston 27. huhtikuuta 2016 antaman asetuksen (EU) 2016\/679 luonnollisten henkil\u00f6iden suojelusta henkil\u00f6tietojen k\u00e4sittelyss\u00e4 ja n\u00e4iden tietojen vapaasta liikkuvuudesta (yleinen tietosuoja-asetus, GDPR), 5. joulukuuta annetun orgaanisen lain 3\/2018 henkil\u00f6tietojen suojasta ja digitaalisten oikeuksien takaamisesta (LOPDGDD) sek\u00e4, silt\u00e4 osin kuin se ei ole ristiriidassa mainitun s\u00e4\u00e4nn\u00f6st\u00f6n kanssa, henkil\u00f6tietojen suojaa koskevan orgaanisen lain 15\/1999 (LOPD) ja sen t\u00e4yt\u00e4nt\u00f6\u00f6npanos\u00e4\u00e4nn\u00f6sten ja\/tai muiden niit\u00e4 tulevaisuudessa korvaavien tai p\u00e4ivitt\u00e4vien s\u00e4\u00e4d\u00f6sten mukainen.<\/p>\n<p data-path-to-node=\"3\">Organisaatiomme on sitoutunut henkil\u00f6tietojesi suojaan. Annetut henkil\u00f6tiedot ovat v\u00e4ltt\u00e4m\u00e4tt\u00f6mi\u00e4 palvelujemme tarjoamiseksi, ja niit\u00e4 k\u00e4sitell\u00e4\u00e4n lainmukaisesti, asianmukaisesti ja l\u00e4pin\u00e4kyv\u00e4sti varmistaen tietojen riitt\u00e4v\u00e4 turvallisuus. T\u00e4m\u00e4 sis\u00e4lt\u00e4\u00e4 suojan luvattomalta tai lainvastaiselta k\u00e4sittelylt\u00e4 sek\u00e4 vahingossa tapahtuvalta h\u00e4vi\u00e4miselt\u00e4, tuhoutumiselta tai vahingoittumiselta soveltamalla teknisi\u00e4 ja organisatorisia toimenpiteit\u00e4.<\/p>\n<p data-path-to-node=\"4\">T\u00e4m\u00e4n asiakirjan avulla haluamme tarjota sinulle l\u00e4pin\u00e4kyv\u00e4sti ja rehellisesti kaikki tarvittavat tiedot t\u00e4m\u00e4n organisaation suorittamasta henkil\u00f6tietojesi k\u00e4sittelyst\u00e4.<\/p>\n<h3 data-path-to-node=\"6\">I.- REKISTERINPIT\u00c4J\u00c4<\/h3>\n<p style=\"padding-left: 40px;\" data-path-to-node=\"7\"><b data-path-to-node=\"7\" data-index-in-node=\"0\">NIMI:<\/b> INSTITUTO DE REPRODUCCION DE LA MARINA ALTA, S.L.<\/p>\n<p style=\"padding-left: 40px;\" data-path-to-node=\"8\"><b data-path-to-node=\"8\" data-index-in-node=\"0\">Y-TUNNUS \/ N.I.F.:<\/b> B53951745<\/p>\n<p style=\"padding-left: 40px;\" data-path-to-node=\"9\"><b data-path-to-node=\"9\" data-index-in-node=\"0\">OSOITE:<\/b> AVDA. DOCTOR FLEMING, 47, 03760 ONDARA (ALICANTE)<\/p>\n<p style=\"padding-left: 40px;\" data-path-to-node=\"10\"><b data-path-to-node=\"10\" data-index-in-node=\"0\">PUHELIN:<\/b> 966477265<\/p>\n<p style=\"padding-left: 40px;\" data-path-to-node=\"11\"><b data-path-to-node=\"11\" data-index-in-node=\"0\">S\u00c4HK\u00d6POSTI:<\/b> contactar@irema.org<\/p>\n<p style=\"padding-left: 40px;\" data-path-to-node=\"12\"><b data-path-to-node=\"12\" data-index-in-node=\"0\">TIETOSUOJAVASTAAVA:<\/b> dpo@procoden.es<\/p>\n<h3 data-path-to-node=\"13\">II.- HENKIL\u00d6TIETOJEN VASTAANOTTAJAT<\/h3>\n<ol start=\"1\" data-path-to-node=\"14\">\n<li>\n<p data-path-to-node=\"14,0,0\">Annettuja henkil\u00f6tietoja ei luovuteta kolmansille osapuolille, ellei erityisiss\u00e4 k\u00e4sittelykuvauksissa toisin mainita.<\/p>\n<\/li>\n<li>\n<p data-path-to-node=\"14,1,0\">Vaihtoehtoisesti, pilvipalveluiden ja\/tai s\u00e4hk\u00f6postin l\u00e4hetyspalveluiden, viestinn\u00e4n tai muiden niihin liittyvien tietotekniikkapalveluiden hankkimiseksi henkil\u00f6tietoja voidaan:<\/p>\n<p data-path-to-node=\"14,1,1\">\u2013 Luovuttaa tietotekniikkapalveluyrityksille, jotka sijaitsevat Euroopan talousalueella (ETA) tai,<\/p>\n<p data-path-to-node=\"14,1,2\">\u2013 Siirt\u00e4\u00e4 tietotekniikkapalveluyrityksille, jotka sijaitsevat ETA:n ulkopuolella ja kuuluvat Privacy Shield -j\u00e4rjestelyyn, jolloin niill\u00e4 on asianmukaiset suojatoimenpiteet henkil\u00f6tietojen turvallisuuden takaamiseksi. Lis\u00e4tietoja l\u00f6ytyy osoitteesta: <a class=\"ng-star-inserted\" href=\"https:\/\/www.privacyshield.gov\/welcome\" target=\"_blank\" rel=\"noopener\">https:\/\/www.privacyshield.gov\/welcome<\/a><\/p>\n<\/li>\n<li>\n<p data-path-to-node=\"14,2,0\">Vaihtoehtoisesti viranomaisille ja muille elimille, kun niit\u00e4 vaaditaan lakis\u00e4\u00e4teisten velvoitteiden t\u00e4ytt\u00e4miseksi.<\/p>\n<\/li>\n<\/ol>\n<h3 data-path-to-node=\"15\">III.- HENKIL\u00d6TIETOJEN K\u00c4SITTELYN OIKEUSPERUSTE<\/h3>\n<p style=\"padding-left: 40px;\" data-path-to-node=\"16\">Ilmoitamme jokaisen erityisen henkil\u00f6tietojen k\u00e4sittelyn yhteydess\u00e4 siihen oikeuttavan oikeusperusteen.<\/p>\n<h3 data-path-to-node=\"17\">IV.- OIKEUDET<\/h3>\n<p style=\"padding-left: 40px;\" data-path-to-node=\"18\"><b data-path-to-node=\"18\" data-index-in-node=\"0\">TIEDONSAANTIOIKEUS<\/b> Oikeus saada rekisterinpit\u00e4j\u00e4lt\u00e4 vahvistus siit\u00e4, k\u00e4sitell\u00e4\u00e4nk\u00f6 rekister\u00f6ity\u00e4 koskevia henkil\u00f6tietoja vai ei, ja jos niit\u00e4 k\u00e4sitell\u00e4\u00e4n, oikeus saada p\u00e4\u00e4sy henkil\u00f6tietoihin ja seuraaviin tietoihin: k\u00e4sittelyn tarkoitukset, kyseess\u00e4 olevat henkil\u00f6tietoryhm\u00e4t, vastaanottajat tai vastaanottajaryhm\u00e4t, joille tietoja on luovutettu tai tullaan luovuttamaan, s\u00e4ilytysaika tai sen m\u00e4\u00e4ritt\u00e4miskriteerit, oikeus pyyt\u00e4\u00e4 tietojen oikaisemista tai poistamista tai k\u00e4sittelyn rajoittamista tai vastustaa k\u00e4sittely\u00e4, oikeus tehd\u00e4 valitus Espanjan tietosuojavirastolle (AEPD), automaattisen p\u00e4\u00e4t\u00f6ksenteon ja profiloinnin olemassaolo sek\u00e4 tiedot asianmukaisista suojatoimista siirrett\u00e4ess\u00e4 tietoja kolmansiin maihin.<\/p>\n<p style=\"padding-left: 40px;\" data-path-to-node=\"19\"><b data-path-to-node=\"19\" data-index-in-node=\"0\">OIKAISUOIKEUS<\/b> Oikeus pyyt\u00e4\u00e4 virheellisten henkil\u00f6tietojen oikaisemista, mukaan lukien oikeus saada puutteelliset tiedot t\u00e4ydennetty\u00e4. Toimittaessaan tiedot mill\u00e4 tahansa tavalla rekister\u00f6ity takaa niiden olevan tosia ja oikeita ja sitoutuu ilmoittamaan kaikista muutoksista. Rekister\u00f6ity on yksin vastuussa vahingoista, jotka aiheutuvat virheellisten tai puutteellisten tietojen antamisesta verkkolomakkeilla.<\/p>\n<p style=\"padding-left: 40px;\" data-path-to-node=\"20\"><b data-path-to-node=\"20\" data-index-in-node=\"0\">POISTO-OIKEUS<\/b> Oikeus pyyt\u00e4\u00e4 henkil\u00f6tietojen poistamista, kun ne eiv\u00e4t en\u00e4\u00e4 ole tarpeellisia ker\u00e4ystarkoitukseen tai kun suostumus perutaan. Poistaminen ei ole mahdollista, jos k\u00e4sittely on v\u00e4ltt\u00e4m\u00e4t\u00f6nt\u00e4 esimerkiksi lakis\u00e4\u00e4teisen velvoitteen t\u00e4ytt\u00e4miseksi tai oikeudellisten vaatimusten laatimiseksi, esitt\u00e4miseksi tai puolustamiseksi.<\/p>\n<p style=\"padding-left: 40px;\" data-path-to-node=\"21\"><b data-path-to-node=\"21\" data-index-in-node=\"0\">RAJOITTAMISOIKEUS<\/b> Oikeus pyyt\u00e4\u00e4 henkil\u00f6tietojen k\u00e4sittelyn rajoittamista, mik\u00e4 tarkoittaa, ett\u00e4 tietyiss\u00e4 tapauksissa rekister\u00f6ity voi pyyt\u00e4\u00e4 keskeytt\u00e4m\u00e4\u00e4n tietojen k\u00e4sittelyn tilap\u00e4isesti tai s\u00e4ilytt\u00e4m\u00e4\u00e4n niit\u00e4 tarvittavaa aikaa pidemp\u00e4\u00e4n.<\/p>\n<p style=\"padding-left: 40px;\" data-path-to-node=\"22\"><b data-path-to-node=\"22\" data-index-in-node=\"0\">OIKEUS PERUUTTAA SUOSTUMUS<\/b> Oikeus peruuttaa milloin tahansa suostumus, joka on annettu merkitsem\u00e4ll\u00e4 &#8221;Olen lukenut ja hyv\u00e4ksyn tietosuojak\u00e4yt\u00e4nn\u00f6n&#8221;. T\u00e4ll\u00e4 ei ole vaikutusta, jos k\u00e4sittely on v\u00e4ltt\u00e4m\u00e4t\u00f6nt\u00e4 lakis\u00e4\u00e4teisen velvoitteen, sopimuksen t\u00e4yt\u00e4nt\u00f6\u00f6npanon tai oikeudellisten vaatimusten vuoksi. Perumisella ei ole takautuvaa vaikutusta.<\/p>\n<p style=\"padding-left: 40px;\" data-path-to-node=\"23\"><b data-path-to-node=\"23\" data-index-in-node=\"0\">SIIRTO-OIKEUS<\/b> Oikeus saada meille toimitetut henkil\u00f6tiedot j\u00e4sennellyss\u00e4, yleisesti k\u00e4ytetyss\u00e4 ja koneellisesti luettavassa muodossa ja siirt\u00e4\u00e4 ne toiselle rekisterinpit\u00e4j\u00e4lle, edellytt\u00e4en ett\u00e4 k\u00e4sittely perustuu suostumukseen ja tapahtuu automaattisesti.<\/p>\n<p style=\"padding-left: 40px;\" data-path-to-node=\"24\"><b data-path-to-node=\"24\" data-index-in-node=\"0\">VASTUSTAMISOIKEUS<\/b> Oikeus vastustaa henkil\u00f6tietojen k\u00e4sittely\u00e4 oikeutetun etumme perusteella. Lopetamme tietojen k\u00e4sittelyn, elleimme voi osoittaa huomattavan t\u00e4rke\u00e4\u00e4 ja perusteltua syyt\u00e4, joka syrj\u00e4ytt\u00e4\u00e4 rekister\u00f6idyn edut, tai oikeudellisten vaatimusten vuoksi.<\/p>\n<p style=\"padding-left: 40px;\" data-path-to-node=\"25\"><b data-path-to-node=\"25\" data-index-in-node=\"0\">OIKEUS TEHD\u00c4 VALITUS VALVONTAVIRANOMAISELLE<\/b> Jos katsot, ett\u00e4 k\u00e4sittelemme tietojasi virheellisesti, voit ottaa meihin yhteytt\u00e4 tai tehd\u00e4 valituksen Espanjan tietosuojavirastolle (AEPD): <a class=\"ng-star-inserted\" href=\"https:\/\/www.agpd.es\/\" target=\"_blank\" rel=\"noopener\">https:\/\/www.agpd.es\/<\/a><\/p>\n<p style=\"padding-left: 40px;\" data-path-to-node=\"26\"><b data-path-to-node=\"26\" data-index-in-node=\"0\">OIKEUKSIEN K\u00c4YTT\u00c4MINEN<\/b> Voit k\u00e4ytt\u00e4\u00e4 oikeuksiasi l\u00e4hett\u00e4m\u00e4ll\u00e4 kirjeen edell\u00e4 mainittuun osoitteeseen tai s\u00e4hk\u00f6postitse osoitteeseen contactar@irema.org. Molemmissa tapauksissa on liitett\u00e4v\u00e4 mukaan kopio henkil\u00f6llisyystodistuksesta (NIF\/NIE\/Passi).<\/p>\n<h3 data-path-to-node=\"28\">V.- HENKIL\u00d6TIETOJEN K\u00c4SITTELY.<\/h3>\n<p style=\"padding-left: 40px;\" data-path-to-node=\"29\"><b data-path-to-node=\"29\" data-index-in-node=\"0\">YLEISET M\u00c4\u00c4R\u00c4YKSET<\/b> Pyydetyt tiedot ovat asianmukaisia, olennaisia ja rajoitettuja siihen, mik\u00e4 on tarpeellista k\u00e4sittelyn tarkoituksiin (tietojen minimointi). V\u00e4ltt\u00e4m\u00e4tt\u00f6mien tietojen antamisesta kielt\u00e4ytyminen johtaa siihen, ettei palvelua voida tarjota. Tietojen luovuttaminen on joissakin tapauksissa v\u00e4ltt\u00e4m\u00e4t\u00f6nt\u00e4 sopimuksen tai lakis\u00e4\u00e4teisen velvoitteen vuoksi.<\/p>\n<p style=\"padding-left: 40px;\" data-path-to-node=\"30\"><b data-path-to-node=\"30\" data-index-in-node=\"0\">YHTEYDENOTTOLOMAKE<\/b> Henkil\u00f6tietoja k\u00e4sitell\u00e4\u00e4n k\u00e4ytt\u00e4jien tai asiakkaiden tietopyynt\u00f6jen, ehdotusten ja valitusten hoitamiseksi.<\/p>\n<ul>\n<li style=\"list-style-type: none;\">\n<ul data-path-to-node=\"31\">\n<li>\n<p data-path-to-node=\"31,0,0\"><b data-path-to-node=\"31,0,0\" data-index-in-node=\"0\">Oikeusperuste:<\/b> Nimenomainen suostumus merkitsem\u00e4ll\u00e4 &#8221;Olen lukenut ja hyv\u00e4ksyn tietosuojak\u00e4yt\u00e4nn\u00f6n&#8221;.<\/p>\n<\/li>\n<li>\n<p data-path-to-node=\"31,1,0\"><b data-path-to-node=\"31,1,0\" data-index-in-node=\"0\">S\u00e4ilytysaika:<\/b> Kaksi vuotta k\u00e4sittelyn p\u00e4\u00e4ttymisest\u00e4, ottaen huomioon rekister\u00f6idyn oikeudet.<\/p>\n<\/li>\n<\/ul>\n<\/li>\n<\/ul>\n<p style=\"padding-left: 40px;\" data-path-to-node=\"32\"><b data-path-to-node=\"32\" data-index-in-node=\"0\">ANSIOLUETTELOLOMAKE (CV)<\/b> Henkil\u00f6tietoja k\u00e4sitell\u00e4\u00e4n yrityksen rekrytointiprosessin hallitsemiseksi.<\/p>\n<ul>\n<li style=\"list-style-type: none;\">\n<ul data-path-to-node=\"33\">\n<li>\n<p data-path-to-node=\"33,0,0\"><b data-path-to-node=\"33,0,0\" data-index-in-node=\"0\">Oikeusperuste:<\/b> Nimenomainen suostumus merkitsem\u00e4ll\u00e4 &#8221;Olen lukenut ja hyv\u00e4ksyn tietosuojak\u00e4yt\u00e4nn\u00f6n&#8221;.<\/p>\n<\/li>\n<li>\n<p data-path-to-node=\"33,1,0\"><b data-path-to-node=\"33,1,0\" data-index-in-node=\"0\">S\u00e4ilytysaika:<\/b> Kaksi vuotta k\u00e4sittelyn p\u00e4\u00e4ttymisest\u00e4, ottaen huomioon rekister\u00f6idyn oikeudet.<\/p>\n<\/li>\n<\/ul>\n<\/li>\n<\/ul>\n<p style=\"padding-left: 80px;\">\n","protected":false},"excerpt":{"rendered":"<p>TIETOSUOJAK\u00c4YT\u00c4NT\u00d6 T\u00e4m\u00e4 tietosuojak\u00e4yt\u00e4nt\u00f6 on Euroopan parlamentin ja neuvoston 27. huhtikuuta 2016 antaman asetuksen (EU) 2016\/679 luonnollisten henkil\u00f6iden suojelusta henkil\u00f6tietojen k\u00e4sittelyss\u00e4 ja n\u00e4iden tietojen vapaasta liikkuvuudesta (yleinen tietosuoja-asetus, GDPR), 5. joulukuuta annetun orgaanisen lain 3\/2018 henkil\u00f6tietojen suojasta ja digitaalisten oikeuksien takaamisesta (LOPDGDD) sek\u00e4, silt\u00e4 osin kuin se ei ole ristiriidassa mainitun s\u00e4\u00e4nn\u00f6st\u00f6n kanssa, henkil\u00f6tietojen suojaa koskevan [&hellip;]<\/p>\n","protected":false},"author":3,"featured_media":0,"parent":0,"menu_order":0,"comment_status":"closed","ping_status":"closed","template":"","meta":{"footnotes":""},"class_list":["post-32153","page","type-page","status-publish","hentry"],"_links":{"self":[{"href":"https:\/\/www.irema.org\/fi\/wp-json\/wp\/v2\/pages\/32153","targetHints":{"allow":["GET"]}}],"collection":[{"href":"https:\/\/www.irema.org\/fi\/wp-json\/wp\/v2\/pages"}],"about":[{"href":"https:\/\/www.irema.org\/fi\/wp-json\/wp\/v2\/types\/page"}],"author":[{"embeddable":true,"href":"https:\/\/www.irema.org\/fi\/wp-json\/wp\/v2\/users\/3"}],"replies":[{"embeddable":true,"href":"https:\/\/www.irema.org\/fi\/wp-json\/wp\/v2\/comments?post=32153"}],"version-history":[{"count":8,"href":"https:\/\/www.irema.org\/fi\/wp-json\/wp\/v2\/pages\/32153\/revisions"}],"predecessor-version":[{"id":48287,"href":"https:\/\/www.irema.org\/fi\/wp-json\/wp\/v2\/pages\/32153\/revisions\/48287"}],"wp:attachment":[{"href":"https:\/\/www.irema.org\/fi\/wp-json\/wp\/v2\/media?parent=32153"}],"curies":[{"name":"wp","href":"https:\/\/api.w.org\/{rel}","templated":true}]}}