{"id":48185,"date":"2022-02-14T13:36:04","date_gmt":"2022-02-14T12:36:04","guid":{"rendered":"https:\/\/www.irema.org\/cgu\/"},"modified":"2026-01-29T17:49:42","modified_gmt":"2026-01-29T16:49:42","slug":"cgu","status":"publish","type":"page","link":"https:\/\/www.irema.org\/fi\/cgu\/","title":{"rendered":"CGU"},"content":{"rendered":"<p style=\"text-align: center;\">WWW.IREMA.ORG-SIVUSTON YLEISET K\u00c4YTT\u00d6EHDOT<\/p>\n<h3>1.- KOHDE.<\/h3>\n<p style=\"padding-left: 40px;\">N\u00e4m\u00e4 yleiset k\u00e4ytt\u00f6ehdot (j\u00e4ljemp\u00e4n\u00e4 GCU) s\u00e4\u00e4telev\u00e4t p\u00e4\u00e4sy\u00e4 ja k\u00e4ytt\u00f6\u00e4 WWW.IREMA.ORG-verkkotunnuksen (j\u00e4ljemp\u00e4n\u00e4 Verkkosivusto) alla olevalle Verkkosivustolle (j\u00e4ljemp\u00e4n\u00e4 Verkkosivusto), jonka omistaa &#8221;INSTITUTO DE REPRODUCCION DE LA MARINA ALTA, S.L.&#8221; (j\u00e4ljemp\u00e4n\u00e4 IREMA), ja joka on asetettu k\u00e4ytt\u00e4jien (j\u00e4ljemp\u00e4n\u00e4 K\u00e4ytt\u00e4j\u00e4\/k\u00e4ytt\u00e4j\u00e4t) saataville.<\/p>\n<p style=\"padding-left: 40px;\">Jos sinulla on ep\u00e4ilyksi\u00e4 tai kysymyksi\u00e4, jotka liittyv\u00e4t verkkosivuston tai t\u00e4m\u00e4n GTU:n k\u00e4ytt\u00f6\u00f6n ja k\u00e4ytt\u00f6oikeuksiin, voit ottaa meihin yhteytt\u00e4 oikeudellisessa ilmoituksessa julkaistujen yhteystietojen kautta.<\/p>\n<h3>2.- N\u00c4IDEN YLEISTEN EHTOJEN MUKAISUUS.<\/h3>\n<p style=\"padding-left: 40px;\">Verkkosivuston k\u00e4ytt\u00f6 edellytt\u00e4\u00e4, ett\u00e4 <strong>k\u00e4ytt\u00e4j\u00e4<\/strong> hyv\u00e4ksyy t\u00e4ysin verkkosivuston k\u00e4yt\u00f6n aikana voimassa olevat GTU:t. <strong>K\u00e4ytt\u00e4j\u00e4<\/strong> voi k\u00e4ytt\u00e4\u00e4 verkkosivustoa. Jos K\u00e4ytt\u00e4j\u00e4 ei hyv\u00e4ksy mit\u00e4\u00e4n t\u00e4ss\u00e4 esitetyist\u00e4 ehdoista, h\u00e4nen on pid\u00e4tt\u00e4ydytt\u00e4v\u00e4 k\u00e4ytt\u00e4m\u00e4st\u00e4 t\u00e4t\u00e4 verkkosivustoa. <\/p>\n<p style=\"padding-left: 40px;\">K\u00e4ytt\u00e4j\u00e4n on n\u00e4in ollen luettava k\u00e4ytt\u00f6ehdot huolellisesti aina, kun h\u00e4n aikoo k\u00e4ytt\u00e4\u00e4 verkkosivustoa.<\/p>\n<p style=\"padding-left: 40px;\">IREMA pid\u00e4tt\u00e4\u00e4 joka tapauksessa oikeuden muuttaa GTU:ta ilman ennakkoilmoitusta ja milloin tahansa. Samoin IREMA pid\u00e4tt\u00e4\u00e4 oikeuden keskeytt\u00e4\u00e4, keskeytt\u00e4\u00e4 tai lopettaa verkkosivuston toiminnan milloin tahansa. <\/p>\n<p style=\"padding-left: 40px;\">&#8221;Verkkosivuston k\u00e4yt\u00f6ll\u00e4&#8221; tarkoitamme kaikkia K\u00e4ytt\u00e4ji\u00e4, jotka k\u00e4ytt\u00e4v\u00e4t ja selaavat verkkosivustoa riippumatta siit\u00e4, t\u00e4ytt\u00e4v\u00e4tk\u00f6 he rekister\u00f6intilomakkeet vai eiv\u00e4t.<\/p>\n<h3>3.- VERKKOSIVUSTON JA SEN SIS\u00c4LL\u00d6N K\u00c4YTT\u00d6EHDOT.<\/h3>\n<p style=\"padding-left: 40px;\">P\u00e4\u00e4sy verkkosivustolle ja\/tai sen sis\u00e4lt\u00e4m\u00e4\u00e4n sis\u00e4lt\u00f6\u00f6n ei tarkoita mink\u00e4\u00e4nlaista takuuta verkkosivuston ja\/tai sen sis\u00e4lt\u00e4m\u00e4n sis\u00e4ll\u00f6n soveltuvuudesta k\u00e4ytt\u00e4jien tiettyihin tai erityisiin tarkoituksiin.<\/p>\n<p style=\"padding-left: 40px;\"><strong>IREMA<\/strong> voi asettaa lis\u00e4rajoituksia ja\/tai -ehtoja verkkosivuston ja\/tai sis\u00e4ll\u00f6n k\u00e4yt\u00f6lle ja\/tai saatavuudelle, joita k\u00e4ytt\u00e4jien on joka tapauksessa noudatettava.<\/p>\n<h4 style=\"padding-left: 40px;\">3.1- Verkkosivuston p\u00e4\u00e4sy ja k\u00e4ytt\u00f6.<\/h4>\n<p style=\"padding-left: 80px;\">Jollei toisin m\u00e4\u00e4r\u00e4t\u00e4, verkkosivuston k\u00e4ytt\u00f6 on maksutonta, sanotun kuitenkaan rajoittamatta kustannuksia, jotka aiheutuvat <strong>k\u00e4ytt\u00e4j\u00e4n<\/strong> sopiman vastaavan televerkon kautta tapahtuvasta yhteydest\u00e4.<\/p>\n<p style=\"padding-left: 80px;\"><strong>K\u00e4ytt\u00e4j\u00e4<\/strong> vakuuttaa olevansa yli kahdeksantoista-vuotias ja on my\u00f6s tietoinen siit\u00e4, ett\u00e4 h\u00e4n hyv\u00e4ksyy vapaaehtoisesti ja nimenomaisesti, ett\u00e4 verkkosivuston k\u00e4ytt\u00f6 on joka tapauksessa h\u00e4nen yksinomaisella ja yksinomaisella vastuullaan.<\/p>\n<p style=\"padding-left: 80px;\">K\u00e4ytt\u00e4j\u00e4 sitoutuu noudattamaan GTU:ta sek\u00e4 verkkosivustolla olevia erityisi\u00e4 varoituksia tai ohjeita ja toimimaan aina lain, hyvien tapojen ja vilpitt\u00f6m\u00e4n mielen vaatimusten mukaisesti sek\u00e4 k\u00e4ytt\u00e4m\u00e4\u00e4n mahdollisimman suurta huolellisuutta ottaen huomioon h\u00e4nen k\u00e4ytt\u00e4m\u00e4ns\u00e4 palvelun luonteen ja vastikkeen. T\u00e4t\u00e4 varten sinun on pid\u00e4tt\u00e4ydytt\u00e4v\u00e4 k\u00e4ytt\u00e4m\u00e4st\u00e4 verkkosivustoa mill\u00e4\u00e4n tavalla, joka voi haitata, vahingoittaa tai heikent\u00e4\u00e4 sen normaalia toimintaa, <strong>IREMAn<\/strong>, sen toimittajien, jakelijoiden, muiden k\u00e4ytt\u00e4jien tai yleisesti ottaen mink\u00e4 tahansa kolmannen osapuolen tavaroita tai oikeuksia. <\/p>\n<p style=\"padding-left: 80px;\"><strong>K\u00e4ytt\u00e4j\u00e4<\/strong> sitoutuu k\u00e4ytt\u00e4m\u00e4\u00e4n verkkosivustoa erityisesti ja ilman, ett\u00e4 t\u00e4m\u00e4 merkitsee mit\u00e4\u00e4n rajoituksia k\u00e4ytt\u00e4j\u00e4n edellisen kohdan mukaisesti yleisesti ottamiin velvoitteisiin:<\/p>\n<p style=\"padding-left: 120px;\">a) Ei saa sy\u00f6tt\u00e4\u00e4, tallentaa tai levitt\u00e4\u00e4 verkkosivustolle tai verkkosivustolta tietoja tai aineistoa, jotka ovat herjaavia, loukkaavia, s\u00e4\u00e4dytt\u00f6mi\u00e4, uhkaavia, muukalaisvihamielisi\u00e4, pornografisia, terrorismia tukevia, v\u00e4kivaltaan yllytt\u00e4vi\u00e4, rotuun, sukupuoleen, ideologiaan tai uskontoon perustuvaa syrjint\u00e4\u00e4 tai jotka mill\u00e4\u00e4n tavoin loukkaavat muotoa, yleist\u00e4 j\u00e4rjestyst\u00e4, perusoikeuksia, julkisia vapauksia, kunniaa, yksityisyytt\u00e4 tai kolmansien osapuolten imagoa ja yleisesti voimassa olevia s\u00e4\u00e4nn\u00f6ksi\u00e4.<\/p>\n<p style=\"padding-left: 120px;\">b) Ei saa ottaa k\u00e4ytt\u00f6\u00f6n, tallentaa tai levitt\u00e4\u00e4 verkkosivuston kautta mit\u00e4\u00e4n tietokoneohjelmaa, dataa, virusta, koodia tai muuta elektronista tai fyysist\u00e4 v\u00e4linett\u00e4 tai laitetta, joka voi aiheuttaa vahinkoa verkkosivustolle, mille tahansa <strong>IREMAn<\/strong>, k\u00e4ytt\u00e4j\u00e4n, <strong>IREMAn<\/strong> toimittajien tai jakelijoiden tai yleisesti ottaen kolmannen osapuolen laitteille, j\u00e4rjestelmille tai verkoille ja joka voi aiheuttaa mink\u00e4\u00e4nlaisia muutoksia tai est\u00e4\u00e4 niiden normaalin toiminnan.<\/p>\n<p style=\"padding-left: 120px;\">c) ei ota k\u00e4ytt\u00f6\u00f6n, s\u00e4ilyt\u00e4 tai levit\u00e4 verkkosivuston kautta sis\u00e4lt\u00f6\u00e4, joka loukkaa immateriaalioikeuksia tai teollisoikeuksia koskevia s\u00e4\u00e4nn\u00f6ksi\u00e4 tai kolmansien osapuolten oikeuksia, tai yleisesti ottaen mit\u00e4\u00e4n sellaista sis\u00e4lt\u00f6\u00e4, jota h\u00e4nell\u00e4 ei ole lain mukaisesti oikeutta asettaa kolmansien osapuolten saataville.<\/p>\n<h4 style=\"padding-left: 40px;\">3.2- Sis\u00e4ll\u00f6n saatavuus ja k\u00e4ytt\u00f6.<\/h4>\n<p style=\"padding-left: 80px;\">Verkkosivuston sis\u00e4lt\u00f6 on asetettu <strong>K\u00e4ytt\u00e4j\u00e4n<\/strong> saataville sek\u00e4 omista ett\u00e4 kolmansien osapuolten l\u00e4hteist\u00e4 per\u00e4isin olevien tietojen avulla.<\/p>\n<p style=\"padding-left: 80px;\"><strong>IREMA<\/strong> pyrkii varmistamaan, ett\u00e4 Sis\u00e4lt\u00f6 on mahdollisimman laadukasta ja kohtuullisen ajantasaista, mutta ei takaa Sis\u00e4ll\u00f6n hy\u00f6dyllisyytt\u00e4, tarkkuutta, t\u00e4ydellisyytt\u00e4, relevanssia ja\/tai ajantasaisuutta.<\/p>\n<h3>4.- TEOLLIS- JA TEKIJ\u00c4NOIKEUDET.<\/h3>\n<p style=\"padding-left: 40px;\">N\u00e4ill\u00e4 GTU:illa ei siirret\u00e4 mit\u00e4\u00e4n immateriaalioikeuksia tai teollisoikeuksia verkkosivustoon tai sen osatekij\u00f6ihin, ja k\u00e4ytt\u00e4j\u00e4\u00e4 kiellet\u00e4\u00e4n nimenomaisesti j\u00e4ljent\u00e4m\u00e4st\u00e4, muuntamasta, jakelemasta, julkistamasta, asettamasta saataville, irrottamasta, uudelleenk\u00e4ytt\u00e4m\u00e4st\u00e4, l\u00e4hett\u00e4m\u00e4st\u00e4 tai k\u00e4ytt\u00e4m\u00e4st\u00e4 mit\u00e4\u00e4n niist\u00e4 mill\u00e4\u00e4n tavalla, mill\u00e4\u00e4n v\u00e4lineell\u00e4 tai menettelyll\u00e4, paitsi jos se on laillisesti sallittua tai jos vastaavien oikeuksien omistaja on antanut siihen luvan.<\/p>\n<p style=\"padding-left: 40px;\"><strong>K\u00e4ytt\u00e4j\u00e4<\/strong> voi tarkastella ja saada tilap\u00e4isen yksityisen kopion Sis\u00e4ll\u00f6st\u00e4 yksinomaan henkil\u00f6kohtaiseen ja yksityiseen k\u00e4ytt\u00f6\u00f6ns\u00e4 tietokonej\u00e4rjestelmiss\u00e4\u00e4n (ohjelmistoissa ja laitteistoissa) edellytt\u00e4en, ett\u00e4 t\u00e4m\u00e4 ei ole tarkoitettu kaupallisen tai ammatillisen toiminnan harjoittamiseen. <strong>K\u00e4ytt\u00e4j\u00e4n<\/strong> on pid\u00e4tt\u00e4ydytt\u00e4v\u00e4 hankkimasta tai yritt\u00e4m\u00e4st\u00e4 hankkia Sis\u00e4lt\u00f6\u00e4 muilla keinoilla tai menettelyill\u00e4 kuin niill\u00e4, jotka on kussakin tapauksessa asetettu tai ilmoitettu t\u00e4h\u00e4n tarkoitukseen, tai niill\u00e4, joita k\u00e4ytet\u00e4\u00e4n tavallisesti Internetiss\u00e4 (edellytt\u00e4en, ett\u00e4 j\u00e4lkimm\u00e4iset eiv\u00e4t aiheuta verkkosivuston vahingoittumisen tai toimintakyvytt\u00f6myyden vaaraa). <strong>K\u00e4ytt\u00e4j\u00e4n<\/strong> on aina kunnioitettava kaikkia <strong>IREMA:n<\/strong> tai kolmansien osapuolten omistamia immateriaalioikeuksia ja teollis- ja tekij\u00e4noikeuksia verkkosivustolla.  <\/p>\n<h3>5.- TAKUUN JA VASTUUN POISSULKEMINEN.<\/h3>\n<h4 style=\"padding-left: 40px;\">5.1.- Verkkosivuston toimintaa koskevien takuiden ja vastuun poissulkeminen.<\/h4>\n<p style=\"padding-left: 80px;\"><strong>IREMA<\/strong> ei takaa verkkosivuston ja siell\u00e4 tarjottujen palvelujen tai sis\u00e4ll\u00f6n saatavuutta ja jatkuvuutta eik\u00e4 sit\u00e4, ett\u00e4 verkkosivuston sis\u00e4lt\u00f6 on ajan tasalla, eik\u00e4 se ole vastuussa mist\u00e4\u00e4n vahingoista, jotka voivat aiheutua t\u00e4llaisista olosuhteista.<\/p>\n<p style=\"padding-left: 80px;\"><strong>IREMA<\/strong> suorittaa, edellytt\u00e4en, ett\u00e4 ei ole olemassa olosuhteita, jotka tekev\u00e4t sen mahdottomaksi tai vaikeaksi suorittaa, ja heti kun se saa tiet\u00e4\u00e4 virheist\u00e4, yhteyksien katkeamisesta ja\/tai sis\u00e4ll\u00f6n p\u00e4ivitt\u00e4misen puutteesta, kaikki ne teht\u00e4v\u00e4t, joiden tarkoituksena on korjata virheet, palauttaa yhteys ja\/tai p\u00e4ivitt\u00e4\u00e4 edell\u00e4 mainittu sis\u00e4lt\u00f6.<\/p>\n<p style=\"padding-left: 80px;\"><strong>IREMA<\/strong> ei my\u00f6sk\u00e4\u00e4n takaa verkkosivujensa teknist\u00e4 luotettavuutta eik\u00e4 p\u00e4\u00e4sy\u00e4 eri sivuille, eik\u00e4 se my\u00f6sk\u00e4\u00e4n vastaa mist\u00e4\u00e4n vahingoista, jotka voivat aiheutua t\u00e4st\u00e4 syyst\u00e4.<\/p>\n<p style=\"padding-left: 80px;\"><strong>IREMA<\/strong> ei my\u00f6sk\u00e4\u00e4n ota vastuuta mahdollisista virheist\u00e4 tai turvallisuuspuutteista, jotka voivat johtua siit\u00e4, ett\u00e4 K\u00e4ytt\u00e4j\u00e4 k\u00e4ytt\u00e4\u00e4 selainta, jonka versio on vanhentunut tai ep\u00e4varma, tai vahingoista, virheist\u00e4 tai ep\u00e4tarkkuuksista, jotka voivat johtua selaimen toimintah\u00e4iri\u00f6st\u00e4.<\/p>\n<p style=\"padding-left: 80px;\">V\u00e4hent\u00e4\u00e4kseen virusten levi\u00e4misriski\u00e4 verkkosivustolla se k\u00e4ytt\u00e4\u00e4 virustunnistusohjelmia valvoakseen kaikkea verkkosivustolle tuomaansa sis\u00e4lt\u00f6\u00e4.<strong>IREMA<\/strong> ei kuitenkaan takaa, ettei Verkkosivustolla ole viruksia tai muita elementtej\u00e4, jotka IREMAan liittym\u00e4tt\u00f6m\u00e4t kolmannet osapuolet ovat tuoneet Verkkosivustolle ja jotka voivat aiheuttaa muutoksia k\u00e4ytt\u00e4jien fyysisiin tai loogisiin j\u00e4rjestelmiin tai heid\u00e4n j\u00e4rjestelmiins\u00e4 tallennettuihin s\u00e4hk\u00f6isiin asiakirjoihin ja tiedostoihin. N\u00e4in ollen <strong>IREMA<\/strong> ei ole miss\u00e4\u00e4n tapauksessa vastuussa mist\u00e4\u00e4n vahingoista, jotka voivat aiheutua viruksista tai muista elementeist\u00e4, jotka voivat aiheuttaa muutoksia <strong>k\u00e4ytt\u00e4jien<\/strong> fyysisiin tai loogisiin j\u00e4rjestelmiin, s\u00e4hk\u00f6isiin asiakirjoihin tai tiedostoihin.  <\/p>\n<p style=\"padding-left: 80px;\"><strong>IREMA<\/strong> k\u00e4ytt\u00e4\u00e4 erilaisia suojatoimenpiteit\u00e4 suojatakseen verkkosivuston, ker\u00e4tyt tiedot ja sis\u00e4ll\u00f6n kolmansien osapuolten tietokonehy\u00f6kk\u00e4yksilt\u00e4. <strong>IREMA<\/strong> ei kuitenkaan takaa, ett\u00e4 asiattomilla kolmansilla osapuolilla ei ole p\u00e4\u00e4sy\u00e4 k\u00e4siksi siihen, miten <strong>K\u00e4ytt\u00e4j\u00e4<\/strong> k\u00e4ytt\u00e4\u00e4 tai selaa Verkkosivustoa, tai olosuhteisiin, ominaisuuksiin ja olosuhteisiin, joissa se tapahtuu. N\u00e4in ollen <strong>IREMA<\/strong> ei ole miss\u00e4\u00e4n tapauksessa vastuussa vahingoista, jotka voivat aiheutua t\u00e4llaisesta luvattomasta p\u00e4\u00e4syst\u00e4.  <\/p>\n<p style=\"padding-left: 80px;\"><strong>IREMA<\/strong> ei ole miss\u00e4\u00e4n olosuhteissa vastuussa siit\u00e4, miten k\u00e4ytt\u00e4j\u00e4t ja\/tai kolmannet osapuolet k\u00e4ytt\u00e4v\u00e4t verkkosivustoa tai sis\u00e4lt\u00f6\u00e4, eik\u00e4 mist\u00e4\u00e4n vahingoista, jotka voivat aiheutua t\u00e4st\u00e4.<\/p>\n<h4 style=\"padding-left: 40px;\">5.2.- Takuiden ja vastuun poissulkeminen sis\u00e4ll\u00f6st\u00e4.<\/h4>\n<p style=\"padding-left: 80px;\"><strong>IREMA<\/strong> ei muokkaa verkkosivustolla julkaistua kolmansien osapuolten sis\u00e4lt\u00f6\u00e4 eik\u00e4 n\u00e4in ollen takaa eik\u00e4 ole vastuussa t\u00e4llaisen sis\u00e4ll\u00f6n laillisuudesta, luotettavuudesta, hy\u00f6dyllisyydest\u00e4, totuudenmukaisuudesta, tarkkuudesta, t\u00e4ydellisyydest\u00e4 ja ajantasaisuudesta eik\u00e4 IREMAn omistamasta sis\u00e4ll\u00f6st\u00e4. IREMA ei miss\u00e4\u00e4n tapauksessa ole vastuussa vahingoista, jotka voivat aiheutua: (i) kolmansien osapuolten ja IREMAn oman sis\u00e4ll\u00f6n laillisuuden, totuudenmukaisuuden, tarkkuuden, t\u00e4ydellisyyden ja\/tai ajantasaisuuden puutteesta; (ii) sis\u00e4ll\u00f6n soveltumattomuudesta mihink\u00e4\u00e4n tarkoitukseen ja sis\u00e4ll\u00f6n her\u00e4tt\u00e4mien odotusten pett\u00e4misest\u00e4; (iii) p\u00e4\u00e4t\u00f6ksist\u00e4 tai toimista, jotka k\u00e4ytt\u00e4j\u00e4 on tehnyt tai joita h\u00e4n on v\u00e4ltt\u00e4nyt sis\u00e4ll\u00f6n sis\u00e4lt\u00e4mien tietojen perusteella, mukaan luettuna rajoituksetta voittojen tai liiketoimintamahdollisuuksien menetys.    <\/p>\n<h3>6.- HYPERLINKIT.<\/h3>\n<p style=\"padding-left: 40px;\">Henkil\u00f6iden, jotka aikovat luoda hyperlinkkej\u00e4 verkkosivujensa ja verkkosivuston v\u00e4lille, on noudatettava seuraavia ehtoja:<\/p>\n<p style=\"padding-left: 80px;\">i) Etuk\u00e4teislupaa ei tarvita, jos hyperlinkki mahdollistaa vain p\u00e4\u00e4syn verkkosivuston etusivulle, mutta sit\u00e4 ei saa j\u00e4ljent\u00e4\u00e4 miss\u00e4\u00e4n muodossa. Muunlaiset hyperlinkit edellytt\u00e4v\u00e4t IREMAn nimenomaista ja yksiselitteist\u00e4 kirjallista lupaa. <\/p>\n<p style=\"padding-left: 80px;\">ii) Verkkosivulla, jolla hyperlinkki on luotu, saa olla vain se, mik\u00e4 on ehdottoman v\u00e4ltt\u00e4m\u00e4t\u00f6nt\u00e4 hyperlinkin kohteen tunnistamiseksi.<\/p>\n<p style=\"padding-left: 80px;\">iii) Verkkosivu, jolle Hyperlinkki on luotu, ei saa sis\u00e4lt\u00e4\u00e4 tietoa tai sis\u00e4lt\u00f6\u00e4, joka on laitonta, moraalin ja yleisesti hyv\u00e4ksyttyjen hyvien tapojen ja yleisen j\u00e4rjestyksen vastaista, eik\u00e4 sis\u00e4lt\u00f6\u00e4, joka on kolmansien osapuolten oikeuksien vastaista.<\/p>\n<p style=\"padding-left: 80px;\">iv) <strong>IREMA<\/strong> pid\u00e4tt\u00e4\u00e4 itsell\u00e4\u00e4n oikeuden est\u00e4\u00e4 hyperlinkit verkkosivustolle, joilla ei ole nimenomaista etuk\u00e4teislupaa, vaikka ne olisivatkin yleisten ehtojen t\u00e4m\u00e4n kohdan m\u00e4\u00e4r\u00e4ysten mukaisia.<\/p>\n<h3>7.- TOIMET, JOS S\u00c4\u00c4NN\u00d6KSI\u00c4 EI NOUDATETA.<\/h3>\n<div id=\"page-4\" class=\"_kqswh2mm _bfhku67f _18u01wug _2hwx1wug\" style=\"padding-left: 40px;\" data-testid=\"page-3\"><strong>IREMA<\/strong> pid\u00e4tt\u00e4\u00e4 itsell\u00e4\u00e4n oikeuden ryhty\u00e4 kaikkiin lain mukaisiin toimenpiteisiin varmistaakseen, ett\u00e4<\/div>\n<div id=\"page-5\" class=\"_kqswh2mm _bfhku67f _18u01wug _2hwx1wug\" style=\"padding-left: 40px;\" data-testid=\"page-4\">vastuut, jotka johtuvat siit\u00e4, ett\u00e4 k\u00e4ytt\u00e4j\u00e4 rikkoo verkkosivuston yleisten k\u00e4ytt\u00f6ehtojen m\u00e4\u00e4r\u00e4yksi\u00e4.<\/div>\n<div data-testid=\"page-4\"><\/div>\n<h3 data-testid=\"page-4\">8.- OSITTAINEN MIT\u00c4T\u00d6INTI.<\/h3>\n<p style=\"padding-left: 40px;\">N\u00e4iden yleisten sopimusehtojen jonkin lausekkeen julistaminen mit\u00e4tt\u00f6m\u00e4ksi, p\u00e4tem\u00e4tt\u00f6m\u00e4ksi tai tehottomaksi ei vaikuta muiden lausekkeiden p\u00e4tevyyteen tai tehokkuuteen, vaan ne ovat edelleen sitovia osapuolten v\u00e4lill\u00e4.<\/p>\n<h3>9.- SOVELLETTAVA LAKI JA TOIMIVALTA.<\/h3>\n<p style=\"padding-left: 40px;\">N\u00e4ihin k\u00e4ytt\u00f6ehtoihin sovelletaan Espanjan lakia.<\/p>\n<p style=\"padding-left: 40px;\">Kaikki riidat, jotka liittyv\u00e4t t\u00e4m\u00e4n verkkosivuston k\u00e4ytt\u00f6ehtoihin ja p\u00e4\u00e4syn t\u00e4h\u00e4n verkkosivuston GTU:n asiakirjaan sis\u00e4ltyviin k\u00e4ytt\u00f6ehtoihin, osapuolet alistuvat, nimenomaisesti luopuen muista niit\u00e4 vastaavista tuomiovaltioista, ellei laissa toisin s\u00e4\u00e4det\u00e4, Denian tuomioistuimille.<\/p>\n<h3>10.- ILMOITUKSET.<\/h3>\n<p>Asianmukaisten ilmoitusten tekemist\u00e4 varten <strong>IREMA<\/strong> nime\u00e4\u00e4 oikeudellisessa ilmoituksessa m\u00e4\u00e4ritellyn osoitteen yhteysosoitteeksi.<\/p>\n<p><strong>IREMA<\/strong> k\u00e4ytt\u00e4\u00e4 <strong>K\u00e4ytt\u00e4j\u00e4n<\/strong> verkkosivustolla rekister\u00f6itymisen yhteydess\u00e4 antamaa s\u00e4hk\u00f6postiosoitetta ilmoitusten l\u00e4hett\u00e4miseen K\u00e4ytt\u00e4j\u00e4lle.<\/p>\n<p><strong>K\u00e4ytt\u00e4j\u00e4<\/strong> on velvollinen pit\u00e4m\u00e4\u00e4n t\u00e4ss\u00e4 lausekkeessa tarkoitetut tiedot asianmukaisesti ajan tasalla ilmoituksia varten.<\/p>\n<p>Kaikki <strong>IREMAn<\/strong> <strong>K\u00e4ytt\u00e4j\u00e4lle<\/strong> tekem\u00e4t ilmoitukset katsotaan p\u00e4tev\u00e4sti tehdyiksi, jos ne on tehty edell\u00e4 mainittuja tietoja k\u00e4ytt\u00e4en ja edell\u00e4 mainittuja keinoja k\u00e4ytt\u00e4en. <strong>IREMA<\/strong> ei ole vastuussa vahingoista, jotka voivat aiheutua siit\u00e4, ett\u00e4 <strong>K\u00e4ytt\u00e4j\u00e4<\/strong> ei pid\u00e4 yhteystietojaan ajan tasalla.<\/p>\n<p>&nbsp;<\/p>\n","protected":false},"excerpt":{"rendered":"<p>WWW.IREMA.ORG-SIVUSTON YLEISET K\u00c4YTT\u00d6EHDOT 1.- KOHDE. N\u00e4m\u00e4 yleiset k\u00e4ytt\u00f6ehdot (j\u00e4ljemp\u00e4n\u00e4 GCU) s\u00e4\u00e4telev\u00e4t p\u00e4\u00e4sy\u00e4 ja k\u00e4ytt\u00f6\u00e4 WWW.IREMA.ORG-verkkotunnuksen (j\u00e4ljemp\u00e4n\u00e4 Verkkosivusto) alla olevalle Verkkosivustolle (j\u00e4ljemp\u00e4n\u00e4 Verkkosivusto), jonka omistaa &#8221;INSTITUTO DE REPRODUCCION DE LA MARINA ALTA, S.L.&#8221; (j\u00e4ljemp\u00e4n\u00e4 IREMA), ja joka on asetettu k\u00e4ytt\u00e4jien (j\u00e4ljemp\u00e4n\u00e4 K\u00e4ytt\u00e4j\u00e4\/k\u00e4ytt\u00e4j\u00e4t) saataville. Jos sinulla on ep\u00e4ilyksi\u00e4 tai kysymyksi\u00e4, jotka liittyv\u00e4t verkkosivuston tai t\u00e4m\u00e4n GTU:n k\u00e4ytt\u00f6\u00f6n [&hellip;]<\/p>\n","protected":false},"author":3,"featured_media":0,"parent":0,"menu_order":0,"comment_status":"closed","ping_status":"closed","template":"","meta":{"footnotes":""},"class_list":["post-48185","page","type-page","status-publish","hentry"],"_links":{"self":[{"href":"https:\/\/www.irema.org\/fi\/wp-json\/wp\/v2\/pages\/48185","targetHints":{"allow":["GET"]}}],"collection":[{"href":"https:\/\/www.irema.org\/fi\/wp-json\/wp\/v2\/pages"}],"about":[{"href":"https:\/\/www.irema.org\/fi\/wp-json\/wp\/v2\/types\/page"}],"author":[{"embeddable":true,"href":"https:\/\/www.irema.org\/fi\/wp-json\/wp\/v2\/users\/3"}],"replies":[{"embeddable":true,"href":"https:\/\/www.irema.org\/fi\/wp-json\/wp\/v2\/comments?post=48185"}],"version-history":[{"count":1,"href":"https:\/\/www.irema.org\/fi\/wp-json\/wp\/v2\/pages\/48185\/revisions"}],"predecessor-version":[{"id":48209,"href":"https:\/\/www.irema.org\/fi\/wp-json\/wp\/v2\/pages\/48185\/revisions\/48209"}],"wp:attachment":[{"href":"https:\/\/www.irema.org\/fi\/wp-json\/wp\/v2\/media?parent=48185"}],"curies":[{"name":"wp","href":"https:\/\/api.w.org\/{rel}","templated":true}]}}