{"id":48302,"date":"2021-12-23T20:55:14","date_gmt":"2021-12-23T19:55:14","guid":{"rendered":"https:\/\/www.irema.org\/politica-de-cookies-ue\/"},"modified":"2026-01-30T13:47:03","modified_gmt":"2026-01-30T12:47:03","slug":"politica-de-cookies-ue","status":"publish","type":"page","link":"https:\/\/www.irema.org\/fi\/politica-de-cookies-ue\/","title":{"rendered":"Pol\u00edtica de cookies (UE)"},"content":{"rendered":"<h1 style=\"text-align: center;\">EV\u00c4STEK\u00c4YT\u00c4NT\u00d6 (COOKIES)<\/h1>\n<div class=\"row\">\n<div class=\"col-xl-10 mx-auto\">\n<div class=\"paper\">\n<h3 data-path-to-node=\"3\">1. Mit\u00e4 ev\u00e4steet ovat?<\/h3>\n<p style=\"padding-left: 40px;\" data-path-to-node=\"4\">Ev\u00e4steet ovat pieni\u00e4 datatiedostoja, joita luodaan k\u00e4ytt\u00e4j\u00e4n tietokoneelle ja joiden avulla voimme seurata k\u00e4yntitiheytt\u00e4, valittua sis\u00e4lt\u00f6\u00e4 sek\u00e4 turvatekij\u00f6it\u00e4, jotka vaikuttavat p\u00e4\u00e4synhallintaan rajoitetuilla alueilla. Niit\u00e4 k\u00e4ytet\u00e4\u00e4n my\u00f6s mainonnan n\u00e4ytt\u00e4miseen INSTITUTO DE REPRODUCCION DE LA MARINA ALTA, S.L.:n m\u00e4\u00e4rittelemien kriteerien mukaisesti. N\u00e4m\u00e4 ev\u00e4steet voivat olla kyseisen yrityksen tai sellaisten kolmansien osapuolten asettamia, jotka tarjoavat palveluita INSTITUTO DE REPRODUCCION DE LA MARINA ALTA, S.L.:n lukuun.<\/p>\n<p style=\"padding-left: 40px;\" data-path-to-node=\"5\">Yleisesti ottaen ev\u00e4steet jaetaan seuraaviin tyyppeihin.<\/p>\n<p style=\"padding-left: 40px;\" data-path-to-node=\"6\"><b data-path-to-node=\"6\" data-index-in-node=\"0\">Sen mukaan, mik\u00e4 taho hallinnoi verkkotunnusta, josta ev\u00e4steet l\u00e4hetet\u00e4\u00e4n ja tietoja k\u00e4sitell\u00e4\u00e4n, voidaan erottaa kaksi tyyppi\u00e4:<\/b><\/p>\n<ul>\n<li style=\"list-style-type: none;\">\n<ul data-path-to-node=\"7\">\n<li>\n<p data-path-to-node=\"7,0,0\"><b data-path-to-node=\"7,0,0\" data-index-in-node=\"0\">Ensimm\u00e4isen osapuolen ev\u00e4steet:<\/b> Ev\u00e4steet, jotka l\u00e4hetet\u00e4\u00e4n k\u00e4ytt\u00e4j\u00e4n p\u00e4\u00e4telaitteelle julkaisijan itsens\u00e4 hallinnoimasta laitteesta tai verkkotunnuksesta, josta k\u00e4ytt\u00e4j\u00e4n pyyt\u00e4m\u00e4 palvelu tarjotaan.<\/p>\n<\/li>\n<li>\n<p data-path-to-node=\"7,1,0\"><b data-path-to-node=\"7,1,0\" data-index-in-node=\"0\">Kolmannen osapuolen ev\u00e4steet:<\/b> Ev\u00e4steet, jotka l\u00e4hetet\u00e4\u00e4n k\u00e4ytt\u00e4j\u00e4n p\u00e4\u00e4telaitteelle sellaisesta laitteesta tai verkkotunnuksesta, jota ei hallinnoi julkaisija, vaan toinen taho, joka k\u00e4sittelee ev\u00e4steiden avulla saatuja tietoja.<\/p>\n<\/li>\n<\/ul>\n<\/li>\n<\/ul>\n<p style=\"padding-left: 40px;\" data-path-to-node=\"8\">Siin\u00e4 tapauksessa, ett\u00e4 ev\u00e4steet asennetaan julkaisijan hallinnoimasta laitteesta tai verkkotunnuksesta, mutta ker\u00e4tty\u00e4 tietoa hallinnoi kolmas osapuoli, niit\u00e4 ei voida pit\u00e4\u00e4 ensimm\u00e4isen osapuolen ev\u00e4stein\u00e4.<\/p>\n<p style=\"padding-left: 40px;\" data-path-to-node=\"9\"><b data-path-to-node=\"9\" data-index-in-node=\"0\">Toinen luokittelu perustuu siihen, kuinka kauan ev\u00e4steet s\u00e4ilyv\u00e4t tallennettuina asiakkaan selaimessa:<\/b><\/p>\n<ul>\n<li style=\"list-style-type: none;\">\n<ul data-path-to-node=\"10\">\n<li>\n<p data-path-to-node=\"10,0,0\"><b data-path-to-node=\"10,0,0\" data-index-in-node=\"0\">Istuntoev\u00e4steet:<\/b> Suunniteltu ker\u00e4\u00e4m\u00e4\u00e4n ja tallentamaan tietoja samalla kun k\u00e4ytt\u00e4j\u00e4 k\u00e4ytt\u00e4\u00e4 verkkosivua. Niit\u00e4 k\u00e4ytet\u00e4\u00e4n yleens\u00e4 sellaisten tietojen tallentamiseen, joita tarvitaan vain kerrallaan k\u00e4ytt\u00e4j\u00e4n pyyt\u00e4m\u00e4n palvelun tarjoamiseen (esim. ostoslista).<\/p>\n<\/li>\n<li>\n<p data-path-to-node=\"10,1,0\"><b data-path-to-node=\"10,1,0\" data-index-in-node=\"0\">Pysyv\u00e4t ev\u00e4steet:<\/b> Tiedot s\u00e4ilyv\u00e4t tallennettuina p\u00e4\u00e4telaitteelle, ja ev\u00e4steen vastuutaho voi k\u00e4ytt\u00e4\u00e4 ja k\u00e4sitell\u00e4 niit\u00e4 m\u00e4\u00e4ritellyn ajan, joka voi vaihdella muutamasta minuutista useisiin vuosiin.<\/p>\n<\/li>\n<\/ul>\n<\/li>\n<\/ul>\n<p style=\"padding-left: 40px;\" data-path-to-node=\"11\"><b data-path-to-node=\"11\" data-index-in-node=\"0\">Lopuksi on olemassa kuuteen tyyppiin perustuva luokittelu saatujen tietojen k\u00e4ytt\u00f6tarkoituksen mukaan:<\/b><\/p>\n<ul>\n<li style=\"list-style-type: none;\">\n<ul data-path-to-node=\"12\">\n<li>\n<p data-path-to-node=\"12,0,0\"><b data-path-to-node=\"12,0,0\" data-index-in-node=\"0\">Tekniset ev\u00e4steet:<\/b> Tekniset tai v\u00e4ltt\u00e4m\u00e4tt\u00f6m\u00e4t ev\u00e4steet ovat elint\u00e4rkeit\u00e4 verkkosivustomme toiminnalle. Ne sis\u00e4lt\u00e4v\u00e4t perustoimintoja, kuten istunnon tunnistamisen tai p\u00e4\u00e4syn rekister\u00f6ityneille k\u00e4ytt\u00e4jille rajoitetuille alueille. T\u00e4st\u00e4 syyst\u00e4 teknisi\u00e4 ev\u00e4steit\u00e4 ei voi poistaa k\u00e4yt\u00f6st\u00e4.<\/p>\n<\/li>\n<li>\n<p data-path-to-node=\"12,1,0\"><b data-path-to-node=\"12,1,0\" data-index-in-node=\"0\">Mieltymysev\u00e4steet:<\/b> Mieltymysev\u00e4steiden avulla verkkosivusto voi muistaa selaamisesi aikana tietoja, jotka vaikuttavat sivuston k\u00e4ytt\u00e4ytymiseen tai ulkoasuun, kuten kielivalintasi tai alueen, jolla olet.<\/p>\n<\/li>\n<li>\n<p data-path-to-node=\"12,2,0\"><b data-path-to-node=\"12,2,0\" data-index-in-node=\"0\">Tilastoev\u00e4steet:<\/b> K\u00e4yt\u00e4mme tilastollisia ev\u00e4steit\u00e4 n\u00e4hd\u00e4ksemme, miten olet vuorovaikutuksessa verkkosivuston kanssa ker\u00e4\u00e4m\u00e4ll\u00e4 anonyymi\u00e4 tietoa selaamisesi aikana. T\u00e4m\u00e4n tiedon ker\u00e4\u00e4misen tarkoitus on parantaa verkkosivustoa analysoimalla koottuja tietoja.<\/p>\n<\/li>\n<li>\n<p data-path-to-node=\"12,3,0\"><b data-path-to-node=\"12,3,0\" data-index-in-node=\"0\">Markkinointi- ja mainosev\u00e4steet:<\/b> N\u00e4iden avulla voimme hallinnoida verkkosivustollamme, sovelluksessamme tai alustallamme olevia mainospaikkoja esimerkiksi n\u00e4ytetyn sis\u00e4ll\u00f6n tai mainosten n\u00e4ytt\u00f6tiheyden perusteella.<\/p>\n<\/li>\n<li>\n<p data-path-to-node=\"12,4,0\"><b data-path-to-node=\"12,4,0\" data-index-in-node=\"0\">Markkinointiev\u00e4steet:<\/b> Markkinointiev\u00e4steit\u00e4 k\u00e4ytet\u00e4\u00e4n selausk\u00e4ytt\u00e4ytymisesi analysointiin verkkosivustolla, jotta muut palveluntarjoajat voivat tarjota sinulle kohdennettua ja merkityksellist\u00e4 mainontaa selausprofiilisi perusteella.<\/p>\n<\/li>\n<li>\n<p data-path-to-node=\"12,5,0\"><b data-path-to-node=\"12,5,0\" data-index-in-node=\"0\">Ulkoisten sosiaalisten verkostojen ev\u00e4steet:<\/b> N\u00e4it\u00e4 k\u00e4ytet\u00e4\u00e4n, jotta k\u00e4vij\u00e4t voivat olla vuorovaikutuksessa eri sosiaalisten alustojen (Facebook, YouTube, Twitter, LinkedIn jne.) sis\u00e4ll\u00f6n kanssa. Ne luodaan ainoastaan kyseisten sosiaalisten verkostojen k\u00e4ytt\u00e4jille. N\u00e4iden ev\u00e4steiden k\u00e4ytt\u00f6ehdot ja ker\u00e4tyt tiedot m\u00e4\u00e4r\u00e4ytyv\u00e4t kyseisen sosiaalisen alustan tietosuojak\u00e4yt\u00e4nn\u00f6n mukaisesti.<\/p>\n<\/li>\n<\/ul>\n<\/li>\n<\/ul>\n<h3 data-path-to-node=\"2\">2. K\u00e4ytt\u00e4m\u00e4mme ev\u00e4steet<\/h3>\n<p style=\"padding-left: 40px;\" data-path-to-node=\"3\">INSTITUTO DE REPRODUCCION DE LA MARINA ALTA, S.L.:n verkkosivustolla k\u00e4yt\u00e4mme ev\u00e4steit\u00e4, joilla on eri toimintoja:<\/p>\n<p style=\"padding-left: 40px;\" data-path-to-node=\"4\">[wcc_category_list]<\/p>\n<p style=\"padding-left: 40px;\" data-path-to-node=\"5\"><b data-path-to-node=\"5\" data-index-in-node=\"0\">ENSIMM\u00c4ISEN OSAPUOLEN EV\u00c4STEET<\/b><\/p>\n<p style=\"padding-left: 80px;\" data-path-to-node=\"6\"><b data-path-to-node=\"6\" data-index-in-node=\"0\">Tekniset tai v\u00e4ltt\u00e4m\u00e4tt\u00f6m\u00e4t:<\/b> Tekniset tai ehdottoman v\u00e4ltt\u00e4m\u00e4tt\u00f6m\u00e4t ev\u00e4steet ovat niit\u00e4, joiden avulla k\u00e4ytt\u00e4j\u00e4 voi selata verkkosivustoa ja k\u00e4ytt\u00e4\u00e4 siell\u00e4 tarjottuja eri vaihtoehtoja tai palveluita. N\u00e4it\u00e4 ovat esimerkiksi liikenteen ja tiedonsiirron valvonta, istunnon tunnistaminen, p\u00e4\u00e4sy rajoitetuille alueille, tilaukseen kuuluvien osien muistaminen, ostoprosessin suorittaminen, maksujen hallinta, palvelun turvallisuuteen liittyvien petosten valvonta, tapahtumaan ilmoittautuminen, turvaelementtien k\u00e4ytt\u00f6 selauksen aikana, videon tai \u00e4\u00e4nen toistamiseen tarvittavan sis\u00e4ll\u00f6n tallentaminen, dynaamisen sis\u00e4ll\u00f6n mahdollistaminen (esim. tekstin tai kuvan latausanimaatio), sis\u00e4ll\u00f6n jakaminen sosiaalisessa mediassa tai k\u00e4ytt\u00f6liittym\u00e4n personointi k\u00e4ytt\u00e4j\u00e4n valintojen mukaan. T\u00e4m\u00e4n k\u00e4sittelyn oikeusperusteena on k\u00e4ytt\u00e4j\u00e4n pyyt\u00e4m\u00e4n palvelun suorittaminen ja yll\u00e4pito. N\u00e4m\u00e4 ev\u00e4steet pysyv\u00e4t aktiivisina niin kauan kuin k\u00e4ytt\u00e4j\u00e4 viipyy sivustolla.<\/p>\n<p style=\"padding-left: 80px;\" data-path-to-node=\"7\"><b data-path-to-node=\"7\" data-index-in-node=\"0\">Mieltymys- tai personointiev\u00e4steet:<\/b> Mieltymys- tai personointiev\u00e4steiden avulla voidaan muistaa tietoja, joiden perusteella k\u00e4ytt\u00e4j\u00e4 p\u00e4\u00e4see palveluun tietyill\u00e4 ominaisuuksilla, jotka voivat erottaa h\u00e4nen kokemuksensa muiden k\u00e4ytt\u00e4jien kokemuksista. T\u00e4llaisia ovat esimerkiksi kieli, hakutulosten m\u00e4\u00e4r\u00e4 haun yhteydess\u00e4, palvelun ulkoasu tai sis\u00e4lt\u00f6 riippuen selaimesta tai alueesta, jolta palveluun kirjaudutaan. N\u00e4iden ev\u00e4steiden kesto on aika, jonka k\u00e4ytt\u00e4j\u00e4 viipyy verkkosivustolla (istunto). Tiedot tallennetaan ainoastaan k\u00e4ytt\u00e4j\u00e4n selaimeen, eik\u00e4 niit\u00e4 k\u00e4ytet\u00e4 muuhun tarkoitukseen kuin k\u00e4ytt\u00e4j\u00e4n mieltymysten hallintaan. K\u00e4sittelyn oikeusperusteena on k\u00e4ytt\u00e4j\u00e4n antama nimenomainen suostumus.<\/p>\n<p style=\"padding-left: 40px;\" data-path-to-node=\"8\"><b data-path-to-node=\"8\" data-index-in-node=\"0\">KOLMANNEN OSAPUOLEN EV\u00c4STEET<\/b><\/p>\n<p style=\"padding-left: 80px;\" data-path-to-node=\"9\"><b data-path-to-node=\"9\" data-index-in-node=\"0\">Mittaus- tai analyysiev\u00e4steet:<\/b> Mittaus- tai analyysiev\u00e4steiden avulla niist\u00e4 vastaava taho voi seurata ja analysoida niihin liittyvien verkkosivustojen k\u00e4ytt\u00e4jien k\u00e4ytt\u00e4ytymist\u00e4, mukaan lukien mainosten vaikutusten kvantifiointi. T\u00e4m\u00e4ntyyppisill\u00e4 ev\u00e4steill\u00e4 ker\u00e4ttyj\u00e4 tietoja k\u00e4ytet\u00e4\u00e4n verkkosivustojen, sovellusten tai alustojen toiminnan mittaamiseen, jotta palveluun voidaan tehd\u00e4 parannuksia k\u00e4ytt\u00e4jien k\u00e4ytt\u00f6tietojen analyysin perusteella. K\u00e4sittelyn oikeusperusteena on k\u00e4ytt\u00e4j\u00e4n antama nimenomainen suostumus. Saat lis\u00e4tietoja n\u00e4ist\u00e4 ev\u00e4steist\u00e4 sek\u00e4 niiden s\u00e4ilytysajoista &#8221;Ev\u00e4stek\u00e4yt\u00e4nt\u00f6&#8221;-linkkien kautta.<\/p>\n<p style=\"padding-left: 80px;\" data-path-to-node=\"10\"><b data-path-to-node=\"10\" data-index-in-node=\"0\">Profiloiva mainonta (k\u00e4ytt\u00e4ytymiseen perustuva mainonta):<\/b> Profiloivan mainonnan ev\u00e4steet tallentavat tietoja k\u00e4ytt\u00e4jien k\u00e4ytt\u00e4ytymisest\u00e4, mik\u00e4 on saatu seuraamalla jatkuvasti heid\u00e4n selaustottumuksiaan. T\u00e4m\u00e4 mahdollistaa erityisen profiilin luomisen ja mainonnan n\u00e4ytt\u00e4misen kyseisen profiilin perusteella. K\u00e4sittelyn oikeusperusteena on k\u00e4ytt\u00e4j\u00e4n antama nimenomainen suostumus. Saat lis\u00e4tietoja n\u00e4ist\u00e4 ev\u00e4steist\u00e4 sek\u00e4 niiden s\u00e4ilytysajoista &#8221;Ev\u00e4stek\u00e4yt\u00e4nt\u00f6&#8221;-linkkien kautta.<\/p>\n<p style=\"padding-left: 80px;\" data-path-to-node=\"11\">K\u00e4yt\u00e4mme sek\u00e4 ensimm\u00e4isen ett\u00e4 kolmannen osapuolen ev\u00e4steit\u00e4. Seuraavasta taulukosta l\u00f6yd\u00e4t kaikki k\u00e4ytetyt ev\u00e4steet:<\/p>\n<p data-path-to-node=\"0\">Aqu\u00ed tienes la traducci\u00f3n de la secci\u00f3n 3 al finland\u00e9s. He adaptado los nombres de los men\u00fas y botones a las versiones oficiales de los navegadores en finland\u00e9s para que los usuarios puedan seguirlas f\u00e1cilmente.<\/p>\n<hr data-path-to-node=\"1\" \/>\n<h3 data-path-to-node=\"2\">3. Ev\u00e4steiden muuttaminen (K\u00e4yt\u00f6st\u00e4 poistaminen ja poistaminen)<\/h3>\n<p style=\"padding-left: 40px;\" data-path-to-node=\"3\"><b data-path-to-node=\"3\" data-index-in-node=\"0\">Ev\u00e4steiden hallinta ev\u00e4stebannerimme kautta:<\/b> Verkkosivustolla avautuu automaattisesti ikkuna, jossa voit p\u00e4\u00e4tt\u00e4\u00e4, hyv\u00e4ksytk\u00f6 ev\u00e4steiden asennuksen ev\u00e4stek\u00e4yt\u00e4nt\u00f6mme mukaisesti vai haluatko muokata asetuksia mieltymyksesi mukaan. Asetusten muokkausvaihtoehto on aina saatavilla sivun alareunassa, mik\u00e4li muutat mielt\u00e4si.<\/p>\n<p style=\"padding-left: 40px;\" data-path-to-node=\"4\"><b data-path-to-node=\"4\" data-index-in-node=\"0\">Ev\u00e4steiden hallinta selaimen kautta:<\/b> Useimmat selaimet mahdollistavat verkkosivuston ev\u00e4steiden tarkastelun, hallinnan, poistamisen ja est\u00e4misen. Huomioithan, ett\u00e4 jos poistat kaikki ev\u00e4steet, kaikki asettamasi mieltymykset katoavat \u2013 mukaan lukien mahdollisuus kielt\u00e4yty\u00e4 ev\u00e4steist\u00e4, sill\u00e4 t\u00e4m\u00e4 toiminto vaatii nimenomaan &#8221;kielt\u00e4ytymisev\u00e4steen&#8221; (opt-out cookie) tallentamista laitteellesi.<\/p>\n<p style=\"padding-left: 40px;\" data-path-to-node=\"5\">Alla on ohjeet ev\u00e4steiden hallintaan suosituimmissa selaimissa:<\/p>\n<h4 style=\"padding-left: 80px;\" data-path-to-node=\"6\"><b data-path-to-node=\"6\" data-index-in-node=\"0\">Google Chrome<\/b><\/h4>\n<ol>\n<li style=\"list-style-type: none;\">\n<ol>\n<li style=\"list-style-type: none;\">\n<ol start=\"1\" data-path-to-node=\"7\">\n<li>\n<p data-path-to-node=\"7,0,0\">Avaa Chrome tietokoneellasi.<\/p>\n<\/li>\n<li>\n<p data-path-to-node=\"7,1,0\">Napsauta oikeasta yl\u00e4kulmasta <b data-path-to-node=\"7,1,0\" data-index-in-node=\"30\">Lis\u00e4\u00e4<\/b> (kolme pistett\u00e4) -&gt; <b data-path-to-node=\"7,1,0\" data-index-in-node=\"56\">Asetukset<\/b>.<\/p>\n<\/li>\n<li>\n<p data-path-to-node=\"7,2,0\">Valitse <b data-path-to-node=\"7,2,0\" data-index-in-node=\"8\">Tietosuoja ja turvallisuus<\/b> ja napsauta <b data-path-to-node=\"7,2,0\" data-index-in-node=\"47\">Sivustoasetukset<\/b>.<\/p>\n<\/li>\n<li>\n<p data-path-to-node=\"7,3,0\">Napsauta <b data-path-to-node=\"7,3,0\" data-index-in-node=\"9\">Ev\u00e4steet ja sivustotiedot<\/b>.<\/p>\n<\/li>\n<li>\n<p data-path-to-node=\"7,4,0\">T\u00e4\u00e4ll\u00e4 voit valita haluamasi tason tai sallia ev\u00e4steet kohdasta &#8221;Salli kaikki ev\u00e4steet&#8221;. Lis\u00e4tietoja l\u00f6yd\u00e4t Googlen tuesta tai selaimen ohjevalikosta.<\/p>\n<\/li>\n<\/ol>\n<\/li>\n<\/ol>\n<\/li>\n<\/ol>\n<h4 style=\"padding-left: 80px;\" data-path-to-node=\"8\"><b data-path-to-node=\"8\" data-index-in-node=\"0\">Microsoft Internet Explorer<\/b><\/h4>\n<ol>\n<li style=\"list-style-type: none;\">\n<ol>\n<li style=\"list-style-type: none;\">\n<ol start=\"1\" data-path-to-node=\"9\">\n<li>\n<p data-path-to-node=\"9,0,0\">Napsauta <b data-path-to-node=\"9,0,0\" data-index-in-node=\"9\">Ty\u00f6kalut<\/b>-painiketta selaimen yl\u00e4kulmassa, valitse <b data-path-to-node=\"9,0,0\" data-index-in-node=\"59\">Internet-asetukset<\/b> ja napsauta <b data-path-to-node=\"9,0,0\" data-index-in-node=\"90\">Tietosuoja<\/b>-v\u00e4lilehte\u00e4.<\/p>\n<\/li>\n<li>\n<p data-path-to-node=\"9,1,0\">Varmista, ett\u00e4 tietosuojataso on &#8221;Keskitaso&#8221; tai alempi, mik\u00e4 sallii ev\u00e4steiden k\u00e4yt\u00f6n.<\/p>\n<\/li>\n<li>\n<p data-path-to-node=\"9,2,0\">Jos valittuna on &#8221;Keskitasoa&#8221; korkeampi taso, ev\u00e4steiden k\u00e4ytt\u00f6 estet\u00e4\u00e4n. Lis\u00e4tietoja l\u00f6yd\u00e4t Microsoftin tuesta tai selaimen ohjevalikosta.<\/p>\n<\/li>\n<\/ol>\n<\/li>\n<\/ol>\n<\/li>\n<\/ol>\n<h4 style=\"padding-left: 80px;\" data-path-to-node=\"10\"><b data-path-to-node=\"10\" data-index-in-node=\"0\">Mozilla Firefox<\/b><\/h4>\n<ol>\n<li style=\"list-style-type: none;\">\n<ol>\n<li style=\"list-style-type: none;\">\n<ol start=\"1\" data-path-to-node=\"11\">\n<li>\n<p data-path-to-node=\"11,0,0\">Napsauta selaimen valikkopainiketta ja valitse <b data-path-to-node=\"11,0,0\" data-index-in-node=\"47\">Asetukset<\/b>.<\/p>\n<\/li>\n<li>\n<p data-path-to-node=\"11,1,0\">Valitse <b data-path-to-node=\"11,1,0\" data-index-in-node=\"8\">Tietosuoja ja turvallisuus<\/b> -paneeli.<\/p>\n<\/li>\n<li>\n<p data-path-to-node=\"11,2,0\">Voit valita &#8221;Perus&#8221;, &#8221;Tiukka&#8221; tai &#8221;Mukautettu&#8221; hallitaksesi ev\u00e4steiden k\u00e4ytt\u00f6\u00e4. Lis\u00e4tietoja l\u00f6yd\u00e4t Mozillan tuesta tai selaimen ohjevalikosta.<\/p>\n<\/li>\n<\/ol>\n<\/li>\n<\/ol>\n<\/li>\n<\/ol>\n<h4 style=\"padding-left: 80px;\" data-path-to-node=\"12\"><b data-path-to-node=\"12\" data-index-in-node=\"0\">Safari<\/b><\/h4>\n<ol>\n<li style=\"list-style-type: none;\">\n<ol>\n<li style=\"list-style-type: none;\">\n<ol start=\"1\" data-path-to-node=\"13\">\n<li>\n<p data-path-to-node=\"13,0,0\">Napsauta <b data-path-to-node=\"13,0,0\" data-index-in-node=\"9\">Safari<\/b>-valikkoa ja valitse <b data-path-to-node=\"13,0,0\" data-index-in-node=\"36\">Asetukset<\/b>.<\/p>\n<\/li>\n<li>\n<p data-path-to-node=\"13,1,0\">Napsauta <b data-path-to-node=\"13,1,0\" data-index-in-node=\"9\">Tietosuoja<\/b>.<\/p>\n<\/li>\n<li>\n<p data-path-to-node=\"13,2,0\">Valitse vaihtoehto &#8221;Est\u00e4 kaikki ev\u00e4steet&#8221; tai hallitse sivustojen seurantaa kohdasta &#8221;Est\u00e4 sivustojen v\u00e4linen seuranta&#8221;.<\/p>\n<\/li>\n<li>\n<p data-path-to-node=\"13,3,0\">Asetukset tallentuvat automaattisesti. Lis\u00e4tietoja l\u00f6yd\u00e4t Applen tuesta tai selaimen ohjevalikosta.<\/p>\n<\/li>\n<\/ol>\n<\/li>\n<\/ol>\n<\/li>\n<\/ol>\n<p style=\"padding-left: 80px;\" data-path-to-node=\"14\">Voit my\u00f6s katsoa Espanjan tietosuojaviraston (AEPD) julkaisemat opasvideot t\u00e4\u00e4lt\u00e4: <a class=\"ng-star-inserted\" href=\"http:\/\/www.youtube.com\/user\/desdelaAEPD\" target=\"_blank\" rel=\"noopener\">http:\/\/www.youtube.com\/user\/desdelaAEPD<\/a><\/p>\n<h3 data-path-to-node=\"2\">4. Muutokset ev\u00e4stek\u00e4yt\u00e4nt\u00f6\u00f6n<\/h3>\n<p style=\"padding-left: 40px;\" data-path-to-node=\"3\">T\u00e4t\u00e4 tietosuojailmoitusta voidaan muokata, muuttaa tai p\u00e4ivitt\u00e4\u00e4 uusien lakis\u00e4\u00e4teisten vaatimusten mukaisesti. T\u00e4m\u00e4 asiakirja on aina p\u00e4ivitetty versio, joka on mukautettu kulloinkin voimassa oleviin vaatimuksiin.<\/p>\n<p style=\"padding-left: 40px;\" data-path-to-node=\"4\">Asianomaiset voivat k\u00e4ytt\u00e4\u00e4 oikeuttaan tarkastaa, oikaista, peruuttaa tai vastustaa tietojensa k\u00e4sittely\u00e4 ottamalla yhteytt\u00e4 seuraavaan s\u00e4hk\u00f6postiosoitteeseen: <b data-path-to-node=\"4\" data-index-in-node=\"160\">dpo@procoden.es<\/b>.<\/p>\n<h3 data-path-to-node=\"2\">5. Tietojen k\u00e4sittely ja oikeuksien k\u00e4ytt\u00e4minen<\/h3>\n<p style=\"padding-left: 40px;\" data-path-to-node=\"3\">Ev\u00e4steiden k\u00e4yt\u00f6n kautta ker\u00e4tt\u00e4vi\u00e4 henkil\u00f6tietoja k\u00e4sittelee <b data-path-to-node=\"3\" data-index-in-node=\"62\">INSTITUTO DE REPRODUCCION DE LA MARINA ALTA, S.L.<\/b>, osoite: <b data-path-to-node=\"3\" data-index-in-node=\"121\">AVDA. DOCTOR FLEMING, 47 03760 ONDARA (ALICANTE)<\/b>.<\/p>\n<p style=\"padding-left: 40px;\" data-path-to-node=\"4\">Henkil\u00f6tietojasi k\u00e4sitell\u00e4\u00e4n edell\u00e4 olevassa taulukossa kunkin ev\u00e4steen kohdalla mainittuun tarkoitukseen. N\u00e4it\u00e4 henkil\u00f6tietoja k\u00e4sitell\u00e4\u00e4n antamasi suostumuksen perusteella.<\/p>\n<p style=\"padding-left: 40px;\" data-path-to-node=\"5\">Voit k\u00e4ytt\u00e4\u00e4 oikeuttasi tietojen tarkastamiseen, oikaisemiseen, poistamiseen ja vastustamiseen, sek\u00e4 oikeuttasi k\u00e4sittelyn rajoittamiseen, oikeutta siirt\u00e4\u00e4 tiedot j\u00e4rjestelm\u00e4st\u00e4 toiseen ja oikeutta olla joutumatta automaattisen p\u00e4\u00e4t\u00f6ksenteon kohteeksi. Henkil\u00f6llisyys on todistettava henkil\u00f6kortilla tai vastaavalla asiakirjalla l\u00e4hett\u00e4m\u00e4ll\u00e4 s\u00e4hk\u00f6postia osoitteeseen <b data-path-to-node=\"5\" data-index-in-node=\"367\">dpo@procoden.es<\/b>.<\/p>\n<p style=\"padding-left: 40px;\" data-path-to-node=\"6\">Voit peruuttaa kullekin ev\u00e4stetyypille annetun suostumuksen milloin tahansa ev\u00e4steasetuspaneelimme kautta.<\/p>\n<p style=\"padding-left: 40px;\" data-path-to-node=\"7\">Mik\u00e4li katsot, ett\u00e4 <b data-path-to-node=\"7\" data-index-in-node=\"20\">INSTITUTO DE REPRODUCCION DE LA MARINA ALTA, S.L.<\/b> ei ole noudattanut jotakin edell\u00e4 mainituista oikeuksista, sinulla on oikeus tehd\u00e4 valitus Espanjan tietosuojaviranomaiselle (Agencia Espa\u00f1ola de Protecci\u00f3n de Datos).<\/p>\n<\/div>\n<\/div>\n<\/div>\n<h3 data-path-to-node=\"2\">6. Kenelle tietojasi luovutetaan<\/h3>\n<p style=\"padding-left: 40px;\" data-path-to-node=\"3\">Yleisperiaatteena on, ett\u00e4 t\u00e4m\u00e4n verkkosivuston omien ev\u00e4steiden kautta ker\u00e4ttyj\u00e4 k\u00e4ytt\u00e4j\u00e4tietoja ei luovuteta kolmansille osapuolille.<\/p>\n<p style=\"padding-left: 40px;\" data-path-to-node=\"4\">Kolmannen osapuolen ev\u00e4steiden k\u00e4yt\u00f6n vuoksi on kuitenkin mahdollista, ett\u00e4 ker\u00e4ttyj\u00e4 tietoja siirret\u00e4\u00e4n Euroopan unionin ulkopuolelle, sill\u00e4 n\u00e4m\u00e4 ev\u00e4steet voivat sijaita Euroopan talousalueen ulkopuolella.<\/p>\n<p style=\"padding-left: 40px;\" data-path-to-node=\"5\">Seuraavat ev\u00e4steet saattavat sijaita EU:n ulkopuolella:<\/p>\n<p style=\"padding-left: 80px;\" data-path-to-node=\"6\"><b data-path-to-node=\"6\" data-index-in-node=\"0\">LIS\u00c4TIETOJA HENKIL\u00d6TIETOJEN K\u00c4SITTELYST\u00c4<\/b> L\u00f6yd\u00e4t lis\u00e4tietoja henkil\u00f6tietojesi k\u00e4sittelyst\u00e4 tutustumalla <b data-path-to-node=\"6\" data-index-in-node=\"103\">Tietosuojaselosteeseemme<\/b> (Pol\u00edtica de Privacidad).<\/p>\n","protected":false},"excerpt":{"rendered":"<p>EV\u00c4STEK\u00c4YT\u00c4NT\u00d6 (COOKIES) 1. Mit\u00e4 ev\u00e4steet ovat? Ev\u00e4steet ovat pieni\u00e4 datatiedostoja, joita luodaan k\u00e4ytt\u00e4j\u00e4n tietokoneelle ja joiden avulla voimme seurata k\u00e4yntitiheytt\u00e4, valittua sis\u00e4lt\u00f6\u00e4 sek\u00e4 turvatekij\u00f6it\u00e4, jotka vaikuttavat p\u00e4\u00e4synhallintaan rajoitetuilla alueilla. Niit\u00e4 k\u00e4ytet\u00e4\u00e4n my\u00f6s mainonnan n\u00e4ytt\u00e4miseen INSTITUTO DE REPRODUCCION DE LA MARINA ALTA, S.L.:n m\u00e4\u00e4rittelemien kriteerien mukaisesti. N\u00e4m\u00e4 ev\u00e4steet voivat olla kyseisen yrityksen tai sellaisten kolmansien osapuolten [&hellip;]<\/p>\n","protected":false},"author":3,"featured_media":0,"parent":0,"menu_order":0,"comment_status":"closed","ping_status":"closed","template":"","meta":{"footnotes":""},"class_list":["post-48302","page","type-page","status-publish","hentry"],"_links":{"self":[{"href":"https:\/\/www.irema.org\/fi\/wp-json\/wp\/v2\/pages\/48302","targetHints":{"allow":["GET"]}}],"collection":[{"href":"https:\/\/www.irema.org\/fi\/wp-json\/wp\/v2\/pages"}],"about":[{"href":"https:\/\/www.irema.org\/fi\/wp-json\/wp\/v2\/types\/page"}],"author":[{"embeddable":true,"href":"https:\/\/www.irema.org\/fi\/wp-json\/wp\/v2\/users\/3"}],"replies":[{"embeddable":true,"href":"https:\/\/www.irema.org\/fi\/wp-json\/wp\/v2\/comments?post=48302"}],"version-history":[{"count":3,"href":"https:\/\/www.irema.org\/fi\/wp-json\/wp\/v2\/pages\/48302\/revisions"}],"predecessor-version":[{"id":48305,"href":"https:\/\/www.irema.org\/fi\/wp-json\/wp\/v2\/pages\/48302\/revisions\/48305"}],"wp:attachment":[{"href":"https:\/\/www.irema.org\/fi\/wp-json\/wp\/v2\/media?parent=48302"}],"curies":[{"name":"wp","href":"https:\/\/api.w.org\/{rel}","templated":true}]}}