{"id":31629,"date":"2021-12-02T13:09:12","date_gmt":"2021-12-02T12:09:12","guid":{"rendered":"https:\/\/irema.servidorbilnea.com\/?page_id=31629"},"modified":"2025-09-10T11:45:19","modified_gmt":"2025-09-10T09:45:19","slug":"installations-ondara","status":"publish","type":"page","link":"https:\/\/www.irema.org\/fr\/installations-ondara\/","title":{"rendered":"Installations de Ondara"},"content":{"rendered":"\t\t<div data-elementor-type=\"wp-page\" data-elementor-id=\"31629\" class=\"elementor elementor-31629 elementor-146\" data-elementor-post-type=\"page\">\n\t\t\t\t\t\t<section class=\"elementor-section elementor-top-section elementor-element elementor-element-e042e84 elementor-section-boxed elementor-section-height-default elementor-section-height-default\" data-id=\"e042e84\" data-element_type=\"section\" data-e-type=\"section\" data-settings=\"{&quot;jet_parallax_layout_list&quot;:[{&quot;jet_parallax_layout_image&quot;:{&quot;url&quot;:&quot;&quot;,&quot;id&quot;:&quot;&quot;,&quot;size&quot;:&quot;&quot;},&quot;_id&quot;:&quot;08a763d&quot;,&quot;jet_parallax_layout_image_tablet&quot;:{&quot;url&quot;:&quot;&quot;,&quot;id&quot;:&quot;&quot;,&quot;size&quot;:&quot;&quot;},&quot;jet_parallax_layout_image_mobile&quot;:{&quot;url&quot;:&quot;&quot;,&quot;id&quot;:&quot;&quot;,&quot;size&quot;:&quot;&quot;},&quot;jet_parallax_layout_speed&quot;:{&quot;unit&quot;:&quot;%&quot;,&quot;size&quot;:50,&quot;sizes&quot;:[]},&quot;jet_parallax_layout_type&quot;:&quot;scroll&quot;,&quot;jet_parallax_layout_direction&quot;:&quot;1&quot;,&quot;jet_parallax_layout_fx_direction&quot;:null,&quot;jet_parallax_layout_z_index&quot;:&quot;&quot;,&quot;jet_parallax_layout_bg_x&quot;:50,&quot;jet_parallax_layout_bg_x_tablet&quot;:&quot;&quot;,&quot;jet_parallax_layout_bg_x_mobile&quot;:&quot;&quot;,&quot;jet_parallax_layout_bg_y&quot;:50,&quot;jet_parallax_layout_bg_y_tablet&quot;:&quot;&quot;,&quot;jet_parallax_layout_bg_y_mobile&quot;:&quot;&quot;,&quot;jet_parallax_layout_bg_size&quot;:&quot;auto&quot;,&quot;jet_parallax_layout_bg_size_tablet&quot;:&quot;&quot;,&quot;jet_parallax_layout_bg_size_mobile&quot;:&quot;&quot;,&quot;jet_parallax_layout_animation_prop&quot;:&quot;transform&quot;,&quot;jet_parallax_layout_on&quot;:[&quot;desktop&quot;,&quot;tablet&quot;]}]}\">\n\t\t\t\t\t\t<div class=\"elementor-container elementor-column-gap-default\">\n\t\t\t\t\t<div class=\"elementor-column elementor-col-100 elementor-top-column elementor-element elementor-element-62506f1\" data-id=\"62506f1\" data-element_type=\"column\" data-e-type=\"column\">\n\t\t\t<div class=\"elementor-widget-wrap elementor-element-populated\">\n\t\t\t\t\t\t<div class=\"elementor-element elementor-element-3069357 elementor-invisible elementor-widget elementor-widget-heading\" data-id=\"3069357\" data-element_type=\"widget\" data-e-type=\"widget\" data-settings=\"{&quot;_animation&quot;:&quot;fadeIn&quot;,&quot;_animation_delay&quot;:200}\" data-widget_type=\"heading.default\">\n\t\t\t\t<div class=\"elementor-widget-container\">\n\t\t\t\t\t<h1 class=\"elementor-heading-title elementor-size-default\">Nos installations<\/h1>\t\t\t\t<\/div>\n\t\t\t\t<\/div>\n\t\t\t\t<div class=\"elementor-element elementor-element-3d6295a elementor-invisible elementor-widget elementor-widget-heading\" data-id=\"3d6295a\" data-element_type=\"widget\" data-e-type=\"widget\" data-settings=\"{&quot;_animation&quot;:&quot;fadeIn&quot;}\" data-widget_type=\"heading.default\">\n\t\t\t\t<div class=\"elementor-widget-container\">\n\t\t\t\t\t<h2 class=\"elementor-heading-title elementor-size-default\">Clinique Irema Ondara<\/h2>\t\t\t\t<\/div>\n\t\t\t\t<\/div>\n\t\t\t\t\t<\/div>\n\t\t<\/div>\n\t\t\t\t\t<\/div>\n\t\t<\/section>\n\t\t\t\t<section class=\"elementor-section elementor-top-section elementor-element elementor-element-7711c15 animated-slow elementor-section-boxed elementor-section-height-default elementor-section-height-default elementor-invisible\" data-id=\"7711c15\" data-element_type=\"section\" data-e-type=\"section\" data-settings=\"{&quot;jet_parallax_layout_list&quot;:[{&quot;jet_parallax_layout_image&quot;:{&quot;url&quot;:&quot;&quot;,&quot;id&quot;:&quot;&quot;,&quot;size&quot;:&quot;&quot;},&quot;_id&quot;:&quot;46a30a0&quot;,&quot;jet_parallax_layout_image_tablet&quot;:{&quot;url&quot;:&quot;&quot;,&quot;id&quot;:&quot;&quot;,&quot;size&quot;:&quot;&quot;},&quot;jet_parallax_layout_image_mobile&quot;:{&quot;url&quot;:&quot;&quot;,&quot;id&quot;:&quot;&quot;,&quot;size&quot;:&quot;&quot;},&quot;jet_parallax_layout_speed&quot;:{&quot;unit&quot;:&quot;%&quot;,&quot;size&quot;:50,&quot;sizes&quot;:[]},&quot;jet_parallax_layout_type&quot;:&quot;scroll&quot;,&quot;jet_parallax_layout_direction&quot;:&quot;1&quot;,&quot;jet_parallax_layout_fx_direction&quot;:null,&quot;jet_parallax_layout_z_index&quot;:&quot;&quot;,&quot;jet_parallax_layout_bg_x&quot;:50,&quot;jet_parallax_layout_bg_x_tablet&quot;:&quot;&quot;,&quot;jet_parallax_layout_bg_x_mobile&quot;:&quot;&quot;,&quot;jet_parallax_layout_bg_y&quot;:50,&quot;jet_parallax_layout_bg_y_tablet&quot;:&quot;&quot;,&quot;jet_parallax_layout_bg_y_mobile&quot;:&quot;&quot;,&quot;jet_parallax_layout_bg_size&quot;:&quot;auto&quot;,&quot;jet_parallax_layout_bg_size_tablet&quot;:&quot;&quot;,&quot;jet_parallax_layout_bg_size_mobile&quot;:&quot;&quot;,&quot;jet_parallax_layout_animation_prop&quot;:&quot;transform&quot;,&quot;jet_parallax_layout_on&quot;:[&quot;desktop&quot;,&quot;tablet&quot;]}],&quot;animation&quot;:&quot;fadeInLeft&quot;}\">\n\t\t\t\t\t\t<div class=\"elementor-container elementor-column-gap-default\">\n\t\t\t\t\t<div class=\"elementor-column elementor-col-100 elementor-top-column elementor-element elementor-element-a41acd2\" data-id=\"a41acd2\" data-element_type=\"column\" data-e-type=\"column\">\n\t\t\t<div class=\"elementor-widget-wrap elementor-element-populated\">\n\t\t\t\t\t\t<div class=\"elementor-element elementor-element-5dbbb1b elementor-widget elementor-widget-html\" data-id=\"5dbbb1b\" data-element_type=\"widget\" data-e-type=\"widget\" data-widget_type=\"html.default\">\n\t\t\t\t<div class=\"elementor-widget-container\">\n\t\t\t\t\t<iframe src=\"https:\/\/www.google.com\/maps\/embed?pb=!1m18!1m12!1m3!1d7393.161789290395!2d0.01087754491878057!3d38.822345742986776!2m3!1f0!2f0!3f0!3m2!1i1024!2i768!4f13.1!3m3!1m2!1s0xd61e2aaf48cee55%3A0xe51b647ec1e158a7!2sCl%C3%ADnica%20Irema%20Ondara%20Fertilidad%20y%20Reproducci%C3%B3n%20Asistida!5e0!3m2!1ses!2ses!4v1751442779019!5m2!1ses!2ses\" width=\"600\" height=\"450\" style=\"border:0;\" allowfullscreen=\"\" loading=\"lazy\" referrerpolicy=\"no-referrer-when-downgrade\"><\/iframe>\t\t\t\t<\/div>\n\t\t\t\t<\/div>\n\t\t\t\t\t<\/div>\n\t\t<\/div>\n\t\t\t\t\t<\/div>\n\t\t<\/section>\n\t\t\t\t<section class=\"elementor-section elementor-top-section elementor-element elementor-element-2fefdd0 elementor-section-boxed elementor-section-height-default elementor-section-height-default\" data-id=\"2fefdd0\" data-element_type=\"section\" data-e-type=\"section\" data-settings=\"{&quot;jet_parallax_layout_list&quot;:[{&quot;jet_parallax_layout_image&quot;:{&quot;url&quot;:&quot;&quot;,&quot;id&quot;:&quot;&quot;,&quot;size&quot;:&quot;&quot;},&quot;_id&quot;:&quot;4efa03f&quot;,&quot;jet_parallax_layout_image_tablet&quot;:{&quot;url&quot;:&quot;&quot;,&quot;id&quot;:&quot;&quot;,&quot;size&quot;:&quot;&quot;},&quot;jet_parallax_layout_image_mobile&quot;:{&quot;url&quot;:&quot;&quot;,&quot;id&quot;:&quot;&quot;,&quot;size&quot;:&quot;&quot;},&quot;jet_parallax_layout_speed&quot;:{&quot;unit&quot;:&quot;%&quot;,&quot;size&quot;:50,&quot;sizes&quot;:[]},&quot;jet_parallax_layout_type&quot;:&quot;scroll&quot;,&quot;jet_parallax_layout_direction&quot;:&quot;1&quot;,&quot;jet_parallax_layout_fx_direction&quot;:null,&quot;jet_parallax_layout_z_index&quot;:&quot;&quot;,&quot;jet_parallax_layout_bg_x&quot;:50,&quot;jet_parallax_layout_bg_x_tablet&quot;:&quot;&quot;,&quot;jet_parallax_layout_bg_x_mobile&quot;:&quot;&quot;,&quot;jet_parallax_layout_bg_y&quot;:50,&quot;jet_parallax_layout_bg_y_tablet&quot;:&quot;&quot;,&quot;jet_parallax_layout_bg_y_mobile&quot;:&quot;&quot;,&quot;jet_parallax_layout_bg_size&quot;:&quot;auto&quot;,&quot;jet_parallax_layout_bg_size_tablet&quot;:&quot;&quot;,&quot;jet_parallax_layout_bg_size_mobile&quot;:&quot;&quot;,&quot;jet_parallax_layout_animation_prop&quot;:&quot;transform&quot;,&quot;jet_parallax_layout_on&quot;:[&quot;desktop&quot;,&quot;tablet&quot;]}]}\">\n\t\t\t\t\t\t<div class=\"elementor-container elementor-column-gap-default\">\n\t\t\t\t\t<div class=\"elementor-column elementor-col-100 elementor-top-column elementor-element elementor-element-a39f458\" data-id=\"a39f458\" data-element_type=\"column\" data-e-type=\"column\">\n\t\t\t<div class=\"elementor-widget-wrap elementor-element-populated\">\n\t\t\t\t\t\t<div class=\"elementor-element elementor-element-9fb941e elementor-invisible elementor-widget elementor-widget-text-editor\" data-id=\"9fb941e\" data-element_type=\"widget\" data-e-type=\"widget\" data-settings=\"{&quot;_animation&quot;:&quot;fadeInUp&quot;}\" data-widget_type=\"text-editor.default\">\n\t\t\t\t<div class=\"elementor-widget-container\">\n\t\t\t\t\t\t\t\t\t<div class=\"wpb_text_column wpb_content_element \"><div class=\"wpb_wrapper\"><p>Rejoignez-nous pour d\u00e9couvrir les installations de la <b>clinique de fertilit\u00e9 Irema<\/b>. Nous sommes situ\u00e9s dans la ville d&rsquo;Alicante de Ondara, dans la r\u00e9gion de la Marina Alta. Il s&rsquo;agit d&rsquo;une enclave privil\u00e9gi\u00e9e pour son climat m\u00e9diterran\u00e9en, pr\u00e8s de la c\u00f4te, dans un village tranquille o\u00f9 vous pourrez vous d\u00e9tendre pour atteindre votre objectif de devenir m\u00e8res.<\/p><p><b>Nos installations<\/b> sont \u00e9quip\u00e9es des technologies les plus modernes appliqu\u00e9es \u00e0 la reproduction assist\u00e9e que vous pouvez trouver dans notre clinique.<\/p><p>Nous disposons de nos propres laboratoires et nous r\u00e9alisons tous les processus dans notre clinique, qui dispose de toutes les autorisations du minist\u00e8re de la Sant\u00e9 de la Communaut\u00e9 valencienne et qui est enregistr\u00e9e aupr\u00e8s du minist\u00e8re de la Sant\u00e9, conform\u00e9ment aux recommandations de la <a href=\"http:\/\/www.sefertilidad.net\/\" target=\"_blank\" rel=\"noopener\">Soci\u00e9t\u00e9 espagnole de fertilit\u00e9 (SEF)<\/a>. Vous trouverez nos r\u00e9sultats des derni\u00e8res ann\u00e9es dans leurs rapports de r\u00e9sultats.<\/p><\/div><\/div>\t\t\t\t\t\t\t\t<\/div>\n\t\t\t\t<\/div>\n\t\t\t\t<div class=\"elementor-element elementor-element-bf023df elementor-widget elementor-widget-gallery\" data-id=\"bf023df\" data-element_type=\"widget\" data-e-type=\"widget\" data-settings=\"{&quot;lazyload&quot;:&quot;yes&quot;,&quot;gallery_layout&quot;:&quot;grid&quot;,&quot;columns&quot;:4,&quot;columns_tablet&quot;:2,&quot;columns_mobile&quot;:1,&quot;gap&quot;:{&quot;unit&quot;:&quot;px&quot;,&quot;size&quot;:10,&quot;sizes&quot;:[]},&quot;gap_tablet&quot;:{&quot;unit&quot;:&quot;px&quot;,&quot;size&quot;:10,&quot;sizes&quot;:[]},&quot;gap_mobile&quot;:{&quot;unit&quot;:&quot;px&quot;,&quot;size&quot;:10,&quot;sizes&quot;:[]},&quot;link_to&quot;:&quot;file&quot;,&quot;aspect_ratio&quot;:&quot;3:2&quot;,&quot;overlay_background&quot;:&quot;yes&quot;,&quot;content_hover_animation&quot;:&quot;fade-in&quot;}\" data-widget_type=\"gallery.default\">\n\t\t\t\t<div class=\"elementor-widget-container\">\n\t\t\t\t\t\t\t<div class=\"elementor-gallery__container\">\n\t\t\t\t\t\t\t<a class=\"e-gallery-item elementor-gallery-item elementor-animated-content\" href=\"https:\/\/www.irema.org\/wp-content\/uploads\/IREMA_07-scaled.jpg\" data-elementor-open-lightbox=\"yes\" data-elementor-lightbox-slideshow=\"bf023df\" data-elementor-lightbox-title=\"Cl\u00ednica Irema Ondara\" data-e-action-hash=\"#elementor-action%3Aaction%3Dlightbox%26settings%3DeyJpZCI6NDY1NjgsInVybCI6Imh0dHBzOlwvXC93d3cuaXJlbWEub3JnXC93cC1jb250ZW50XC91cGxvYWRzXC9JUkVNQV8wNy1zY2FsZWQuanBnIiwic2xpZGVzaG93IjoiYmYwMjNkZiJ9\">\n\t\t\t\t\t<div class=\"e-gallery-image elementor-gallery-item__image\" data-thumbnail=\"https:\/\/www.irema.org\/wp-content\/uploads\/IREMA_07-200x300.jpg\" data-width=\"200\" data-height=\"300\" aria-label=\"Irema, Cl\u00ednica de Fertilidad en Ondara\" role=\"img\" ><\/div>\n\t\t\t\t\t\t\t\t\t\t\t<div class=\"elementor-gallery-item__overlay\"><\/div>\n\t\t\t\t\t\t\t\t\t\t\t\t\t\t<\/a>\n\t\t\t\t\t\t\t<a class=\"e-gallery-item elementor-gallery-item elementor-animated-content\" href=\"https:\/\/www.irema.org\/wp-content\/uploads\/IREMA_14-scaled.jpg\" data-elementor-open-lightbox=\"yes\" data-elementor-lightbox-slideshow=\"bf023df\" data-elementor-lightbox-title=\"Irema, Cl\u00ednica de Fertilidad en Ondara sala de espera\" data-e-action-hash=\"#elementor-action%3Aaction%3Dlightbox%26settings%3DeyJpZCI6NDY1NzgsInVybCI6Imh0dHBzOlwvXC93d3cuaXJlbWEub3JnXC93cC1jb250ZW50XC91cGxvYWRzXC9JUkVNQV8xNC1zY2FsZWQuanBnIiwic2xpZGVzaG93IjoiYmYwMjNkZiJ9\">\n\t\t\t\t\t<div class=\"e-gallery-image elementor-gallery-item__image\" data-thumbnail=\"https:\/\/www.irema.org\/wp-content\/uploads\/IREMA_14-200x300.jpg\" data-width=\"200\" data-height=\"300\" aria-label=\"Irema, Cl\u00ednica de Fertilidad en Ondara\" role=\"img\" ><\/div>\n\t\t\t\t\t\t\t\t\t\t\t<div class=\"elementor-gallery-item__overlay\"><\/div>\n\t\t\t\t\t\t\t\t\t\t\t\t\t\t<\/a>\n\t\t\t\t\t\t\t<a class=\"e-gallery-item elementor-gallery-item elementor-animated-content\" href=\"https:\/\/www.irema.org\/wp-content\/uploads\/IREMA_27-scaled.jpg\" data-elementor-open-lightbox=\"yes\" data-elementor-lightbox-slideshow=\"bf023df\" data-elementor-lightbox-title=\"recepci\u00f3n Irema, Cl\u00ednica de Fertilidad en Ondara\" data-e-action-hash=\"#elementor-action%3Aaction%3Dlightbox%26settings%3DeyJpZCI6NDY1ODgsInVybCI6Imh0dHBzOlwvXC93d3cuaXJlbWEub3JnXC93cC1jb250ZW50XC91cGxvYWRzXC9JUkVNQV8yNy1zY2FsZWQuanBnIiwic2xpZGVzaG93IjoiYmYwMjNkZiJ9\">\n\t\t\t\t\t<div class=\"e-gallery-image elementor-gallery-item__image\" data-thumbnail=\"https:\/\/www.irema.org\/wp-content\/uploads\/IREMA_27-200x300.jpg\" data-width=\"200\" data-height=\"300\" aria-label=\"Irema, Cl\u00ednica de Fertilidad en Ondara\" role=\"img\" ><\/div>\n\t\t\t\t\t\t\t\t\t\t\t<div class=\"elementor-gallery-item__overlay\"><\/div>\n\t\t\t\t\t\t\t\t\t\t\t\t\t\t<\/a>\n\t\t\t\t\t\t\t<a class=\"e-gallery-item elementor-gallery-item elementor-animated-content\" href=\"https:\/\/www.irema.org\/wp-content\/uploads\/IREMA_23-scaled.jpg\" data-elementor-open-lightbox=\"yes\" data-elementor-lightbox-slideshow=\"bf023df\" data-elementor-lightbox-title=\"fachada Irema, Cl\u00ednica de Fertilidad en Ondara\" data-e-action-hash=\"#elementor-action%3Aaction%3Dlightbox%26settings%3DeyJpZCI6NDY1OTgsInVybCI6Imh0dHBzOlwvXC93d3cuaXJlbWEub3JnXC93cC1jb250ZW50XC91cGxvYWRzXC9JUkVNQV8yMy1zY2FsZWQuanBnIiwic2xpZGVzaG93IjoiYmYwMjNkZiJ9\">\n\t\t\t\t\t<div class=\"e-gallery-image elementor-gallery-item__image\" data-thumbnail=\"https:\/\/www.irema.org\/wp-content\/uploads\/IREMA_23-300x200.jpg\" data-width=\"300\" data-height=\"200\" aria-label=\"Irema, Cl\u00ednica de Fertilidad en Ondara\" role=\"img\" ><\/div>\n\t\t\t\t\t\t\t\t\t\t\t<div class=\"elementor-gallery-item__overlay\"><\/div>\n\t\t\t\t\t\t\t\t\t\t\t\t\t\t<\/a>\n\t\t\t\t\t\t\t<a class=\"e-gallery-item elementor-gallery-item elementor-animated-content\" href=\"https:\/\/www.irema.org\/wp-content\/uploads\/IREMA_11-scaled.jpg\" data-elementor-open-lightbox=\"yes\" data-elementor-lightbox-slideshow=\"bf023df\" data-elementor-lightbox-title=\"personal recepci\u00f3n Irema, Cl\u00ednica de Fertilidad en Ondara\" data-e-action-hash=\"#elementor-action%3Aaction%3Dlightbox%26settings%3DeyJpZCI6NDY2MDgsInVybCI6Imh0dHBzOlwvXC93d3cuaXJlbWEub3JnXC93cC1jb250ZW50XC91cGxvYWRzXC9JUkVNQV8xMS1zY2FsZWQuanBnIiwic2xpZGVzaG93IjoiYmYwMjNkZiJ9\">\n\t\t\t\t\t<div class=\"e-gallery-image elementor-gallery-item__image\" data-thumbnail=\"https:\/\/www.irema.org\/wp-content\/uploads\/IREMA_11-300x200.jpg\" data-width=\"300\" data-height=\"200\" aria-label=\"personal Irema, Cl\u00ednica de Fertilidad en Ondara\" role=\"img\" ><\/div>\n\t\t\t\t\t\t\t\t\t\t\t<div class=\"elementor-gallery-item__overlay\"><\/div>\n\t\t\t\t\t\t\t\t\t\t\t\t\t\t<\/a>\n\t\t\t\t\t\t\t<a class=\"e-gallery-item elementor-gallery-item elementor-animated-content\" href=\"https:\/\/www.irema.org\/wp-content\/uploads\/IREMA_31-scaled.jpg\" data-elementor-open-lightbox=\"yes\" data-elementor-lightbox-slideshow=\"bf023df\" data-elementor-lightbox-title=\"laboratorio Irema, Cl\u00ednica de Fertilidad en Ondara\" data-e-action-hash=\"#elementor-action%3Aaction%3Dlightbox%26settings%3DeyJpZCI6NDY2MTgsInVybCI6Imh0dHBzOlwvXC93d3cuaXJlbWEub3JnXC93cC1jb250ZW50XC91cGxvYWRzXC9JUkVNQV8zMS1zY2FsZWQuanBnIiwic2xpZGVzaG93IjoiYmYwMjNkZiJ9\">\n\t\t\t\t\t<div class=\"e-gallery-image elementor-gallery-item__image\" data-thumbnail=\"https:\/\/www.irema.org\/wp-content\/uploads\/IREMA_31-200x300.jpg\" data-width=\"200\" data-height=\"300\" aria-label=\"laboratorio Irema, Cl\u00ednica de Fertilidad en Ondara\" role=\"img\" ><\/div>\n\t\t\t\t\t\t\t\t\t\t\t<div class=\"elementor-gallery-item__overlay\"><\/div>\n\t\t\t\t\t\t\t\t\t\t\t\t\t\t<\/a>\n\t\t\t\t\t\t\t<a class=\"e-gallery-item elementor-gallery-item elementor-animated-content\" href=\"https:\/\/www.irema.org\/wp-content\/uploads\/IREMA_40-scaled.jpg\" data-elementor-open-lightbox=\"yes\" data-elementor-lightbox-slideshow=\"bf023df\" data-elementor-lightbox-title=\"ultima tecnologia Irema, Cl\u00ednica de Fertilidad en Ondara\" data-e-action-hash=\"#elementor-action%3Aaction%3Dlightbox%26settings%3DeyJpZCI6NDY2MjgsInVybCI6Imh0dHBzOlwvXC93d3cuaXJlbWEub3JnXC93cC1jb250ZW50XC91cGxvYWRzXC9JUkVNQV80MC1zY2FsZWQuanBnIiwic2xpZGVzaG93IjoiYmYwMjNkZiJ9\">\n\t\t\t\t\t<div class=\"e-gallery-image elementor-gallery-item__image\" data-thumbnail=\"https:\/\/www.irema.org\/wp-content\/uploads\/IREMA_40-200x300.jpg\" data-width=\"200\" data-height=\"300\" aria-label=\"aparatos Irema, Cl\u00ednica de Fertilidad en Ondara\" role=\"img\" ><\/div>\n\t\t\t\t\t\t\t\t\t\t\t<div class=\"elementor-gallery-item__overlay\"><\/div>\n\t\t\t\t\t\t\t\t\t\t\t\t\t\t<\/a>\n\t\t\t\t\t\t\t<a class=\"e-gallery-item elementor-gallery-item elementor-animated-content\" href=\"https:\/\/www.irema.org\/wp-content\/uploads\/IREMA_33-scaled.jpg\" data-elementor-open-lightbox=\"yes\" data-elementor-lightbox-slideshow=\"bf023df\" data-elementor-lightbox-title=\"inseminaci\u00f3n Irema, Cl\u00ednica de Fertilidad en Ondara\" data-e-action-hash=\"#elementor-action%3Aaction%3Dlightbox%26settings%3DeyJpZCI6NDY2MzgsInVybCI6Imh0dHBzOlwvXC93d3cuaXJlbWEub3JnXC93cC1jb250ZW50XC91cGxvYWRzXC9JUkVNQV8zMy1zY2FsZWQuanBnIiwic2xpZGVzaG93IjoiYmYwMjNkZiJ9\">\n\t\t\t\t\t<div class=\"e-gallery-image elementor-gallery-item__image\" data-thumbnail=\"https:\/\/www.irema.org\/wp-content\/uploads\/IREMA_33-200x300.jpg\" data-width=\"200\" data-height=\"300\" aria-label=\"inseminaci\u00f3n Irema, Cl\u00ednica de Fertilidad en Ondara\" role=\"img\" ><\/div>\n\t\t\t\t\t\t\t\t\t\t\t<div class=\"elementor-gallery-item__overlay\"><\/div>\n\t\t\t\t\t\t\t\t\t\t\t\t\t\t<\/a>\n\t\t\t\t\t\t\t<a class=\"e-gallery-item elementor-gallery-item elementor-animated-content\" href=\"https:\/\/www.irema.org\/wp-content\/uploads\/IREMA_53-scaled.jpg\" data-elementor-open-lightbox=\"yes\" data-elementor-lightbox-slideshow=\"bf023df\" data-elementor-lightbox-title=\"consulta Irema, Cl\u00ednica de Fertilidad en Ondara\" data-e-action-hash=\"#elementor-action%3Aaction%3Dlightbox%26settings%3DeyJpZCI6NDY2NDgsInVybCI6Imh0dHBzOlwvXC93d3cuaXJlbWEub3JnXC93cC1jb250ZW50XC91cGxvYWRzXC9JUkVNQV81My1zY2FsZWQuanBnIiwic2xpZGVzaG93IjoiYmYwMjNkZiJ9\">\n\t\t\t\t\t<div class=\"e-gallery-image elementor-gallery-item__image\" data-thumbnail=\"https:\/\/www.irema.org\/wp-content\/uploads\/IREMA_53-200x300.jpg\" data-width=\"200\" data-height=\"300\" aria-label=\"consulta Irema, Cl\u00ednica de Fertilidad en Ondara\" role=\"img\" ><\/div>\n\t\t\t\t\t\t\t\t\t\t\t<div class=\"elementor-gallery-item__overlay\"><\/div>\n\t\t\t\t\t\t\t\t\t\t\t\t\t\t<\/a>\n\t\t\t\t\t\t\t<a class=\"e-gallery-item elementor-gallery-item elementor-animated-content\" href=\"https:\/\/www.irema.org\/wp-content\/uploads\/IREMA_38-scaled.jpg\" data-elementor-open-lightbox=\"yes\" data-elementor-lightbox-slideshow=\"bf023df\" data-elementor-lightbox-title=\"microscopio Irema, Cl\u00ednica de Fertilidad en Ondara\" data-e-action-hash=\"#elementor-action%3Aaction%3Dlightbox%26settings%3DeyJpZCI6NDY2NTgsInVybCI6Imh0dHBzOlwvXC93d3cuaXJlbWEub3JnXC93cC1jb250ZW50XC91cGxvYWRzXC9JUkVNQV8zOC1zY2FsZWQuanBnIiwic2xpZGVzaG93IjoiYmYwMjNkZiJ9\">\n\t\t\t\t\t<div class=\"e-gallery-image elementor-gallery-item__image\" data-thumbnail=\"https:\/\/www.irema.org\/wp-content\/uploads\/IREMA_38-300x200.jpg\" data-width=\"300\" data-height=\"200\" aria-label=\"miscoscopio Irema, Cl\u00ednica de Fertilidad en Ondara\" role=\"img\" ><\/div>\n\t\t\t\t\t\t\t\t\t\t\t<div class=\"elementor-gallery-item__overlay\"><\/div>\n\t\t\t\t\t\t\t\t\t\t\t\t\t\t<\/a>\n\t\t\t\t\t\t\t<a class=\"e-gallery-item elementor-gallery-item elementor-animated-content\" href=\"https:\/\/www.irema.org\/wp-content\/uploads\/IREMA_36-scaled.jpg\" data-elementor-open-lightbox=\"yes\" data-elementor-lightbox-slideshow=\"bf023df\" data-elementor-lightbox-title=\"taller Irema, Cl\u00ednica de Fertilidad en Ondara\" data-e-action-hash=\"#elementor-action%3Aaction%3Dlightbox%26settings%3DeyJpZCI6NDY2NjgsInVybCI6Imh0dHBzOlwvXC93d3cuaXJlbWEub3JnXC93cC1jb250ZW50XC91cGxvYWRzXC9JUkVNQV8zNi1zY2FsZWQuanBnIiwic2xpZGVzaG93IjoiYmYwMjNkZiJ9\">\n\t\t\t\t\t<div class=\"e-gallery-image elementor-gallery-item__image\" data-thumbnail=\"https:\/\/www.irema.org\/wp-content\/uploads\/IREMA_36-200x300.jpg\" data-width=\"200\" data-height=\"300\" aria-label=\"taller Irema, Cl\u00ednica de Fertilidad en Ondara\" role=\"img\" ><\/div>\n\t\t\t\t\t\t\t\t\t\t\t<div class=\"elementor-gallery-item__overlay\"><\/div>\n\t\t\t\t\t\t\t\t\t\t\t\t\t\t<\/a>\n\t\t\t\t\t\t\t<a class=\"e-gallery-item elementor-gallery-item elementor-animated-content\" href=\"https:\/\/www.irema.org\/wp-content\/uploads\/IREMA_41-scaled.jpg\" data-elementor-open-lightbox=\"yes\" data-elementor-lightbox-slideshow=\"bf023df\" data-elementor-lightbox-title=\"ecograf\u00eda Irema, Cl\u00ednica de Fertilidad en Ondara\" data-e-action-hash=\"#elementor-action%3Aaction%3Dlightbox%26settings%3DeyJpZCI6NDY2NzgsInVybCI6Imh0dHBzOlwvXC93d3cuaXJlbWEub3JnXC93cC1jb250ZW50XC91cGxvYWRzXC9JUkVNQV80MS1zY2FsZWQuanBnIiwic2xpZGVzaG93IjoiYmYwMjNkZiJ9\">\n\t\t\t\t\t<div class=\"e-gallery-image elementor-gallery-item__image\" data-thumbnail=\"https:\/\/www.irema.org\/wp-content\/uploads\/IREMA_41-200x300.jpg\" data-width=\"200\" data-height=\"300\" aria-label=\"ecograf\u00eda Irema, Cl\u00ednica de Fertilidad en Ondara\" role=\"img\" ><\/div>\n\t\t\t\t\t\t\t\t\t\t\t<div class=\"elementor-gallery-item__overlay\"><\/div>\n\t\t\t\t\t\t\t\t\t\t\t\t\t\t<\/a>\n\t\t\t\t\t\t\t<a class=\"e-gallery-item elementor-gallery-item elementor-animated-content\" href=\"https:\/\/www.irema.org\/wp-content\/uploads\/IREMA_50-scaled.jpg\" data-elementor-open-lightbox=\"yes\" data-elementor-lightbox-slideshow=\"bf023df\" data-elementor-lightbox-title=\"habitaci\u00f3n Irema, Cl\u00ednica de Fertilidad en Ondara\" data-e-action-hash=\"#elementor-action%3Aaction%3Dlightbox%26settings%3DeyJpZCI6NDY2ODgsInVybCI6Imh0dHBzOlwvXC93d3cuaXJlbWEub3JnXC93cC1jb250ZW50XC91cGxvYWRzXC9JUkVNQV81MC1zY2FsZWQuanBnIiwic2xpZGVzaG93IjoiYmYwMjNkZiJ9\">\n\t\t\t\t\t<div class=\"e-gallery-image elementor-gallery-item__image\" data-thumbnail=\"https:\/\/www.irema.org\/wp-content\/uploads\/IREMA_50-300x200.jpg\" data-width=\"300\" data-height=\"200\" aria-label=\"habitaci\u00f3n Irema, Cl\u00ednica de Fertilidad en Ondara\" role=\"img\" ><\/div>\n\t\t\t\t\t\t\t\t\t\t\t<div class=\"elementor-gallery-item__overlay\"><\/div>\n\t\t\t\t\t\t\t\t\t\t\t\t\t\t<\/a>\n\t\t\t\t\t\t\t<a class=\"e-gallery-item elementor-gallery-item elementor-animated-content\" href=\"https:\/\/www.irema.org\/wp-content\/uploads\/IREMA_43-scaled.jpg\" data-elementor-open-lightbox=\"yes\" data-elementor-lightbox-slideshow=\"bf023df\" data-elementor-lightbox-title=\"sala ecografo Irema, Cl\u00ednica de Fertilidad en Ondara\" data-e-action-hash=\"#elementor-action%3Aaction%3Dlightbox%26settings%3DeyJpZCI6NDY2OTgsInVybCI6Imh0dHBzOlwvXC93d3cuaXJlbWEub3JnXC93cC1jb250ZW50XC91cGxvYWRzXC9JUkVNQV80My1zY2FsZWQuanBnIiwic2xpZGVzaG93IjoiYmYwMjNkZiJ9\">\n\t\t\t\t\t<div class=\"e-gallery-image elementor-gallery-item__image\" data-thumbnail=\"https:\/\/www.irema.org\/wp-content\/uploads\/IREMA_43-300x200.jpg\" data-width=\"300\" data-height=\"200\" aria-label=\"sala ecograf\u00eda Irema, Cl\u00ednica de Fertilidad en Ondara\" role=\"img\" ><\/div>\n\t\t\t\t\t\t\t\t\t\t\t<div class=\"elementor-gallery-item__overlay\"><\/div>\n\t\t\t\t\t\t\t\t\t\t\t\t\t\t<\/a>\n\t\t\t\t\t\t\t<a class=\"e-gallery-item elementor-gallery-item elementor-animated-content\" href=\"https:\/\/www.irema.org\/wp-content\/uploads\/IREMA_45-scaled.jpg\" data-elementor-open-lightbox=\"yes\" data-elementor-lightbox-slideshow=\"bf023df\" data-elementor-lightbox-title=\"consulta ec\u00f3grafo Irema, Cl\u00ednica de Fertilidad en Ondara\" data-e-action-hash=\"#elementor-action%3Aaction%3Dlightbox%26settings%3DeyJpZCI6NDY3MDgsInVybCI6Imh0dHBzOlwvXC93d3cuaXJlbWEub3JnXC93cC1jb250ZW50XC91cGxvYWRzXC9JUkVNQV80NS1zY2FsZWQuanBnIiwic2xpZGVzaG93IjoiYmYwMjNkZiJ9\">\n\t\t\t\t\t<div class=\"e-gallery-image elementor-gallery-item__image\" data-thumbnail=\"https:\/\/www.irema.org\/wp-content\/uploads\/IREMA_45-200x300.jpg\" data-width=\"200\" data-height=\"300\" aria-label=\"consulta ecografia Irema, Cl\u00ednica de Fertilidad en Ondara\" role=\"img\" ><\/div>\n\t\t\t\t\t\t\t\t\t\t\t<div class=\"elementor-gallery-item__overlay\"><\/div>\n\t\t\t\t\t\t\t\t\t\t\t\t\t\t<\/a>\n\t\t\t\t\t<\/div>\n\t\t\t\t\t<\/div>\n\t\t\t\t<\/div>\n\t\t\t\t\t<\/div>\n\t\t<\/div>\n\t\t\t\t\t<\/div>\n\t\t<\/section>\n\t\t\t\t<\/div>\n\t\t","protected":false},"excerpt":{"rendered":"<p>Nos installations Clinique Irema Ondara Rejoignez-nous pour d\u00e9couvrir les installations de la clinique de fertilit\u00e9 Irema. Nous sommes situ\u00e9s dans la ville d&rsquo;Alicante de Ondara, dans la r\u00e9gion de la Marina Alta. Il s&rsquo;agit d&rsquo;une enclave privil\u00e9gi\u00e9e pour son climat m\u00e9diterran\u00e9en, pr\u00e8s de la c\u00f4te, dans un village tranquille o\u00f9 vous pourrez vous d\u00e9tendre pour [&hellip;]<\/p>\n","protected":false},"author":3,"featured_media":30780,"parent":0,"menu_order":0,"comment_status":"closed","ping_status":"closed","template":"elementor_header_footer","meta":{"footnotes":""},"class_list":["post-31629","page","type-page","status-publish","has-post-thumbnail","hentry"],"_links":{"self":[{"href":"https:\/\/www.irema.org\/fr\/wp-json\/wp\/v2\/pages\/31629","targetHints":{"allow":["GET"]}}],"collection":[{"href":"https:\/\/www.irema.org\/fr\/wp-json\/wp\/v2\/pages"}],"about":[{"href":"https:\/\/www.irema.org\/fr\/wp-json\/wp\/v2\/types\/page"}],"author":[{"embeddable":true,"href":"https:\/\/www.irema.org\/fr\/wp-json\/wp\/v2\/users\/3"}],"replies":[{"embeddable":true,"href":"https:\/\/www.irema.org\/fr\/wp-json\/wp\/v2\/comments?post=31629"}],"version-history":[{"count":0,"href":"https:\/\/www.irema.org\/fr\/wp-json\/wp\/v2\/pages\/31629\/revisions"}],"wp:featuredmedia":[{"embeddable":true,"href":"https:\/\/www.irema.org\/fr\/wp-json\/wp\/v2\/media\/30780"}],"wp:attachment":[{"href":"https:\/\/www.irema.org\/fr\/wp-json\/wp\/v2\/media?parent=31629"}],"curies":[{"name":"wp","href":"https:\/\/api.w.org\/{rel}","templated":true}]}}