{"id":32164,"date":"2021-11-22T18:08:11","date_gmt":"2021-11-22T17:08:11","guid":{"rendered":"https:\/\/irema.servidorbilnea.com\/?page_id=32164"},"modified":"2026-01-29T17:46:24","modified_gmt":"2026-01-29T16:46:24","slug":"avis-juridique","status":"publish","type":"page","link":"https:\/\/www.irema.org\/fr\/avis-juridique\/","title":{"rendered":"Avis juridique"},"content":{"rendered":"\t\t<div data-elementor-type=\"wp-page\" data-elementor-id=\"32164\" class=\"elementor elementor-32164 elementor-13\" data-elementor-post-type=\"page\">\n\t\t\t\t\t\t<section class=\"elementor-section elementor-top-section elementor-element elementor-element-6bc92868 elementor-section-boxed elementor-section-height-default elementor-section-height-default\" data-id=\"6bc92868\" data-element_type=\"section\" data-e-type=\"section\" data-settings=\"{&quot;jet_parallax_layout_list&quot;:[{&quot;jet_parallax_layout_image&quot;:{&quot;url&quot;:&quot;&quot;,&quot;id&quot;:&quot;&quot;,&quot;size&quot;:&quot;&quot;},&quot;_id&quot;:&quot;e526f0c&quot;,&quot;jet_parallax_layout_image_tablet&quot;:{&quot;url&quot;:&quot;&quot;,&quot;id&quot;:&quot;&quot;,&quot;size&quot;:&quot;&quot;},&quot;jet_parallax_layout_image_mobile&quot;:{&quot;url&quot;:&quot;&quot;,&quot;id&quot;:&quot;&quot;,&quot;size&quot;:&quot;&quot;},&quot;jet_parallax_layout_speed&quot;:{&quot;unit&quot;:&quot;%&quot;,&quot;size&quot;:50,&quot;sizes&quot;:[]},&quot;jet_parallax_layout_type&quot;:&quot;scroll&quot;,&quot;jet_parallax_layout_direction&quot;:&quot;1&quot;,&quot;jet_parallax_layout_fx_direction&quot;:null,&quot;jet_parallax_layout_z_index&quot;:&quot;&quot;,&quot;jet_parallax_layout_bg_x&quot;:50,&quot;jet_parallax_layout_bg_x_tablet&quot;:&quot;&quot;,&quot;jet_parallax_layout_bg_x_mobile&quot;:&quot;&quot;,&quot;jet_parallax_layout_bg_y&quot;:50,&quot;jet_parallax_layout_bg_y_tablet&quot;:&quot;&quot;,&quot;jet_parallax_layout_bg_y_mobile&quot;:&quot;&quot;,&quot;jet_parallax_layout_bg_size&quot;:&quot;auto&quot;,&quot;jet_parallax_layout_bg_size_tablet&quot;:&quot;&quot;,&quot;jet_parallax_layout_bg_size_mobile&quot;:&quot;&quot;,&quot;jet_parallax_layout_animation_prop&quot;:&quot;transform&quot;,&quot;jet_parallax_layout_on&quot;:[&quot;desktop&quot;,&quot;tablet&quot;]}]}\">\n\t\t\t\t\t\t<div class=\"elementor-container elementor-column-gap-default\">\n\t\t\t\t\t<div class=\"elementor-column elementor-col-100 elementor-top-column elementor-element elementor-element-4ffea3b0\" data-id=\"4ffea3b0\" data-element_type=\"column\" data-e-type=\"column\">\n\t\t\t<div class=\"elementor-widget-wrap elementor-element-populated\">\n\t\t\t\t\t\t<div class=\"elementor-element elementor-element-4b16c960 elementor-widget elementor-widget-text-editor\" data-id=\"4b16c960\" data-element_type=\"widget\" data-e-type=\"widget\" data-widget_type=\"text-editor.default\">\n\t\t\t\t<div class=\"elementor-widget-container\">\n\t\t\t\t\t\t\t\t\t<h1 style=\"text-align: center;\">AVIS JURIDIQUE<\/h1><p>Conform\u00e9ment \u00e0 l&rsquo;article 10 de la loi 34\/2002, du 11 juillet, sur les services de la soci\u00e9t\u00e9 de l&rsquo;information et le commerce \u00e9lectronique, nous vous informons que le responsable de ce site web est :<\/p><p><strong>IDENTIT\u00c9 :<\/strong> \u00ab\u00a0INSTITUTO DE REPRODUCCION DE LA MARINA ALTA, S.L.\u00a0\u00bb.<\/p><p> <strong> C.I.F. \/ N.I.F. :<\/strong> B53951745<\/p><p><strong>ADRESSE :<\/strong> AVDA. DOCTOR FLEMING, 47, 03760 ONDARA (ALICANTE) <\/p><p> <strong> T\u00c9L\u00c9PHONE :<\/strong> 966477265<\/p><p><strong>E-MAIL :<\/strong> contactar@irema.org<\/p><p> <strong> DONN\u00c9ES D&rsquo;ENREGISTREMENT :<\/strong> Registre du commerce de la province d&rsquo;ALICANTE, volume 2879, livre 0, folio 59, page A-89169, 1\u00e8re entr\u00e9e.<\/p><p> <strong> AUTORISATION ADMINISTRATIVE :<\/strong> Certificat d&rsquo;inscription au Registre autonome des centres, services et \u00e9tablissements de sant\u00e9 de la Communaut\u00e9 valencienne sous le num\u00e9ro 6206.<\/p>\t\t\t\t\t\t\t\t<\/div>\n\t\t\t\t<\/div>\n\t\t\t\t\t<\/div>\n\t\t<\/div>\n\t\t\t\t\t<\/div>\n\t\t<\/section>\n\t\t\t\t<\/div>\n\t\t","protected":false},"excerpt":{"rendered":"<p>AVIS JURIDIQUE Conform\u00e9ment \u00e0 l&rsquo;article 10 de la loi 34\/2002, du 11 juillet, sur les services de la soci\u00e9t\u00e9 de l&rsquo;information et le commerce \u00e9lectronique, nous vous informons que le responsable de ce site web est : IDENTIT\u00c9 : \u00ab\u00a0INSTITUTO DE REPRODUCCION DE LA MARINA ALTA, S.L.\u00a0\u00bb. C.I.F. \/ N.I.F. : B53951745 ADRESSE : AVDA. [&hellip;]<\/p>\n","protected":false},"author":3,"featured_media":0,"parent":0,"menu_order":0,"comment_status":"closed","ping_status":"closed","template":"","meta":{"footnotes":""},"class_list":["post-32164","page","type-page","status-publish","hentry"],"_links":{"self":[{"href":"https:\/\/www.irema.org\/fr\/wp-json\/wp\/v2\/pages\/32164","targetHints":{"allow":["GET"]}}],"collection":[{"href":"https:\/\/www.irema.org\/fr\/wp-json\/wp\/v2\/pages"}],"about":[{"href":"https:\/\/www.irema.org\/fr\/wp-json\/wp\/v2\/types\/page"}],"author":[{"embeddable":true,"href":"https:\/\/www.irema.org\/fr\/wp-json\/wp\/v2\/users\/3"}],"replies":[{"embeddable":true,"href":"https:\/\/www.irema.org\/fr\/wp-json\/wp\/v2\/comments?post=32164"}],"version-history":[{"count":4,"href":"https:\/\/www.irema.org\/fr\/wp-json\/wp\/v2\/pages\/32164\/revisions"}],"predecessor-version":[{"id":48197,"href":"https:\/\/www.irema.org\/fr\/wp-json\/wp\/v2\/pages\/32164\/revisions\/48197"}],"wp:attachment":[{"href":"https:\/\/www.irema.org\/fr\/wp-json\/wp\/v2\/media?parent=32164"}],"curies":[{"name":"wp","href":"https:\/\/api.w.org\/{rel}","templated":true}]}}