{"id":32684,"date":"2021-12-02T13:16:50","date_gmt":"2021-12-02T12:16:50","guid":{"rendered":"https:\/\/irema.servidorbilnea.com\/?page_id=32684"},"modified":"2022-03-28T13:04:07","modified_gmt":"2022-03-28T11:04:07","slug":"seminogramme","status":"publish","type":"page","link":"https:\/\/www.irema.org\/fr\/tests-de-diagnostic\/seminogramme\/","title":{"rendered":"S\u00e9minogramme"},"content":{"rendered":"\t\t<div data-elementor-type=\"wp-page\" data-elementor-id=\"32684\" class=\"elementor elementor-32684 elementor-186\" data-elementor-post-type=\"page\">\n\t\t\t\t\t\t<section class=\"elementor-section elementor-top-section elementor-element elementor-element-7456d66 elementor-section-boxed elementor-section-height-default elementor-section-height-default\" data-id=\"7456d66\" data-element_type=\"section\" data-e-type=\"section\" data-settings=\"{&quot;jet_parallax_layout_list&quot;:[{&quot;jet_parallax_layout_image&quot;:{&quot;url&quot;:&quot;&quot;,&quot;id&quot;:&quot;&quot;,&quot;size&quot;:&quot;&quot;},&quot;_id&quot;:&quot;cf33a8f&quot;,&quot;jet_parallax_layout_image_tablet&quot;:{&quot;url&quot;:&quot;&quot;,&quot;id&quot;:&quot;&quot;,&quot;size&quot;:&quot;&quot;},&quot;jet_parallax_layout_image_mobile&quot;:{&quot;url&quot;:&quot;&quot;,&quot;id&quot;:&quot;&quot;,&quot;size&quot;:&quot;&quot;},&quot;jet_parallax_layout_speed&quot;:{&quot;unit&quot;:&quot;%&quot;,&quot;size&quot;:50,&quot;sizes&quot;:[]},&quot;jet_parallax_layout_type&quot;:&quot;scroll&quot;,&quot;jet_parallax_layout_direction&quot;:&quot;1&quot;,&quot;jet_parallax_layout_fx_direction&quot;:null,&quot;jet_parallax_layout_z_index&quot;:&quot;&quot;,&quot;jet_parallax_layout_bg_x&quot;:50,&quot;jet_parallax_layout_bg_x_tablet&quot;:&quot;&quot;,&quot;jet_parallax_layout_bg_x_mobile&quot;:&quot;&quot;,&quot;jet_parallax_layout_bg_y&quot;:50,&quot;jet_parallax_layout_bg_y_tablet&quot;:&quot;&quot;,&quot;jet_parallax_layout_bg_y_mobile&quot;:&quot;&quot;,&quot;jet_parallax_layout_bg_size&quot;:&quot;auto&quot;,&quot;jet_parallax_layout_bg_size_tablet&quot;:&quot;&quot;,&quot;jet_parallax_layout_bg_size_mobile&quot;:&quot;&quot;,&quot;jet_parallax_layout_animation_prop&quot;:&quot;transform&quot;,&quot;jet_parallax_layout_on&quot;:[&quot;desktop&quot;,&quot;tablet&quot;]}]}\">\n\t\t\t\t\t\t<div class=\"elementor-container elementor-column-gap-default\">\n\t\t\t\t\t<div class=\"elementor-column elementor-col-100 elementor-top-column elementor-element elementor-element-378dde4\" data-id=\"378dde4\" data-element_type=\"column\" data-e-type=\"column\">\n\t\t\t<div class=\"elementor-widget-wrap elementor-element-populated\">\n\t\t\t\t\t\t<div class=\"elementor-element elementor-element-69b5e85 elementor-invisible elementor-widget elementor-widget-heading\" data-id=\"69b5e85\" data-element_type=\"widget\" data-e-type=\"widget\" data-settings=\"{&quot;_animation&quot;:&quot;fadeIn&quot;}\" data-widget_type=\"heading.default\">\n\t\t\t\t<div class=\"elementor-widget-container\">\n\t\t\t\t\t<h1 class=\"elementor-heading-title elementor-size-default\">Qu'est-ce qu'un s\u00e9minogramme ou un spermogramme ?<\/h1>\t\t\t\t<\/div>\n\t\t\t\t<\/div>\n\t\t\t\t\t<\/div>\n\t\t<\/div>\n\t\t\t\t\t<\/div>\n\t\t<\/section>\n\t\t\t\t<section class=\"elementor-section elementor-top-section elementor-element elementor-element-0351af9 elementor-section-boxed elementor-section-height-default elementor-section-height-default\" data-id=\"0351af9\" data-element_type=\"section\" data-e-type=\"section\" data-settings=\"{&quot;jet_parallax_layout_list&quot;:[{&quot;jet_parallax_layout_image&quot;:{&quot;url&quot;:&quot;&quot;,&quot;id&quot;:&quot;&quot;,&quot;size&quot;:&quot;&quot;},&quot;_id&quot;:&quot;2761ba2&quot;,&quot;jet_parallax_layout_image_tablet&quot;:{&quot;url&quot;:&quot;&quot;,&quot;id&quot;:&quot;&quot;,&quot;size&quot;:&quot;&quot;},&quot;jet_parallax_layout_image_mobile&quot;:{&quot;url&quot;:&quot;&quot;,&quot;id&quot;:&quot;&quot;,&quot;size&quot;:&quot;&quot;},&quot;jet_parallax_layout_speed&quot;:{&quot;unit&quot;:&quot;%&quot;,&quot;size&quot;:50,&quot;sizes&quot;:[]},&quot;jet_parallax_layout_type&quot;:&quot;scroll&quot;,&quot;jet_parallax_layout_direction&quot;:&quot;1&quot;,&quot;jet_parallax_layout_fx_direction&quot;:null,&quot;jet_parallax_layout_z_index&quot;:&quot;&quot;,&quot;jet_parallax_layout_bg_x&quot;:50,&quot;jet_parallax_layout_bg_x_tablet&quot;:&quot;&quot;,&quot;jet_parallax_layout_bg_x_mobile&quot;:&quot;&quot;,&quot;jet_parallax_layout_bg_y&quot;:50,&quot;jet_parallax_layout_bg_y_tablet&quot;:&quot;&quot;,&quot;jet_parallax_layout_bg_y_mobile&quot;:&quot;&quot;,&quot;jet_parallax_layout_bg_size&quot;:&quot;auto&quot;,&quot;jet_parallax_layout_bg_size_tablet&quot;:&quot;&quot;,&quot;jet_parallax_layout_bg_size_mobile&quot;:&quot;&quot;,&quot;jet_parallax_layout_animation_prop&quot;:&quot;transform&quot;,&quot;jet_parallax_layout_on&quot;:[&quot;desktop&quot;,&quot;tablet&quot;]}]}\">\n\t\t\t\t\t\t<div class=\"elementor-container elementor-column-gap-default\">\n\t\t\t\t\t<div class=\"elementor-column elementor-col-33 elementor-top-column elementor-element elementor-element-dc8586f\" data-id=\"dc8586f\" data-element_type=\"column\" data-e-type=\"column\">\n\t\t\t<div class=\"elementor-widget-wrap elementor-element-populated\">\n\t\t\t\t\t\t<div class=\"elementor-element elementor-element-fa46004 elementor-invisible elementor-widget elementor-widget-image\" data-id=\"fa46004\" data-element_type=\"widget\" data-e-type=\"widget\" data-settings=\"{&quot;_animation&quot;:&quot;fadeInLeft&quot;}\" data-widget_type=\"image.default\">\n\t\t\t\t<div class=\"elementor-widget-container\">\n\t\t\t\t\t\t\t\t\t\t\t\t\t\t\t<img fetchpriority=\"high\" decoding=\"async\" width=\"600\" height=\"600\" src=\"https:\/\/www.irema.org\/wp-content\/uploads\/esperma.jpeg\" class=\"attachment-large size-large wp-image-32685\" alt=\"- Irema\" srcset=\"https:\/\/www.irema.org\/wp-content\/uploads\/esperma.jpeg 600w, https:\/\/www.irema.org\/wp-content\/uploads\/esperma-300x300.jpeg 300w, https:\/\/www.irema.org\/wp-content\/uploads\/esperma-150x150.jpeg 150w, https:\/\/www.irema.org\/wp-content\/uploads\/esperma-230x230.jpeg 230w, https:\/\/www.irema.org\/wp-content\/uploads\/esperma-400x400.jpeg 400w\" sizes=\"(max-width: 600px) 100vw, 600px\" title=\"- Irema\">\t\t\t\t\t\t\t\t\t\t\t\t\t\t\t<\/div>\n\t\t\t\t<\/div>\n\t\t\t\t\t<\/div>\n\t\t<\/div>\n\t\t\t\t<div class=\"elementor-column elementor-col-66 elementor-top-column elementor-element elementor-element-4c453ed\" data-id=\"4c453ed\" data-element_type=\"column\" data-e-type=\"column\">\n\t\t\t<div class=\"elementor-widget-wrap elementor-element-populated\">\n\t\t\t\t\t\t<div class=\"elementor-element elementor-element-7307d72 elementor-widget elementor-widget-text-editor\" data-id=\"7307d72\" data-element_type=\"widget\" data-e-type=\"widget\" data-widget_type=\"text-editor.default\">\n\t\t\t\t<div class=\"elementor-widget-container\">\n\t\t\t\t\t\t\t\t\t<p>L\u2019analyse de sperme est l\u2019\u00e9tude d\u2019un \u00e9chantillon de sperme. C\u2019est l\u2019\u00e9tude la plus importante pour \u00e9valuer la fertilit\u00e9 masculine. Elle est effectu\u00e9e au microscope. Des param\u00e8tres sont analys\u00e9s comme le pH, le volume, la liqu\u00e9faction, la viscosit\u00e9, le d\u00e9compte des spermatozo\u00efdes, la motilit\u00e9, la viabilit\u00e9 et la morphologie.<\/p><p>De plus, le sperme subit un \u201clavage\u201d , pour nous permettre de connaitre le nombre de spermatozo\u00efdes qui survivent apr\u00e8s traitement de l\u2019\u00e9chantillon.<\/p>\t\t\t\t\t\t\t\t<\/div>\n\t\t\t\t<\/div>\n\t\t\t\t\t<\/div>\n\t\t<\/div>\n\t\t\t\t\t<\/div>\n\t\t<\/section>\n\t\t\t\t<section class=\"elementor-section elementor-top-section elementor-element elementor-element-3b1996a elementor-section-boxed elementor-section-height-default elementor-section-height-default\" data-id=\"3b1996a\" data-element_type=\"section\" data-e-type=\"section\" data-settings=\"{&quot;jet_parallax_layout_list&quot;:[{&quot;jet_parallax_layout_image&quot;:{&quot;url&quot;:&quot;&quot;,&quot;id&quot;:&quot;&quot;,&quot;size&quot;:&quot;&quot;},&quot;_id&quot;:&quot;2761ba2&quot;,&quot;jet_parallax_layout_image_tablet&quot;:{&quot;url&quot;:&quot;&quot;,&quot;id&quot;:&quot;&quot;,&quot;size&quot;:&quot;&quot;},&quot;jet_parallax_layout_image_mobile&quot;:{&quot;url&quot;:&quot;&quot;,&quot;id&quot;:&quot;&quot;,&quot;size&quot;:&quot;&quot;},&quot;jet_parallax_layout_speed&quot;:{&quot;unit&quot;:&quot;%&quot;,&quot;size&quot;:50,&quot;sizes&quot;:[]},&quot;jet_parallax_layout_type&quot;:&quot;scroll&quot;,&quot;jet_parallax_layout_direction&quot;:&quot;1&quot;,&quot;jet_parallax_layout_fx_direction&quot;:null,&quot;jet_parallax_layout_z_index&quot;:&quot;&quot;,&quot;jet_parallax_layout_bg_x&quot;:50,&quot;jet_parallax_layout_bg_x_tablet&quot;:&quot;&quot;,&quot;jet_parallax_layout_bg_x_mobile&quot;:&quot;&quot;,&quot;jet_parallax_layout_bg_y&quot;:50,&quot;jet_parallax_layout_bg_y_tablet&quot;:&quot;&quot;,&quot;jet_parallax_layout_bg_y_mobile&quot;:&quot;&quot;,&quot;jet_parallax_layout_bg_size&quot;:&quot;auto&quot;,&quot;jet_parallax_layout_bg_size_tablet&quot;:&quot;&quot;,&quot;jet_parallax_layout_bg_size_mobile&quot;:&quot;&quot;,&quot;jet_parallax_layout_animation_prop&quot;:&quot;transform&quot;,&quot;jet_parallax_layout_on&quot;:[&quot;desktop&quot;,&quot;tablet&quot;]}]}\">\n\t\t\t\t\t\t<div class=\"elementor-container elementor-column-gap-default\">\n\t\t\t\t\t<div class=\"elementor-column elementor-col-100 elementor-top-column elementor-element elementor-element-45141ac\" data-id=\"45141ac\" data-element_type=\"column\" data-e-type=\"column\">\n\t\t\t<div class=\"elementor-widget-wrap elementor-element-populated\">\n\t\t\t\t\t\t<div class=\"elementor-element elementor-element-df840ce elementor-widget elementor-widget-text-editor\" data-id=\"df840ce\" data-element_type=\"widget\" data-e-type=\"widget\" data-widget_type=\"text-editor.default\">\n\t\t\t\t<div class=\"elementor-widget-container\">\n\t\t\t\t\t\t\t\t\t<p>Les param\u00e8tres qui sont \u00e9tudi\u00e9s et leurs valeurs de r\u00e9f\u00e9rence sont les suivants:<\/p><p><strong>pH<\/strong>: le pH devrait \u00eatre entre 7,2 et 8,1, bien qu\u2019il ne soit pas \u00e9vident qu\u2019une valeur de plus de 8,1 soit n\u00e9gative. D\u2019autre part, des valeurs plus basses peuvent indiquer une infection g\u00e9nitale.<\/p><p><strong>Volume<\/strong>: le volume devrait \u00eatre plus de 2 ml. Si un \u00e9chantillon pr\u00e9sente moins de 2 ml que ce s\u2019appelle de l\u2019 hypospermie. Un volume inf\u00e9rieur pourrait indiquer une obstruction provoqu\u00e9e par une infection g\u00e9nitale, une anomalie cong\u00e9nitale des conduits d\u00e9f\u00e9rents, ou une \u00e9jaculation r\u00e9trograde.<\/p><p><strong>Liqu\u00e9faction<\/strong>: quand l\u2019\u00e9chantillon est collect\u00e9 il pr\u00e9sente un \u00e9tat de coagulation, et doit \u00eatre liqu\u00e9fi\u00e9 pour proc\u00e9der \u00e0 son \u00e9tude. La liqu\u00e9faction est r\u00e9alis\u00e9e apr\u00e8s 20-30 minutes. Si elle ne s\u2019est pas produite cela peut \u00eatre un signe de dysfonctionnement au niveau prostatique.<\/p><p><strong>Viscosit\u00e9<\/strong>: Le sperme une fois centrifug\u00e9 est l\u00e9g\u00e8rement plus visqueux que l\u2019eau. Quand l\u2019\u00e9chantillon est fortement visqueux, cela peut \u00eatre d\u00fb \u00e0 un dysfonctionnement prostatique, une \u00e9jaculation fr\u00e9quente, et\/ou d\u2019un \u00e9tat psychologique particulier du patient. Cette augmentation de viscosit\u00e9 ne suppose pas une cause directe de l\u2019infertilit\u00e9, mais peut affecter les \u00e9valuations du sperme, tel que sa concentration et sa mobilit\u00e9.<\/p>\t\t\t\t\t\t\t\t<\/div>\n\t\t\t\t<\/div>\n\t\t\t\t<div class=\"elementor-element elementor-element-81428fb elementor-widget elementor-widget-text-editor\" data-id=\"81428fb\" data-element_type=\"widget\" data-e-type=\"widget\" data-widget_type=\"text-editor.default\">\n\t\t\t\t<div class=\"elementor-widget-container\">\n\t\t\t\t\t\t\t\t\t<p><strong>Comptage<\/strong>: les valeurs normales de concentration devraient \u00eatre au-dessus de 20 million\/ml. Si la valeur est trouv\u00e9e dessous, l\u2019\u00e9chantillon est class\u00e9 selon le nombre de spermatozo\u00efdes de la fa\u00e7on suivante:<\/p><p>\u2022\u00a0 Oligozoospermie mod\u00e9r\u00e9e: entre 10 et 20 million\/ml<\/p><p>\u2022\u00a0 Oligozoopermie grave: entre 0,1 et 10 million\/ml<\/p><p>\u2022\u00a0 Cryptozoospermie: moins de 0,1<\/p><p>\u2022\u00a0 Azoospermies: s\u2019 il n\u2019y a aucun spermatozo\u00efde dans le sperme.<\/p><p><strong>Mobilit\u00e9<\/strong>: la mobilit\u00e9 est bas\u00e9e sur l\u2019observation de l\u2019\u00e9chantillon au microscope, et il existe diff\u00e9rents types:<\/p><p>\u2022 \u00a0classe a) excellente. D\u00e9placements rapides d\u00e9crivant des chemins droits. (classifi\u00e9e en tant que \u201c+++\u201d)<\/p><p>\u2022\u00a0 classe b) mod\u00e9r\u00e9e. Vitesse progressive mod\u00e9r\u00e9e avec des chemins droits. (classifi\u00e9e en tant que \u201c++\u201d)<\/p><p>\u2022\u00a0 classe c) vitesses non progressive avec peu ou pas de chemins droits. (classifi\u00e9e en tant que \u201c++\u201d) ou mouvement des spermatozo\u00efdes quasi sans d\u00e9placement. (classifi\u00e9 comme \u201c+\u201d)<\/p><p>\u2022\u00a0 classe d) aucune viabilit\u00e9 ou vitalit\u00e9 de mobilit\u00e9: la viabilit\u00e9 nous permet de connaitre le nombre de sujets vivants , bien qu\u2019ils ne se d\u00e9placent pas. On utilise une coloration qui marque le spermatozo\u00efde mort. Quand la valeur est inf\u00e9rieure \u00e0 60%, c\u2019est un \u00e9chantillon de sperme qualifi\u00e9 de n\u00e9crozoospermique.<\/p><p><strong>Morphologie<\/strong>: C\u2019est l\u2019\u00e9tude de la morphologie des spermatozo\u00efdes. Elle est effectu\u00e9e avec les crit\u00e8res stricts de Tygerberg, dans lesquels un \u00e9chantillon est consid\u00e9r\u00e9 normal quand le nombre de spermatozo\u00efdes est \u00e9gal ou sup\u00e9rieur \u00e0 4%.<\/p>\t\t\t\t\t\t\t\t<\/div>\n\t\t\t\t<\/div>\n\t\t\t\t<div class=\"elementor-element elementor-element-87d0010 elementor-widget elementor-widget-heading\" data-id=\"87d0010\" data-element_type=\"widget\" data-e-type=\"widget\" data-widget_type=\"heading.default\">\n\t\t\t\t<div class=\"elementor-widget-container\">\n\t\t\t\t\t<h3 class=\"elementor-heading-title elementor-size-default\">\u201cCapacitation spermatique\u201d<\/h3>\t\t\t\t<\/div>\n\t\t\t\t<\/div>\n\t\t\t\t<div class=\"elementor-element elementor-element-ba4fd97 elementor-widget elementor-widget-text-editor\" data-id=\"ba4fd97\" data-element_type=\"widget\" data-e-type=\"widget\" data-widget_type=\"text-editor.default\">\n\t\t\t\t<div class=\"elementor-widget-container\">\n\t\t\t\t\t\t\t\t\t<p>\u00a0<\/p><p>Dans ce processus, les spermatozo\u00efdes ont \u00e9t\u00e9 s\u00e9par\u00e9s du liquide s\u00e9minal. C\u2019est un processus qui se produit \u201cin vivo\u201d. En laboratoire, cette technique va nous permettre de s\u00e9parer les spermatozo\u00efdes de bonne qualit\u00e9 de ceux de qualit\u00e9 inf\u00e9rieure. Ce processus de choix nous offre la possibilit\u00e9 de diriger le patient vers la technique de reproduction m\u00e9dicalement assist\u00e9e la plus adapt\u00e9e \u00e0 sa situation.<\/p><div class=\"pp-multiple-authors-wrapper multiple-authors-target-the-content pp-multiple-authors-layout-centered\">\u00a0<\/div>\t\t\t\t\t\t\t\t<\/div>\n\t\t\t\t<\/div>\n\t\t\t\t\t<\/div>\n\t\t<\/div>\n\t\t\t\t\t<\/div>\n\t\t<\/section>\n\t\t\t\t<section class=\"elementor-section elementor-top-section elementor-element elementor-element-b47e84a elementor-section-boxed elementor-section-height-default elementor-section-height-default\" data-id=\"b47e84a\" data-element_type=\"section\" data-e-type=\"section\" data-settings=\"{&quot;jet_parallax_layout_list&quot;:[{&quot;jet_parallax_layout_image&quot;:{&quot;url&quot;:&quot;&quot;,&quot;id&quot;:&quot;&quot;,&quot;size&quot;:&quot;&quot;},&quot;_id&quot;:&quot;b1dc739&quot;,&quot;jet_parallax_layout_image_tablet&quot;:{&quot;url&quot;:&quot;&quot;,&quot;id&quot;:&quot;&quot;,&quot;size&quot;:&quot;&quot;},&quot;jet_parallax_layout_image_mobile&quot;:{&quot;url&quot;:&quot;&quot;,&quot;id&quot;:&quot;&quot;,&quot;size&quot;:&quot;&quot;},&quot;jet_parallax_layout_speed&quot;:{&quot;unit&quot;:&quot;%&quot;,&quot;size&quot;:50,&quot;sizes&quot;:[]},&quot;jet_parallax_layout_type&quot;:&quot;scroll&quot;,&quot;jet_parallax_layout_direction&quot;:&quot;1&quot;,&quot;jet_parallax_layout_fx_direction&quot;:null,&quot;jet_parallax_layout_z_index&quot;:&quot;&quot;,&quot;jet_parallax_layout_bg_x&quot;:50,&quot;jet_parallax_layout_bg_x_tablet&quot;:&quot;&quot;,&quot;jet_parallax_layout_bg_x_mobile&quot;:&quot;&quot;,&quot;jet_parallax_layout_bg_y&quot;:50,&quot;jet_parallax_layout_bg_y_tablet&quot;:&quot;&quot;,&quot;jet_parallax_layout_bg_y_mobile&quot;:&quot;&quot;,&quot;jet_parallax_layout_bg_size&quot;:&quot;auto&quot;,&quot;jet_parallax_layout_bg_size_tablet&quot;:&quot;&quot;,&quot;jet_parallax_layout_bg_size_mobile&quot;:&quot;&quot;,&quot;jet_parallax_layout_animation_prop&quot;:&quot;transform&quot;,&quot;jet_parallax_layout_on&quot;:[&quot;desktop&quot;,&quot;tablet&quot;]}]}\">\n\t\t\t\t\t\t<div class=\"elementor-container elementor-column-gap-default\">\n\t\t\t\t\t<div class=\"elementor-column elementor-col-100 elementor-top-column elementor-element elementor-element-a5b1161\" data-id=\"a5b1161\" data-element_type=\"column\" data-e-type=\"column\">\n\t\t\t<div class=\"elementor-widget-wrap elementor-element-populated\">\n\t\t\t\t\t\t<div class=\"elementor-element elementor-element-1547480 elementor-widget elementor-widget-html\" data-id=\"1547480\" data-element_type=\"widget\" data-e-type=\"widget\" data-widget_type=\"html.default\">\n\t\t\t\t<div class=\"elementor-widget-container\">\n\t\t\t\t\t\t\t<div data-elementor-type=\"section\" data-elementor-id=\"586\" class=\"elementor elementor-586\" data-elementor-post-type=\"elementor_library\">\n\t\t\t\t\t<section class=\"elementor-section elementor-top-section elementor-element elementor-element-173d425 elementor-section-stretched elementor-section-boxed elementor-section-height-default elementor-section-height-default elementor-invisible\" data-id=\"173d425\" data-element_type=\"section\" data-e-type=\"section\" data-settings=\"{&quot;stretch_section&quot;:&quot;section-stretched&quot;,&quot;jet_parallax_layout_list&quot;:[{&quot;jet_parallax_layout_image&quot;:{&quot;url&quot;:&quot;&quot;,&quot;id&quot;:&quot;&quot;,&quot;size&quot;:&quot;&quot;},&quot;_id&quot;:&quot;c8c2456&quot;,&quot;jet_parallax_layout_image_tablet&quot;:{&quot;url&quot;:&quot;&quot;,&quot;id&quot;:&quot;&quot;,&quot;size&quot;:&quot;&quot;},&quot;jet_parallax_layout_image_mobile&quot;:{&quot;url&quot;:&quot;&quot;,&quot;id&quot;:&quot;&quot;,&quot;size&quot;:&quot;&quot;},&quot;jet_parallax_layout_speed&quot;:{&quot;unit&quot;:&quot;%&quot;,&quot;size&quot;:50,&quot;sizes&quot;:[]},&quot;jet_parallax_layout_type&quot;:&quot;scroll&quot;,&quot;jet_parallax_layout_direction&quot;:&quot;1&quot;,&quot;jet_parallax_layout_fx_direction&quot;:null,&quot;jet_parallax_layout_z_index&quot;:&quot;&quot;,&quot;jet_parallax_layout_bg_x&quot;:50,&quot;jet_parallax_layout_bg_x_tablet&quot;:&quot;&quot;,&quot;jet_parallax_layout_bg_x_mobile&quot;:&quot;&quot;,&quot;jet_parallax_layout_bg_y&quot;:50,&quot;jet_parallax_layout_bg_y_tablet&quot;:&quot;&quot;,&quot;jet_parallax_layout_bg_y_mobile&quot;:&quot;&quot;,&quot;jet_parallax_layout_bg_size&quot;:&quot;auto&quot;,&quot;jet_parallax_layout_bg_size_tablet&quot;:&quot;&quot;,&quot;jet_parallax_layout_bg_size_mobile&quot;:&quot;&quot;,&quot;jet_parallax_layout_animation_prop&quot;:&quot;transform&quot;,&quot;jet_parallax_layout_on&quot;:[&quot;desktop&quot;,&quot;tablet&quot;]}],&quot;background_background&quot;:&quot;classic&quot;,&quot;animation&quot;:&quot;fadeInUp&quot;}\">\n\t\t\t\t\t\t<div class=\"elementor-container elementor-column-gap-default\">\n\t\t\t\t\t<div class=\"elementor-column elementor-col-50 elementor-top-column elementor-element elementor-element-7d82bc1\" data-id=\"7d82bc1\" data-element_type=\"column\" data-e-type=\"column\">\n\t\t\t<div class=\"elementor-widget-wrap elementor-element-populated\">\n\t\t\t\t\t\t<div class=\"elementor-element elementor-element-845af9d elementor-widget elementor-widget-heading\" data-id=\"845af9d\" data-element_type=\"widget\" data-e-type=\"widget\" data-widget_type=\"heading.default\">\n\t\t\t\t<div class=\"elementor-widget-container\">\n\t\t\t\t\t<h3 class=\"elementor-heading-title elementor-size-default\">Pide tu cita <b>ahora<\/b><\/h3>\t\t\t\t<\/div>\n\t\t\t\t<\/div>\n\t\t\t\t\t<\/div>\n\t\t<\/div>\n\t\t\t\t<div class=\"elementor-column elementor-col-50 elementor-top-column elementor-element elementor-element-81b644f\" data-id=\"81b644f\" data-element_type=\"column\" data-e-type=\"column\">\n\t\t\t<div class=\"elementor-widget-wrap elementor-element-populated\">\n\t\t\t\t\t\t<div class=\"elementor-element elementor-element-457dc68 elementor-align-right elementor-mobile-align-center elementor-widget elementor-widget-button\" data-id=\"457dc68\" data-element_type=\"widget\" data-e-type=\"widget\" data-widget_type=\"button.default\">\n\t\t\t\t<div class=\"elementor-widget-container\">\n\t\t\t\t\t\t\t\t\t<div class=\"elementor-button-wrapper\">\n\t\t\t\t\t<a class=\"elementor-button elementor-button-link elementor-size-sm elementor-animation-grow\" href=\"https:\/\/www.irema.org\/contacto\">\n\t\t\t\t\t\t<span class=\"elementor-button-content-wrapper\">\n\t\t\t\t\t\t\t\t\t<span class=\"elementor-button-text\">Te atenderemos en seguida<\/span>\n\t\t\t\t\t<\/span>\n\t\t\t\t\t<\/a>\n\t\t\t\t<\/div>\n\t\t\t\t\t\t\t\t<\/div>\n\t\t\t\t<\/div>\n\t\t\t\t\t<\/div>\n\t\t<\/div>\n\t\t\t\t\t<\/div>\n\t\t<\/section>\n\t\t\t\t<\/div>\n\t\t\t\t\t\t<\/div>\n\t\t\t\t<\/div>\n\t\t\t\t<div class=\"elementor-element elementor-element-b604cc0 elementor-invisible elementor-widget elementor-widget-heading\" data-id=\"b604cc0\" data-element_type=\"widget\" data-e-type=\"widget\" data-settings=\"{&quot;_animation&quot;:&quot;fadeInUp&quot;}\" data-widget_type=\"heading.default\">\n\t\t\t\t<div class=\"elementor-widget-container\">\n\t\t\t\t\t<h3 class=\"elementor-heading-title elementor-size-default\">OTRAS <b>PRUEBAS DIAGN\u00d3STICAS<\/b><\/h3>\t\t\t\t<\/div>\n\t\t\t\t<\/div>\n\t\t\t\t\t<\/div>\n\t\t<\/div>\n\t\t\t\t\t<\/div>\n\t\t<\/section>\n\t\t\t\t<\/div>\n\t\t","protected":false},"excerpt":{"rendered":"<p>Qu&rsquo;est-ce qu&rsquo;un s\u00e9minogramme ou un spermogramme ? L\u2019analyse de sperme est l\u2019\u00e9tude d\u2019un \u00e9chantillon de sperme. C\u2019est l\u2019\u00e9tude la plus importante pour \u00e9valuer la fertilit\u00e9 masculine. Elle est effectu\u00e9e au microscope. Des param\u00e8tres sont analys\u00e9s comme le pH, le volume, la liqu\u00e9faction, la viscosit\u00e9, le d\u00e9compte des spermatozo\u00efdes, la motilit\u00e9, la viabilit\u00e9 et la morphologie. [&hellip;]<\/p>\n","protected":false},"author":3,"featured_media":32685,"parent":31631,"menu_order":0,"comment_status":"closed","ping_status":"closed","template":"elementor_header_footer","meta":{"footnotes":""},"class_list":["post-32684","page","type-page","status-publish","has-post-thumbnail","hentry"],"_links":{"self":[{"href":"https:\/\/www.irema.org\/fr\/wp-json\/wp\/v2\/pages\/32684","targetHints":{"allow":["GET"]}}],"collection":[{"href":"https:\/\/www.irema.org\/fr\/wp-json\/wp\/v2\/pages"}],"about":[{"href":"https:\/\/www.irema.org\/fr\/wp-json\/wp\/v2\/types\/page"}],"author":[{"embeddable":true,"href":"https:\/\/www.irema.org\/fr\/wp-json\/wp\/v2\/users\/3"}],"replies":[{"embeddable":true,"href":"https:\/\/www.irema.org\/fr\/wp-json\/wp\/v2\/comments?post=32684"}],"version-history":[{"count":0,"href":"https:\/\/www.irema.org\/fr\/wp-json\/wp\/v2\/pages\/32684\/revisions"}],"up":[{"embeddable":true,"href":"https:\/\/www.irema.org\/fr\/wp-json\/wp\/v2\/pages\/31631"}],"wp:featuredmedia":[{"embeddable":true,"href":"https:\/\/www.irema.org\/fr\/wp-json\/wp\/v2\/media\/32685"}],"wp:attachment":[{"href":"https:\/\/www.irema.org\/fr\/wp-json\/wp\/v2\/media?parent=32684"}],"curies":[{"name":"wp","href":"https:\/\/api.w.org\/{rel}","templated":true}]}}