{"id":48184,"date":"2022-02-14T13:36:04","date_gmt":"2022-02-14T12:36:04","guid":{"rendered":"https:\/\/www.irema.org\/cgu\/"},"modified":"2026-01-29T17:49:53","modified_gmt":"2026-01-29T16:49:53","slug":"cgu","status":"publish","type":"page","link":"https:\/\/www.irema.org\/fr\/cgu\/","title":{"rendered":"CGU"},"content":{"rendered":"<p style=\"text-align: center;\">CONDITIONS G\u00c9N\u00c9RALES D&rsquo;UTILISATION DE WWW.IREMA.ORG<\/p>\n<h3>1.- OBJET.<\/h3>\n<p style=\"padding-left: 40px;\">Les pr\u00e9sentes conditions g\u00e9n\u00e9rales d&rsquo;utilisation (ci-apr\u00e8s CGU) r\u00e9gissent l&rsquo;acc\u00e8s et l&rsquo;utilisation du site web du domaine WWW.IREMA.ORG (ci-apr\u00e8s site web), propri\u00e9t\u00e9 de \u00ab\u00a0INSTITUTO DE REPRODUCCION DE LA MARINA ALTA, S.L.\u00a0\u00bb (ci-apr\u00e8s IREMA), mis \u00e0 la disposition des utilisateurs (ci-apr\u00e8s utilisateur(s)).<\/p>\n<p style=\"padding-left: 40px;\">Si vous avez des doutes ou des questions concernant l&rsquo;utilisation et l&rsquo;acc\u00e8s au site web ou aux pr\u00e9sentes CGU, vous pouvez nous contacter aux coordonn\u00e9es publi\u00e9es dans les mentions l\u00e9gales.<\/p>\n<h3>2.- LA CONFORMIT\u00c9 AVEC LES PR\u00c9SENTES CONDITIONS G\u00c9N\u00c9RALES.<\/h3>\n<p style=\"padding-left: 40px;\">L&rsquo;utilisation du site web implique la pleine acceptation par l&rsquo;<strong>utilisateur<\/strong> des CGU en vigueur au moment o\u00f9 l&rsquo;<strong>utilisateur<\/strong> acc\u00e8de au site web. Par cons\u00e9quent, si l&rsquo;utilisateur n&rsquo;est pas d&rsquo;accord avec l&rsquo;une des conditions \u00e9nonc\u00e9es ici, il doit s&rsquo;abstenir d&rsquo;utiliser ce site web. <\/p>\n<p style=\"padding-left: 40px;\">Par cons\u00e9quent, l&rsquo;Utilisateur doit lire attentivement les CGU chaque fois qu&rsquo;il a l&rsquo;intention d&rsquo;utiliser le Site web.<\/p>\n<p style=\"padding-left: 40px;\">En tout \u00e9tat de cause, IREMA se r\u00e9serve le droit de modifier, sans pr\u00e9avis et \u00e0 tout moment, les CGU. De m\u00eame, IREMA se r\u00e9serve le droit de suspendre, d&rsquo;interrompre ou de cesser d&rsquo;exploiter le Site \u00e0 tout moment. <\/p>\n<p style=\"padding-left: 40px;\">Par \u00ab\u00a0utilisation du site web\u00a0\u00bb, nous entendons tout utilisateur qui acc\u00e8de au site web et y navigue, qu&rsquo;il remplisse ou non les formulaires d&rsquo;inscription.<\/p>\n<h3>3.- CONDITIONS D&rsquo;ACC\u00c8S ET D&rsquo;UTILISATION DU SITE ET DE SON CONTENU.<\/h3>\n<p style=\"padding-left: 40px;\">L&rsquo;acc\u00e8s au site web et\/ou aux contenus qu&rsquo;il contient n&rsquo;implique aucune garantie quant \u00e0 l&rsquo;ad\u00e9quation du site web et\/ou des contenus qu&rsquo;il contient aux objectifs particuliers ou sp\u00e9cifiques des utilisateurs.<\/p>\n<p style=\"padding-left: 40px;\"><strong>IREMA<\/strong> peut \u00e9tablir des limitations et\/ou des conditions suppl\u00e9mentaires pour l&rsquo;utilisation et\/ou l&rsquo;acc\u00e8s au Site Internet et\/ou aux Contenus, qui doivent \u00eatre respect\u00e9es par les Utilisateurs dans tous les cas.<\/p>\n<h4 style=\"padding-left: 40px;\">3.1- Acc\u00e8s et utilisation du site web.<\/h4>\n<p style=\"padding-left: 80px;\">Sauf disposition contraire, l&rsquo;utilisation du site Web est gratuite, sans pr\u00e9judice du co\u00fbt de la connexion au r\u00e9seau de t\u00e9l\u00e9communications correspondant contract\u00e9 par l&rsquo;<strong>utilisateur<\/strong>.<\/p>\n<p style=\"padding-left: 80px;\">L&rsquo;<strong>utilisateur<\/strong> reconna\u00eet qu&rsquo;il est \u00e2g\u00e9 de plus de dix-huit ans, qu&rsquo;il est conscient et qu&rsquo;il accepte volontairement et express\u00e9ment que l&rsquo;utilisation du site Web se fait en tout \u00e9tat de cause sous sa seule et unique responsabilit\u00e9.<\/p>\n<p style=\"padding-left: 80px;\">L&rsquo;Utilisateur s&rsquo;engage \u00e0 respecter les CGU, ainsi que les avertissements ou instructions sp\u00e9ciales contenues sur le site Web et \u00e0 toujours agir conform\u00e9ment \u00e0 la loi, aux bonnes coutumes et aux exigences de la bonne foi, en faisant preuve de la plus grande prudence compte tenu de la nature et de la consid\u00e9ration du service dont il b\u00e9n\u00e9ficie. \u00c0 cet effet, vous vous abstiendrez d&rsquo;utiliser le site Web de quelque mani\u00e8re que ce soit qui puisse entraver, endommager ou d\u00e9t\u00e9riorer le fonctionnement normal de celui-ci, les biens ou les droits d&rsquo;<strong>IREMA<\/strong>, de ses fournisseurs, de ses distributeurs, du reste des utilisateurs ou, en g\u00e9n\u00e9ral, de tout tiers. <\/p>\n<p style=\"padding-left: 80px;\">En particulier, et sans que cela n&rsquo;implique aucune restriction \u00e0 l&rsquo;obligation assum\u00e9e par l&rsquo;<strong>utilisateur<\/strong> en g\u00e9n\u00e9ral conform\u00e9ment \u00e0 la section pr\u00e9c\u00e9dente, l&rsquo;<strong>utilisateur<\/strong> s&rsquo;engage \u00e0 utiliser le site web :<\/p>\n<p style=\"padding-left: 120px;\">a) Ne pas introduire, stocker ou diffuser sur le site web ou \u00e0 partir de celui-ci des informations ou du mat\u00e9riel \u00e0 caract\u00e8re diffamatoire, calomnieux, obsc\u00e8ne, mena\u00e7ant, x\u00e9nophobe, pornographique, faisant l&rsquo;apologie du terrorisme, incitant \u00e0 la violence, \u00e0 la discrimination fond\u00e9e sur la race, le sexe, l&rsquo;id\u00e9ologie, la religion ou portant atteinte de quelque mani\u00e8re que ce soit \u00e0 la forme, \u00e0 l&rsquo;ordre public, aux droits fondamentaux, aux libert\u00e9s publiques, \u00e0 l&rsquo;honneur, \u00e0 la vie priv\u00e9e ou \u00e0 l&rsquo;image de tiers et, d&rsquo;une mani\u00e8re g\u00e9n\u00e9rale, \u00e0 la r\u00e9glementation en vigueur.<\/p>\n<p style=\"padding-left: 120px;\">b) Ne pas introduire, stocker ou diffuser \u00e0 travers le Site Internet tout programme informatique, donn\u00e9e, virus, code ou tout autre instrument ou dispositif \u00e9lectronique ou physique pouvant causer des dommages au Site Internet, \u00e0 l&rsquo;un des services ou \u00e0 l&rsquo;un des \u00e9quipements, syst\u00e8mes ou r\u00e9seaux de <strong>IREMA<\/strong>, de tout Utilisateur, des Fournisseurs ou Distributeurs de <strong>IREMA<\/strong> ou en g\u00e9n\u00e9ral de tout tiers, pouvant causer tout type d&rsquo;alt\u00e9ration ou emp\u00eacher le fonctionnement normal de ces derniers.<\/p>\n<p style=\"padding-left: 120px;\">c) Ne pas introduire, stocker ou diffuser sur le site Web des contenus qui enfreignent les r\u00e8gles de la propri\u00e9t\u00e9 intellectuelle ou industrielle ou les droits de tiers, ou en g\u00e9n\u00e9ral des contenus qu&rsquo;il n&rsquo;a pas le droit, conform\u00e9ment \u00e0 la loi, de mettre \u00e0 la disposition de tiers.<\/p>\n<h4 style=\"padding-left: 40px;\">3.2- Acc\u00e8s et utilisation du contenu.<\/h4>\n<p style=\"padding-left: 80px;\">Le contenu du site Web est mis \u00e0 la disposition de l&rsquo;<strong>utilisateur<\/strong> \u00e0 partir d&rsquo;informations provenant de sources propres et de sources tierces.<\/p>\n<p style=\"padding-left: 80px;\"><strong>IREMA<\/strong> s&rsquo;efforce de veiller \u00e0 ce que le contenu soit de la meilleure qualit\u00e9 possible et raisonnablement \u00e0 jour, mais ne garantit pas l&rsquo;utilit\u00e9, l&rsquo;exactitude, l&rsquo;exhaustivit\u00e9, la pertinence et\/ou l&rsquo;actualit\u00e9 du contenu.<\/p>\n<h3>4.- LES DROITS DE PROPRI\u00c9T\u00c9 INTELLECTUELLE ET INDUSTRIELLE.<\/h3>\n<p style=\"padding-left: 40px;\">Aucun droit de propri\u00e9t\u00e9 intellectuelle ou industrielle sur le site web ou l&rsquo;un de ses \u00e9l\u00e9ments constitutifs n&rsquo;est transf\u00e9r\u00e9 par le biais des pr\u00e9sentes CGU, et il est express\u00e9ment interdit \u00e0 l&rsquo;utilisateur de reproduire, transformer, distribuer, communiquer publiquement, mettre \u00e0 disposition, extraire, r\u00e9utiliser, renvoyer ou utiliser l&rsquo;un d&rsquo;entre eux de quelque mani\u00e8re que ce soit, par quelque moyen ou proc\u00e9dure que ce soit, sauf dans les cas o\u00f9 cela est l\u00e9galement permis ou autoris\u00e9 par le titulaire des droits correspondants.<\/p>\n<p style=\"padding-left: 40px;\">L&rsquo;<strong>Utilisateur<\/strong> peut visualiser et obtenir une copie priv\u00e9e temporaire des Contenus pour son usage exclusivement personnel et priv\u00e9 sur ses syst\u00e8mes informatiques (logiciel et mat\u00e9riel), \u00e0 condition que ce ne soit pas dans le but de r\u00e9aliser des activit\u00e9s \u00e0 caract\u00e8re commercial ou professionnel. L&rsquo;<strong>Utilisateur<\/strong> doit s&rsquo;abstenir d&rsquo;obtenir ou de tenter d&rsquo;obtenir les Contenus par des moyens ou des proc\u00e9dures autres que ceux qui, dans chaque cas, ont \u00e9t\u00e9 mis \u00e0 disposition ou indiqu\u00e9s \u00e0 cet effet, ou que ceux qui sont normalement utilis\u00e9s sur Internet (\u00e0 condition que ces derniers n&rsquo;entra\u00eenent pas un risque de dommage ou de d\u00e9sactivation du site Web). L&rsquo;<strong>Utilisateur<\/strong> doit \u00e0 tout moment respecter tous les droits de propri\u00e9t\u00e9 intellectuelle et industrielle sur le Site Internet, qu&rsquo;ils soient d\u00e9tenus par <strong>IREMA<\/strong> ou par des tiers.  <\/p>\n<h3>5.- EXCLUSION DES GARANTIES ET DE LA RESPONSABILIT\u00c9.<\/h3>\n<h4 style=\"padding-left: 40px;\">5.1.- Exclusion des garanties et de la responsabilit\u00e9 pour le fonctionnement du site web.<\/h4>\n<p style=\"padding-left: 80px;\"><strong>IREMA<\/strong> ne garantit pas la disponibilit\u00e9 et la continuit\u00e9 du fonctionnement du site Web et des services ou contenus qui y sont offerts, ni l&rsquo;actualisation des contenus du site Web, et est exon\u00e9r\u00e9e de toute responsabilit\u00e9 pour les dommages et int\u00e9r\u00eats de toute nature qui pourraient d\u00e9couler de ces circonstances.<\/p>\n<p style=\"padding-left: 80px;\"><strong>IREMA<\/strong> effectuera, \u00e0 condition qu&rsquo;il n&rsquo;y ait pas de circonstances qui rendent impossible ou difficile l&rsquo;ex\u00e9cution et d\u00e8s qu&rsquo;elle aura connaissance des erreurs, des d\u00e9connexions et\/ou du manque de mise \u00e0 jour des contenus, toutes les t\u00e2ches visant \u00e0 corriger les erreurs, \u00e0 r\u00e9tablir la communication et\/ou \u00e0 mettre \u00e0 jour les contenus susmentionn\u00e9s.<\/p>\n<p style=\"padding-left: 80px;\">De m\u00eame, <strong>IREMA<\/strong> ne garantit pas la fiabilit\u00e9 technique de son site Web, ni l&rsquo;acc\u00e8s \u00e0 ses diff\u00e9rentes pages, et est \u00e9galement exon\u00e9r\u00e9e de toute responsabilit\u00e9 pour les dommages de toute nature qui pourraient survenir pour cette raison.<\/p>\n<p style=\"padding-left: 80px;\">En outre, <strong>IREMA<\/strong> n&rsquo;assume aucune responsabilit\u00e9 pour les \u00e9ventuelles erreurs ou d\u00e9ficiences de s\u00e9curit\u00e9 pouvant survenir suite \u00e0 l&rsquo;utilisation par l&rsquo;Utilisateur d&rsquo;un navigateur avec une version obsol\u00e8te ou non s\u00e9curis\u00e9e du navigateur ou pour tout dommage, erreur ou inexactitude pouvant r\u00e9sulter du mauvais fonctionnement du navigateur.<\/p>\n<p style=\"padding-left: 80px;\">Afin de r\u00e9duire le risque d&rsquo;introduction de virus sur le Site Internet, elle utilise des programmes de d\u00e9tection de virus pour contr\u00f4ler tous les Contenus qu&rsquo;elle introduit sur le Site Internet. Cependant<strong>, IREMA<\/strong> ne garantit pas l&rsquo;absence de virus ou d&rsquo;autres \u00e9l\u00e9ments sur le Site Internet introduits par des tiers non li\u00e9s \u00e0 IREMA et qui peuvent provoquer des alt\u00e9rations dans les syst\u00e8mes physiques ou logiques des utilisateurs ou dans les documents \u00e9lectroniques et les fichiers stock\u00e9s dans leurs syst\u00e8mes. Par cons\u00e9quent, <strong>IREMA<\/strong> ne sera en aucun cas responsable des dommages de toute nature pouvant d\u00e9couler de la pr\u00e9sence de virus ou d&rsquo;autres \u00e9l\u00e9ments susceptibles de provoquer des alt\u00e9rations dans les syst\u00e8mes physiques ou logiques, les documents \u00e9lectroniques ou les fichiers des <strong>utilisateurs<\/strong>.  <\/p>\n<p style=\"padding-left: 80px;\"><strong>IREMA<\/strong> adopte diverses mesures de protection pour prot\u00e9ger le Site Internet, les donn\u00e9es collect\u00e9es et les Contenus contre les attaques informatiques de tiers. Cependant, <strong>IREMA<\/strong> ne garantit pas que des tiers non autoris\u00e9s puissent avoir acc\u00e8s au type d&rsquo;utilisation ou de navigation du Site Web par l&rsquo;<strong>Utilisateur<\/strong> ou aux conditions, caract\u00e9ristiques et circonstances dans lesquelles elle est r\u00e9alis\u00e9e. Par cons\u00e9quent, <strong>IREMA<\/strong> ne sera en aucun cas responsable des dommages qui pourraient d\u00e9couler d&rsquo;un tel acc\u00e8s non autoris\u00e9.  <\/p>\n<p style=\"padding-left: 80px;\"><strong>IREMA<\/strong> n&rsquo;est en aucun cas responsable de l&rsquo;utilisation que les utilisateurs et\/ou les tiers peuvent faire du Site Web ou des Contenus, ni des dommages qui peuvent en d\u00e9couler.<\/p>\n<h4 style=\"padding-left: 40px;\">5.2.- Exclusion des garanties et de la responsabilit\u00e9 pour le contenu.<\/h4>\n<p style=\"padding-left: 80px;\"><strong>IREMA<\/strong> n&rsquo;\u00e9dite pas les Contenus de tiers publi\u00e9s sur le Site et, par cons\u00e9quent, ne garantit pas et n&rsquo;est pas responsable de la l\u00e9galit\u00e9, de la fiabilit\u00e9, de l&rsquo;utilit\u00e9, de la v\u00e9racit\u00e9, de l&rsquo;exactitude, de l&rsquo;exhaustivit\u00e9 et de l&rsquo;actualit\u00e9 de ces Contenus, ni des Contenus dont IREMA est propri\u00e9taire. IREMA n&rsquo;est en aucun cas responsable des dommages pouvant d\u00e9couler : (i) du manque de l\u00e9galit\u00e9, de v\u00e9racit\u00e9, d&rsquo;exactitude, d&rsquo;exhaustivit\u00e9 et\/ou d&rsquo;actualit\u00e9 des Contenus provenant de tiers et des siens ; (ii) de l&rsquo;inad\u00e9quation \u00e0 toute fin et de la d\u00e9ception des attentes g\u00e9n\u00e9r\u00e9es par les Contenus ; (iii) des d\u00e9cisions ou des actions prises ou \u00e9vit\u00e9es par l&rsquo;utilisateur sur la base des informations ou des donn\u00e9es fournies dans les Contenus, y compris, sans s&rsquo;y limiter, la perte de b\u00e9n\u00e9fices ou d&rsquo;opportunit\u00e9s d&rsquo;affaires.    <\/p>\n<h3>6.- LIENS HYPERTEXTES.<\/h3>\n<p style=\"padding-left: 40px;\">Les personnes qui ont l&rsquo;intention d&rsquo;\u00e9tablir des liens hypertextes entre leur page web et le site web doivent observer et respecter les conditions suivantes :<\/p>\n<p style=\"padding-left: 80px;\">i) L&rsquo;autorisation pr\u00e9alable n&rsquo;est pas n\u00e9cessaire lorsque l&rsquo;Hyperlien permet uniquement d&rsquo;acc\u00e9der \u00e0 la page d&rsquo;accueil du Site, mais ne peut la reproduire sous quelque forme que ce soit. Toute autre forme d&rsquo;Hyperlien devra faire l&rsquo;objet d&rsquo;une autorisation \u00e9crite, expresse et non \u00e9quivoque de l&rsquo;IREMA. <\/p>\n<p style=\"padding-left: 80px;\">ii) La page web sur laquelle l&rsquo;hyperlien est \u00e9tabli ne peut contenir que ce qui est strictement n\u00e9cessaire pour identifier la destination de l&rsquo;hyperlien.<\/p>\n<p style=\"padding-left: 80px;\">iii) La page web sur laquelle l&rsquo;hyperlien est \u00e9tabli ne doit pas contenir d&rsquo;informations ou de contenus illicites, contraires \u00e0 la morale et aux bonnes m\u0153urs g\u00e9n\u00e9ralement accept\u00e9es et \u00e0 l&rsquo;ordre public, ni de contenus contraires aux droits d&rsquo;un tiers.<\/p>\n<p style=\"padding-left: 80px;\">iv) <strong>IREMA<\/strong> se r\u00e9serve le droit de bloquer les liens hypertextes vers le Site Web qui n&rsquo;ont pas fait l&rsquo;objet d&rsquo;une autorisation pr\u00e9alable expresse, m\u00eame s&rsquo;ils sont conformes aux dispositions du pr\u00e9sent point des Conditions G\u00e9n\u00e9rales.<\/p>\n<h3>7.- ACTIONS EN CAS DE NON-CONFORMIT\u00c9.<\/h3>\n<div id=\"page-4\" class=\"_kqswh2mm _bfhku67f _18u01wug _2hwx1wug\" style=\"padding-left: 40px;\" data-testid=\"page-3\">L<strong>&lsquo;IREMA<\/strong> se r\u00e9serve le droit de prendre toutes les mesures pr\u00e9vues par la loi pour faire respecter les r\u00e8gles de l&rsquo;<strong>IREMA<\/strong>.<\/div>\n<div id=\"page-5\" class=\"_kqswh2mm _bfhku67f _18u01wug _2hwx1wug\" style=\"padding-left: 40px;\" data-testid=\"page-4\">les responsabilit\u00e9s d\u00e9coulant de la violation de l&rsquo;une des dispositions des pr\u00e9sentes conditions g\u00e9n\u00e9rales du site web par un utilisateur.<\/div>\n<div data-testid=\"page-4\"><\/div>\n<h3 data-testid=\"page-4\">8 &#8211; NULLIT\u00c9 PARTIELLE.<\/h3>\n<p style=\"padding-left: 40px;\">La d\u00e9claration de nullit\u00e9, d&rsquo;invalidit\u00e9 ou d&rsquo;inefficacit\u00e9 de l&rsquo;une quelconque des clauses contenues dans les pr\u00e9sentes conditions g\u00e9n\u00e9rales n&rsquo;affecte pas la validit\u00e9 ou l&rsquo;efficacit\u00e9 des autres clauses, qui continuent \u00e0 lier les parties.<\/p>\n<h3>9.- DROIT APPLICABLE ET JURIDICTION.<\/h3>\n<p style=\"padding-left: 40px;\">Les pr\u00e9sentes CGU sont r\u00e9gies par les dispositions du droit espagnol.<\/p>\n<p style=\"padding-left: 40px;\">Pour tout litige relatif aux conditions d&rsquo;utilisation et d&rsquo;acc\u00e8s \u00e0 ce site Web contenues dans le pr\u00e9sent document des CGU du site Web, les parties se soumettent, en renon\u00e7ant express\u00e9ment \u00e0 toute autre juridiction qui pourrait leur correspondre, sauf si la loi en dispose autrement, aux tribunaux de D\u00e9nia.<\/p>\n<h3>10.- NOTIFICATIONS.<\/h3>\n<p>Afin d&rsquo;effectuer les notifications appropri\u00e9es, l&rsquo;<strong>IREMA<\/strong> d\u00e9signe l&rsquo;adresse sp\u00e9cifi\u00e9e dans l&rsquo;avis juridique comme adresse de contact.<\/p>\n<p>L&rsquo;adresse \u00e9lectronique fournie par l&rsquo;<strong>Utilisateur<\/strong> au cours de la proc\u00e9dure d&rsquo;enregistrement sur le Site Internet sera utilis\u00e9e par <strong>IREMA<\/strong> pour envoyer des notifications \u00e0 l&rsquo;Utilisateur.<\/p>\n<p>L&rsquo;<strong>utilisateur<\/strong> est tenu de maintenir les donn\u00e9es vis\u00e9es dans la pr\u00e9sente clause d\u00fbment mises \u00e0 jour aux fins des notifications.<\/p>\n<p>Toutes les Notifications faites par <strong>IREMA<\/strong> \u00e0 l&rsquo;<strong>Utilisateur<\/strong> seront consid\u00e9r\u00e9es comme valablement faites si elles ont \u00e9t\u00e9 faites en utilisant les donn\u00e9es et par les moyens susmentionn\u00e9s. <strong>IREMA<\/strong> ne sera pas responsable des dommages qui pourraient survenir du fait de l&rsquo;absence de mise \u00e0 jour des coordonn\u00e9es de l&rsquo;<strong>Utilisateur<\/strong>.<\/p>\n<p>&nbsp;<\/p>\n","protected":false},"excerpt":{"rendered":"<p>CONDITIONS G\u00c9N\u00c9RALES D&rsquo;UTILISATION DE WWW.IREMA.ORG 1.- OBJET. Les pr\u00e9sentes conditions g\u00e9n\u00e9rales d&rsquo;utilisation (ci-apr\u00e8s CGU) r\u00e9gissent l&rsquo;acc\u00e8s et l&rsquo;utilisation du site web du domaine WWW.IREMA.ORG (ci-apr\u00e8s site web), propri\u00e9t\u00e9 de \u00ab\u00a0INSTITUTO DE REPRODUCCION DE LA MARINA ALTA, S.L.\u00a0\u00bb (ci-apr\u00e8s IREMA), mis \u00e0 la disposition des utilisateurs (ci-apr\u00e8s utilisateur(s)). Si vous avez des doutes ou des questions [&hellip;]<\/p>\n","protected":false},"author":3,"featured_media":0,"parent":0,"menu_order":0,"comment_status":"closed","ping_status":"closed","template":"","meta":{"footnotes":""},"class_list":["post-48184","page","type-page","status-publish","hentry"],"_links":{"self":[{"href":"https:\/\/www.irema.org\/fr\/wp-json\/wp\/v2\/pages\/48184","targetHints":{"allow":["GET"]}}],"collection":[{"href":"https:\/\/www.irema.org\/fr\/wp-json\/wp\/v2\/pages"}],"about":[{"href":"https:\/\/www.irema.org\/fr\/wp-json\/wp\/v2\/types\/page"}],"author":[{"embeddable":true,"href":"https:\/\/www.irema.org\/fr\/wp-json\/wp\/v2\/users\/3"}],"replies":[{"embeddable":true,"href":"https:\/\/www.irema.org\/fr\/wp-json\/wp\/v2\/comments?post=48184"}],"version-history":[{"count":1,"href":"https:\/\/www.irema.org\/fr\/wp-json\/wp\/v2\/pages\/48184\/revisions"}],"predecessor-version":[{"id":48210,"href":"https:\/\/www.irema.org\/fr\/wp-json\/wp\/v2\/pages\/48184\/revisions\/48210"}],"wp:attachment":[{"href":"https:\/\/www.irema.org\/fr\/wp-json\/wp\/v2\/media?parent=48184"}],"curies":[{"name":"wp","href":"https:\/\/api.w.org\/{rel}","templated":true}]}}