{"id":48306,"date":"2021-12-23T20:55:14","date_gmt":"2021-12-23T19:55:14","guid":{"rendered":"https:\/\/www.irema.org\/politica-de-cookies-ue\/"},"modified":"2026-01-30T14:04:40","modified_gmt":"2026-01-30T13:04:40","slug":"politica-de-cookies-ue","status":"publish","type":"page","link":"https:\/\/www.irema.org\/fr\/politica-de-cookies-ue\/","title":{"rendered":"Pol\u00edtica de cookies (UE)"},"content":{"rendered":"<hr class=\"\" data-path-to-node=\"1\" \/>\n<h1 style=\"text-align: center;\" data-path-to-node=\"2\">POLITIQUE DE COOKIES<\/h1>\n<div class=\"row\">\n<div class=\"col-xl-10 mx-auto\">\n<div class=\"paper\">\n<h3 data-path-to-node=\"3\">1. Que sont les Cookies ?<\/h3>\n<p style=\"padding-left: 40px;\" data-path-to-node=\"4\">Les cookies sont de petits fichiers de donn\u00e9es g\u00e9n\u00e9r\u00e9s sur l&rsquo;ordinateur de l&rsquo;utilisateur qui nous permettent de conna\u00eetre sa fr\u00e9quence de visites, les contenus les plus s\u00e9lectionn\u00e9s et les \u00e9l\u00e9ments de s\u00e9curit\u00e9 pouvant intervenir dans le contr\u00f4le d&rsquo;acc\u00e8s aux zones restreintes, ainsi que l&rsquo;affichage de publicit\u00e9s bas\u00e9es sur des crit\u00e8res pr\u00e9d\u00e9finis par <b data-path-to-node=\"4\" data-index-in-node=\"352\">INSTITUTO DE REPRODUCCION DE LA MARINA ALTA, S.L.<\/b> et qui sont activ\u00e9s par des cookies servis par ladite entit\u00e9 ou par des tiers fournissant ces services pour le compte de <b data-path-to-node=\"4\" data-index-in-node=\"523\">INSTITUTO DE REPRODUCCION DE LA MARINA ALTA, S.L.<\/b><\/p>\n<p style=\"padding-left: 40px;\" data-path-to-node=\"5\">En r\u00e8gle g\u00e9n\u00e9rale, il existe les types de cookies suivants :<\/p>\n<p style=\"padding-left: 80px;\" data-path-to-node=\"6\">Selon l&rsquo;entit\u00e9 qui g\u00e8re le domaine \u00e0 partir duquel les cookies sont envoy\u00e9s et traite les donn\u00e9es obtenues, on peut distinguer deux types :<\/p>\n<ul>\n<li style=\"list-style-type: none;\">\n<ul>\n<li style=\"list-style-type: none;\">\n<ul data-path-to-node=\"7\">\n<li>\n<p data-path-to-node=\"7,0,0\"><b data-path-to-node=\"7,0,0\" data-index-in-node=\"0\">Cookies propres :<\/b> ceux qui sont envoy\u00e9s \u00e0 l&rsquo;\u00e9quipement terminal de l&rsquo;utilisateur depuis un \u00e9quipement ou un domaine g\u00e9r\u00e9 par l&rsquo;\u00e9diteur lui-m\u00eame et \u00e0 partir duquel le service demand\u00e9 par l&rsquo;utilisateur est fourni.<\/p>\n<\/li>\n<li>\n<p data-path-to-node=\"7,1,0\"><b data-path-to-node=\"7,1,0\" data-index-in-node=\"0\">Cookies de tiers :<\/b> ceux qui sont envoy\u00e9s \u00e0 l&rsquo;\u00e9quipement terminal de l&rsquo;utilisateur depuis un \u00e9quipement ou un domaine qui n&rsquo;est pas g\u00e9r\u00e9 par l&rsquo;\u00e9diteur, mais par une autre entit\u00e9 qui traite les donn\u00e9es obtenues via les cookies.<\/p>\n<\/li>\n<\/ul>\n<\/li>\n<\/ul>\n<\/li>\n<\/ul>\n<p style=\"padding-left: 80px;\" data-path-to-node=\"8\">Dans le cas o\u00f9 les cookies sont install\u00e9s depuis un \u00e9quipement ou un domaine g\u00e9r\u00e9 par l&rsquo;\u00e9diteur lui-m\u00eame, mais que les informations collect\u00e9es par ceux-ci sont g\u00e9r\u00e9es par un tiers, ils ne peuvent pas \u00eatre consid\u00e9r\u00e9s comme des cookies propres.<\/p>\n<p style=\"padding-left: 80px;\" data-path-to-node=\"9\">Il existe \u00e9galement une deuxi\u00e8me classification selon la dur\u00e9e pendant laquelle ils restent stock\u00e9s dans le navigateur du client, pouvant \u00eatre :<\/p>\n<ul>\n<li style=\"list-style-type: none;\">\n<ul>\n<li style=\"list-style-type: none;\">\n<ul data-path-to-node=\"10\">\n<li>\n<p data-path-to-node=\"10,0,0\"><b data-path-to-node=\"10,0,0\" data-index-in-node=\"0\">Cookies de session :<\/b> con\u00e7us pour collecter et stocker des donn\u00e9es pendant que l&rsquo;utilisateur acc\u00e8de \u00e0 une page web. Ils sont g\u00e9n\u00e9ralement utilis\u00e9s pour stocker des informations qu&rsquo;il n&rsquo;est int\u00e9ressant de conserver que pour la fourniture du service demand\u00e9 par l&rsquo;utilisateur en une seule occasion (par exemple, une liste de produits achet\u00e9s).<\/p>\n<\/li>\n<li>\n<p data-path-to-node=\"10,1,0\"><b data-path-to-node=\"10,1,0\" data-index-in-node=\"0\">Cookies persistants :<\/b> les donn\u00e9es restent stock\u00e9es dans le terminal et peuvent \u00eatre consult\u00e9es et trait\u00e9es pendant une p\u00e9riode d\u00e9finie par le responsable du cookie, pouvant aller de quelques minutes \u00e0 plusieurs ann\u00e9es.<\/p>\n<\/li>\n<\/ul>\n<\/li>\n<\/ul>\n<\/li>\n<\/ul>\n<p style=\"padding-left: 80px;\" data-path-to-node=\"11\">Enfin, il existe une autre classification avec six types de cookies selon la finalit\u00e9 pour laquelle les donn\u00e9es obtenues sont trait\u00e9es :<\/p>\n<ul>\n<li style=\"list-style-type: none;\">\n<ul>\n<li style=\"list-style-type: none;\">\n<ul data-path-to-node=\"12\">\n<li>\n<p data-path-to-node=\"12,0,0\"><b data-path-to-node=\"12,0,0\" data-index-in-node=\"0\">Cookies Techniques :<\/b> Les cookies techniques ou n\u00e9cessaires sont essentiels pour que notre site web puisse fonctionner correctement et incluen<span class=\"citation-781\">t des fonctionnalit\u00e9s de base telles que l&rsquo;identification de la session ou l&rsquo;acc\u00e8s des utilisateu<\/span><span class=\"citation-780 citation-781 citation-end-781\">rs enregistr\u00e9s \u00e0 des zones d&rsquo;acc\u00e8s restreint. Pour ces raisons, les cookies techniques ne peuvent pas \u00eatre d\u00e9sact<\/span><span class=\"citation-780 citation-end-780\">iv\u00e9s.<\/span><\/p>\n<div class=\"source-inline-chip-container ng-star-inserted\"><\/div>\n<div class=\"source-inline-chip-container ng-star-inserted\"><\/div>\n<\/li>\n<li>\n<p data-path-to-node=\"12,1,0\"><b data-path-to-node=\"12,1,0\" data-index-in-node=\"0\"><span class=\"citation-779\">Cookies de Pr\u00e9f\u00e9rence :<\/span><\/b><span class=\"citation-779 citation-end-779\"> En utilisant des cookies de pr\u00e9f\u00e9rence, la page<\/span> web peut m\u00e9moriser des informations pendant votre navigation concernant la mani\u00e8re dont le site se comporte ou son apparence, comme votre langue pr\u00e9f\u00e9r\u00e9e ou la r\u00e9gion dans laquelle vous vous trouvez.<\/p>\n<div class=\"source-inline-chip-container ng-star-inserted\"><\/div>\n<\/li>\n<li>\n<p data-path-to-node=\"12,2,0\"><b data-path-to-node=\"12,2,0\" data-index-in-node=\"0\">Cookies Statistiques :<\/b> Nous utilisons des cookies de type statistique pour voir comment vous interagissez avec le site web, en collectant des informations anonymes pendant votre navigation. La finalit\u00e9 de la collecte de ces informations est d&rsquo;apporter des am\u00e9liorations au site web en fonction de l&rsquo;analyse des donn\u00e9es agr\u00e9g\u00e9es.<\/p>\n<\/li>\n<li>\n<p data-path-to-node=\"12,3,0\"><b data-path-to-node=\"12,3,0\" data-index-in-node=\"0\">Cookies de Marketing\/Publicitaires :<\/b> Ils nous permettent de g\u00e9rer les espaces publicitaires inclus sur notre site web, application ou plateforme en fonction de crit\u00e8res tels que le contenu affich\u00e9 ou la fr\u00e9quence \u00e0 laquelle les annonces sont diffus\u00e9es.<\/p>\n<\/li>\n<li>\n<p data-path-to-node=\"12,4,0\"><b data-path-to-node=\"12,4,0\" data-index-in-node=\"0\">Cookies de Marketing :<\/b> Les cookies de marketing sont utilis\u00e9s pour analyser votre comportement lors de votre visite sur le site web afin que, ponctuellement, d&rsquo;autres prestataires puissent vous proposer une publicit\u00e9 personnalis\u00e9e et pertinente en fonction de votre profil de navigation.<\/p>\n<\/li>\n<li>\n<p data-path-to-node=\"12,5,0\"><b data-path-to-node=\"12,5,0\" data-index-in-node=\"0\">Cookies de R\u00e9seaux Sociaux externes :<\/b> ils sont utilis\u00e9s pour que les visiteurs puissent interagir avec le co<span class=\"citation-778\">ntenu de diff\u00e9rentes plateformes sociales (Facebook, YouTube, Twitter, LinkedIn, etc.) et ne sont g\u00e9n\u00e9r\u00e9s que pour les utilisateur<\/span><span class=\"citation-777 citation-778 citation-end-778\">s de ces r\u00e9seaux sociaux. Les conditions d&rsquo;utilisation de ces cookies et les informations collec<\/span><span class=\"citation-777 citation-end-777\">t\u00e9es sont r\u00e9gies par la politique de confidentialit\u00e9 de la plateforme sociale correspondante.<\/span><\/p>\n<\/li>\n<\/ul>\n<\/li>\n<\/ul>\n<\/li>\n<\/ul>\n<p data-path-to-node=\"0\">Aqu\u00ed tienes la continuaci\u00f3n de la traducci\u00f3n, manteniendo la estructura, los t\u00e9rminos t\u00e9cnicos y el formato solicitado:<\/p>\n<hr data-path-to-node=\"1\" \/>\n<h3 data-path-to-node=\"2\">2. Cookies que nous utilisons<\/h3>\n<p data-path-to-node=\"3\">Depuis le site web d&rsquo;<b data-path-to-node=\"3\" data-index-in-node=\"21\">INSTITUTO DE REPRODUCCION DE LA MARINA ALTA, S.L.<\/b>, nous utilisons des cookies ayant diff\u00e9rentes fonctions :<\/p>\n<p data-path-to-node=\"4\">[wcc_category_list]<\/p>\n<h4 style=\"padding-left: 40px;\" data-path-to-node=\"5\">COOKIES PROPRES<\/h4>\n<p style=\"padding-left: 80px;\" data-path-to-node=\"6\"><b data-path-to-node=\"6\" data-index-in-node=\"0\">Techniques ou n\u00e9cessaires :<\/b> Les cookies techniques ou strictement n\u00e9cessaires sont ceux qui permettent \u00e0 l&rsquo;utilisateur la navigation \u00e0 travers une page web et l&rsquo;utilisation des diff\u00e9rentes options ou services qui y sont propos\u00e9s, comme, par exemple, contr\u00f4ler le trafic et la communication de donn\u00e9es, identifier la session, acc\u00e9der \u00e0 des parties d&rsquo;acc\u00e8s restreint, m\u00e9moriser les \u00e9l\u00e9ments qui composent une commande, r\u00e9aliser le processus d&rsquo;achat d&rsquo;une commande, g\u00e9rer le paiement, contr\u00f4ler la fraude li\u00e9e \u00e0 la s\u00e9curit\u00e9 du service, effectuer la demande d&rsquo;inscription ou de participation \u00e0 un \u00e9v\u00e9nement, utiliser des \u00e9l\u00e9ments de s\u00e9curit\u00e9 pendant la navigation, stocker des contenus pour la diffusion de vid\u00e9os ou de sons, activer des contenus dynamiques (par exemple, animation de chargement d&rsquo;un texte ou d&rsquo;une image), partager des contenus via les r\u00e9seaux sociaux ou personnaliser l&rsquo;interface utilisateur d\u00e8s lors que c&rsquo;est ce dernier qui choisit les options de personnalisation souhait\u00e9es. La base l\u00e9gale qui l\u00e9gitime ce traitement est l&rsquo;ex\u00e9cution et le maintien du service demand\u00e9 par l&rsquo;utilisateur. Ces cookies resteront actifs tant que l&rsquo;utilisateur demeure sur le site web.<\/p>\n<p style=\"padding-left: 80px;\" data-path-to-node=\"7\"><b data-path-to-node=\"7\" data-index-in-node=\"0\">Pr\u00e9f\u00e9rence ou personnalisation :<\/b> Les cookies de pr\u00e9f\u00e9rence ou de personnalisation sont ceux qui permettent de m\u00e9moriser des informations pour que l&rsquo;utilisateur acc\u00e8de au service avec certaines caract\u00e9ristiques pouvant diff\u00e9rencier son exp\u00e9rience de celle d&rsquo;autres utilisateurs, comme, par exemple, la langue, le nombre de r\u00e9sultats \u00e0 afficher lorsque l&rsquo;utilisateur effectue une recherche, l&rsquo;aspect ou le contenu du service en fonction du type de navigateur \u00e0 travers lequel l&rsquo;utilisateur acc\u00e8de au service ou de la r\u00e9gion depuis laquelle il y acc\u00e8de, etc. La dur\u00e9e de ces cookies correspond au temps pendant lequel l&rsquo;utilisateur demeure sur le site web (session). L&rsquo;information est stock\u00e9e exclusivement dans le navigateur de l&rsquo;utilisateur et n&rsquo;est pas utilis\u00e9e pour une autre raison que la gestion des pr\u00e9f\u00e9rences de l&rsquo;utilisateur. La base l\u00e9gale qui l\u00e9gitime ce traitement est le consentement expr\u00e8s donn\u00e9 par l&rsquo;utilisateur.<\/p>\n<hr style=\"padding-left: 40px;\" data-path-to-node=\"8\" \/>\n<h4 style=\"padding-left: 40px;\" data-path-to-node=\"9\">COOKIES DE TIERS<\/h4>\n<p style=\"padding-left: 80px;\" data-path-to-node=\"10\"><b data-path-to-node=\"10\" data-index-in-node=\"0\">Mesure ou analyse :<\/b> Les cookies de mesure ou d&rsquo;analyse <span class=\"citation-807 citation-end-807\">sont ceux qui permettent \u00e0 leur responsable le suivi et l&rsquo;analyse du comportement des utilisateurs des sites web auxquels ils sont li\u00e9s, y compris la quantification des impacts des publicit\u00e9s. Les informations collect\u00e9es par ce type de cookies sont uti<\/span>lis\u00e9es pour mesurer l&rsquo;activit\u00e9 des sites web, de l&rsquo;application ou de la plateforme, afin d&rsquo;introduire des am\u00e9liorations bas\u00e9es sur l&rsquo;analyse des donn\u00e9es d&rsquo;utilisation faites par les utilisateurs du service. La base l\u00e9gale qui l\u00e9gitime ce traitement est le consentement expr\u00e8s donn\u00e9 par l&rsquo;utilisateur. Vous pouvez obtenir plus d&rsquo;informations sur ces cookies ainsi que sur leur dur\u00e9e de conservation en suivant le(s) lien(s) vers la \u00ab Politique de cookies \u00bb.<\/p>\n<div class=\"source-inline-chip-container ng-star-inserted\" style=\"padding-left: 80px;\"><\/div>\n<p style=\"padding-left: 80px;\" data-path-to-node=\"11\"><b data-path-to-node=\"11\" data-index-in-node=\"0\">Publicit\u00e9 comportementale :<\/b> Les cookies de publicit\u00e9 comportementale sont ceux qui stockent des informations sur le comportement des utilisateurs, obtenues gr\u00e2ce \u00e0 l&rsquo;observation continue de leurs habitudes de navigation, ce qui permet de d\u00e9velopper un profil sp\u00e9cifique pour afficher de la publicit\u00e9 en fonction de celui-ci. La base l\u00e9gale qui l\u00e9gitime ce traitement est le consentement expr\u00e8s donn\u00e9 par l&rsquo;utilisateur. Vous pouvez obtenir plus d&rsquo;informations sur ces cookies ainsi que sur leur dur\u00e9e de conservation en suivant le(s) lien(s) vers la \u00ab Politique de cookies \u00bb.<\/p>\n<p style=\"padding-left: 80px;\" data-path-to-node=\"12\">Nous utilisons des cookies propres et de tiers. Dans le tableau suivant, vous trouverez tous les cookies utilis\u00e9s :<\/p>\n<p data-path-to-node=\"0\">Aqu\u00ed tienes la traducci\u00f3n de la tercera secci\u00f3n, manteniendo el estilo directo y la estructura de pasos para cada navegador:<\/p>\n<hr data-path-to-node=\"1\" \/>\n<h3 data-path-to-node=\"2\">3. Comment modifier les cookies (D\u00e9sactivation et suppression)<\/h3>\n<p style=\"padding-left: 40px;\" data-path-to-node=\"3\"><b data-path-to-node=\"3\" data-index-in-node=\"0\">Comment g\u00e9rer les cookies depuis notre Banner :<\/b> Sur le site web, une fen\u00eatre s&rsquo;ouvrira automatiquement vous permettant de d\u00e9cider si vous souhaitez accepter l&rsquo;installation des cookies (ce qui permet leur utilisation conform\u00e9ment \u00e0 notre politique de cookies) ou bien les configurer selon vos pr\u00e9f\u00e9rences.<\/p>\n<p style=\"padding-left: 40px;\" data-path-to-node=\"4\">L&rsquo;option de configuration des cookies sera toujours pr\u00e9sente en bas de la page au cas o\u00f9 vous changeriez d&rsquo;avis.<\/p>\n<p style=\"padding-left: 40px;\" data-path-to-node=\"5\"><b data-path-to-node=\"5\" data-index-in-node=\"0\">Comment g\u00e9rer les cookies depuis votre navigateur :<\/b> La majorit\u00e9 des navigateurs vous permettent de voir, g\u00e9rer, supprimer et bloquer les cookies d&rsquo;un site web. Veuillez noter que si vous supprimez tous les cookies, toutes les pr\u00e9f\u00e9rences utilisateur que vous avez \u00e9tablies seront perdues, y compris la possibilit\u00e9 d&rsquo;exclure des cookies, car cette fonction n\u00e9cessite pr\u00e9cis\u00e9ment le placement d&rsquo;un cookie d&rsquo;exclusion sur votre appareil.<\/p>\n<p style=\"padding-left: 40px;\" data-path-to-node=\"6\">Voici comment g\u00e9rer les cookies sur les principaux navigateurs :<\/p>\n<h4 style=\"padding-left: 80px;\" data-path-to-node=\"7\"><b data-path-to-node=\"7\" data-index-in-node=\"0\">Google Chrome<\/b><\/h4>\n<ol>\n<li style=\"list-style-type: none;\">\n<ol>\n<li style=\"list-style-type: none;\">\n<ol start=\"1\" data-path-to-node=\"8\">\n<li>\n<p data-path-to-node=\"8,0,0\">Sur votre ordinateur, ouvrez Chrome.<\/p>\n<\/li>\n<li>\n<p data-path-to-node=\"8,1,0\">En haut \u00e0 droite, cliquez sur <b data-path-to-node=\"8,1,0\" data-index-in-node=\"30\">Plus<\/b>, puis <b data-path-to-node=\"8,1,0\" data-index-in-node=\"41\">Param\u00e8tres<\/b>.<\/p>\n<\/li>\n<li>\n<p data-path-to-node=\"8,2,0\">Dans la section <b data-path-to-node=\"8,2,0\" data-index-in-node=\"16\">\u00ab\u00a0Confidentialit\u00e9 et s\u00e9curit\u00e9\u00a0\u00bb<\/b>, cliquez sur <b data-path-to-node=\"8,2,0\" data-index-in-node=\"59\">Param\u00e8tres des sites<\/b>.<\/p>\n<\/li>\n<li>\n<p data-path-to-node=\"8,3,0\">Cliquez sur <b data-path-to-node=\"8,3,0\" data-index-in-node=\"12\">Cookies<\/b>.<\/p>\n<\/li>\n<li>\n<p data-path-to-node=\"8,4,0\">Vous pourrez alors : Activer les cookies en basculant l&rsquo;interrupteur situ\u00e9 \u00e0 c\u00f4t\u00e9 de \u00ab\u00a0Bloqu\u00e9\u00a0\u00bb. <i data-path-to-node=\"8,4,0\" data-index-in-node=\"95\">Pour plus d&rsquo;informations, vous pouvez consulter le support de Google ou l&rsquo;Aide du navigateur.<\/i><\/p>\n<\/li>\n<\/ol>\n<\/li>\n<\/ol>\n<\/li>\n<\/ol>\n<h4 style=\"padding-left: 80px;\" data-path-to-node=\"9\"><b data-path-to-node=\"9\" data-index-in-node=\"0\">Microsoft Internet Explorer<\/b><\/h4>\n<ol>\n<li style=\"list-style-type: none;\">\n<ol>\n<li style=\"list-style-type: none;\">\n<ol start=\"1\" data-path-to-node=\"10\">\n<li>\n<p data-path-to-node=\"10,0,0\">Cliquez sur <b data-path-to-node=\"10,0,0\" data-index-in-node=\"12\">\u00ab\u00a0Outils\u00a0\u00bb<\/b> dans le coin sup\u00e9rieur de votre navigateur Windows, s\u00e9lectionnez <b data-path-to-node=\"10,0,0\" data-index-in-node=\"86\">\u00ab\u00a0Options Internet\u00a0\u00bb<\/b> et cliquez \u00e0 nouveau sur l&rsquo;onglet <b data-path-to-node=\"10,0,0\" data-index-in-node=\"139\">\u00ab\u00a0Confidentialit\u00e9\u00a0\u00bb<\/b>.<\/p>\n<\/li>\n<li>\n<p data-path-to-node=\"10,1,0\">Assurez-vous que votre niveau de confidentialit\u00e9 est r\u00e9gl\u00e9 sur <b data-path-to-node=\"10,1,0\" data-index-in-node=\"63\">Moyen<\/b> ou inf\u00e9rieur, ce qui permettra l&rsquo;utilisation de cookies.<\/p>\n<\/li>\n<li>\n<p data-path-to-node=\"10,2,0\">Si une option sup\u00e9rieure au niveau Moyen est s\u00e9lectionn\u00e9e, l&rsquo;utilisation des cookies sera bloqu\u00e9e. <i data-path-to-node=\"10,2,0\" data-index-in-node=\"99\">Pour plus d&rsquo;informations, vous pouvez consulter le support de Microsoft ou l&rsquo;Aide du navigateur.<\/i><\/p>\n<\/li>\n<\/ol>\n<\/li>\n<\/ol>\n<\/li>\n<\/ol>\n<h4 style=\"padding-left: 80px;\" data-path-to-node=\"11\"><b data-path-to-node=\"11\" data-index-in-node=\"0\">Mozilla Firefox<\/b><\/h4>\n<ol>\n<li style=\"list-style-type: none;\">\n<ol>\n<li style=\"list-style-type: none;\">\n<ol start=\"1\" data-path-to-node=\"12\">\n<li>\n<p data-path-to-node=\"12,0,0\">Cliquez en haut de la fen\u00eatre de votre navigateur. Cliquez sur <b data-path-to-node=\"12,0,0\" data-index-in-node=\"63\">\u00ab\u00a0Outils\u00a0\u00bb<\/b> et s\u00e9lectionnez <b data-path-to-node=\"12,0,0\" data-index-in-node=\"88\">\u00ab\u00a0Options\u00a0\u00bb<\/b>.<\/p>\n<\/li>\n<li>\n<p data-path-to-node=\"12,1,0\">S\u00e9lectionnez l&rsquo;ic\u00f4ne <b data-path-to-node=\"12,1,0\" data-index-in-node=\"21\">Vie priv\u00e9e et s\u00e9curit\u00e9<\/b>.<\/p>\n<\/li>\n<li>\n<p data-path-to-node=\"12,2,0\">Cliquez sur l&rsquo;option permettant d&rsquo;autoriser les cookies sur ce site. <i data-path-to-node=\"12,2,0\" data-index-in-node=\"69\">Pour plus d&rsquo;informations, vous pouvez consulter le support de Mozilla ou l&rsquo;Aide du navigateur.<\/i><\/p>\n<\/li>\n<\/ol>\n<\/li>\n<\/ol>\n<\/li>\n<\/ol>\n<h4 style=\"padding-left: 80px;\" data-path-to-node=\"13\"><b data-path-to-node=\"13\" data-index-in-node=\"0\">Safari<\/b><\/h4>\n<ol>\n<li style=\"list-style-type: none;\">\n<ol>\n<li style=\"list-style-type: none;\">\n<ol start=\"1\" data-path-to-node=\"14\">\n<li>\n<p data-path-to-node=\"14,0,0\">Cliquez sur l&rsquo;ic\u00f4ne des outils en haut de votre navigateur et s\u00e9lectionnez l&rsquo;option <b data-path-to-node=\"14,0,0\" data-index-in-node=\"84\">\u00ab\u00a0Pr\u00e9f\u00e9rences\u00a0\u00bb<\/b>.<\/p>\n<\/li>\n<li>\n<p data-path-to-node=\"14,1,0\">Cliquez sur <b data-path-to-node=\"14,1,0\" data-index-in-node=\"12\">\u00ab\u00a0Confidentialit\u00e9 et s\u00e9curit\u00e9\u00a0\u00bb<\/b> et s\u00e9lectionnez l&rsquo;option <b data-path-to-node=\"14,1,0\" data-index-in-node=\"67\">\u00ab\u00a0Emp\u00eacher le suivi intersite\u00a0\u00bb<\/b>.<\/p>\n<\/li>\n<li>\n<p data-path-to-node=\"14,2,0\">Cliquez sur <b data-path-to-node=\"14,2,0\" data-index-in-node=\"12\">\u00ab\u00a0Enregistrer\u00a0\u00bb<\/b>. <i data-path-to-node=\"14,2,0\" data-index-in-node=\"27\">Pour plus d&rsquo;informations, vous pouvez consulter le support d&rsquo;Apple ou l&rsquo;Aide du navigateur.<\/i><\/p>\n<\/li>\n<\/ol>\n<\/li>\n<\/ol>\n<\/li>\n<\/ol>\n<p style=\"padding-left: 80px;\" data-path-to-node=\"15\">Vous pouvez \u00e9galement consulter les tutoriels vid\u00e9o publi\u00e9s par l&rsquo;Agence Espagnole de Protection des Donn\u00e9es (AEPD) : <a class=\"ng-star-inserted\" href=\"http:\/\/www.youtube.com\/user\/desdelaAEPD\" target=\"_blank\" rel=\"noopener\">http:\/\/www.youtube.com\/user\/desdelaAEPD<\/a><\/p>\n<h3 data-path-to-node=\"2\">4. Changements dans la politique de cookies<\/h3>\n<p style=\"padding-left: 40px;\" data-path-to-node=\"3\">Le pr\u00e9sent avis de confidentialit\u00e9 peut faire l&rsquo;objet de modifications, de changements ou de mises \u00e0 jour d\u00e9coulant de nouvelles exigences l\u00e9gales. Le pr\u00e9sent document sera toujours la version \u00e0 jour, adapt\u00e9e aux nouvelles r\u00e9glementations.<\/p>\n<p style=\"padding-left: 40px;\" data-path-to-node=\"4\">Les personnes concern\u00e9es peuvent exercer leurs droits d&rsquo;acc\u00e8s, de rectification, de suppression ou d&rsquo;opposition via l&rsquo;adresse e-mail suivante : <b data-path-to-node=\"4\" data-index-in-node=\"144\">dpo@procoden.es<\/b>.<\/p>\n<h3 data-path-to-node=\"2\">5. Traitement des donn\u00e9es et exercice des droits<\/h3>\n<p style=\"padding-left: 40px;\" data-path-to-node=\"3\">Les donn\u00e9es personnelles que nous collectons via l&rsquo;utilisation de cookies seront trait\u00e9es par <b data-path-to-node=\"3\" data-index-in-node=\"94\">INSTITUTO DE REPRODUCCION DE LA MARINA ALTA, S.L.<\/b>, AVDA. DOCTOR FLEMING, 47 03760 ONDARA (ALICANTE).<\/p>\n<p style=\"padding-left: 40px;\" data-path-to-node=\"4\">Vos donn\u00e9es personnelles seront trait\u00e9es aux fins indiqu\u00e9es pour <span class=\"citation-867 citation-868 citation-end-868\">chacun des cookies identifi\u00e9s dans le tableau pr\u00e9c\u00e9dent. Ces donn\u00e9es personnelles seront trait\u00e9es sur la base de votre consentement.<\/span><\/p>\n<p style=\"padding-left: 40px;\" data-path-to-node=\"5\"><span class=\"citation-865 citation-866 citation-end-866\">Vous pouvez exercer vos droits d&rsquo;acc\u00e8s, de rectification, de suppression et d&rsquo;opposition, ainsi que le droit \u00e0 la limitation du traitement, le dro<\/span><span class=\"citation-865 citation-end-865\">it \u00e0 la portabilit\u00e9 de vos donn\u00e9es et le droit de ne pas faire l&rsquo;objet de d\u00e9cisions automatis\u00e9es<\/span>, en prouvant votre identit\u00e9 au moyen d&rsquo;une pi\u00e8ce d&rsquo;identit\u00e9 ou d&rsquo;un document \u00e9quivalent par courrier \u00e9lectronique \u00e0 <b data-path-to-node=\"5\" data-index-in-node=\"359\">dpo@procoden.es<\/b>.<\/p>\n<p style=\"padding-left: 40px;\" data-path-to-node=\"6\">Vous pouvez r\u00e9voquer le consentement accord\u00e9 pour chaque type de cookie \u00e0 tout moment via notre panneau de configuration des cookies.<\/p>\n<p style=\"padding-left: 40px;\" data-path-to-node=\"7\">Si vous estimez que <b data-path-to-node=\"7\" data-index-in-node=\"20\">INSTITUTO DE REPRODUCCION DE LA MARINA ALTA, S.L.<\/b> n&rsquo;a pas respect\u00e9 l&rsquo;un des droits mentionn\u00e9s ci-dessus, vous avez le droit de pr\u00e9senter une r\u00e9clamation aupr\u00e8s de l&rsquo;Agence Espagnole de Protection des Donn\u00e9es (AEPD).<\/p>\n<\/div>\n<\/div>\n<\/div>\n<h3 data-path-to-node=\"2\">6. \u00c0 qui vos donn\u00e9es seront-elles communiqu\u00e9es ?<\/h3>\n<p style=\"padding-left: 40px;\" data-path-to-node=\"3\">De mani\u00e8re g\u00e9n\u00e9rale, les donn\u00e9es des utilisateurs collect\u00e9es via les cookies propres \u00e0 <span class=\"citation-966 citation-967 citation-968 citation-end-968\">ce site web ne seront pas transf\u00e9r\u00e9es \u00e0 des tiers.<\/span><\/p>\n<p style=\"padding-left: 40px;\" data-path-to-node=\"4\"><span class=\"citation-963 citation-964 citation-965 citation-end-965\">Cependant, en raison de l&rsquo;utilisation de cookies de tiers, il est possible que les donn\u00e9es collect\u00e9es soient transf\u00e9r\u00e9es en dehors de l&rsquo;Union europ\u00e9enne<\/span><span class=\"citation-963 citation-964 citation-end-964\">, car ces cookies peuvent \u00eatre h\u00e9be<\/span><span class=\"citation-963 citation-end-963\">rg\u00e9<\/span>s hors de l&rsquo;Espace \u00c9conomique Europ\u00e9en.<\/p>\n<p style=\"padding-left: 40px;\" data-path-to-node=\"5\">Les cookies susceptibles d&rsquo;\u00eatre h\u00e9berg\u00e9s hors de l&rsquo;UE sont les suivants :<\/p>\n<p style=\"padding-left: 80px;\" data-path-to-node=\"6\"><b data-path-to-node=\"6\" data-index-in-node=\"0\">PLUS D&rsquo;INFORMATIONS SUR LE TRAITEMENT DES DONN\u00c9ES PERSONNELLES<\/b> Vous pouvez consulter plus d&rsquo;informations sur le traitement de vos donn\u00e9es personnelles en acc\u00e9dant \u00e0 notre Politique de Confidentialit\u00e9.<\/p>\n","protected":false},"excerpt":{"rendered":"<p>POLITIQUE DE COOKIES 1. Que sont les Cookies ? Les cookies sont de petits fichiers de donn\u00e9es g\u00e9n\u00e9r\u00e9s sur l&rsquo;ordinateur de l&rsquo;utilisateur qui nous permettent de conna\u00eetre sa fr\u00e9quence de visites, les contenus les plus s\u00e9lectionn\u00e9s et les \u00e9l\u00e9ments de s\u00e9curit\u00e9 pouvant intervenir dans le contr\u00f4le d&rsquo;acc\u00e8s aux zones restreintes, ainsi que l&rsquo;affichage de publicit\u00e9s [&hellip;]<\/p>\n","protected":false},"author":3,"featured_media":0,"parent":0,"menu_order":0,"comment_status":"closed","ping_status":"closed","template":"","meta":{"footnotes":""},"class_list":["post-48306","page","type-page","status-publish","hentry"],"_links":{"self":[{"href":"https:\/\/www.irema.org\/fr\/wp-json\/wp\/v2\/pages\/48306","targetHints":{"allow":["GET"]}}],"collection":[{"href":"https:\/\/www.irema.org\/fr\/wp-json\/wp\/v2\/pages"}],"about":[{"href":"https:\/\/www.irema.org\/fr\/wp-json\/wp\/v2\/types\/page"}],"author":[{"embeddable":true,"href":"https:\/\/www.irema.org\/fr\/wp-json\/wp\/v2\/users\/3"}],"replies":[{"embeddable":true,"href":"https:\/\/www.irema.org\/fr\/wp-json\/wp\/v2\/comments?post=48306"}],"version-history":[{"count":2,"href":"https:\/\/www.irema.org\/fr\/wp-json\/wp\/v2\/pages\/48306\/revisions"}],"predecessor-version":[{"id":48308,"href":"https:\/\/www.irema.org\/fr\/wp-json\/wp\/v2\/pages\/48306\/revisions\/48308"}],"wp:attachment":[{"href":"https:\/\/www.irema.org\/fr\/wp-json\/wp\/v2\/media?parent=48306"}],"curies":[{"name":"wp","href":"https:\/\/api.w.org\/{rel}","templated":true}]}}