{"id":46850,"date":"2021-12-02T13:17:24","date_gmt":"2021-12-02T12:17:24","guid":{"rendered":"https:\/\/www.irema.org\/tojasadomanyozas\/"},"modified":"2025-10-02T13:05:39","modified_gmt":"2025-10-02T11:05:39","slug":"tojasadomanyozas","status":"publish","type":"page","link":"https:\/\/www.irema.org\/hu\/tojasadomanyozas\/","title":{"rendered":"Toj\u00e1sadom\u00e1nyoz\u00e1s"},"content":{"rendered":"","protected":false},"excerpt":{"rendered":"","protected":false},"author":3,"featured_media":46854,"parent":0,"menu_order":0,"comment_status":"closed","ping_status":"closed","template":"elementor_header_footer","meta":{"footnotes":""},"class_list":["post-46850","page","type-page","status-publish","has-post-thumbnail","hentry"],"_links":{"self":[{"href":"https:\/\/www.irema.org\/hu\/wp-json\/wp\/v2\/pages\/46850","targetHints":{"allow":["GET"]}}],"collection":[{"href":"https:\/\/www.irema.org\/hu\/wp-json\/wp\/v2\/pages"}],"about":[{"href":"https:\/\/www.irema.org\/hu\/wp-json\/wp\/v2\/types\/page"}],"author":[{"embeddable":true,"href":"https:\/\/www.irema.org\/hu\/wp-json\/wp\/v2\/users\/3"}],"replies":[{"embeddable":true,"href":"https:\/\/www.irema.org\/hu\/wp-json\/wp\/v2\/comments?post=46850"}],"version-history":[{"count":1,"href":"https:\/\/www.irema.org\/hu\/wp-json\/wp\/v2\/pages\/46850\/revisions"}],"predecessor-version":[{"id":46855,"href":"https:\/\/www.irema.org\/hu\/wp-json\/wp\/v2\/pages\/46850\/revisions\/46855"}],"wp:featuredmedia":[{"embeddable":true,"href":"https:\/\/www.irema.org\/hu\/wp-json\/wp\/v2\/media\/46854"}],"wp:attachment":[{"href":"https:\/\/www.irema.org\/hu\/wp-json\/wp\/v2\/media?parent=46850"}],"curies":[{"name":"wp","href":"https:\/\/api.w.org\/{rel}","templated":true}]}}