{"id":46851,"date":"2021-12-14T09:30:59","date_gmt":"2021-12-14T08:30:59","guid":{"rendered":"https:\/\/www.irema.org\/diagnosztikai-vizsgalatok\/"},"modified":"2025-10-02T13:05:41","modified_gmt":"2025-10-02T11:05:41","slug":"diagnosztikai-vizsgalatok","status":"publish","type":"page","link":"https:\/\/www.irema.org\/hu\/diagnosztikai-vizsgalatok\/","title":{"rendered":"Diagnosztikai vizsg\u00e1latok"},"content":{"rendered":"\t\t<div data-elementor-type=\"wp-page\" data-elementor-id=\"46851\" class=\"elementor elementor-46851 elementor-1123\" data-elementor-post-type=\"page\">\n\t\t\t\t\t\t<section class=\"elementor-section elementor-top-section elementor-element elementor-element-7a78d16 elementor-section-boxed elementor-section-height-default elementor-section-height-default\" data-id=\"7a78d16\" data-element_type=\"section\" data-e-type=\"section\" data-settings=\"{&quot;jet_parallax_layout_list&quot;:[{&quot;jet_parallax_layout_image&quot;:{&quot;url&quot;:&quot;&quot;,&quot;id&quot;:&quot;&quot;,&quot;size&quot;:&quot;&quot;},&quot;_id&quot;:&quot;b1dc739&quot;,&quot;jet_parallax_layout_image_tablet&quot;:{&quot;url&quot;:&quot;&quot;,&quot;id&quot;:&quot;&quot;,&quot;size&quot;:&quot;&quot;},&quot;jet_parallax_layout_image_mobile&quot;:{&quot;url&quot;:&quot;&quot;,&quot;id&quot;:&quot;&quot;,&quot;size&quot;:&quot;&quot;},&quot;jet_parallax_layout_speed&quot;:{&quot;unit&quot;:&quot;%&quot;,&quot;size&quot;:50,&quot;sizes&quot;:[]},&quot;jet_parallax_layout_type&quot;:&quot;scroll&quot;,&quot;jet_parallax_layout_direction&quot;:&quot;1&quot;,&quot;jet_parallax_layout_fx_direction&quot;:null,&quot;jet_parallax_layout_z_index&quot;:&quot;&quot;,&quot;jet_parallax_layout_bg_x&quot;:50,&quot;jet_parallax_layout_bg_x_tablet&quot;:&quot;&quot;,&quot;jet_parallax_layout_bg_x_mobile&quot;:&quot;&quot;,&quot;jet_parallax_layout_bg_y&quot;:50,&quot;jet_parallax_layout_bg_y_tablet&quot;:&quot;&quot;,&quot;jet_parallax_layout_bg_y_mobile&quot;:&quot;&quot;,&quot;jet_parallax_layout_bg_size&quot;:&quot;auto&quot;,&quot;jet_parallax_layout_bg_size_tablet&quot;:&quot;&quot;,&quot;jet_parallax_layout_bg_size_mobile&quot;:&quot;&quot;,&quot;jet_parallax_layout_animation_prop&quot;:&quot;transform&quot;,&quot;jet_parallax_layout_on&quot;:[&quot;desktop&quot;,&quot;tablet&quot;]}]}\">\n\t\t\t\t\t\t<div class=\"elementor-container elementor-column-gap-default\">\n\t\t\t\t\t<div class=\"elementor-column elementor-col-100 elementor-top-column elementor-element elementor-element-692dc07\" data-id=\"692dc07\" data-element_type=\"column\" data-e-type=\"column\">\n\t\t\t<div class=\"elementor-widget-wrap elementor-element-populated\">\n\t\t\t\t\t\t<div class=\"elementor-element elementor-element-8d30779 elementor-widget elementor-widget-heading\" data-id=\"8d30779\" data-element_type=\"widget\" data-e-type=\"widget\" data-widget_type=\"heading.default\">\n\t\t\t\t<div class=\"elementor-widget-container\">\n\t\t\t\t\t<h1 class=\"elementor-heading-title elementor-size-default\">Vizsg\u00e1latok<b>\ndiagnosztikai<\/b> vizsg\u00e1latok\n<\/h1>\t\t\t\t<\/div>\n\t\t\t\t<\/div>\n\t\t\t\t<section class=\"elementor-section elementor-inner-section elementor-element elementor-element-7bebb49 elementor-section-boxed elementor-section-height-default elementor-section-height-default\" data-id=\"7bebb49\" data-element_type=\"section\" data-e-type=\"section\" data-settings=\"{&quot;jet_parallax_layout_list&quot;:[{&quot;jet_parallax_layout_image&quot;:{&quot;url&quot;:&quot;&quot;,&quot;id&quot;:&quot;&quot;,&quot;size&quot;:&quot;&quot;},&quot;_id&quot;:&quot;707a19c&quot;,&quot;jet_parallax_layout_image_tablet&quot;:{&quot;url&quot;:&quot;&quot;,&quot;id&quot;:&quot;&quot;,&quot;size&quot;:&quot;&quot;},&quot;jet_parallax_layout_image_mobile&quot;:{&quot;url&quot;:&quot;&quot;,&quot;id&quot;:&quot;&quot;,&quot;size&quot;:&quot;&quot;},&quot;jet_parallax_layout_speed&quot;:{&quot;unit&quot;:&quot;%&quot;,&quot;size&quot;:50,&quot;sizes&quot;:[]},&quot;jet_parallax_layout_type&quot;:&quot;scroll&quot;,&quot;jet_parallax_layout_direction&quot;:&quot;1&quot;,&quot;jet_parallax_layout_fx_direction&quot;:null,&quot;jet_parallax_layout_z_index&quot;:&quot;&quot;,&quot;jet_parallax_layout_bg_x&quot;:50,&quot;jet_parallax_layout_bg_x_tablet&quot;:&quot;&quot;,&quot;jet_parallax_layout_bg_x_mobile&quot;:&quot;&quot;,&quot;jet_parallax_layout_bg_y&quot;:50,&quot;jet_parallax_layout_bg_y_tablet&quot;:&quot;&quot;,&quot;jet_parallax_layout_bg_y_mobile&quot;:&quot;&quot;,&quot;jet_parallax_layout_bg_size&quot;:&quot;auto&quot;,&quot;jet_parallax_layout_bg_size_tablet&quot;:&quot;&quot;,&quot;jet_parallax_layout_bg_size_mobile&quot;:&quot;&quot;,&quot;jet_parallax_layout_animation_prop&quot;:&quot;transform&quot;,&quot;jet_parallax_layout_on&quot;:[&quot;desktop&quot;,&quot;tablet&quot;]}]}\">\n\t\t\t\t\t\t<div class=\"elementor-container elementor-column-gap-default\">\n\t\t\t\t\t<div class=\"elementor-column elementor-col-33 elementor-inner-column elementor-element elementor-element-583c664\" data-id=\"583c664\" data-element_type=\"column\" data-e-type=\"column\">\n\t\t\t<div class=\"elementor-widget-wrap elementor-element-populated\">\n\t\t\t\t\t\t<div class=\"elementor-element elementor-element-86d3853 elementor-position-top elementor-widget elementor-widget-image-box\" data-id=\"86d3853\" data-element_type=\"widget\" data-e-type=\"widget\" data-widget_type=\"image-box.default\">\n\t\t\t\t<div class=\"elementor-widget-container\">\n\t\t\t\t\t<div class=\"elementor-image-box-wrapper\"><figure class=\"elementor-image-box-img\"><a href=\"https:\/\/www.irema.org\/hu\/diagnosztikai-vizsgalatok\/preimplantacios-genetikai-diagnozis\/\" tabindex=\"-1\"><img fetchpriority=\"high\" decoding=\"async\" width=\"600\" height=\"600\" src=\"https:\/\/www.irema.org\/wp-content\/uploads\/ovulos-fecundacion.jpg\" class=\"attachment-full size-full wp-image-42176\" alt=\"- Irema\" title=\"- Irema\" srcset=\"https:\/\/www.irema.org\/wp-content\/uploads\/ovulos-fecundacion.jpg 600w, https:\/\/www.irema.org\/wp-content\/uploads\/ovulos-fecundacion-300x300.jpg 300w, https:\/\/www.irema.org\/wp-content\/uploads\/ovulos-fecundacion-150x150.jpg 150w, https:\/\/www.irema.org\/wp-content\/uploads\/ovulos-fecundacion-230x230.jpg 230w, https:\/\/www.irema.org\/wp-content\/uploads\/ovulos-fecundacion-400x400.jpg 400w\" sizes=\"(max-width: 600px) 100vw, 600px\" \/><\/a><\/figure><div class=\"elementor-image-box-content\"><h3 class=\"elementor-image-box-title\"><a href=\"https:\/\/www.irema.org\/hu\/diagnosztikai-vizsgalatok\/preimplantacios-genetikai-diagnozis\/\">Preimplant\u00e1ci\u00f3s genetikai diagn\u00f3zis<\/a><\/h3><\/div><\/div>\t\t\t\t<\/div>\n\t\t\t\t<\/div>\n\t\t\t\t\t<\/div>\n\t\t<\/div>\n\t\t\t\t<div class=\"elementor-column elementor-col-33 elementor-inner-column elementor-element elementor-element-458802c\" data-id=\"458802c\" data-element_type=\"column\" data-e-type=\"column\">\n\t\t\t<div class=\"elementor-widget-wrap elementor-element-populated\">\n\t\t\t\t\t\t<div class=\"elementor-element elementor-element-7abf7c8 elementor-position-top elementor-widget elementor-widget-image-box\" data-id=\"7abf7c8\" data-element_type=\"widget\" data-e-type=\"widget\" data-widget_type=\"image-box.default\">\n\t\t\t\t<div class=\"elementor-widget-container\">\n\t\t\t\t\t<div class=\"elementor-image-box-wrapper\"><figure class=\"elementor-image-box-img\"><a href=\"https:\/\/www.irema.org\/pruebas-diagnosticas\/estudio-de-fragmentacion-del-adn-espermatico\/\" tabindex=\"-1\"><img decoding=\"async\" width=\"600\" height=\"600\" src=\"https:\/\/www.irema.org\/wp-content\/uploads\/adn.jpeg\" class=\"attachment-full size-full wp-image-964\" alt=\"- Irema\" title=\"- Irema\" srcset=\"https:\/\/www.irema.org\/wp-content\/uploads\/adn.jpeg 600w, https:\/\/www.irema.org\/wp-content\/uploads\/adn-300x300.jpeg 300w, https:\/\/www.irema.org\/wp-content\/uploads\/adn-150x150.jpeg 150w, https:\/\/www.irema.org\/wp-content\/uploads\/adn-230x230.jpeg 230w, https:\/\/www.irema.org\/wp-content\/uploads\/adn-400x400.jpeg 400w\" sizes=\"(max-width: 600px) 100vw, 600px\" \/><\/a><\/figure><div class=\"elementor-image-box-content\"><h3 class=\"elementor-image-box-title\"><a href=\"https:\/\/www.irema.org\/pruebas-diagnosticas\/estudio-de-fragmentacion-del-adn-espermatico\/\">Spermium DNS fragment\u00e1ci\u00f3s vizsg\u00e1lat<\/a><\/h3><\/div><\/div>\t\t\t\t<\/div>\n\t\t\t\t<\/div>\n\t\t\t\t\t<\/div>\n\t\t<\/div>\n\t\t\t\t<div class=\"elementor-column elementor-col-33 elementor-inner-column elementor-element elementor-element-e866106\" data-id=\"e866106\" data-element_type=\"column\" data-e-type=\"column\">\n\t\t\t<div class=\"elementor-widget-wrap elementor-element-populated\">\n\t\t\t\t\t\t<div class=\"elementor-element elementor-element-be5db3a elementor-position-top elementor-widget elementor-widget-image-box\" data-id=\"be5db3a\" data-element_type=\"widget\" data-e-type=\"widget\" data-widget_type=\"image-box.default\">\n\t\t\t\t<div class=\"elementor-widget-container\">\n\t\t\t\t\t<div class=\"elementor-image-box-wrapper\"><figure class=\"elementor-image-box-img\"><a href=\"https:\/\/www.irema.org\/pruebas-diagnosticas\/seminograma\/\" tabindex=\"-1\"><img decoding=\"async\" width=\"600\" height=\"600\" src=\"https:\/\/www.irema.org\/wp-content\/uploads\/esperma.jpeg\" class=\"attachment-full size-full wp-image-974\" alt=\"- Irema\" title=\"- Irema\" srcset=\"https:\/\/www.irema.org\/wp-content\/uploads\/esperma.jpeg 600w, https:\/\/www.irema.org\/wp-content\/uploads\/esperma-300x300.jpeg 300w, https:\/\/www.irema.org\/wp-content\/uploads\/esperma-150x150.jpeg 150w, https:\/\/www.irema.org\/wp-content\/uploads\/esperma-230x230.jpeg 230w, https:\/\/www.irema.org\/wp-content\/uploads\/esperma-400x400.jpeg 400w\" sizes=\"(max-width: 600px) 100vw, 600px\" \/><\/a><\/figure><div class=\"elementor-image-box-content\"><h3 class=\"elementor-image-box-title\"><a href=\"https:\/\/www.irema.org\/pruebas-diagnosticas\/seminograma\/\">Seminogram<\/a><\/h3><\/div><\/div>\t\t\t\t<\/div>\n\t\t\t\t<\/div>\n\t\t\t\t\t<\/div>\n\t\t<\/div>\n\t\t\t\t\t<\/div>\n\t\t<\/section>\n\t\t\t\t<section class=\"elementor-section elementor-inner-section elementor-element elementor-element-c81042f elementor-section-boxed elementor-section-height-default elementor-section-height-default\" data-id=\"c81042f\" data-element_type=\"section\" data-e-type=\"section\" data-settings=\"{&quot;jet_parallax_layout_list&quot;:[{&quot;jet_parallax_layout_image&quot;:{&quot;url&quot;:&quot;&quot;,&quot;id&quot;:&quot;&quot;,&quot;size&quot;:&quot;&quot;},&quot;_id&quot;:&quot;707a19c&quot;,&quot;jet_parallax_layout_image_tablet&quot;:{&quot;url&quot;:&quot;&quot;,&quot;id&quot;:&quot;&quot;,&quot;size&quot;:&quot;&quot;},&quot;jet_parallax_layout_image_mobile&quot;:{&quot;url&quot;:&quot;&quot;,&quot;id&quot;:&quot;&quot;,&quot;size&quot;:&quot;&quot;},&quot;jet_parallax_layout_speed&quot;:{&quot;unit&quot;:&quot;%&quot;,&quot;size&quot;:50,&quot;sizes&quot;:[]},&quot;jet_parallax_layout_type&quot;:&quot;scroll&quot;,&quot;jet_parallax_layout_direction&quot;:&quot;1&quot;,&quot;jet_parallax_layout_fx_direction&quot;:null,&quot;jet_parallax_layout_z_index&quot;:&quot;&quot;,&quot;jet_parallax_layout_bg_x&quot;:50,&quot;jet_parallax_layout_bg_x_tablet&quot;:&quot;&quot;,&quot;jet_parallax_layout_bg_x_mobile&quot;:&quot;&quot;,&quot;jet_parallax_layout_bg_y&quot;:50,&quot;jet_parallax_layout_bg_y_tablet&quot;:&quot;&quot;,&quot;jet_parallax_layout_bg_y_mobile&quot;:&quot;&quot;,&quot;jet_parallax_layout_bg_size&quot;:&quot;auto&quot;,&quot;jet_parallax_layout_bg_size_tablet&quot;:&quot;&quot;,&quot;jet_parallax_layout_bg_size_mobile&quot;:&quot;&quot;,&quot;jet_parallax_layout_animation_prop&quot;:&quot;transform&quot;,&quot;jet_parallax_layout_on&quot;:[&quot;desktop&quot;,&quot;tablet&quot;]}]}\">\n\t\t\t\t\t\t<div class=\"elementor-container elementor-column-gap-default\">\n\t\t\t\t\t<div class=\"elementor-column elementor-col-50 elementor-inner-column elementor-element elementor-element-8802018\" data-id=\"8802018\" data-element_type=\"column\" data-e-type=\"column\">\n\t\t\t<div class=\"elementor-widget-wrap elementor-element-populated\">\n\t\t\t\t\t\t<div class=\"elementor-element elementor-element-286e74d elementor-position-top elementor-widget elementor-widget-image-box\" data-id=\"286e74d\" data-element_type=\"widget\" data-e-type=\"widget\" data-widget_type=\"image-box.default\">\n\t\t\t\t<div class=\"elementor-widget-container\">\n\t\t\t\t\t<div class=\"elementor-image-box-wrapper\"><figure class=\"elementor-image-box-img\"><a href=\"https:\/\/www.irema.org\/pruebas-diagnosticas\/matching-genetico-de-compatibilidad\/\" tabindex=\"-1\"><img loading=\"lazy\" decoding=\"async\" width=\"700\" height=\"406\" src=\"https:\/\/www.irema.org\/wp-content\/uploads\/twins-1628843_1280-1-e1652552121903.jpg\" class=\"attachment-full size-full wp-image-43158\" alt=\"- Irema\" title=\"- Irema\" srcset=\"https:\/\/www.irema.org\/wp-content\/uploads\/twins-1628843_1280-1-e1652552121903.jpg 700w, https:\/\/www.irema.org\/wp-content\/uploads\/twins-1628843_1280-1-e1652552121903-300x174.jpg 300w, https:\/\/www.irema.org\/wp-content\/uploads\/twins-1628843_1280-1-e1652552121903-600x348.jpg 600w\" sizes=\"(max-width: 700px) 100vw, 700px\" \/><\/a><\/figure><div class=\"elementor-image-box-content\"><h3 class=\"elementor-image-box-title\"><a href=\"https:\/\/www.irema.org\/pruebas-diagnosticas\/matching-genetico-de-compatibilidad\/\">Genetikai kompatibilit\u00e1si p\u00e1ros\u00edt\u00e1s<\/a><\/h3><\/div><\/div>\t\t\t\t<\/div>\n\t\t\t\t<\/div>\n\t\t\t\t\t<\/div>\n\t\t<\/div>\n\t\t\t\t<div class=\"elementor-column elementor-col-50 elementor-inner-column elementor-element elementor-element-3f77d33\" data-id=\"3f77d33\" data-element_type=\"column\" data-e-type=\"column\">\n\t\t\t<div class=\"elementor-widget-wrap elementor-element-populated\">\n\t\t\t\t\t\t<div class=\"elementor-element elementor-element-409c6ca elementor-position-top elementor-widget elementor-widget-image-box\" data-id=\"409c6ca\" data-element_type=\"widget\" data-e-type=\"widget\" data-widget_type=\"image-box.default\">\n\t\t\t\t<div class=\"elementor-widget-container\">\n\t\t\t\t\t<div class=\"elementor-image-box-wrapper\"><figure class=\"elementor-image-box-img\"><a href=\"https:\/\/www.irema.org\/pruebas-diagnosticas\/estudio-de-fertilidad\/\" tabindex=\"-1\"><img loading=\"lazy\" decoding=\"async\" width=\"700\" height=\"406\" src=\"https:\/\/www.irema.org\/wp-content\/uploads\/padres-bebe-feliz-habitacion-1.jpeg\" class=\"attachment-full size-full wp-image-938\" alt=\"- Irema\" title=\"- Irema\" srcset=\"https:\/\/www.irema.org\/wp-content\/uploads\/padres-bebe-feliz-habitacion-1.jpeg 700w, https:\/\/www.irema.org\/wp-content\/uploads\/padres-bebe-feliz-habitacion-1-300x174.jpeg 300w, https:\/\/www.irema.org\/wp-content\/uploads\/padres-bebe-feliz-habitacion-1-600x348.jpeg 600w\" sizes=\"(max-width: 700px) 100vw, 700px\" \/><\/a><\/figure><div class=\"elementor-image-box-content\"><h3 class=\"elementor-image-box-title\"><a href=\"https:\/\/www.irema.org\/pruebas-diagnosticas\/estudio-de-fertilidad\/\">Term\u00e9kenys\u00e9gi tanulm\u00e1ny<\/a><\/h3><\/div><\/div>\t\t\t\t<\/div>\n\t\t\t\t<\/div>\n\t\t\t\t\t<\/div>\n\t\t<\/div>\n\t\t\t\t\t<\/div>\n\t\t<\/section>\n\t\t\t\t\t<\/div>\n\t\t<\/div>\n\t\t\t\t\t<\/div>\n\t\t<\/section>\n\t\t\t\t<\/div>\n\t\t","protected":false},"excerpt":{"rendered":"<p>Vizsg\u00e1latok diagnosztikai vizsg\u00e1latok Preimplant\u00e1ci\u00f3s genetikai diagn\u00f3zis Spermium DNS fragment\u00e1ci\u00f3s vizsg\u00e1lat Seminogram Genetikai kompatibilit\u00e1si p\u00e1ros\u00edt\u00e1s Term\u00e9kenys\u00e9gi tanulm\u00e1ny<\/p>\n","protected":false},"author":3,"featured_media":46856,"parent":0,"menu_order":0,"comment_status":"closed","ping_status":"closed","template":"elementor_header_footer","meta":{"footnotes":""},"class_list":["post-46851","page","type-page","status-publish","has-post-thumbnail","hentry"],"_links":{"self":[{"href":"https:\/\/www.irema.org\/hu\/wp-json\/wp\/v2\/pages\/46851","targetHints":{"allow":["GET"]}}],"collection":[{"href":"https:\/\/www.irema.org\/hu\/wp-json\/wp\/v2\/pages"}],"about":[{"href":"https:\/\/www.irema.org\/hu\/wp-json\/wp\/v2\/types\/page"}],"author":[{"embeddable":true,"href":"https:\/\/www.irema.org\/hu\/wp-json\/wp\/v2\/users\/3"}],"replies":[{"embeddable":true,"href":"https:\/\/www.irema.org\/hu\/wp-json\/wp\/v2\/comments?post=46851"}],"version-history":[{"count":3,"href":"https:\/\/www.irema.org\/hu\/wp-json\/wp\/v2\/pages\/46851\/revisions"}],"predecessor-version":[{"id":46864,"href":"https:\/\/www.irema.org\/hu\/wp-json\/wp\/v2\/pages\/46851\/revisions\/46864"}],"wp:featuredmedia":[{"embeddable":true,"href":"https:\/\/www.irema.org\/hu\/wp-json\/wp\/v2\/media\/46856"}],"wp:attachment":[{"href":"https:\/\/www.irema.org\/hu\/wp-json\/wp\/v2\/media?parent=46851"}],"curies":[{"name":"wp","href":"https:\/\/api.w.org\/{rel}","templated":true}]}}