{"id":47055,"date":"2025-10-02T16:19:26","date_gmt":"2025-10-02T14:19:26","guid":{"rendered":"https:\/\/www.irema.org\/spermavalogatas-zymot\/"},"modified":"2025-10-02T16:29:12","modified_gmt":"2025-10-02T14:29:12","slug":"spermavalogatas-zymot","status":"publish","type":"page","link":"https:\/\/www.irema.org\/hu\/spermavalogatas-zymot\/","title":{"rendered":"Spermav\u00e1logat\u00e1s &#8211; Zymot"},"content":{"rendered":"\t\t<div data-elementor-type=\"wp-page\" data-elementor-id=\"47055\" class=\"elementor elementor-47055 elementor-47028\" data-elementor-post-type=\"page\">\n\t\t\t\t\t\t<section class=\"elementor-section elementor-top-section elementor-element elementor-element-1e37c83 elementor-section-boxed elementor-section-height-default elementor-section-height-default\" data-id=\"1e37c83\" data-element_type=\"section\" data-e-type=\"section\" data-settings=\"{&quot;jet_parallax_layout_list&quot;:[{&quot;jet_parallax_layout_image&quot;:{&quot;url&quot;:&quot;&quot;,&quot;id&quot;:&quot;&quot;,&quot;size&quot;:&quot;&quot;},&quot;_id&quot;:&quot;cf33a8f&quot;,&quot;jet_parallax_layout_image_tablet&quot;:{&quot;url&quot;:&quot;&quot;,&quot;id&quot;:&quot;&quot;,&quot;size&quot;:&quot;&quot;},&quot;jet_parallax_layout_image_mobile&quot;:{&quot;url&quot;:&quot;&quot;,&quot;id&quot;:&quot;&quot;,&quot;size&quot;:&quot;&quot;},&quot;jet_parallax_layout_speed&quot;:{&quot;unit&quot;:&quot;%&quot;,&quot;size&quot;:50,&quot;sizes&quot;:[]},&quot;jet_parallax_layout_type&quot;:&quot;scroll&quot;,&quot;jet_parallax_layout_direction&quot;:&quot;1&quot;,&quot;jet_parallax_layout_fx_direction&quot;:null,&quot;jet_parallax_layout_z_index&quot;:&quot;&quot;,&quot;jet_parallax_layout_bg_x&quot;:50,&quot;jet_parallax_layout_bg_x_tablet&quot;:&quot;&quot;,&quot;jet_parallax_layout_bg_x_mobile&quot;:&quot;&quot;,&quot;jet_parallax_layout_bg_y&quot;:50,&quot;jet_parallax_layout_bg_y_tablet&quot;:&quot;&quot;,&quot;jet_parallax_layout_bg_y_mobile&quot;:&quot;&quot;,&quot;jet_parallax_layout_bg_size&quot;:&quot;auto&quot;,&quot;jet_parallax_layout_bg_size_tablet&quot;:&quot;&quot;,&quot;jet_parallax_layout_bg_size_mobile&quot;:&quot;&quot;,&quot;jet_parallax_layout_animation_prop&quot;:&quot;transform&quot;,&quot;jet_parallax_layout_on&quot;:[&quot;desktop&quot;,&quot;tablet&quot;]}]}\">\n\t\t\t\t\t\t<div class=\"elementor-container elementor-column-gap-default\">\n\t\t\t\t\t<div class=\"elementor-column elementor-col-100 elementor-top-column elementor-element elementor-element-cf494f5\" data-id=\"cf494f5\" data-element_type=\"column\" data-e-type=\"column\">\n\t\t\t<div class=\"elementor-widget-wrap elementor-element-populated\">\n\t\t\t\t\t\t<div class=\"elementor-element elementor-element-ef79707 elementor-widget elementor-widget-heading\" data-id=\"ef79707\" data-element_type=\"widget\" data-e-type=\"widget\" data-widget_type=\"heading.default\">\n\t\t\t\t<div class=\"elementor-widget-container\">\n\t\t\t\t\t<h1 class=\"elementor-heading-title elementor-size-default\">Spermav\u00e1logat\u00e1s - Zymot<\/h1>\t\t\t\t<\/div>\n\t\t\t\t<\/div>\n\t\t\t\t<div class=\"elementor-element elementor-element-1297b95 elementor-widget elementor-widget-heading\" data-id=\"1297b95\" data-element_type=\"widget\" data-e-type=\"widget\" data-widget_type=\"heading.default\">\n\t\t\t\t<div class=\"elementor-widget-container\">\n\t\t\t\t\t<h3 class=\"elementor-heading-title elementor-size-default\">Mi az a Zymot?<\/h3>\t\t\t\t<\/div>\n\t\t\t\t<\/div>\n\t\t\t\t<div class=\"elementor-element elementor-element-d6fbefe elementor-widget elementor-widget-text-editor\" data-id=\"d6fbefe\" data-element_type=\"widget\" data-e-type=\"widget\" data-widget_type=\"text-editor.default\">\n\t\t\t\t<div class=\"elementor-widget-container\">\n\t\t\t\t\t\t\t\t\t<p>A Zymot egy innovat\u00edv technol\u00f3gia a legjobb spermiumok kiv\u00e1laszt\u00e1s\u00e1ra az assziszt\u00e1lt reprodukci\u00f3s kezel\u00e9sekhez. Ez a m\u00f3dszer a n\u0151i reprodukt\u00edv traktusban zajl\u00f3 term\u00e9szetes szelekci\u00f3s folyamatokat ut\u00e1nozza. Ily m\u00f3don csak a legmozg\u00e9konyabb \u00e9s legeg\u00e9szs\u00e9gesebb spermiumok ker\u00fclnek kiv\u00e1laszt\u00e1sra az olyan kezel\u00e9sekhez, mint az IVF vagy az ICSI.  <\/p>\t\t\t\t\t\t\t\t<\/div>\n\t\t\t\t<\/div>\n\t\t\t\t\t<\/div>\n\t\t<\/div>\n\t\t\t\t\t<\/div>\n\t\t<\/section>\n\t\t\t\t<section class=\"elementor-section elementor-top-section elementor-element elementor-element-eb3a1cb elementor-section-boxed elementor-section-height-default elementor-section-height-default\" data-id=\"eb3a1cb\" data-element_type=\"section\" data-e-type=\"section\" data-settings=\"{&quot;jet_parallax_layout_list&quot;:[{&quot;jet_parallax_layout_image&quot;:{&quot;url&quot;:&quot;&quot;,&quot;id&quot;:&quot;&quot;,&quot;size&quot;:&quot;&quot;},&quot;_id&quot;:&quot;13a86ab&quot;,&quot;jet_parallax_layout_image_tablet&quot;:{&quot;url&quot;:&quot;&quot;,&quot;id&quot;:&quot;&quot;,&quot;size&quot;:&quot;&quot;},&quot;jet_parallax_layout_image_mobile&quot;:{&quot;url&quot;:&quot;&quot;,&quot;id&quot;:&quot;&quot;,&quot;size&quot;:&quot;&quot;},&quot;jet_parallax_layout_speed&quot;:{&quot;unit&quot;:&quot;%&quot;,&quot;size&quot;:50,&quot;sizes&quot;:[]},&quot;jet_parallax_layout_type&quot;:&quot;scroll&quot;,&quot;jet_parallax_layout_direction&quot;:&quot;1&quot;,&quot;jet_parallax_layout_fx_direction&quot;:null,&quot;jet_parallax_layout_z_index&quot;:&quot;&quot;,&quot;jet_parallax_layout_bg_x&quot;:50,&quot;jet_parallax_layout_bg_x_tablet&quot;:&quot;&quot;,&quot;jet_parallax_layout_bg_x_mobile&quot;:&quot;&quot;,&quot;jet_parallax_layout_bg_y&quot;:50,&quot;jet_parallax_layout_bg_y_tablet&quot;:&quot;&quot;,&quot;jet_parallax_layout_bg_y_mobile&quot;:&quot;&quot;,&quot;jet_parallax_layout_bg_size&quot;:&quot;auto&quot;,&quot;jet_parallax_layout_bg_size_tablet&quot;:&quot;&quot;,&quot;jet_parallax_layout_bg_size_mobile&quot;:&quot;&quot;,&quot;jet_parallax_layout_animation_prop&quot;:&quot;transform&quot;,&quot;jet_parallax_layout_on&quot;:[&quot;desktop&quot;,&quot;tablet&quot;]}]}\">\n\t\t\t\t\t\t<div class=\"elementor-container elementor-column-gap-default\">\n\t\t\t\t\t<div class=\"elementor-column elementor-col-100 elementor-top-column elementor-element elementor-element-d35c40b\" data-id=\"d35c40b\" data-element_type=\"column\" data-e-type=\"column\">\n\t\t\t<div class=\"elementor-widget-wrap elementor-element-populated\">\n\t\t\t\t\t\t<div class=\"elementor-element elementor-element-75d41a6 elementor-widget elementor-widget-heading\" data-id=\"75d41a6\" data-element_type=\"widget\" data-e-type=\"widget\" data-widget_type=\"heading.default\">\n\t\t\t\t<div class=\"elementor-widget-container\">\n\t\t\t\t\t<h3 class=\"elementor-heading-title elementor-size-default\">Hogyan m\u0171k\u00f6dik a Zymot?<\/h3>\t\t\t\t<\/div>\n\t\t\t\t<\/div>\n\t\t\t\t<div class=\"elementor-element elementor-element-6a99faa elementor-widget elementor-widget-text-editor\" data-id=\"6a99faa\" data-element_type=\"widget\" data-e-type=\"widget\" data-widget_type=\"text-editor.default\">\n\t\t\t\t<div class=\"elementor-widget-container\">\n\t\t\t\t\t\t\t\t\t<div class=\"wpb_text_column wpb_content_element \"><div class=\"wpb_wrapper\"><p>Ily m\u00f3don a c\u00e9l a spermiumoknak a m\u00e9hbe val\u00f3 bejut\u00e1s\u00e1nak ut\u00e1nz\u00e1sa a sikertelen kopul\u00e1ci\u00f3val, \u00e9s \u00edgy a terhess\u00e9g kialakul\u00e1s\u00e1nak el\u00e9r\u00e9se. A mesters\u00e9ges megterm\u00e9keny\u00edt\u00e9st a m\u00e9hnyakon kereszt\u00fcl v\u00e9gzik az orvosi rendel\u0151ben egy nagyon finom kan\u00fcl seg\u00edts\u00e9g\u00e9vel. Ez mind\u00f6ssze n\u00e9h\u00e1ny percet vesz ig\u00e9nybe.  <\/p><p>A sikeres mesters\u00e9ges megterm\u00e9keny\u00edt\u00e9shez a cs\u00f6veknek \u00e1tj\u00e1rhat\u00f3nak kell lenni\u00fck, \u00e9s nem szabad elz\u00e1r\u00f3dniuk. Ez\u00e9rt aj\u00e1nlott a megfelel\u0151 m\u0171k\u00f6d\u00e9s\u00fck ellen\u0151rz\u00e9s\u00e9re hiszteroszalpingogr\u00e1fi\u00e1t vagy hiszteroszonogr\u00e1fi\u00e1t v\u00e9gezni. <\/p><\/div><\/div>\t\t\t\t\t\t\t\t<\/div>\n\t\t\t\t<\/div>\n\t\t\t\t\t<\/div>\n\t\t<\/div>\n\t\t\t\t\t<\/div>\n\t\t<\/section>\n\t\t\t\t<section class=\"elementor-section elementor-top-section elementor-element elementor-element-f0cc19e elementor-section-boxed elementor-section-height-default elementor-section-height-default\" data-id=\"f0cc19e\" data-element_type=\"section\" data-e-type=\"section\" data-settings=\"{&quot;jet_parallax_layout_list&quot;:[{&quot;jet_parallax_layout_image&quot;:{&quot;url&quot;:&quot;&quot;,&quot;id&quot;:&quot;&quot;,&quot;size&quot;:&quot;&quot;},&quot;_id&quot;:&quot;13a86ab&quot;,&quot;jet_parallax_layout_image_tablet&quot;:{&quot;url&quot;:&quot;&quot;,&quot;id&quot;:&quot;&quot;,&quot;size&quot;:&quot;&quot;},&quot;jet_parallax_layout_image_mobile&quot;:{&quot;url&quot;:&quot;&quot;,&quot;id&quot;:&quot;&quot;,&quot;size&quot;:&quot;&quot;},&quot;jet_parallax_layout_speed&quot;:{&quot;unit&quot;:&quot;%&quot;,&quot;size&quot;:50,&quot;sizes&quot;:[]},&quot;jet_parallax_layout_type&quot;:&quot;scroll&quot;,&quot;jet_parallax_layout_direction&quot;:&quot;1&quot;,&quot;jet_parallax_layout_fx_direction&quot;:null,&quot;jet_parallax_layout_z_index&quot;:&quot;&quot;,&quot;jet_parallax_layout_bg_x&quot;:50,&quot;jet_parallax_layout_bg_x_tablet&quot;:&quot;&quot;,&quot;jet_parallax_layout_bg_x_mobile&quot;:&quot;&quot;,&quot;jet_parallax_layout_bg_y&quot;:50,&quot;jet_parallax_layout_bg_y_tablet&quot;:&quot;&quot;,&quot;jet_parallax_layout_bg_y_mobile&quot;:&quot;&quot;,&quot;jet_parallax_layout_bg_size&quot;:&quot;auto&quot;,&quot;jet_parallax_layout_bg_size_tablet&quot;:&quot;&quot;,&quot;jet_parallax_layout_bg_size_mobile&quot;:&quot;&quot;,&quot;jet_parallax_layout_animation_prop&quot;:&quot;transform&quot;,&quot;jet_parallax_layout_on&quot;:[&quot;desktop&quot;,&quot;tablet&quot;]}]}\">\n\t\t\t\t\t\t<div class=\"elementor-container elementor-column-gap-default\">\n\t\t\t\t\t<div class=\"elementor-column elementor-col-100 elementor-top-column elementor-element elementor-element-1572993\" data-id=\"1572993\" data-element_type=\"column\" data-e-type=\"column\">\n\t\t\t<div class=\"elementor-widget-wrap elementor-element-populated\">\n\t\t\t\t\t\t<div class=\"elementor-element elementor-element-a25a4c8 elementor-widget elementor-widget-heading\" data-id=\"a25a4c8\" data-element_type=\"widget\" data-e-type=\"widget\" data-widget_type=\"heading.default\">\n\t\t\t\t<div class=\"elementor-widget-container\">\n\t\t\t\t\t<h3 class=\"elementor-heading-title elementor-size-default\">A Zymot el\u0151nyei<\/h3>\t\t\t\t<\/div>\n\t\t\t\t<\/div>\n\t\t\t\t<div class=\"elementor-element elementor-element-0a532d7 elementor-widget elementor-widget-text-editor\" data-id=\"0a532d7\" data-element_type=\"widget\" data-e-type=\"widget\" data-widget_type=\"text-editor.default\">\n\t\t\t\t<div class=\"elementor-widget-container\">\n\t\t\t\t\t\t\t\t\t<ul><li data-start=\"917\" data-end=\"1027\"><p data-start=\"919\" data-end=\"1027\"><strong data-start=\"919\" data-end=\"959\">A legeg\u00e9szs\u00e9gesebb spermiumok kiv\u00e1laszt\u00e1sa:<\/strong> csak a legmozg\u00e9konyabb, \u00e9p DNS-sel rendelkez\u0151 spermiumok ker\u00fclnek kiv\u00e1laszt\u00e1sra.<\/p><\/li><li data-start=\"1028\" data-end=\"1171\"><p data-start=\"1030\" data-end=\"1171\"><strong data-start=\"1030\" data-end=\"1067\">Jobb megterm\u00e9keny\u00edt\u00e9si ar\u00e1ny:<\/strong> a j\u00f3 min\u0151s\u00e9g\u0171 spermiumok haszn\u00e1lat\u00e1val n\u0151 a megterm\u00e9keny\u00edt\u00e9s \u00e9s a be\u00fcltet\u00e9s es\u00e9lye.<\/p><\/li><li data-start=\"1172\" data-end=\"1294\"><p data-start=\"1174\" data-end=\"1294\"><strong data-start=\"1174\" data-end=\"1199\">Kevesebb DNS-k\u00e1rosod\u00e1s:<\/strong> a k\u00edm\u00e9letes elv\u00e1laszt\u00e1si technika elker\u00fcli a spermiumok k\u00e1rosod\u00e1s\u00e1t, ami jav\u00edtja a min\u0151s\u00e9get.<\/p><\/li><li data-start=\"1295\" data-end=\"1393\"><p data-start=\"1297\" data-end=\"1393\"><strong data-start=\"1297\" data-end=\"1333\">Gyors \u00e9s egyszer\u0171 elj\u00e1r\u00e1s:<\/strong> a folyamat hat\u00e9kony \u00e9s k\u00f6nnyen kivitelezhet\u0151 a klinik\u00e1n.<\/p><\/li><\/ul>\t\t\t\t\t\t\t\t<\/div>\n\t\t\t\t<\/div>\n\t\t\t\t\t<\/div>\n\t\t<\/div>\n\t\t\t\t\t<\/div>\n\t\t<\/section>\n\t\t\t\t<section class=\"elementor-section elementor-top-section elementor-element elementor-element-f29818f elementor-section-boxed elementor-section-height-default elementor-section-height-default\" data-id=\"f29818f\" data-element_type=\"section\" data-e-type=\"section\" data-settings=\"{&quot;jet_parallax_layout_list&quot;:[{&quot;jet_parallax_layout_image&quot;:{&quot;url&quot;:&quot;&quot;,&quot;id&quot;:&quot;&quot;,&quot;size&quot;:&quot;&quot;},&quot;_id&quot;:&quot;13a86ab&quot;,&quot;jet_parallax_layout_image_tablet&quot;:{&quot;url&quot;:&quot;&quot;,&quot;id&quot;:&quot;&quot;,&quot;size&quot;:&quot;&quot;},&quot;jet_parallax_layout_image_mobile&quot;:{&quot;url&quot;:&quot;&quot;,&quot;id&quot;:&quot;&quot;,&quot;size&quot;:&quot;&quot;},&quot;jet_parallax_layout_speed&quot;:{&quot;unit&quot;:&quot;%&quot;,&quot;size&quot;:50,&quot;sizes&quot;:[]},&quot;jet_parallax_layout_type&quot;:&quot;scroll&quot;,&quot;jet_parallax_layout_direction&quot;:&quot;1&quot;,&quot;jet_parallax_layout_fx_direction&quot;:null,&quot;jet_parallax_layout_z_index&quot;:&quot;&quot;,&quot;jet_parallax_layout_bg_x&quot;:50,&quot;jet_parallax_layout_bg_x_tablet&quot;:&quot;&quot;,&quot;jet_parallax_layout_bg_x_mobile&quot;:&quot;&quot;,&quot;jet_parallax_layout_bg_y&quot;:50,&quot;jet_parallax_layout_bg_y_tablet&quot;:&quot;&quot;,&quot;jet_parallax_layout_bg_y_mobile&quot;:&quot;&quot;,&quot;jet_parallax_layout_bg_size&quot;:&quot;auto&quot;,&quot;jet_parallax_layout_bg_size_tablet&quot;:&quot;&quot;,&quot;jet_parallax_layout_bg_size_mobile&quot;:&quot;&quot;,&quot;jet_parallax_layout_animation_prop&quot;:&quot;transform&quot;,&quot;jet_parallax_layout_on&quot;:[&quot;desktop&quot;,&quot;tablet&quot;]}]}\">\n\t\t\t\t\t\t<div class=\"elementor-container elementor-column-gap-default\">\n\t\t\t\t\t<div class=\"elementor-column elementor-col-100 elementor-top-column elementor-element elementor-element-04ca704\" data-id=\"04ca704\" data-element_type=\"column\" data-e-type=\"column\">\n\t\t\t<div class=\"elementor-widget-wrap elementor-element-populated\">\n\t\t\t\t\t\t<div class=\"elementor-element elementor-element-13d3d9c elementor-widget elementor-widget-heading\" data-id=\"13d3d9c\" data-element_type=\"widget\" data-e-type=\"widget\" data-widget_type=\"heading.default\">\n\t\t\t\t<div class=\"elementor-widget-container\">\n\t\t\t\t\t<h3 class=\"elementor-heading-title elementor-size-default\">Kinek aj\u00e1nlott a Zymot?<\/h3>\t\t\t\t<\/div>\n\t\t\t\t<\/div>\n\t\t\t\t<div class=\"elementor-element elementor-element-04fef62 elementor-widget elementor-widget-text-editor\" data-id=\"04fef62\" data-element_type=\"widget\" data-e-type=\"widget\" data-widget_type=\"text-editor.default\">\n\t\t\t\t<div class=\"elementor-widget-container\">\n\t\t\t\t\t\t\t\t\t<p data-start=\"1395\" data-end=\"1487\">A Zymot k\u00fcl\u00f6n\u00f6sen aj\u00e1nlott a k\u00f6vetkez\u0151 f\u00e9rfiak sz\u00e1m\u00e1ra:<\/p><ul data-start=\"1488\" data-end=\"1663\"><li data-start=\"1488\" data-end=\"1522\"><p data-start=\"1490\" data-end=\"1522\">Cs\u00f6kkent spermium mozg\u00e9konys\u00e1g<\/p><\/li><li data-start=\"1523\" data-end=\"1553\"><p data-start=\"1525\" data-end=\"1553\">Magas DNS-fragment\u00e1ci\u00f3<\/p><\/li><li data-start=\"1554\" data-end=\"1599\"><p data-start=\"1556\" data-end=\"1599\">S\u00falyos f\u00e9rfi medd\u0151s\u00e9gi t\u00e9nyez\u0151k<\/p><\/li><li data-start=\"1600\" data-end=\"1663\"><p data-start=\"1602\" data-end=\"1663\">Kor\u00e1bbi, kev\u00e9sb\u00e9 sikeres IVF- vagy ICSI-k\u00eds\u00e9rletekkel rendelkez\u0151 betegek<\/p><\/li><\/ul>\t\t\t\t\t\t\t\t<\/div>\n\t\t\t\t<\/div>\n\t\t\t\t\t<\/div>\n\t\t<\/div>\n\t\t\t\t\t<\/div>\n\t\t<\/section>\n\t\t\t\t<section class=\"elementor-section elementor-top-section elementor-element elementor-element-6b5862e elementor-section-boxed elementor-section-height-default elementor-section-height-default\" data-id=\"6b5862e\" data-element_type=\"section\" data-e-type=\"section\" data-settings=\"{&quot;jet_parallax_layout_list&quot;:[{&quot;jet_parallax_layout_image&quot;:{&quot;url&quot;:&quot;&quot;,&quot;id&quot;:&quot;&quot;,&quot;size&quot;:&quot;&quot;},&quot;_id&quot;:&quot;13a86ab&quot;,&quot;jet_parallax_layout_image_tablet&quot;:{&quot;url&quot;:&quot;&quot;,&quot;id&quot;:&quot;&quot;,&quot;size&quot;:&quot;&quot;},&quot;jet_parallax_layout_image_mobile&quot;:{&quot;url&quot;:&quot;&quot;,&quot;id&quot;:&quot;&quot;,&quot;size&quot;:&quot;&quot;},&quot;jet_parallax_layout_speed&quot;:{&quot;unit&quot;:&quot;%&quot;,&quot;size&quot;:50,&quot;sizes&quot;:[]},&quot;jet_parallax_layout_type&quot;:&quot;scroll&quot;,&quot;jet_parallax_layout_direction&quot;:&quot;1&quot;,&quot;jet_parallax_layout_fx_direction&quot;:null,&quot;jet_parallax_layout_z_index&quot;:&quot;&quot;,&quot;jet_parallax_layout_bg_x&quot;:50,&quot;jet_parallax_layout_bg_x_tablet&quot;:&quot;&quot;,&quot;jet_parallax_layout_bg_x_mobile&quot;:&quot;&quot;,&quot;jet_parallax_layout_bg_y&quot;:50,&quot;jet_parallax_layout_bg_y_tablet&quot;:&quot;&quot;,&quot;jet_parallax_layout_bg_y_mobile&quot;:&quot;&quot;,&quot;jet_parallax_layout_bg_size&quot;:&quot;auto&quot;,&quot;jet_parallax_layout_bg_size_tablet&quot;:&quot;&quot;,&quot;jet_parallax_layout_bg_size_mobile&quot;:&quot;&quot;,&quot;jet_parallax_layout_animation_prop&quot;:&quot;transform&quot;,&quot;jet_parallax_layout_on&quot;:[&quot;desktop&quot;,&quot;tablet&quot;]}]}\">\n\t\t\t\t\t\t<div class=\"elementor-container elementor-column-gap-default\">\n\t\t\t\t\t<div class=\"elementor-column elementor-col-100 elementor-top-column elementor-element elementor-element-810077e\" data-id=\"810077e\" data-element_type=\"column\" data-e-type=\"column\">\n\t\t\t<div class=\"elementor-widget-wrap elementor-element-populated\">\n\t\t\t\t\t\t<div class=\"elementor-element elementor-element-65a9591 elementor-widget elementor-widget-heading\" data-id=\"65a9591\" data-element_type=\"widget\" data-e-type=\"widget\" data-widget_type=\"heading.default\">\n\t\t\t\t<div class=\"elementor-widget-container\">\n\t\t\t\t\t<h3 class=\"elementor-heading-title elementor-size-default\">Mi\u00e9rt v\u00e1lassza a Zymotot az IREMA-n\u00e1l?<\/h3>\t\t\t\t<\/div>\n\t\t\t\t<\/div>\n\t\t\t\t<div class=\"elementor-element elementor-element-2141f58 elementor-widget elementor-widget-text-editor\" data-id=\"2141f58\" data-element_type=\"widget\" data-e-type=\"widget\" data-widget_type=\"text-editor.default\">\n\t\t\t\t<div class=\"elementor-widget-container\">\n\t\t\t\t\t\t\t\t\t<p>Az IREMA-n\u00e1l a legfejlettebb technol\u00f3gi\u00e1kat haszn\u00e1ljuk, hogy a legjobb eredm\u00e9nyeket \u00e9rj\u00fck el p\u00e1cienseink sz\u00e1m\u00e1ra. A Zymot seg\u00edts\u00e9g\u00e9vel olyan fejlett spermav\u00e1logat\u00e1si m\u00f3dszert k\u00edn\u00e1lunk, amely jelent\u0151sen n\u00f6velheti a terhess\u00e9g es\u00e9ly\u00e9t. Szakembereink a szem\u00e9lyre szabott term\u00e9kenys\u00e9gi kezel\u00e9s r\u00e9szek\u00e9nt v\u00e9gigk\u00eds\u00e9rik \u00d6nt ebben a folyamatban.  <\/p>\t\t\t\t\t\t\t\t<\/div>\n\t\t\t\t<\/div>\n\t\t\t\t\t<\/div>\n\t\t<\/div>\n\t\t\t\t\t<\/div>\n\t\t<\/section>\n\t\t\t\t<\/div>\n\t\t","protected":false},"excerpt":{"rendered":"<p>Spermav\u00e1logat\u00e1s &#8211; Zymot Mi az a Zymot? A Zymot egy innovat\u00edv technol\u00f3gia a legjobb spermiumok kiv\u00e1laszt\u00e1s\u00e1ra az assziszt\u00e1lt reprodukci\u00f3s kezel\u00e9sekhez. Ez a m\u00f3dszer a n\u0151i reprodukt\u00edv traktusban zajl\u00f3 term\u00e9szetes szelekci\u00f3s folyamatokat ut\u00e1nozza. Ily m\u00f3don csak a legmozg\u00e9konyabb \u00e9s legeg\u00e9szs\u00e9gesebb spermiumok ker\u00fclnek kiv\u00e1laszt\u00e1sra az olyan kezel\u00e9sekhez, mint az IVF vagy az ICSI. Hogyan m\u0171k\u00f6dik a Zymot? [&hellip;]<\/p>\n","protected":false},"author":4,"featured_media":0,"parent":0,"menu_order":0,"comment_status":"closed","ping_status":"closed","template":"","meta":{"footnotes":""},"class_list":["post-47055","page","type-page","status-publish","hentry"],"_links":{"self":[{"href":"https:\/\/www.irema.org\/hu\/wp-json\/wp\/v2\/pages\/47055","targetHints":{"allow":["GET"]}}],"collection":[{"href":"https:\/\/www.irema.org\/hu\/wp-json\/wp\/v2\/pages"}],"about":[{"href":"https:\/\/www.irema.org\/hu\/wp-json\/wp\/v2\/types\/page"}],"author":[{"embeddable":true,"href":"https:\/\/www.irema.org\/hu\/wp-json\/wp\/v2\/users\/4"}],"replies":[{"embeddable":true,"href":"https:\/\/www.irema.org\/hu\/wp-json\/wp\/v2\/comments?post=47055"}],"version-history":[{"count":3,"href":"https:\/\/www.irema.org\/hu\/wp-json\/wp\/v2\/pages\/47055\/revisions"}],"predecessor-version":[{"id":47059,"href":"https:\/\/www.irema.org\/hu\/wp-json\/wp\/v2\/pages\/47055\/revisions\/47059"}],"wp:attachment":[{"href":"https:\/\/www.irema.org\/hu\/wp-json\/wp\/v2\/media?parent=47055"}],"curies":[{"name":"wp","href":"https:\/\/api.w.org\/{rel}","templated":true}]}}