{"id":48168,"date":"2021-11-22T15:57:19","date_gmt":"2021-11-22T14:57:19","guid":{"rendered":"https:\/\/www.irema.org\/adatvedelmi-szabalyzat\/"},"modified":"2026-01-30T11:48:02","modified_gmt":"2026-01-30T10:48:02","slug":"adatvedelmi-szabalyzat","status":"publish","type":"page","link":"https:\/\/www.irema.org\/hu\/adatvedelmi-szabalyzat\/","title":{"rendered":"Adatv\u00e9delmi szab\u00e1lyzat"},"content":{"rendered":"<h1 style=\"text-align: center;\">ADATV\u00c9DELMI IR\u00c1NYELVEK<\/h1>\n<p data-path-to-node=\"2\">A jelen adatv\u00e9delmi ir\u00e1nyelv megfelel az Eur\u00f3pai Parlament \u00e9s a Tan\u00e1cs (EU) 2016\/679 rendelet\u00e9nek (2016. \u00e1prilis 27.) a term\u00e9szetes szem\u00e9lyeknek a szem\u00e9lyes adatok kezel\u00e9se tekintet\u00e9ben t\u00f6rt\u00e9n\u0151 v\u00e9delm\u00e9r\u0151l \u00e9s az ilyen adatok szabad \u00e1raml\u00e1s\u00e1r\u00f3l (GDPR), a szem\u00e9lyes adatok v\u00e9delm\u00e9r\u0151l \u00e9s a digit\u00e1lis jogok garant\u00e1l\u00e1s\u00e1r\u00f3l sz\u00f3l\u00f3 12. december 5-i 3\/2018. sz. spanyol sarkalatos t\u00f6rv\u00e9nynek (LOPDGDD), valamint mindannak, ami nem ellent\u00e9tes a jelzett szab\u00e1lyoz\u00e1ssal, a szem\u00e9lyes adatok v\u00e9delm\u00e9r\u0151l sz\u00f3l\u00f3 15\/1999. sz. sarkalatos t\u00f6rv\u00e9nynek (LOPD) \u00e9s annak v\u00e9grehajt\u00e1si szab\u00e1lyainak, \u00e9s\/oder azoknak, amelyek a j\u00f6v\u0151ben ezeket felv\u00e1lthatj\u00e1k vagy friss\u00edthetik.<\/p>\n<p data-path-to-node=\"3\">Szervezet\u00fcnk elk\u00f6telezett az \u00d6n szem\u00e9lyes adatainak v\u00e9delme mellett. A megadott szem\u00e9lyes adatok sz\u00fcks\u00e9gesek szolg\u00e1ltat\u00e1saink ny\u00fajt\u00e1s\u00e1hoz, kezel\u00e9s\u00fck jogszer\u0171en, tisztess\u00e9gesen \u00e9s \u00e1tl\u00e1that\u00f3 m\u00f3don t\u00f6rt\u00e9nik, garant\u00e1lva azok megfelel\u0151 biztons\u00e1g\u00e1t, bele\u00e9rtve a jogosulatlan vagy jogellenes kezel\u00e9ssel, valamint a v\u00e9letlen elveszt\u00e9ssel, megsemmis\u00fcl\u00e9ssel vagy k\u00e1rosod\u00e1ssal szembeni v\u00e9delmet technikai \u00e9s szervez\u00e9si int\u00e9zked\u00e9sek alkalmaz\u00e1s\u00e1val.<\/p>\n<p data-path-to-node=\"4\">Jelen dokumentum r\u00e9v\u00e9n \u00e1tl\u00e1that\u00f3 \u00e9s tisztess\u00e9ges m\u00f3don szeretn\u00e9nk megadni minden sz\u00fcks\u00e9ges t\u00e1j\u00e9koztat\u00e1st a szervezet\u00fcnk \u00e1ltal v\u00e9gzett szem\u00e9lyes adatkezel\u00e9sr\u0151l.<\/p>\n<h3 data-path-to-node=\"6\">I.- ADATKEZEL\u0150<\/h3>\n<p style=\"padding-left: 40px;\" data-path-to-node=\"7\"><b data-path-to-node=\"7\" data-index-in-node=\"0\">MEGNEVEZ\u00c9S:<\/b> INSTITUTO DE REPRODUCCION DE LA MARINA ALTA, S.L.<\/p>\n<p style=\"padding-left: 40px;\" data-path-to-node=\"8\"><b data-path-to-node=\"8\" data-index-in-node=\"0\">C.I.F. \/ N.I.F.:<\/b> B53951745<\/p>\n<p style=\"padding-left: 40px;\" data-path-to-node=\"9\"><b data-path-to-node=\"9\" data-index-in-node=\"0\">SZ\u00c9KHELY:<\/b> AVDA. DOCTOR FLEMING, 47, 03760 ONDARA (ALICANTE)<\/p>\n<p style=\"padding-left: 40px;\" data-path-to-node=\"10\"><b data-path-to-node=\"10\" data-index-in-node=\"0\">TELEFON:<\/b> 966477265<\/p>\n<p style=\"padding-left: 40px;\" data-path-to-node=\"11\"><b data-path-to-node=\"11\" data-index-in-node=\"0\">E-MAIL:<\/b> contactar@irema.org<\/p>\n<p style=\"padding-left: 40px;\" data-path-to-node=\"12\"><b data-path-to-node=\"12\" data-index-in-node=\"0\">ADATV\u00c9DELMI TISZTVISEL\u0150:<\/b> dpo@procoden.es<\/p>\n<h3 data-path-to-node=\"13\">II.- A SZEM\u00c9LYES ADATOK C\u00cdMZETTJEI<\/h3>\n<ol start=\"1\" data-path-to-node=\"14\">\n<li>\n<p data-path-to-node=\"14,0,0\">A megadott szem\u00e9lyes adatok nem ker\u00fclnek \u00e1tad\u00e1sra harmadik f\u00e9lnek, kiv\u00e9ve, ha az egyes specifikus adatkezel\u00e9sekn\u00e9l err\u0151l m\u00e1sk\u00e9nt nem rendelkeznek.<\/p>\n<\/li>\n<li>\n<p data-path-to-node=\"14,1,0\">Opcion\u00e1lisan, felh\u0151alap\u00fa sz\u00e1m\u00edt\u00e1stechnikai szolg\u00e1ltat\u00e1sok \u00e9s\/vagy e-mail k\u00fcld\u00e9si, kommunik\u00e1ci\u00f3s, valamint egy\u00e9b kapcsol\u00f3d\u00f3 informatikai szolg\u00e1ltat\u00e1sok ig\u00e9nybev\u00e9tele eset\u00e9n a szem\u00e9lyes adatok:<\/p>\n<p data-path-to-node=\"14,1,1\">\u2013 \u00c1tadhat\u00f3k az Eur\u00f3pai Gazdas\u00e1gi T\u00e9rs\u00e9gen (EGT) bel\u00fcl tal\u00e1lhat\u00f3 informatikai szolg\u00e1ltat\u00f3 c\u00e9geknek, vagy<\/p>\n<p data-path-to-node=\"14,1,2\">\u2013 Tov\u00e1bb\u00edthat\u00f3k az EGT-n k\u00edv\u00fcli, a Privacy Shield (Adatv\u00e9delmi Pajzs) v\u00e9delme al\u00e1 tartoz\u00f3 informatikai szolg\u00e1ltat\u00f3 c\u00e9geknek, amelyek megfelel\u0151 v\u00e9delmi int\u00e9zked\u00e9sekkel rendelkeznek a szem\u00e9lyes adatok biztons\u00e1g\u00e1nak garant\u00e1l\u00e1s\u00e1ra. Tov\u00e1bbi inform\u00e1ci\u00f3t ezen a linken tal\u00e1l: <a class=\"ng-star-inserted\" href=\"https:\/\/www.privacyshield.gov\/welcome\" target=\"_blank\" rel=\"noopener\">https:\/\/www.privacyshield.gov\/welcome<\/a><\/p>\n<\/li>\n<li>\n<p data-path-to-node=\"14,2,0\">Opcion\u00e1lisan, k\u00f6zigazgat\u00e1si szerveknek \u00e9s egy\u00e9b test\u00fcleteknek, amennyiben ez jogi k\u00f6telezetts\u00e9gek teljes\u00edt\u00e9se \u00e9rdek\u00e9ben sz\u00fcks\u00e9ges.<\/p>\n<\/li>\n<\/ol>\n<h3 data-path-to-node=\"15\">III.- A SZEM\u00c9LYES ADATOK KEZEL\u00c9S\u00c9T MEGALAPOZ\u00d3 JOGALAP<\/h3>\n<p style=\"padding-left: 40px;\" data-path-to-node=\"16\">Minden egyes specifikus adatkezel\u00e9s eset\u00e9n t\u00e1j\u00e9koztatjuk \u00d6nt az azt megalapoz\u00f3 jogalapr\u00f3l.<\/p>\n<h3 data-path-to-node=\"17\">IV.- JOGOK<\/h3>\n<p style=\"padding-left: 40px;\" data-path-to-node=\"18\"><b data-path-to-node=\"18\" data-index-in-node=\"0\">HOZZ\u00c1F\u00c9R\u00c9SI JOG<\/b> Az \u00e9rintett jogosult arra, hogy visszajelz\u00e9st kapjon az adatkezel\u0151t\u0151l arra vonatkoz\u00f3an, hogy szem\u00e9lyes adatainak kezel\u00e9se folyamatban van-e, \u00e9s ha ilyen adatkezel\u00e9s folyamatban van, jogosult a szem\u00e9lyes adatokhoz \u00e9s a k\u00f6vetkez\u0151 inform\u00e1ci\u00f3khoz hozz\u00e1f\u00e9r\u00e9st kapni: az adatkezel\u00e9s c\u00e9ljai, az \u00e9rintett szem\u00e9lyes adatok kateg\u00f3ri\u00e1i, azon c\u00edmzettek kateg\u00f3ri\u00e1i, akikkel a szem\u00e9lyes adatokat k\u00f6z\u00f6lt\u00e9k vagy k\u00f6z\u00f6lni fogj\u00e1k, a t\u00e1rol\u00e1s id\u0151tartama vagy az id\u0151tartam meghat\u00e1roz\u00e1s\u00e1nak szempontjai, a helyesb\u00edt\u00e9s, t\u00f6rl\u00e9s vagy adatkezel\u00e9s korl\u00e1toz\u00e1s\u00e1nak joga, a tiltakoz\u00e1shoz val\u00f3 jog, a Spanyol Adatv\u00e9delmi Hat\u00f3s\u00e1ghoz (AEPD) c\u00edmzett panasz beny\u00fajt\u00e1s\u00e1nak joga, az automatiz\u00e1lt d\u00f6nt\u00e9shozatal (bele\u00e9rtve a profilalkot\u00e1st) t\u00e9nye, valamint harmadik orsz\u00e1gba t\u00f6rt\u00e9n\u0151 adattov\u00e1bb\u00edt\u00e1s eset\u00e9n az alkalmazott megfelel\u0151 garanci\u00e1kr\u00f3l val\u00f3 t\u00e1j\u00e9koztat\u00e1s.<\/p>\n<p style=\"padding-left: 40px;\" data-path-to-node=\"19\"><b data-path-to-node=\"19\" data-index-in-node=\"0\">HELYESB\u00cdT\u00c9SHEZ VAL\u00d3 JOG<\/b> \u00d6n jogosult a pontatlan szem\u00e9lyes adatok helyesb\u00edt\u00e9s\u00e9t k\u00e9rni, bele\u00e9rtve a hi\u00e1nyos adatok kieg\u00e9sz\u00edt\u00e9s\u00e9t is. Az adatok b\u00e1rmely m\u00f3don t\u00f6rt\u00e9n\u0151 megad\u00e1s\u00e1val \u00d6n szavatolja, hogy azok val\u00f3sak \u00e9s pontosak, \u00e9s v\u00e1llalja, hogy \u00e9rtes\u00edt minket azok v\u00e1ltoz\u00e1s\u00e1r\u00f3l. A webes \u0171rlapokon megadott t\u00e9ves, pontatlan vagy hi\u00e1nyos inform\u00e1ci\u00f3kb\u00f3l ered\u0151 k\u00e1rok\u00e9rt a felel\u0151ss\u00e9g kiz\u00e1r\u00f3lag az \u00e9rintettet terheli.<\/p>\n<p style=\"padding-left: 40px;\" data-path-to-node=\"20\"><b data-path-to-node=\"20\" data-index-in-node=\"0\">T\u00d6RL\u00c9SHEZ VAL\u00d3 JOG<\/b> \u00d6n jogosult a szem\u00e9lyes adatok t\u00f6rl\u00e9s\u00e9t k\u00e9rni, ha t\u00f6bbek k\u00f6z\u00f6tt m\u00e1r nincs r\u00e1juk sz\u00fcks\u00e9g abb\u00f3l a c\u00e9lb\u00f3l, amelyb\u0151l gy\u0171jt\u00f6tt\u00e9k \u0151ket, vagy ha visszavonja a hozz\u00e1j\u00e1rul\u00e1s\u00e1t. A t\u00f6rl\u00e9s nem alkalmazhat\u00f3, ha az adatkezel\u00e9s sz\u00fcks\u00e9ges p\u00e9ld\u00e1ul jogi k\u00f6telezetts\u00e9g teljes\u00edt\u00e9s\u00e9hez vagy jogi ig\u00e9nyek el\u0151terjeszt\u00e9s\u00e9hez, \u00e9rv\u00e9nyes\u00edt\u00e9s\u00e9hez, illetve v\u00e9delm\u00e9hez.<\/p>\n<p style=\"padding-left: 40px;\" data-path-to-node=\"21\"><b data-path-to-node=\"21\" data-index-in-node=\"0\">KORL\u00c1TOZ\u00c1SHOZ VAL\u00d3 JOG<\/b> \u00d6n jogosult az adatkezel\u00e9s korl\u00e1toz\u00e1s\u00e1t k\u00e9rni, ami azt jelenti, hogy bizonyos esetekben k\u00e9rheti t\u0151l\u00fcnk az adatok kezel\u00e9s\u00e9nek ideiglenes felf\u00fcggeszt\u00e9s\u00e9t, vagy azok meg\u0151rz\u00e9s\u00e9t a sz\u00fcks\u00e9ges id\u0151n t\u00fal, ha sz\u00fcks\u00e9ge lehet r\u00e1juk.<\/p>\n<p style=\"padding-left: 40px;\" data-path-to-node=\"22\"><b data-path-to-node=\"22\" data-index-in-node=\"0\">HOZZ\u00c1J\u00c1RUL\u00c1S VISSZAVON\u00c1S\u00c1NAK JOGA<\/b> \u00d6n jogosult b\u00e1rmikor visszavonni a \u201eSzerz\u0151d\u00e9si felt\u00e9teleket \u00e9s az adatv\u00e9delmi ir\u00e1nyelveket elolvastam \u00e9s elfogadom\u201d jel\u00f6l\u0151n\u00e9gyzet bejel\u00f6l\u00e9s\u00e9vel adott hozz\u00e1j\u00e1rul\u00e1s\u00e1t. Ez a jog nem \u00e9rv\u00e9nyes\u00edthet\u0151, ha az adatkezel\u00e9s jogi k\u00f6telezetts\u00e9g teljes\u00edt\u00e9s\u00e9hez, szerz\u0151d\u00e9s v\u00e9grehajt\u00e1s\u00e1hoz vagy jogi ig\u00e9nyek v\u00e9delm\u00e9hez sz\u00fcks\u00e9ges. A visszavon\u00e1s nem \u00e9rinti a visszavon\u00e1s el\u0151tti adatkezel\u00e9s jogszer\u0171s\u00e9g\u00e9t.<\/p>\n<p style=\"padding-left: 40px;\" data-path-to-node=\"23\"><b data-path-to-node=\"23\" data-index-in-node=\"0\">ADATHORDOZHAT\u00d3S\u00c1GHOZ VAL\u00d3 JOG<\/b> \u00d6n jogosult arra, hogy az \u00d6nre vonatkoz\u00f3, \u00e1ltalunk kezelt szem\u00e9lyes adatokat tagolt, sz\u00e9les k\u00f6rben haszn\u00e1lt, g\u00e9ppel olvashat\u00f3 form\u00e1tumban megkapja, \u00e9s ezeket egy m\u00e1sik adatkezel\u0151nek tov\u00e1bb\u00edtsa, amennyiben az adatkezel\u00e9s hozz\u00e1j\u00e1rul\u00e1son alapul \u00e9s automatiz\u00e1lt m\u00f3don t\u00f6rt\u00e9nik.<\/p>\n<p style=\"padding-left: 40px;\" data-path-to-node=\"24\"><b data-path-to-node=\"24\" data-index-in-node=\"0\">TILTAKOZ\u00c1SHOZ VAL\u00d3 JOG<\/b> \u00d6n jogosult tiltakozni szem\u00e9lyes adatainak kezel\u00e9se ellen jogos \u00e9rdek\u00fcnk alapj\u00e1n. Ebben az esetben nem kezelj\u00fck tov\u00e1bb az adatokat, kiv\u00e9ve, ha bizony\u00edtani tudjuk, hogy az adatkezel\u00e9st olyan k\u00e9nyszer\u00edt\u0151 erej\u0171 jogos okok indokolj\u00e1k, amelyek els\u0151bbs\u00e9get \u00e9lveznek az \u00d6n \u00e9rdekeivel szemben, vagy jogi ig\u00e9nyek el\u0151terjeszt\u00e9s\u00e9hez sz\u00fcks\u00e9gesek.<\/p>\n<p style=\"padding-left: 40px;\" data-path-to-node=\"25\"><b data-path-to-node=\"25\" data-index-in-node=\"0\">FEL\u00dcGYELETI HAT\u00d3S\u00c1GN\u00c1L T\u00d6RT\u00c9N\u0150 PANASZ\u00c9TELI JOG<\/b> Ha \u00fagy \u00edt\u00e9li meg, hogy adatait helytelen\u00fcl kezelj\u00fck, kapcsolatba l\u00e9phet vel\u00fcnk, vagy panasszal \u00e9lhet a Spanyol Adatv\u00e9delmi Hat\u00f3s\u00e1gn\u00e1l (AEPD): <a class=\"ng-star-inserted\" href=\"https:\/\/www.agpd.es\/\" target=\"_blank\" rel=\"noopener\">https:\/\/www.agpd.es\/<\/a><\/p>\n<p style=\"padding-left: 40px;\" data-path-to-node=\"26\"><b data-path-to-node=\"26\" data-index-in-node=\"0\">JOGOK GYAKORL\u00c1SA<\/b> Jogait a fent megadott postai c\u00edmre k\u00fcld\u00f6tt lev\u00e9lben vagy a contactar@irema.org e-mail c\u00edmen gyakorolhatja, mindk\u00e9t esetben csatolva szem\u00e9lyazonos\u00edt\u00f3 okm\u00e1ny\u00e1nak (NIF\/NIE\/\u00fatlev\u00e9l) m\u00e1solat\u00e1t.<\/p>\n<h3 data-path-to-node=\"28\">V.- SZEM\u00c9LYES ADATOK KEZEL\u00c9SE.<\/h3>\n<p style=\"padding-left: 40px;\" data-path-to-node=\"29\"><b data-path-to-node=\"29\" data-index-in-node=\"0\">\u00c1LTAL\u00c1NOS RENDELKEZ\u00c9SEK<\/b> Az egyes adatkezel\u00e9sek sor\u00e1n k\u00e9rt adatok megfelel\u0151ek, relev\u00e1nsak \u00e9s a sz\u00fcks\u00e9gesre korl\u00e1toz\u00f3dnak (adattakar\u00e9koss\u00e1g elve). A k\u00e9rt adatok megad\u00e1s\u00e1nak megtagad\u00e1sa a k\u00e9rt szolg\u00e1ltat\u00e1s ny\u00fajt\u00e1s\u00e1nak ellehetetlen\u00fcl\u00e9s\u00e9t vonja maga ut\u00e1n. Az adatok k\u00f6zl\u00e9se bizonyos esetekben szerz\u0151d\u00e9s teljes\u00edt\u00e9s\u00e9hez vagy jogi k\u00f6telezetts\u00e9ghez sz\u00fcks\u00e9ges.<\/p>\n<p style=\"padding-left: 40px;\" data-path-to-node=\"30\"><b data-path-to-node=\"30\" data-index-in-node=\"0\">KAPCSOLATI \u0170RLAP<\/b> A szem\u00e9lyes adatokat a felhaszn\u00e1l\u00f3k vagy \u00fcgyfelek inform\u00e1ci\u00f3k\u00e9r\u00e9seinek, javaslatainak \u00e9s panaszainak kezel\u00e9s\u00e9re haszn\u00e1ljuk fel.<\/p>\n<ul>\n<li style=\"list-style-type: none;\">\n<ul data-path-to-node=\"31\">\n<li>\n<p data-path-to-node=\"31,0,0\"><b data-path-to-node=\"31,0,0\" data-index-in-node=\"0\">Jogalap:<\/b> Kifejezett hozz\u00e1j\u00e1rul\u00e1s az \u201eAdatv\u00e9delmi ir\u00e1nyelveket elolvastam \u00e9s elfogadom\u201d jel\u00f6l\u00e9s\u00e9vel.<\/p>\n<\/li>\n<li>\n<p data-path-to-node=\"31,1,0\"><b data-path-to-node=\"31,1,0\" data-index-in-node=\"0\">Meg\u0151rz\u00e9s:<\/b> Az adatkezel\u00e9s megsz\u0171n\u00e9s\u00e9t\u0151l sz\u00e1m\u00edtott k\u00e9t \u00e9vig, az \u00e9rintett jogainak gyakorl\u00e1sa mellett.<\/p>\n<\/li>\n<\/ul>\n<\/li>\n<\/ul>\n<p style=\"padding-left: 40px;\" data-path-to-node=\"32\"><b data-path-to-node=\"32\" data-index-in-node=\"0\">\u00d6N\u00c9LETRAJZ \u0170RLAP<\/b> A szem\u00e9lyes adatokat a v\u00e1llalati kiv\u00e1laszt\u00e1si folyamat kezel\u00e9se \u00e9rdek\u00e9ben dolgozzuk fel.<\/p>\n<ul>\n<li style=\"list-style-type: none;\">\n<ul data-path-to-node=\"33\">\n<li>\n<p data-path-to-node=\"33,0,0\"><b data-path-to-node=\"33,0,0\" data-index-in-node=\"0\">Jogalap:<\/b> Kifejezett hozz\u00e1j\u00e1rul\u00e1s az \u201eAdatv\u00e9delmi ir\u00e1nyelveket elolvastam \u00e9s elfogadom\u201d jel\u00f6l\u00e9s\u00e9vel.<\/p>\n<\/li>\n<li>\n<p data-path-to-node=\"33,1,0\"><b data-path-to-node=\"33,1,0\" data-index-in-node=\"0\">Meg\u0151rz\u00e9s:<\/b> Az adatkezel\u00e9s megsz\u0171n\u00e9s\u00e9t\u0151l sz\u00e1m\u00edtott k\u00e9t \u00e9vig, az \u00e9rintett jogainak gyakorl\u00e1sa mellett.<\/p>\n<\/li>\n<\/ul>\n<\/li>\n<\/ul>\n","protected":false},"excerpt":{"rendered":"<p>ADATV\u00c9DELMI IR\u00c1NYELVEK A jelen adatv\u00e9delmi ir\u00e1nyelv megfelel az Eur\u00f3pai Parlament \u00e9s a Tan\u00e1cs (EU) 2016\/679 rendelet\u00e9nek (2016. \u00e1prilis 27.) a term\u00e9szetes szem\u00e9lyeknek a szem\u00e9lyes adatok kezel\u00e9se tekintet\u00e9ben t\u00f6rt\u00e9n\u0151 v\u00e9delm\u00e9r\u0151l \u00e9s az ilyen adatok szabad \u00e1raml\u00e1s\u00e1r\u00f3l (GDPR), a szem\u00e9lyes adatok v\u00e9delm\u00e9r\u0151l \u00e9s a digit\u00e1lis jogok garant\u00e1l\u00e1s\u00e1r\u00f3l sz\u00f3l\u00f3 12. december 5-i 3\/2018. sz. spanyol sarkalatos t\u00f6rv\u00e9nynek (LOPDGDD), [&hellip;]<\/p>\n","protected":false},"author":3,"featured_media":0,"parent":0,"menu_order":0,"comment_status":"closed","ping_status":"closed","template":"","meta":{"footnotes":""},"class_list":["post-48168","page","type-page","status-publish","hentry"],"_links":{"self":[{"href":"https:\/\/www.irema.org\/hu\/wp-json\/wp\/v2\/pages\/48168","targetHints":{"allow":["GET"]}}],"collection":[{"href":"https:\/\/www.irema.org\/hu\/wp-json\/wp\/v2\/pages"}],"about":[{"href":"https:\/\/www.irema.org\/hu\/wp-json\/wp\/v2\/types\/page"}],"author":[{"embeddable":true,"href":"https:\/\/www.irema.org\/hu\/wp-json\/wp\/v2\/users\/3"}],"replies":[{"embeddable":true,"href":"https:\/\/www.irema.org\/hu\/wp-json\/wp\/v2\/comments?post=48168"}],"version-history":[{"count":6,"href":"https:\/\/www.irema.org\/hu\/wp-json\/wp\/v2\/pages\/48168\/revisions"}],"predecessor-version":[{"id":48289,"href":"https:\/\/www.irema.org\/hu\/wp-json\/wp\/v2\/pages\/48168\/revisions\/48289"}],"wp:attachment":[{"href":"https:\/\/www.irema.org\/hu\/wp-json\/wp\/v2\/media?parent=48168"}],"curies":[{"name":"wp","href":"https:\/\/api.w.org\/{rel}","templated":true}]}}