{"id":48182,"date":"2022-02-14T13:36:04","date_gmt":"2022-02-14T12:36:04","guid":{"rendered":"https:\/\/www.irema.org\/cgu\/"},"modified":"2026-01-29T17:50:17","modified_gmt":"2026-01-29T16:50:17","slug":"cgu","status":"publish","type":"page","link":"https:\/\/www.irema.org\/hu\/cgu\/","title":{"rendered":"CGU"},"content":{"rendered":"<p style=\"text-align: center;\">A WWW.IREMA.ORG \u00c1LTAL\u00c1NOS HASZN\u00c1LATI FELT\u00c9TELEI<\/p>\n<h3>1.- T\u00c1RGY.<\/h3>\n<p style=\"padding-left: 40px;\">A jelen \u00e1ltal\u00e1nos felhaszn\u00e1l\u00e1si felt\u00e9telek (a tov\u00e1bbiakban \u00c1SZF) szab\u00e1lyozz\u00e1k az &#8222;INSTITUTO DE REPRODUCCION DE LA MARINA ALTA, S.L.&#8221; (a tov\u00e1bbiakban IREMA) tulajdon\u00e1ban l\u00e9v\u0151 WWW.IREMA.ORG domain (a tov\u00e1bbiakban Weboldal) alatt tal\u00e1lhat\u00f3, a felhaszn\u00e1l\u00f3k (a tov\u00e1bbiakban Felhaszn\u00e1l\u00f3(k)) sz\u00e1m\u00e1ra el\u00e9rhet\u0151v\u00e9 tett Weboldal el\u00e9r\u00e9s\u00e9t \u00e9s haszn\u00e1lat\u00e1t.<\/p>\n<p style=\"padding-left: 40px;\">Ha b\u00e1rmilyen k\u00e9ts\u00e9ge vagy k\u00e9rd\u00e9se van a Honlap haszn\u00e1lat\u00e1val \u00e9s a Honlaphoz val\u00f3 hozz\u00e1f\u00e9r\u00e9ssel vagy a jelen GTU-val kapcsolatban, a Jogi k\u00f6zlem\u00e9nyben k\u00f6zz\u00e9tett el\u00e9rhet\u0151s\u00e9geken kereszt\u00fcl l\u00e9phet kapcsolatba vel\u00fcnk.<\/p>\n<h3>2.- A JELEN \u00c1LTAL\u00c1NOS FELT\u00c9TELEKNEK VAL\u00d3 MEGFELEL\u00c9S.<\/h3>\n<p style=\"padding-left: 40px;\">A Weboldal haszn\u00e1lata a <strong>Felhaszn\u00e1l\u00f3<\/strong> r\u00e9sz\u00e9r\u0151l a Weboldalra val\u00f3 bel\u00e9p\u00e9skor hat\u00e1lyos \u00c1SZF teljes k\u00f6r\u0171 elfogad\u00e1s\u00e1t jelenti. Ez\u00e9rt, ha a Felhaszn\u00e1l\u00f3 nem \u00e9rt egyet az itt meghat\u00e1rozott felt\u00e9telek b\u00e1rmelyik\u00e9vel, tart\u00f3zkodnia kell a Weboldal haszn\u00e1lat\u00e1t\u00f3l. <\/p>\n<p style=\"padding-left: 40px;\">K\u00f6vetkez\u00e9sk\u00e9ppen a Felhaszn\u00e1l\u00f3nak minden alkalommal, amikor haszn\u00e1lni k\u00edv\u00e1nja a Weboldalt, gondosan el kell olvasnia a Felhaszn\u00e1l\u00e1si Felt\u00e9teleket.<\/p>\n<p style=\"padding-left: 40px;\">Az IREMA minden esetben fenntartja a jogot, hogy el\u0151zetes \u00e9rtes\u00edt\u00e9s n\u00e9lk\u00fcl \u00e9s b\u00e1rmikor m\u00f3dos\u00edtsa a haszn\u00e1lati szab\u00e1lyzatot. Hasonl\u00f3k\u00e9ppen, az IREMA fenntartja a jogot, hogy b\u00e1rmikor felf\u00fcggessze, megszak\u00edtsa vagy megsz\u00fcntesse a Weboldal m\u0171k\u00f6d\u00e9s\u00e9t. <\/p>\n<p style=\"padding-left: 40px;\">A &#8222;Weboldal haszn\u00e1lata&#8221; alatt minden olyan Felhaszn\u00e1l\u00f3t \u00e9rt\u00fcnk, aki bel\u00e9p a Weboldalra \u00e9s b\u00f6ng\u00e9szi azt, f\u00fcggetlen\u00fcl att\u00f3l, hogy kit\u00f6lti-e a regisztr\u00e1ci\u00f3s \u0171rlapokat vagy sem.<\/p>\n<h3>3.- A WEBOLDAL \u00c9S ANNAK TARTALM\u00c1NAK HOZZ\u00c1F\u00c9R\u00c9SI \u00c9S HASZN\u00c1LATI FELT\u00c9TELEI.<\/h3>\n<p style=\"padding-left: 40px;\">A Weboldalhoz \u00e9s\/vagy az abban foglalt Tartalomhoz val\u00f3 hozz\u00e1f\u00e9r\u00e9s nem jelent semmif\u00e9le garanci\u00e1t arra vonatkoz\u00f3an, hogy a Weboldal \u00e9s\/vagy az abban foglalt Tartalom alkalmas a Felhaszn\u00e1l\u00f3k konkr\u00e9t vagy egyedi c\u00e9ljaira.<\/p>\n<p style=\"padding-left: 40px;\"><strong>Az IREMA<\/strong> tov\u00e1bbi korl\u00e1toz\u00e1sokat \u00e9s\/vagy felt\u00e9teleket \u00e1llap\u00edthat meg a Weboldal \u00e9s\/vagy a Tartalom haszn\u00e1lat\u00e1ra \u00e9s\/vagy az ahhoz val\u00f3 hozz\u00e1f\u00e9r\u00e9sre vonatkoz\u00f3an, amelyeket a Felhaszn\u00e1l\u00f3knak minden esetben be kell tartaniuk.<\/p>\n<h4 style=\"padding-left: 40px;\">3.1- A weboldal el\u00e9r\u00e9se \u00e9s haszn\u00e1lata.<\/h4>\n<p style=\"padding-left: 80px;\">Elt\u00e9r\u0151 rendelkez\u00e9s hi\u00e1ny\u00e1ban a Weboldal haszn\u00e1lata ingyenes, a <strong>felhaszn\u00e1l\u00f3<\/strong> \u00e1ltal szerz\u0151d\u00f6tt megfelel\u0151 t\u00e1vk\u00f6zl\u00e9si h\u00e1l\u00f3zaton kereszt\u00fcl t\u00f6rt\u00e9n\u0151 csatlakoz\u00e1s k\u00f6lts\u00e9geinek s\u00e9relme n\u00e9lk\u00fcl.<\/p>\n<p style=\"padding-left: 80px;\">A <strong>Felhaszn\u00e1l\u00f3<\/strong> tudom\u00e1sul veszi, hogy elm\u00falt tizennyolc \u00e9ves, tov\u00e1bb\u00e1 tudat\u00e1ban van annak, \u00e9s \u00f6nk\u00e9nt \u00e9s kifejezetten elfogadja, hogy a Weboldal haszn\u00e1lata minden esetben az \u0151 kiz\u00e1r\u00f3lagos \u00e9s kiz\u00e1r\u00f3lagos felel\u0151ss\u00e9ge al\u00e1 tartozik.<\/p>\n<p style=\"padding-left: 80px;\">A Felhaszn\u00e1l\u00f3 v\u00e1llalja, hogy betartja az \u00c1SZF-et, valamint a Weboldalon tal\u00e1lhat\u00f3 k\u00fcl\u00f6n figyelmeztet\u00e9seket vagy utas\u00edt\u00e1sokat, \u00e9s mindig a t\u00f6rv\u00e9nyeknek, a j\u00f3 szok\u00e1soknak \u00e9s a j\u00f3hiszem\u0171s\u00e9g k\u00f6vetelm\u00e9nyeinek megfelel\u0151en, a lehet\u0151 legnagyobb gondoss\u00e1ggal j\u00e1r el, figyelembe v\u00e9ve az \u00e1ltala ig\u00e9nybe vett szolg\u00e1ltat\u00e1s jelleg\u00e9t \u00e9s ellen\u00e9rt\u00e9k\u00e9t. Ennek \u00e9rdek\u00e9ben \u00d6n tart\u00f3zkodik a Weboldal b\u00e1rmilyen olyan haszn\u00e1lat\u00e1t\u00f3l, amely akad\u00e1lyozhatja, k\u00e1ros\u00edthatja vagy ronthatja annak rendes m\u0171k\u00f6d\u00e9s\u00e9t, az <strong>IREMA<\/strong>, besz\u00e1ll\u00edt\u00f3i, forgalmaz\u00f3i, a t\u00f6bbi felhaszn\u00e1l\u00f3 vagy \u00e1ltal\u00e1ban b\u00e1rmely harmadik f\u00e9l \u00e1ruit vagy jogait. <\/p>\n<p style=\"padding-left: 80px;\">K\u00fcl\u00f6n\u00f6sen, \u00e9s an\u00e9lk\u00fcl, hogy ez a <strong>Felhaszn\u00e1l\u00f3<\/strong> \u00e1ltal az el\u0151z\u0151 szakasz szerint \u00e1ltal\u00e1noss\u00e1gban v\u00e1llalt k\u00f6telezetts\u00e9g korl\u00e1toz\u00e1s\u00e1t jelenten\u00e9, a <strong>Felhaszn\u00e1l\u00f3<\/strong> v\u00e1llalja, hogy a Weboldalt haszn\u00e1lja:<\/p>\n<p style=\"padding-left: 120px;\">a) Nem adhat meg, nem t\u00e1rolhat vagy nem terjeszthet a Weboldalon vagy a Weboldalr\u00f3l olyan inform\u00e1ci\u00f3t vagy anyagot, amely r\u00e1galmaz\u00f3, becs\u00fclets\u00e9rt\u0151, obszc\u00e9n, fenyeget\u0151, idegengy\u0171l\u00f6l\u0151, pornogr\u00e1f, a terrorizmust t\u00e1mogatja, er\u0151szakra usz\u00edt, faji, nemi, ideol\u00f3giai vagy vall\u00e1si alapon t\u00f6rt\u00e9n\u0151 megk\u00fcl\u00f6nb\u00f6ztet\u00e9st jelent, vagy amely b\u00e1rmilyen m\u00f3don s\u00e9rti a form\u00e1t, a k\u00f6zrendet, az alapvet\u0151 jogokat, a k\u00f6zszabads\u00e1gokat, a becs\u00fcletet, a mag\u00e1n\u00e9letet vagy harmadik szem\u00e9lyek k\u00e9p\u00e9t, \u00e9s \u00e1ltal\u00e1ban a hat\u00e1lyos jogszab\u00e1lyokat.<\/p>\n<p style=\"padding-left: 120px;\">b) Nem vezethet be, nem t\u00e1rolhat vagy terjeszthet a Weboldalon kereszt\u00fcl olyan sz\u00e1m\u00edt\u00f3g\u00e9pes programot, adatot, v\u00edrust, k\u00f3dot vagy b\u00e1rmilyen m\u00e1s elektronikus vagy fizikai eszk\u00f6zt vagy eszk\u00f6zt, amely k\u00e1rt okozhat a Weboldalon, b\u00e1rmely szolg\u00e1ltat\u00e1sban, vagy <strong>az IREMA<\/strong>, b\u00e1rmely Felhaszn\u00e1l\u00f3, <strong>az IREMA<\/strong> besz\u00e1ll\u00edt\u00f3i vagy forgalmaz\u00f3i vagy \u00e1ltal\u00e1ban b\u00e1rmely harmadik f\u00e9l b\u00e1rmely berendez\u00e9s\u00e9ben, rendszer\u00e9ben vagy h\u00e1l\u00f3zat\u00e1ban, amely k\u00e9pes b\u00e1rmilyen t\u00edpus\u00fa m\u00f3dos\u00edt\u00e1st okozni vagy megakad\u00e1lyozni azok norm\u00e1lis m\u0171k\u00f6d\u00e9s\u00e9t.<\/p>\n<p style=\"padding-left: 120px;\">c) Nem vezet be, nem t\u00e1rol vagy nem terjeszt a Weboldalon kereszt\u00fcl olyan tartalmat, amely s\u00e9rti a szellemi vagy ipari tulajdonra vonatkoz\u00f3 szab\u00e1lyokat vagy harmadik felek jogait, vagy \u00e1ltal\u00e1ban olyan tartalmat, amelynek harmadik felek sz\u00e1m\u00e1ra t\u00f6rt\u00e9n\u0151 hozz\u00e1f\u00e9rhet\u0151v\u00e9 t\u00e9tel\u00e9re a jogszab\u00e1lyoknak megfelel\u0151en nem rendelkezik joggal.<\/p>\n<h4 style=\"padding-left: 40px;\">3.2- Hozz\u00e1f\u00e9r\u00e9s \u00e9s a tartalom haszn\u00e1lata.<\/h4>\n<p style=\"padding-left: 80px;\">A Weboldal tartalma saj\u00e1t \u00e9s harmadik f\u00e9lt\u0151l sz\u00e1rmaz\u00f3 inform\u00e1ci\u00f3kkal \u00e1ll a <strong>Felhaszn\u00e1l\u00f3<\/strong> rendelkez\u00e9s\u00e9re.<\/p>\n<p style=\"padding-left: 80px;\"><strong>Az IREMA<\/strong> t\u00f6rekszik arra, hogy a Tartalom a lehet\u0151 legjobb min\u0151s\u00e9g\u0171 \u00e9s \u00e9sszer\u0171en naprak\u00e9sz legyen, de nem garant\u00e1lja a Tartalom hasznoss\u00e1g\u00e1t, pontoss\u00e1g\u00e1t, teljess\u00e9g\u00e9t, relevanci\u00e1j\u00e1t \u00e9s\/vagy id\u0151szer\u0171s\u00e9g\u00e9t.<\/p>\n<h3>4.- SZELLEMI \u00c9S IPARI TULAJDONJOGOK.<\/h3>\n<p style=\"padding-left: 40px;\">A jelen \u00c1SZF r\u00e9v\u00e9n a Weboldal vagy annak b\u00e1rmely alkot\u00f3eleme feletti szellemi vagy ipari tulajdonjogok nem ker\u00fclnek \u00e1truh\u00e1z\u00e1sra, \u00e9s a Felhaszn\u00e1l\u00f3nak kifejezetten tilos b\u00e1rmelyiknek a reproduk\u00e1l\u00e1sa, \u00e1talak\u00edt\u00e1sa, terjeszt\u00e9se, nyilv\u00e1nos k\u00f6zl\u00e9se, hozz\u00e1f\u00e9rhet\u0151v\u00e9 t\u00e9tele, kivon\u00e1sa, \u00fajrafelhaszn\u00e1l\u00e1sa, tov\u00e1bbk\u00fcld\u00e9se vagy felhaszn\u00e1l\u00e1sa b\u00e1rmilyen m\u00f3don, b\u00e1rmilyen eszk\u00f6zzel vagy elj\u00e1r\u00e1ssal, kiv\u00e9ve, ha ezt a megfelel\u0151 jogok tulajdonosa t\u00f6rv\u00e9nyesen megengedi vagy enged\u00e9lyezi.<\/p>\n<p style=\"padding-left: 40px;\">A <strong>Felhaszn\u00e1l\u00f3<\/strong> a Tartalom ideiglenes mag\u00e1nm\u00e1solat\u00e1t kiz\u00e1r\u00f3lag szem\u00e9lyes \u00e9s mag\u00e1nc\u00e9l\u00fa felhaszn\u00e1l\u00e1sra tekintheti meg \u00e9s szerezheti be saj\u00e1t sz\u00e1m\u00edt\u00f3g\u00e9pes rendszereiben (szoftver \u00e9s hardver), felt\u00e9ve, hogy ez nem kereskedelmi vagy szakmai jelleg\u0171 tev\u00e9kenys\u00e9gek v\u00e9gz\u00e9se c\u00e9lj\u00e1b\u00f3l t\u00f6rt\u00e9nik. A <strong>Felhaszn\u00e1l\u00f3<\/strong> k\u00f6teles tart\u00f3zkodni att\u00f3l, hogy a Tartalmat m\u00e1s eszk\u00f6z\u00f6kkel vagy elj\u00e1r\u00e1sokkal szerezze meg, vagy pr\u00f3b\u00e1lja meg megszerezni, mint amelyek minden esetben erre a c\u00e9lra rendelkez\u00e9sre bocs\u00e1tottak vagy megjel\u00f6ltek, vagy amelyek az interneten \u00e1ltal\u00e1ban haszn\u00e1latosak (felt\u00e9ve, hogy ez ut\u00f3bbiak nem j\u00e1rnak a Weboldal k\u00e1rosod\u00e1s\u00e1nak vagy letilt\u00e1s\u00e1nak kock\u00e1zat\u00e1val). A <strong>Felhaszn\u00e1l\u00f3nak<\/strong> mindenkor tiszteletben kell tartania az <strong>IREMA<\/strong> vagy harmadik felek tulajdon\u00e1ban l\u00e9v\u0151, a Weboldalra vonatkoz\u00f3 valamennyi szellemi \u00e9s ipari tulajdonjogot.  <\/p>\n<h3>5.- A GARANCI\u00c1K \u00c9S A FELEL\u0150SS\u00c9G KIZ\u00c1R\u00c1SA.<\/h3>\n<h4 style=\"padding-left: 40px;\">5.1.- A weboldal m\u0171k\u00f6d\u00e9s\u00e9re vonatkoz\u00f3 garanci\u00e1k \u00e9s felel\u0151ss\u00e9g kiz\u00e1r\u00e1sa.<\/h4>\n<p style=\"padding-left: 80px;\"><strong>Az IREMA<\/strong> nem garant\u00e1lja a Weboldal \u00e9s az ott k\u00edn\u00e1lt szolg\u00e1ltat\u00e1sok vagy Tartalmak el\u00e9rhet\u0151s\u00e9g\u00e9t \u00e9s folyamatos m\u0171k\u00f6d\u00e9s\u00e9t, sem azt, hogy a Weboldal tartalma naprak\u00e9sz, \u00e9s mentes\u00fcl minden felel\u0151ss\u00e9g al\u00f3l az ilyen k\u00f6r\u00fclm\u00e9nyekb\u0151l ered\u0151 b\u00e1rmilyen jelleg\u0171 k\u00e1r\u00e9rt.<\/p>\n<p style=\"padding-left: 80px;\"><strong>Az IREMA<\/strong>, amennyiben nem \u00e1llnak fenn olyan k\u00f6r\u00fclm\u00e9nyek, amelyek lehetetlenn\u00e9 vagy neh\u00e9zkess\u00e9 teszik a hib\u00e1k, megszak\u00edt\u00e1sok \u00e9s\/vagy a tartalom friss\u00edt\u00e9s\u00e9nek hi\u00e1nya miatt, amint tudom\u00e1st szerez a hib\u00e1kr\u00f3l, megszak\u00edt\u00e1sokr\u00f3l \u00e9s\/vagy a tartalom friss\u00edt\u00e9s\u00e9nek hi\u00e1ny\u00e1r\u00f3l, elv\u00e9gzi mindazon feladatokat, amelyek a hib\u00e1k kijav\u00edt\u00e1s\u00e1ra, a kommunik\u00e1ci\u00f3 helyre\u00e1ll\u00edt\u00e1s\u00e1ra \u00e9s\/vagy a fent eml\u00edtett tartalom friss\u00edt\u00e9s\u00e9re ir\u00e1nyulnak.<\/p>\n<p style=\"padding-left: 80px;\">Hasonl\u00f3k\u00e9ppen, <strong>az IREMA<\/strong> nem garant\u00e1lja sem a Weboldal technikai megb\u00edzhat\u00f3s\u00e1g\u00e1t, sem a k\u00fcl\u00f6nb\u00f6z\u0151 oldalakhoz val\u00f3 hozz\u00e1f\u00e9r\u00e9st, \u00e9s mentes\u00fcl minden felel\u0151ss\u00e9g al\u00f3l az ebb\u0151l ad\u00f3d\u00f3an esetlegesen felmer\u00fcl\u0151 k\u00e1rok\u00e9rt.<\/p>\n<p style=\"padding-left: 80px;\">Tov\u00e1bb\u00e1 az <strong>IREMA<\/strong> nem v\u00e1llal felel\u0151ss\u00e9get az esetleges hib\u00e1k\u00e9rt vagy biztons\u00e1gi hi\u00e1nyoss\u00e1gok\u00e9rt, amelyek a b\u00f6ng\u00e9sz\u0151 elavult vagy nem biztons\u00e1gos verzi\u00f3j\u00e1nak a Felhaszn\u00e1l\u00f3 \u00e1ltali haszn\u00e1lat\u00e1b\u00f3l ad\u00f3dhatnak, illetve a b\u00f6ng\u00e9sz\u0151 hib\u00e1s m\u0171k\u00f6d\u00e9s\u00e9b\u0151l ered\u0151 esetleges k\u00e1rok\u00e9rt, hib\u00e1k\u00e9rt vagy pontatlans\u00e1gok\u00e9rt.<\/p>\n<p style=\"padding-left: 80px;\">Annak \u00e9rdek\u00e9ben, hogy cs\u00f6kkentse a v\u00edrusok Weboldalra t\u00f6rt\u00e9n\u0151 behurcol\u00e1s\u00e1nak kock\u00e1zat\u00e1t, v\u00edrusfelder\u00edt\u0151 programokat haszn\u00e1l a Weboldalra behozott \u00f6sszes Tartalom ellen\u0151rz\u00e9s\u00e9re.<strong>Az IREMA<\/strong> azonban nem garant\u00e1lja, hogy a Weboldalon nem tal\u00e1lhat\u00f3ak olyan v\u00edrusok vagy egy\u00e9b elemek, amelyeket az IREMA-t\u00f3l f\u00fcggetlen harmadik felek hoztak be, \u00e9s amelyek v\u00e1ltoz\u00e1sokat okozhatnak a felhaszn\u00e1l\u00f3k fizikai vagy logikai rendszereiben vagy a rendszereikben t\u00e1rolt elektronikus dokumentumokban \u00e9s f\u00e1jlokban. K\u00f6vetkez\u00e9sk\u00e9ppen <strong>az IREMA<\/strong> semmik\u00e9ppen nem v\u00e1llal felel\u0151ss\u00e9get semmilyen k\u00e1r\u00e9rt, amely a v\u00edrusok vagy m\u00e1s olyan elemek jelenl\u00e9t\u00e9b\u0151l eredhet, amelyek a <strong>felhaszn\u00e1l\u00f3k<\/strong> fizikai vagy logikai rendszereiben, elektronikus dokumentumaiban vagy f\u00e1jljaiban v\u00e1ltoz\u00e1sokat okozhatnak.  <\/p>\n<p style=\"padding-left: 80px;\"><strong>Az IREMA<\/strong> k\u00fcl\u00f6nb\u00f6z\u0151 v\u00e9delmi int\u00e9zked\u00e9seket alkalmaz a Weboldal, az \u00f6sszegy\u0171jt\u00f6tt adatok \u00e9s a Tartalom v\u00e9delme \u00e9rdek\u00e9ben a harmadik felek \u00e1ltal elk\u00f6vetett sz\u00e1m\u00edt\u00f3g\u00e9pes t\u00e1mad\u00e1sok ellen. <strong>Az IREMA<\/strong> azonban nem garant\u00e1lja, hogy illet\u00e9ktelen harmadik szem\u00e9lyek nem f\u00e9rhetnek hozz\u00e1 a Weboldal <strong>Felhaszn\u00e1l\u00f3<\/strong> \u00e1ltali haszn\u00e1lat\u00e1nak vagy b\u00f6ng\u00e9sz\u00e9s\u00e9nek m\u00f3dj\u00e1hoz, illetve azokhoz a felt\u00e9telekhez, jellemz\u0151kh\u00f6z \u00e9s k\u00f6r\u00fclm\u00e9nyekhez, amelyek k\u00f6z\u00f6tt ez t\u00f6rt\u00e9nik. K\u00f6vetkez\u00e9sk\u00e9ppen <strong>az IREMA<\/strong> semmik\u00e9ppen nem v\u00e1llal felel\u0151ss\u00e9get az ilyen jogosulatlan hozz\u00e1f\u00e9r\u00e9sb\u0151l ered\u0151 esetleges k\u00e1rok\u00e9rt.  <\/p>\n<p style=\"padding-left: 80px;\"><strong>Az IREMA<\/strong> semmilyen k\u00f6r\u00fclm\u00e9nyek k\u00f6z\u00f6tt nem v\u00e1llal felel\u0151ss\u00e9get a felhaszn\u00e1l\u00f3k \u00e9s\/vagy harmadik felek \u00e1ltal a Weboldal vagy a Tartalom felhaszn\u00e1l\u00e1s\u00e1\u00e9rt, sem az ebb\u0151l ered\u0151 k\u00e1rok\u00e9rt.<\/p>\n<h4 style=\"padding-left: 40px;\">5.2.- A garanci\u00e1k \u00e9s a tartalom\u00e9rt val\u00f3 felel\u0151ss\u00e9g kiz\u00e1r\u00e1sa.<\/h4>\n<p style=\"padding-left: 80px;\"><strong>Az IREMA<\/strong> nem szerkeszti a harmadik felek \u00e1ltal a Weboldalon k\u00f6zz\u00e9tett Tartalmakat, \u00e9s k\u00f6vetkez\u00e9sk\u00e9ppen nem garant\u00e1lja \u00e9s nem felel az ilyen Tartalmak jogszer\u0171s\u00e9g\u00e9\u00e9rt, megb\u00edzhat\u00f3s\u00e1g\u00e1\u00e9rt, hasznoss\u00e1g\u00e1\u00e9rt, igazs\u00e1gtartalm\u00e1\u00e9rt, pontoss\u00e1g\u00e1\u00e9rt, teljess\u00e9g\u00e9\u00e9rt \u00e9s id\u0151szer\u0171s\u00e9g\u00e9\u00e9rt, valamint az IREMA tulajdon\u00e1ban l\u00e9v\u0151 Tartalmak\u00e9rt. Az IREMA semmik\u00e9ppen nem v\u00e1llal felel\u0151ss\u00e9get a k\u00f6vetkez\u0151 k\u00e1rok\u00e9rt: (i) a harmadik f\u00e9lt\u0151l sz\u00e1rmaz\u00f3 \u00e9s saj\u00e1t Tartalmak jogszer\u0171s\u00e9g\u00e9nek, val\u00f3s\u00e1gtartalm\u00e1nak, pontoss\u00e1g\u00e1nak, teljess\u00e9g\u00e9nek \u00e9s\/vagy id\u0151szer\u0171s\u00e9g\u00e9nek hi\u00e1nya; (ii) a Tartalmak \u00e1ltal gener\u00e1lt elv\u00e1r\u00e1sok b\u00e1rmilyen c\u00e9lra val\u00f3 alkalmatlans\u00e1ga \u00e9s csal\u00f3d\u00e1sa; (iii) a felhaszn\u00e1l\u00f3 \u00e1ltal a Tartalmak \u00e1ltal ny\u00fajtott vagy szolg\u00e1ltatott inform\u00e1ci\u00f3kra vagy adatokra t\u00e1maszkodva hozott vagy elker\u00fclt d\u00f6nt\u00e9sek vagy int\u00e9zked\u00e9sek, bele\u00e9rtve, de nem kiz\u00e1r\u00f3lagosan a nyeres\u00e9g vagy \u00fczleti lehet\u0151s\u00e9gek elveszt\u00e9s\u00e9t.    <\/p>\n<h3>6.- HIPERHIVATKOZ\u00c1SOK.<\/h3>\n<p style=\"padding-left: 40px;\">Azoknak a szem\u00e9lyeknek, akik hiperhivatkoz\u00e1sokat k\u00edv\u00e1nnak l\u00e9trehozni weboldaluk \u00e9s a Weboldal k\u00f6z\u00f6tt, be kell tartaniuk \u00e9s meg kell felelni\u00fck az al\u00e1bbi felt\u00e9teleknek:<\/p>\n<p style=\"padding-left: 80px;\">i) Nem sz\u00fcks\u00e9ges el\u0151zetes enged\u00e9ly, ha a hiperhivatkoz\u00e1s csak a Weboldal kezd\u0151lapj\u00e1nak el\u00e9r\u00e9s\u00e9t teszi lehet\u0151v\u00e9, de azt semmilyen form\u00e1ban nem lehet reproduk\u00e1lni. A hiperlink b\u00e1rmely m\u00e1s form\u00e1ja az IREMA kifejezett \u00e9s egy\u00e9rtelm\u0171 \u00edr\u00e1sbeli enged\u00e9ly\u00e9t ig\u00e9nyli. <\/p>\n<p style=\"padding-left: 80px;\">ii) Az a weboldal, amelyen a hiperhivatkoz\u00e1st l\u00e9trehozt\u00e1k, csak annyit tartalmazhat, amennyi a hiperhivatkoz\u00e1s c\u00e9lj\u00e1nak azonos\u00edt\u00e1s\u00e1hoz felt\u00e9tlen\u00fcl sz\u00fcks\u00e9ges.<\/p>\n<p style=\"padding-left: 80px;\">iii) Az a weboldal, amelyen a hiperhivatkoz\u00e1st l\u00e9trehozt\u00e1k, nem tartalmazhat tiltott, az erk\u00f6lcsbe, az \u00e1ltal\u00e1nosan elfogadott j\u00f3 szok\u00e1sokba \u00e9s a k\u00f6zrendbe \u00fctk\u00f6z\u0151 inform\u00e1ci\u00f3t vagy tartalmat, \u00e9s nem tartalmazhat harmadik f\u00e9l jogait s\u00e9rt\u0151 tartalmat.<\/p>\n<p style=\"padding-left: 80px;\">iv) <strong>Az IREMA<\/strong> fenntartja mag\u00e1nak a jogot, hogy blokkolja a Weboldalra mutat\u00f3 olyan hiperhivatkoz\u00e1sokat, amelyek nem rendelkeznek kifejezett el\u0151zetes enged\u00e9llyel, m\u00e9g akkor is, ha azok megfelelnek az \u00c1ltal\u00e1nos Szerz\u0151d\u00e9si Felt\u00e9telek ezen pontj\u00e1nak rendelkez\u00e9seinek.<\/p>\n<h3>7.- INT\u00c9ZKED\u00c9SEK A SZAB\u00c1LYOK BE NEM TART\u00c1SA ESET\u00c9N.<\/h3>\n<div id=\"page-4\" class=\"_kqswh2mm _bfhku67f _18u01wug _2hwx1wug\" style=\"padding-left: 40px;\" data-testid=\"page-3\"><strong>Az IREMA<\/strong> fenntartja mag\u00e1nak a jogot, hogy a t\u00f6rv\u00e9ny \u00e1ltal rendelkez\u00e9sre \u00e1ll\u00f3 minden int\u00e9zked\u00e9st megtegyen a<\/div>\n<div id=\"page-5\" class=\"_kqswh2mm _bfhku67f _18u01wug _2hwx1wug\" style=\"padding-left: 40px;\" data-testid=\"page-4\">a Weboldal jelen \u00c1ltal\u00e1nos Szerz\u0151d\u00e9si Felt\u00e9telek b\u00e1rmely rendelkez\u00e9s\u00e9nek a felhaszn\u00e1l\u00f3 \u00e1ltali megszeg\u00e9s\u00e9b\u0151l ered\u0151 felel\u0151ss\u00e9g.<\/div>\n<div data-testid=\"page-4\"><\/div>\n<h3 data-testid=\"page-4\">8.- R\u00c9SZLEGES SEMMISS\u00c9G.<\/h3>\n<p style=\"padding-left: 40px;\">A jelen \u00c1ltal\u00e1nos Szerz\u0151d\u00e9si Felt\u00e9telek b\u00e1rmelyik kik\u00f6t\u00e9s\u00e9nek semmiss\u00e9, \u00e9rv\u00e9nytelenn\u00e9 vagy hat\u00e1lytalann\u00e1 nyilv\u00e1n\u00edt\u00e1sa nem \u00e9rinti a t\u00f6bbi kik\u00f6t\u00e9s \u00e9rv\u00e9nyess\u00e9g\u00e9t vagy hat\u00e9konys\u00e1g\u00e1t, amelyek tov\u00e1bbra is k\u00f6telez\u0151 \u00e9rv\u00e9ny\u0171ek a felek k\u00f6z\u00f6tt.<\/p>\n<h3>9.- ALKALMAZAND\u00d3 JOG \u00c9S JOGHAT\u00d3S\u00c1G.<\/h3>\n<p style=\"padding-left: 40px;\">A jelen felhaszn\u00e1l\u00e1si felt\u00e9telekre a spanyol jog rendelkez\u00e9sei az ir\u00e1nyad\u00f3ak.<\/p>\n<p style=\"padding-left: 40px;\">B\u00e1rmilyen jogvita a jelen dokumentumban szerepl\u0151, a Weboldal GTU-j\u00e1nak haszn\u00e1lati \u00e9s hozz\u00e1f\u00e9r\u00e9si felt\u00e9teleivel kapcsolatban, a felek, kifejezetten lemondva b\u00e1rmely m\u00e1s joghat\u00f3s\u00e1gr\u00f3l, amely megfelelhet nekik, hacsak a t\u00f6rv\u00e9ny m\u00e1sk\u00e9nt nem rendelkezik, a Denia-i b\u00edr\u00f3s\u00e1gok el\u00e9 terjesztik.<\/p>\n<h3>10.- \u00c9RTES\u00cdT\u00c9SEK.<\/h3>\n<p>A megfelel\u0151 \u00e9rtes\u00edt\u00e9sek megt\u00e9tele c\u00e9lj\u00e1b\u00f3l <strong>az IREMA<\/strong> a Jogi k\u00f6zlem\u00e9nyben megadott c\u00edmet jel\u00f6li ki kapcsolattart\u00e1si c\u00edmk\u00e9nt.<\/p>\n<p>A <strong>Felhaszn\u00e1l\u00f3<\/strong> \u00e1ltal a Weboldalon t\u00f6rt\u00e9n\u0151 regisztr\u00e1ci\u00f3 sor\u00e1n megadott e-mail c\u00edmet <strong>az IREMA<\/strong> a Felhaszn\u00e1l\u00f3nak k\u00fcld\u00f6tt \u00e9rtes\u00edt\u00e9sek c\u00e9lj\u00e1ra haszn\u00e1lja.<\/p>\n<p>A <strong>Felhaszn\u00e1l\u00f3<\/strong> k\u00f6teles a jelen pontban eml\u00edtett adatokat az \u00e9rtes\u00edt\u00e9sek c\u00e9lj\u00e1b\u00f3l megfelel\u0151en naprak\u00e9szen tartani.<\/p>\n<p>Az <strong>IREMA<\/strong> \u00e1ltal a <strong>Felhaszn\u00e1l\u00f3nak<\/strong> k\u00fcld\u00f6tt valamennyi \u00e9rtes\u00edt\u00e9s akkor tekinthet\u0151 \u00e9rv\u00e9nyesnek, ha az adatok felhaszn\u00e1l\u00e1s\u00e1val \u00e9s a fent eml\u00edtett m\u00f3don t\u00f6rt\u00e9nt. <strong>Az IREMA<\/strong> nem tehet\u0151 felel\u0151ss\u00e9 semmilyen k\u00e1r\u00e9rt, amely abb\u00f3l ered, hogy a <strong>Felhaszn\u00e1l\u00f3<\/strong> nem tartja naprak\u00e9szen az el\u00e9rhet\u0151s\u00e9gi adatait.<\/p>\n<p>&nbsp;<\/p>\n","protected":false},"excerpt":{"rendered":"<p>A WWW.IREMA.ORG \u00c1LTAL\u00c1NOS HASZN\u00c1LATI FELT\u00c9TELEI 1.- T\u00c1RGY. A jelen \u00e1ltal\u00e1nos felhaszn\u00e1l\u00e1si felt\u00e9telek (a tov\u00e1bbiakban \u00c1SZF) szab\u00e1lyozz\u00e1k az &#8222;INSTITUTO DE REPRODUCCION DE LA MARINA ALTA, S.L.&#8221; (a tov\u00e1bbiakban IREMA) tulajdon\u00e1ban l\u00e9v\u0151 WWW.IREMA.ORG domain (a tov\u00e1bbiakban Weboldal) alatt tal\u00e1lhat\u00f3, a felhaszn\u00e1l\u00f3k (a tov\u00e1bbiakban Felhaszn\u00e1l\u00f3(k)) sz\u00e1m\u00e1ra el\u00e9rhet\u0151v\u00e9 tett Weboldal el\u00e9r\u00e9s\u00e9t \u00e9s haszn\u00e1lat\u00e1t. Ha b\u00e1rmilyen k\u00e9ts\u00e9ge vagy k\u00e9rd\u00e9se van [&hellip;]<\/p>\n","protected":false},"author":3,"featured_media":0,"parent":0,"menu_order":0,"comment_status":"closed","ping_status":"closed","template":"","meta":{"footnotes":""},"class_list":["post-48182","page","type-page","status-publish","hentry"],"_links":{"self":[{"href":"https:\/\/www.irema.org\/hu\/wp-json\/wp\/v2\/pages\/48182","targetHints":{"allow":["GET"]}}],"collection":[{"href":"https:\/\/www.irema.org\/hu\/wp-json\/wp\/v2\/pages"}],"about":[{"href":"https:\/\/www.irema.org\/hu\/wp-json\/wp\/v2\/types\/page"}],"author":[{"embeddable":true,"href":"https:\/\/www.irema.org\/hu\/wp-json\/wp\/v2\/users\/3"}],"replies":[{"embeddable":true,"href":"https:\/\/www.irema.org\/hu\/wp-json\/wp\/v2\/comments?post=48182"}],"version-history":[{"count":1,"href":"https:\/\/www.irema.org\/hu\/wp-json\/wp\/v2\/pages\/48182\/revisions"}],"predecessor-version":[{"id":48212,"href":"https:\/\/www.irema.org\/hu\/wp-json\/wp\/v2\/pages\/48182\/revisions\/48212"}],"wp:attachment":[{"href":"https:\/\/www.irema.org\/hu\/wp-json\/wp\/v2\/media?parent=48182"}],"curies":[{"name":"wp","href":"https:\/\/api.w.org\/{rel}","templated":true}]}}