{"id":48312,"date":"2021-12-23T20:55:14","date_gmt":"2021-12-23T19:55:14","guid":{"rendered":"https:\/\/www.irema.org\/politica-de-cookies-ue\/"},"modified":"2026-02-02T10:03:05","modified_gmt":"2026-02-02T09:03:05","slug":"politica-de-cookies-ue","status":"publish","type":"page","link":"https:\/\/www.irema.org\/hu\/politica-de-cookies-ue\/","title":{"rendered":"Pol\u00edtica de cookies (UE)"},"content":{"rendered":"<h1 style=\"text-align: center;\">S\u00dcTI-POLITIKA (COOKIES)<\/h1>\n<div class=\"row\">\n<div class=\"col-xl-10 mx-auto\">\n<div class=\"paper\">\n<div>\n<h3>1. Mik azok a s\u00fctik (cookies)?<\/h3>\n<p style=\"padding-left: 40px;\">A s\u00fctik kism\u00e9ret\u0171 adatf\u00e1jlok, amelyek a felhaszn\u00e1l\u00f3 sz\u00e1m\u00edt\u00f3g\u00e9p\u00e9n j\u00f6nnek l\u00e9tre, \u00e9s lehet\u0151v\u00e9 teszik sz\u00e1munkra, hogy megismerj\u00fck a l\u00e1togat\u00e1si gyakoris\u00e1got, a leggyakrabban v\u00e1lasztott tartalmakat \u00e9s azokat a biztons\u00e1gi elemeket, amelyek a korl\u00e1tozott ter\u00fcletekhez val\u00f3 hozz\u00e1f\u00e9r\u00e9s ellen\u0151rz\u00e9s\u00e9ben j\u00e1tszhatnak szerepet. Seg\u00edtenek tov\u00e1bb\u00e1 az <b data-path-to-node=\"3\" data-index-in-node=\"334\">INSTITUTO DE REPRODUCCION DE LA MARINA ALTA, S.L.<\/b> \u00e1ltal el\u0151re meghat\u00e1rozott krit\u00e9riumok alapj\u00e1n megjelen\u00edtett hirdet\u00e9sek kezel\u00e9s\u00e9ben, amelyeket az eml\u00edtett szervezet vagy az annak nev\u00e9ben szolg\u00e1ltat\u00e1sokat ny\u00fajt\u00f3 harmadik felek \u00e1ltal kiszolg\u00e1lt s\u00fctik aktiv\u00e1lnak.<\/p>\n<p style=\"padding-left: 40px;\">\u00c1ltal\u00e1nos szab\u00e1lyk\u00e9nt a k\u00f6vetkez\u0151 t\u00edpus\u00fa s\u00fctik l\u00e9teznek. Azon szervezet alapj\u00e1n, amely azt a domaint kezeli, ahonnan a s\u00fctiket k\u00fcldik \u00e9s az adatokat kezelik, k\u00e9t t\u00edpust k\u00fcl\u00f6nb\u00f6ztethet\u00fcnk meg:<\/p>\n<p style=\"padding-left: 80px;\">\u00b7<b data-path-to-node=\"5,0,0\" data-index-in-node=\"0\">Saj\u00e1t s\u00fctik:<\/b> azokat, amelyeket a szerkeszt\u0151 \u00e1ltal kezelt berendez\u00e9sr\u0151l vagy domainr\u0151l k\u00fcldenek a felhaszn\u00e1l\u00f3 termin\u00e1lj\u00e1ra, \u00e9s ahonnan a felhaszn\u00e1l\u00f3 \u00e1ltal k\u00e9rt szolg\u00e1ltat\u00e1st ny\u00fajtj\u00e1k.<\/p>\n<p style=\"padding-left: 80px;\">\u00b7<b data-path-to-node=\"5,1,0\" data-index-in-node=\"0\">Harmadik f\u00e9lt\u0151l sz\u00e1rmaz\u00f3 s\u00fctik:<\/b> azokat, amelyeket egy olyan berendez\u00e9sr\u0151l vagy domainr\u0151l k\u00fcldenek a felhaszn\u00e1l\u00f3 termin\u00e1lj\u00e1ra, amelyet nem a szerkeszt\u0151 kezel, hanem egy m\u00e1sik szervezet, amely a s\u00fctiken kereszt\u00fcl nyert adatokat feldolgozza.<\/p>\n<p style=\"padding-left: 40px;\" data-path-to-node=\"6\">Abban az esetben, ha a s\u00fctiket a szerkeszt\u0151 \u00e1ltal kezelt berendez\u00e9sr\u0151l vagy domainr\u0151l telep\u00edtik, de az \u00e1ltaluk gy\u0171jt\u00f6tt inform\u00e1ci\u00f3kat harmadik f\u00e9l kezeli, azok nem tekinthet\u0151k saj\u00e1t s\u00fctiknek.<\/p>\n<p style=\"padding-left: 40px;\" data-path-to-node=\"7\">L\u00e9tezik egy m\u00e1sodik oszt\u00e1lyoz\u00e1s is a b\u00f6ng\u00e9sz\u0151ben t\u00e1rolt id\u0151tartam alapj\u00e1n:<\/p>\n<p style=\"padding-left: 80px;\"><b data-path-to-node=\"8,0,0\" data-index-in-node=\"0\">Munkamenet s\u00fctik:<\/b> arra szolg\u00e1lnak, hogy adatokat gy\u0171jtsenek \u00e9s t\u00e1roljanak, mik\u00f6zben a felhaszn\u00e1l\u00f3 egy weboldalra l\u00e9p. \u00c1ltal\u00e1ban olyan inform\u00e1ci\u00f3k t\u00e1rol\u00e1s\u00e1ra haszn\u00e1lj\u00e1k, amelyeket csak a felhaszn\u00e1l\u00f3 \u00e1ltal egyszer k\u00e9rt szolg\u00e1ltat\u00e1s ny\u00fajt\u00e1s\u00e1hoz sz\u00fcks\u00e9ges meg\u0151rizni (pl. a megv\u00e1s\u00e1rolt term\u00e9kek list\u00e1ja).<\/p>\n<p style=\"padding-left: 80px;\"><b data-path-to-node=\"8,1,0\" data-index-in-node=\"0\">Permanens (\u00e1lland\u00f3) s\u00fctik:<\/b> az adatok tov\u00e1bbra is a termin\u00e1lon t\u00e1rol\u00f3dnak, \u00e9s a s\u00fcti\u00e9rt felel\u0151s szem\u00e9ly \u00e1ltal meghat\u00e1rozott ideig (n\u00e9h\u00e1ny perct\u0151l t\u00f6bb \u00e9vig) hozz\u00e1f\u00e9rhet\u0151k \u00e9s kezelhet\u0151k.<\/p>\n<p style=\"padding-left: 40px;\">V\u00e9g\u00fcl l\u00e9tezik egy m\u00e1sik oszt\u00e1lyoz\u00e1s hat s\u00fcti-t\u00edpussal, a kinyert adatok felhaszn\u00e1l\u00e1si c\u00e9lja szerint:<\/p>\n<p style=\"padding-left: 80px;\">\u00b7 <b data-path-to-node=\"10,0,0\" data-index-in-node=\"0\">Technikai s\u00fctik:<\/b> A technikai vagy sz\u00fcks\u00e9ges s\u00fctik elengedhetetlenek a weboldalunk megfelel\u0151 m\u0171k\u00f6d\u00e9s\u00e9hez, \u00e9s olyan alapvet\u0151 funkci\u00f3kat tartalmaznak, mint a munkamenet azonos\u00edt\u00e1sa vagy a regisztr\u00e1lt felhaszn\u00e1l\u00f3k hozz\u00e1f\u00e9r\u00e9se a korl\u00e1tozott ter\u00fcletekhez. Emiatt a technikai s\u00fctik nem kikapcsolhat\u00f3k.<\/p>\n<p style=\"padding-left: 80px;\">\u00b7 <b data-path-to-node=\"10,1,0\" data-index-in-node=\"0\">Preferenci\u00e1lis s\u00fctik:<\/b> A preferenci\u00e1lis s\u00fctik haszn\u00e1lat\u00e1val a weboldal k\u00e9pes megjegyezni a b\u00f6ng\u00e9sz\u00e9s sor\u00e1n azokat az inform\u00e1ci\u00f3kat, amelyek megv\u00e1ltoztatj\u00e1k a webhely viselked\u00e9s\u00e9t vagy kin\u00e9zet\u00e9t, p\u00e9ld\u00e1ul az \u00d6n prefer\u00e1lt nyelv\u00e9t vagy a r\u00e9gi\u00f3t, ahol tart\u00f3zkodik.<\/p>\n<p style=\"padding-left: 80px;\">\u00b7 <b data-path-to-node=\"10,2,0\" data-index-in-node=\"0\">Statisztikai s\u00fctik:<\/b> Statisztikai t\u00edpus\u00fa s\u00fctiket haszn\u00e1lunk annak elemz\u00e9s\u00e9re, hogyan l\u00e9p interakci\u00f3ba a weboldallal, n\u00e9vtelen inform\u00e1ci\u00f3kat gy\u0171jtve a b\u00f6ng\u00e9sz\u00e9s ideje alatt. Az inform\u00e1ci\u00f3gy\u0171jt\u00e9s c\u00e9lja a weboldal fejleszt\u00e9se az \u00f6sszes\u00edtett adatok elemz\u00e9se alapj\u00e1n.<\/p>\n<p style=\"padding-left: 80px;\">\u00b7 <b data-path-to-node=\"10,3,0\" data-index-in-node=\"0\">Marketing\/Hirdet\u00e9si s\u00fctik:<\/b> Lehet\u0151v\u00e9 teszik a weboldalunkon, alkalmaz\u00e1sunkban vagy platformunkon megjelen\u0151 hirdet\u00e9si fel\u00fcletek kezel\u00e9s\u00e9t olyan krit\u00e9riumok alapj\u00e1n, mint a megjelen\u00edtett tartalom vagy a hirdet\u00e9sek megjelen\u00edt\u00e9s\u00e9nek gyakoris\u00e1ga.<\/p>\n<p style=\"padding-left: 80px;\">\u00b7 <b data-path-to-node=\"10,4,0\" data-index-in-node=\"0\">Marketing s\u00fctik:<\/b> A marketing s\u00fctiket a l\u00e1togat\u00f3k weboldalon bel\u00fcli viselked\u00e9s\u00e9nek nyomon k\u00f6vet\u00e9s\u00e9re haszn\u00e1lj\u00e1k, hogy esetenk\u00e9nt m\u00e1s szolg\u00e1ltat\u00f3k relev\u00e1ns \u00e9s szem\u00e9lyre szabott hirdet\u00e9seket k\u00edn\u00e1lhassanak a b\u00f6ng\u00e9sz\u00e9si profil alapj\u00e1n.<\/p>\n<p style=\"padding-left: 80px;\">\u00b7 <b data-path-to-node=\"10,5,0\" data-index-in-node=\"0\">K\u00fcls\u0151 k\u00f6z\u00f6ss\u00e9gi h\u00e1l\u00f3zatok s\u00fctijei:<\/b> Arra szolg\u00e1lnak, hogy a l\u00e1togat\u00f3k interakci\u00f3ba l\u00e9phessenek a k\u00fcl\u00f6nb\u00f6z\u0151 k\u00f6z\u00f6ss\u00e9gi platformok (Facebook, YouTube, Twitter, LinkedIn stb.) tartalmaival, \u00e9s kiz\u00e1r\u00f3lag az adott k\u00f6z\u00f6ss\u00e9gi h\u00e1l\u00f3zatok felhaszn\u00e1l\u00f3i sz\u00e1m\u00e1ra j\u00f6nnek l\u00e9tre. Ezen s\u00fctik haszn\u00e1lat\u00e1nak felt\u00e9teleit \u00e9s az \u00f6sszegy\u0171jt\u00f6tt inform\u00e1ci\u00f3kat az \u00e9rintett k\u00f6z\u00f6ss\u00e9gi platform adatv\u00e9delmi szab\u00e1lyzata szab\u00e1lyozza.<\/p>\n<h3>2. Az \u00e1ltalunk haszn\u00e1lt s\u00fctik<\/h3>\n<p style=\"padding-left: 40px;\">Az <b data-path-to-node=\"13\" data-index-in-node=\"3\">INSTITUTO DE REPRODUCCION DE LA MARINA ALTA, S.L.<\/b> weboldal\u00e1n k\u00fcl\u00f6nb\u00f6z\u0151 funkci\u00f3j\u00fa s\u00fctiket haszn\u00e1lunk:<\/p>\n<div>[wcc_category_list]<\/div>\n<h3 style=\"padding-left: 40px;\">SAJ\u00c1T S\u00dcTIK<\/h3>\n<h4 style=\"padding-left: 80px;\"><b data-path-to-node=\"15\" data-index-in-node=\"0\">Technikai vagy sz\u00fcks\u00e9ges:<\/b><\/h4>\n<div id=\"page-15\" class=\"_kqswh2mm _bfhku67f _18u01wug _2hwx1wug\" style=\"padding-left: 120px;\" data-testid=\"page-14\">A technikai vagy szigor\u00faan sz\u00fcks\u00e9ges s\u00fctik azok, amelyek lehet\u0151v\u00e9 teszik a felhaszn\u00e1l\u00f3 sz\u00e1m\u00e1ra a weboldalon val\u00f3 b\u00f6ng\u00e9sz\u00e9st \u00e9s az ott k\u00edn\u00e1lt k\u00fcl\u00f6nb\u00f6z\u0151 opci\u00f3k vagy szolg\u00e1ltat\u00e1sok haszn\u00e1lat\u00e1t, mint p\u00e9ld\u00e1ul a forgalom \u00e9s az adatkommunik\u00e1ci\u00f3 ellen\u0151rz\u00e9se, a munkamenet azonos\u00edt\u00e1sa, a korl\u00e1tozott hozz\u00e1f\u00e9r\u00e9s\u0171 r\u00e9szek el\u00e9r\u00e9se, a megrendel\u00e9s elemeinek megjegyz\u00e9se, a v\u00e1s\u00e1rl\u00e1si folyamat lebonyol\u00edt\u00e1sa, a fizet\u00e9s kezel\u00e9se, a szolg\u00e1ltat\u00e1s biztons\u00e1g\u00e1val kapcsolatos csal\u00e1sok ellen\u0151rz\u00e9se, rendezv\u00e9nyre val\u00f3 jelentkez\u00e9s vagy r\u00e9szv\u00e9tel ir\u00e1nti k\u00e9relem beny\u00fajt\u00e1sa, biztons\u00e1gi elemek haszn\u00e1lata b\u00f6ng\u00e9sz\u00e9s k\u00f6zben, vide\u00f3k vagy hangok terjeszt\u00e9s\u00e9hez sz\u00fcks\u00e9ges tartalom t\u00e1rol\u00e1sa, dinamikus tartalom enged\u00e9lyez\u00e9se (p\u00e9ld\u00e1ul sz\u00f6veg vagy k\u00e9p bet\u00f6lt\u00e9si anim\u00e1ci\u00f3ja), tartalom megoszt\u00e1sa k\u00f6z\u00f6ss\u00e9gi h\u00e1l\u00f3zatokon kereszt\u00fcl vagy a felhaszn\u00e1l\u00f3i fel\u00fclet testreszab\u00e1sa, amennyiben a felhaszn\u00e1l\u00f3 v\u00e1lasztja ki a k\u00edv\u00e1nt testreszab\u00e1si opci\u00f3kat. Az adatkezel\u00e9s jogalapja a felhaszn\u00e1l\u00f3 \u00e1ltal k\u00e9rt szolg\u00e1ltat\u00e1s teljes\u00edt\u00e9se \u00e9s fenntart\u00e1sa. Ezek a s\u00fctik addig maradnak akt\u00edvak, am\u00edg a felhaszn\u00e1l\u00f3 a weboldalon tart\u00f3zkodik.<\/div>\n<h4 style=\"padding-left: 80px;\">Preferencia vagy testreszab\u00e1s:<\/h4>\n<p style=\"padding-left: 120px;\">A preferencia vagy testreszab\u00e1si s\u00fctik lehet\u0151v\u00e9 teszik az inform\u00e1ci\u00f3k megjegyz\u00e9s\u00e9t, hogy a felhaszn\u00e1l\u00f3 bizonyos jellemz\u0151kkel rendelkez\u0151 szolg\u00e1ltat\u00e1shoz f\u00e9rhessen hozz\u00e1, amelyek megk\u00fcl\u00f6nb\u00f6ztethetik \u00e9lm\u00e9ny\u00e9t m\u00e1s felhaszn\u00e1l\u00f3k\u00e9t\u00f3l, mint p\u00e9ld\u00e1ul a nyelv, a keres\u00e9skor megjelen\u00edtend\u0151 tal\u00e1latok sz\u00e1ma, a szolg\u00e1ltat\u00e1s megjelen\u00e9se vagy tartalma a haszn\u00e1lt b\u00f6ng\u00e9sz\u0151 t\u00edpusa vagy a r\u00e9gi\u00f3 alapj\u00e1n, ahonnan hozz\u00e1f\u00e9r a szolg\u00e1ltat\u00e1shoz stb. Ezeknek a s\u00fctiknek az id\u0151tartama a felhaszn\u00e1l\u00f3 weboldalon val\u00f3 tart\u00f3zkod\u00e1s\u00e1nak ideje (munkamenet). Az inform\u00e1ci\u00f3kat kiz\u00e1r\u00f3lag a felhaszn\u00e1l\u00f3 b\u00f6ng\u00e9sz\u0151je t\u00e1rolja, \u00e9s nem haszn\u00e1lj\u00e1k fel m\u00e1s c\u00e9lra, mint a felhaszn\u00e1l\u00f3i preferenci\u00e1k kezel\u00e9s\u00e9re. Az adatkezel\u00e9s jogalapja a felhaszn\u00e1l\u00f3 \u00e1ltal adott kifejezett hozz\u00e1j\u00e1rul\u00e1s.<\/p>\n<h4 style=\"padding-left: 40px;\">HARMADIK F\u00c9LT\u0150L SZ\u00c1RMAZ\u00d3 S\u00dcTIK<\/h4>\n<h4 style=\"padding-left: 80px;\">M\u00e9r\u00e9s vagy elemz\u00e9s:<\/h4>\n<p style=\"padding-left: 120px;\">A m\u00e9r\u00e9si vagy elemz\u00e9si s\u00fctik lehet\u0151v\u00e9 teszik az azok\u00e9rt felel\u0151s szem\u00e9ly sz\u00e1m\u00e1ra a weboldalak felhaszn\u00e1l\u00f3i viselked\u00e9s\u00e9nek nyomon k\u00f6vet\u00e9s\u00e9t \u00e9s elemz\u00e9s\u00e9t, bele\u00e9rtve a hirdet\u00e9sek hat\u00e1s\u00e1nak sz\u00e1mszer\u0171s\u00edt\u00e9s\u00e9t. Az ilyen t\u00edpus\u00fa s\u00fctikkel gy\u0171jt\u00f6tt inform\u00e1ci\u00f3kat a weboldalak, alkalmaz\u00e1sok vagy platformok aktivit\u00e1s\u00e1nak m\u00e9r\u00e9s\u00e9re haszn\u00e1lj\u00e1k, a szolg\u00e1ltat\u00e1s felhaszn\u00e1l\u00f3i \u00e1ltal v\u00e9gzett haszn\u00e1lati adatok elemz\u00e9s\u00e9b\u0151l sz\u00e1rmaz\u00f3 fejleszt\u00e9sek bevezet\u00e9se \u00e9rdek\u00e9ben. Az adatkezel\u00e9s jogalapja a felhaszn\u00e1l\u00f3 \u00e1ltal adott kifejezett hozz\u00e1j\u00e1rul\u00e1s. Tov\u00e1bbi inform\u00e1ci\u00f3kat ezekr\u0151l a s\u00fctikr\u0151l, valamint meg\u0151rz\u00e9si idej\u00fckr\u0151l a \u201eS\u00fcti-politika\u201d linkjeit k\u00f6vetve kaphat.<\/p>\n<h4 style=\"padding-left: 80px;\">Viselked\u00e9si alap\u00fa rekl\u00e1m:<\/h4>\n<p style=\"padding-left: 120px;\">A viselked\u00e9si alap\u00fa rekl\u00e1ms\u00fctik a felhaszn\u00e1l\u00f3k b\u00f6ng\u00e9sz\u00e9si szok\u00e1sainak folyamatos megfigyel\u00e9se \u00fatj\u00e1n nyert inform\u00e1ci\u00f3kat t\u00e1rolj\u00e1k, ami lehet\u0151v\u00e9 teszi egy specifikus profil kidolgoz\u00e1s\u00e1t, hogy az alapj\u00e1n jelen\u00edtsenek meg hirdet\u00e9seket. Az adatkezel\u00e9s jogalapja a felhaszn\u00e1l\u00f3 \u00e1ltal adott kifejezett hozz\u00e1j\u00e1rul\u00e1s. Tov\u00e1bbi inform\u00e1ci\u00f3kat ezekr\u0151l a s\u00fctikr\u0151l, valamint meg\u0151rz\u00e9si idej\u00fckr\u0151l a \u201eS\u00fcti-politika\u201d linkjeit k\u00f6vetve kaphat.<\/p>\n<p style=\"padding-left: 120px;\" data-path-to-node=\"20\">Saj\u00e1t \u00e9s harmadik f\u00e9lt\u0151l sz\u00e1rmaz\u00f3 s\u00fctiket is haszn\u00e1lunk. Az al\u00e1bbi t\u00e1bl\u00e1zatban megtal\u00e1lja az \u00f6sszes felhaszn\u00e1lt s\u00fctit:<\/p>\n<h3>3. Hogyan m\u00f3dos\u00edthat\u00f3k a s\u00fctik (Kikapcsol\u00e1s \u00e9s t\u00f6rl\u00e9s)<\/h3>\n<p style=\"padding-left: 40px;\"><b data-path-to-node=\"23\" data-index-in-node=\"0\">S\u00fctik kezel\u00e9se a Banner\u00fcnk\u00f6n kereszt\u00fcl:<\/b><\/p>\n<p style=\"padding-left: 40px;\">A weboldalon automatikusan megny\u00edlik egy ablak, ahol eld\u00f6ntheti, hogy elfogadja-e a s\u00fctik telep\u00edt\u00e9s\u00e9t \u2013 ami lehet\u0151v\u00e9 teszi azok telep\u00edt\u00e9s\u00e9t \u00e9s haszn\u00e1lat\u00e1t a s\u00fcti-politik\u00e1nkban foglaltak szerint \u2013, vagy konfigur\u00e1lhatja azokat tetsz\u00e9s szerint. A s\u00fctik konfigur\u00e1l\u00e1s\u00e1nak lehet\u0151s\u00e9ge mindig jelen lesz az oldal alj\u00e1n, arra az esetre, ha megv\u00e1ltoztatn\u00e1 a v\u00e9lem\u00e9ny\u00e9t.<\/p>\n<p style=\"padding-left: 40px;\"><b data-path-to-node=\"24\" data-index-in-node=\"0\">S\u00fctik kezel\u00e9se a b\u00f6ng\u00e9sz\u0151b\u0151l:<\/b> A legt\u00f6bb b\u00f6ng\u00e9sz\u0151 lehet\u0151v\u00e9 teszi egy weboldal s\u00fctijeinek megtekint\u00e9s\u00e9t, kezel\u00e9s\u00e9t, t\u00f6rl\u00e9s\u00e9t \u00e9s blokkol\u00e1s\u00e1t. Vegye figyelembe, hogy ha t\u00f6rli az \u00f6sszes s\u00fctit, a be\u00e1ll\u00edtott felhaszn\u00e1l\u00f3i preferenci\u00e1k elvesznek, bele\u00e9rtve a s\u00fctik elutas\u00edt\u00e1s\u00e1nak lehet\u0151s\u00e9g\u00e9t is, mivel ez a funkci\u00f3 \u00e9ppen egy elutas\u00edt\u00f3 s\u00fcti elhelyez\u00e9s\u00e9t ig\u00e9nyli az eszk\u00f6z\u00e9n.<\/p>\n<p style=\"padding-left: 40px;\">Az al\u00e1bbiakban megtekintheti, hogyan kezelheti a s\u00fctiket a f\u0151bb b\u00f6ng\u00e9sz\u0151kben:<\/p>\n<ul>\n<li style=\"list-style-type: none;\">\n<ul data-path-to-node=\"26\">\n<li>\n<p data-path-to-node=\"26,0,0\"><b data-path-to-node=\"26,0,0\" data-index-in-node=\"0\">Google Chrome:<\/b> 1. Sz\u00e1m\u00edt\u00f3g\u00e9pen nyissa meg a Chrome-ot. 2. A jobb fels\u0151 sarokban kattintson a \u201eTov\u00e1bbiak\u201d, majd a \u201eBe\u00e1ll\u00edt\u00e1sok\u201d elemre. 3. Az \u201eAdatv\u00e9delem \u00e9s biztons\u00e1g\u201d r\u00e9szben kattintson a \u201eWebhelybe\u00e1ll\u00edt\u00e1sok\u201d elemre. 4. Kattintson a \u201eCookie-k\u201d elemre. 5. Ezut\u00e1n: Aktiv\u00e1lhatja a s\u00fctiket a \u201eBlokkolva\u201d melletti kapcsol\u00f3 bekapcsol\u00e1s\u00e1val.<\/p>\n<\/li>\n<li>\n<p data-path-to-node=\"26,1,0\"><b data-path-to-node=\"26,1,0\" data-index-in-node=\"0\">Microsoft Internet Explorer:<\/b> 1. Kattintson az \u201eEszk\u00f6z\u00f6k\u201d gombra a b\u00f6ng\u00e9sz\u0151 sark\u00e1ban, v\u00e1lassza az \u201eInternetbe\u00e1ll\u00edt\u00e1sok\u201d lehet\u0151s\u00e9get, majd kattintson az \u201eAdatv\u00e9delem\u201d f\u00fclre. 2. Gy\u0151z\u0151dj\u00f6n meg r\u00f3la, hogy az adatv\u00e9delmi szint \u201eK\u00f6zepes\u201d vagy alacsonyabb, ami lehet\u0151v\u00e9 teszi a s\u00fctik haszn\u00e1lat\u00e1t. 3. Ha a \u201eK\u00f6zepesn\u00e9l\u201d magasabb szintet v\u00e1laszt, a s\u00fctik haszn\u00e1lata nem lesz enged\u00e9lyezve.<\/p>\n<\/li>\n<li>\n<p data-path-to-node=\"26,2,0\"><b data-path-to-node=\"26,2,0\" data-index-in-node=\"0\">Mozilla Firefox:<\/b> 1. Kattintson a b\u00f6ng\u00e9sz\u0151ablak tetej\u00e9n az \u201eEszk\u00f6z\u00f6k\u201d men\u00fcre, \u00e9s v\u00e1lassza a \u201eBe\u00e1ll\u00edt\u00e1sok\u201d lehet\u0151s\u00e9get. 2. V\u00e1lassza az \u201eAdatv\u00e9delem \u00e9s biztons\u00e1g\u201d ikont. 3. Kattintson a s\u00fctik enged\u00e9lyez\u00e9se opci\u00f3ra ezen a webhelyen.<\/p>\n<\/li>\n<li>\n<p data-path-to-node=\"26,3,0\"><b data-path-to-node=\"26,3,0\" data-index-in-node=\"0\">Safari:<\/b> 1. Kattintson az eszk\u00f6z\u00f6k ikonra a b\u00f6ng\u00e9sz\u0151 tetej\u00e9n, \u00e9s v\u00e1lassza a \u201eBe\u00e1ll\u00edt\u00e1sok\u201d opci\u00f3t. 2. Kattintson az \u201eAdatv\u00e9delem \u00e9s biztons\u00e1g\u201d r\u00e9szre, \u00e9s v\u00e1lassza a \u201eWebhelyek k\u00f6z\u00f6tti nyomon k\u00f6vet\u00e9s megakad\u00e1lyoz\u00e1sa\u201d opci\u00f3t. 3. Kattintson a \u201eMent\u00e9s\u201d gombra.<\/p>\n<\/li>\n<\/ul>\n<\/li>\n<\/ul>\n<p style=\"padding-left: 40px;\" data-path-to-node=\"27\">Vagy megtekintheti a Spanyol Adatv\u00e9delmi \u00dcgyn\u00f6ks\u00e9g (AEPD) \u00e1ltal k\u00f6zz\u00e9tett oktat\u00f3vide\u00f3kat: <a class=\"ng-star-inserted\" href=\"http:\/\/www.youtube.com\/user\/desdelaAEPD\" target=\"_blank\" rel=\"noopener\">http:\/\/www.youtube.com\/user\/desdelaAEPD<\/a><\/p>\n<h3>4. V\u00e1ltoz\u00e1sok a s\u00fcti-politik\u00e1ban<\/h3>\n<p style=\"padding-left: 40px;\">A jelen adatv\u00e9delmi t\u00e1j\u00e9koztat\u00f3 m\u00f3dosulhat, v\u00e1ltozhat vagy friss\u00fclhet az \u00faj jogi k\u00f6vetelm\u00e9nyek miatt. Ez a dokumentum mindig az aktu\u00e1lis, az \u00faj k\u00f6vetelm\u00e9nyekhez igaz\u00edtott v\u00e1ltozat lesz. Az \u00e9rintettek gyakorolhatj\u00e1k hozz\u00e1f\u00e9r\u00e9si, helyesb\u00edt\u00e9si, t\u00f6rl\u00e9si vagy tiltakoz\u00e1si jogaikat a k\u00f6vetkez\u0151 e-mail c\u00edmen: <b data-path-to-node=\"30\" data-index-in-node=\"302\">dpo@procoden.es<\/b>.<\/p>\n<h3>5. Adatkezel\u00e9s \u00e9s a jogok gyakorl\u00e1sa<\/h3>\n<div id=\"page-18\" class=\"_kqswh2mm _bfhku67f _18u01wug _2hwx1wug\" style=\"padding-left: 40px;\" data-testid=\"page-17\">A s\u00fctik haszn\u00e1lat\u00e1val gy\u0171jt\u00f6tt szem\u00e9lyes adatokat az <b data-path-to-node=\"33\" data-index-in-node=\"53\">INSTITUTO DE REPRODUCCION DE LA MARINA ALTA, S.L. (AVDA. DOCTOR FLEMING, 47 03760 ONDARA (ALICANTE))<\/b> kezeli.<\/div>\n<div data-testid=\"page-18\"><\/div>\n<div style=\"padding-left: 40px;\" data-testid=\"page-18\">Szem\u00e9lyes adatait a fenti t\u00e1bl\u00e1zatban azonos\u00edtott egyes s\u00fctikn\u00e9l megjel\u00f6lt c\u00e9lb\u00f3l kezelj\u00fck. Ezeket a szem\u00e9lyes adatokat az \u00d6n hozz\u00e1j\u00e1rul\u00e1sa alapj\u00e1n kezelj\u00fck.<\/div>\n<div style=\"padding-left: 40px;\" data-testid=\"page-18\"><\/div>\n<\/div>\n<div style=\"padding-left: 40px;\" data-testid=\"page-18\">Gyakorolhatja hozz\u00e1f\u00e9r\u00e9si, helyesb\u00edt\u00e9si, t\u00f6rl\u00e9si \u00e9s tiltakoz\u00e1si jogait, valamint az adatkezel\u00e9s korl\u00e1toz\u00e1s\u00e1hoz val\u00f3 jog\u00e1t, az adathordozhat\u00f3s\u00e1ghoz val\u00f3 jog\u00e1t \u00e9s azt a jog\u00e1t, hogy ne v\u00e1ljon automatiz\u00e1lt d\u00f6nt\u00e9shozatal alany\u00e1v\u00e1, szem\u00e9lyazonoss\u00e1g\u00e1t szem\u00e9lyi igazolv\u00e1nnyal vagy azzal egyen\u00e9rt\u00e9k\u0171 okm\u00e1nnyal igazolva a <b data-path-to-node=\"35\" data-index-in-node=\"312\">dpo@procoden.es<\/b> e-mail c\u00edmen.<\/div>\n<div style=\"padding-left: 40px;\" data-testid=\"page-18\"><\/div>\n<\/div>\n<div style=\"padding-left: 40px;\" data-testid=\"page-18\">Az egyes s\u00fcti-t\u00edpusokhoz adott hozz\u00e1j\u00e1rul\u00e1s\u00e1t b\u00e1rmikor visszavonhatja a s\u00fcti-be\u00e1ll\u00edt\u00e1si panel\u00fcnk\u00f6n kereszt\u00fcl.<\/div>\n<div style=\"padding-left: 40px;\" data-testid=\"page-18\"><\/div>\n<\/div>\n<div style=\"padding-left: 40px;\" data-testid=\"page-18\">\n<p data-path-to-node=\"37\">Ha \u00fagy \u00edt\u00e9li meg, hogy az <b data-path-to-node=\"37\" data-index-in-node=\"26\">INSTITUTO DE REPRODUCCION DE LA MARINA ALTA, S.L.<\/b> nem tartotta tiszteletben a fent eml\u00edtett jogok b\u00e1rmelyik\u00e9t, joga van panaszt beny\u00fajtani a Spanyol Adatv\u00e9delmi \u00dcgyn\u00f6ks\u00e9gn\u00e9l (AEPD).<\/p>\n<\/div>\n<\/div>\n<h3 data-testid=\"page-18\">6. Kinek tov\u00e1bb\u00edtjuk az adatait?<\/h3>\n<p style=\"padding-left: 40px;\" data-path-to-node=\"40\">\u00c1ltal\u00e1noss\u00e1gban elmondhat\u00f3, hogy a weboldal saj\u00e1t s\u00fctijein kereszt\u00fcl gy\u0171jt\u00f6tt felhaszn\u00e1l\u00f3i adatokat nem tov\u00e1bb\u00edtjuk harmadik szem\u00e9lyeknek. Azonban harmadik f\u00e9lt\u0151l sz\u00e1rmaz\u00f3 s\u00fctik haszn\u00e1lata eset\u00e9n el\u0151fordulhat, hogy a gy\u0171jt\u00f6tt adatokat az Eur\u00f3pai Uni\u00f3n k\u00edv\u00fclre tov\u00e1bb\u00edtj\u00e1k, mivel ezek a s\u00fctik az Eur\u00f3pai Gazdas\u00e1gi T\u00e9rs\u00e9gen k\u00edv\u00fcl is t\u00e1rol\u00f3dhatnak. Az EU-n k\u00edv\u00fcl t\u00e1rolt s\u00fctik a k\u00f6vetkez\u0151k:<\/p>\n<p style=\"padding-left: 40px;\" data-path-to-node=\"41\"><b data-path-to-node=\"41\" data-index-in-node=\"0\">TOV\u00c1BBI INFORM\u00c1CI\u00d3 A SZEM\u00c9LYES ADATOK KEZEL\u00c9S\u00c9R\u0150L<\/b> A szem\u00e9lyes adatai kezel\u00e9s\u00e9r\u0151l tov\u00e1bbi inform\u00e1ci\u00f3kat az <b data-path-to-node=\"41\" data-index-in-node=\"106\">Adatv\u00e9delmi Szab\u00e1lyzatunkban<\/b> tal\u00e1l.<\/p>\n","protected":false},"excerpt":{"rendered":"<p>S\u00dcTI-POLITIKA (COOKIES) 1. Mik azok a s\u00fctik (cookies)? A s\u00fctik kism\u00e9ret\u0171 adatf\u00e1jlok, amelyek a felhaszn\u00e1l\u00f3 sz\u00e1m\u00edt\u00f3g\u00e9p\u00e9n j\u00f6nnek l\u00e9tre, \u00e9s lehet\u0151v\u00e9 teszik sz\u00e1munkra, hogy megismerj\u00fck a l\u00e1togat\u00e1si gyakoris\u00e1got, a leggyakrabban v\u00e1lasztott tartalmakat \u00e9s azokat a biztons\u00e1gi elemeket, amelyek a korl\u00e1tozott ter\u00fcletekhez val\u00f3 hozz\u00e1f\u00e9r\u00e9s ellen\u0151rz\u00e9s\u00e9ben j\u00e1tszhatnak szerepet. Seg\u00edtenek tov\u00e1bb\u00e1 az INSTITUTO DE REPRODUCCION DE LA MARINA ALTA, [&hellip;]<\/p>\n","protected":false},"author":3,"featured_media":0,"parent":0,"menu_order":0,"comment_status":"closed","ping_status":"closed","template":"","meta":{"footnotes":""},"class_list":["post-48312","page","type-page","status-publish","hentry"],"_links":{"self":[{"href":"https:\/\/www.irema.org\/hu\/wp-json\/wp\/v2\/pages\/48312","targetHints":{"allow":["GET"]}}],"collection":[{"href":"https:\/\/www.irema.org\/hu\/wp-json\/wp\/v2\/pages"}],"about":[{"href":"https:\/\/www.irema.org\/hu\/wp-json\/wp\/v2\/types\/page"}],"author":[{"embeddable":true,"href":"https:\/\/www.irema.org\/hu\/wp-json\/wp\/v2\/users\/3"}],"replies":[{"embeddable":true,"href":"https:\/\/www.irema.org\/hu\/wp-json\/wp\/v2\/comments?post=48312"}],"version-history":[{"count":2,"href":"https:\/\/www.irema.org\/hu\/wp-json\/wp\/v2\/pages\/48312\/revisions"}],"predecessor-version":[{"id":48314,"href":"https:\/\/www.irema.org\/hu\/wp-json\/wp\/v2\/pages\/48312\/revisions\/48314"}],"wp:attachment":[{"href":"https:\/\/www.irema.org\/hu\/wp-json\/wp\/v2\/media?parent=48312"}],"curies":[{"name":"wp","href":"https:\/\/api.w.org\/{rel}","templated":true}]}}