{"id":48180,"date":"2022-02-14T13:36:04","date_gmt":"2022-02-14T12:36:04","guid":{"rendered":"https:\/\/www.irema.org\/cgu\/"},"modified":"2026-01-29T17:50:30","modified_gmt":"2026-01-29T16:50:30","slug":"cgu","status":"publish","type":"page","link":"https:\/\/www.irema.org\/it\/cgu\/","title":{"rendered":"CGU"},"content":{"rendered":"<p style=\"text-align: center;\">CONDIZIONI GENERALI DI UTILIZZO DI WWW.IREMA.ORG<\/p>\n<h3>1.- OGGETTO.<\/h3>\n<p style=\"padding-left: 40px;\">Le presenti condizioni generali d&#8217;uso (di seguito CGU) regolano l&#8217;accesso e l&#8217;utilizzo del Sito Web sotto il dominio WWW.IREMA.ORG (di seguito Sito Web), di propriet\u00e0 di &#8220;INSTITUTO DE REPRODUCCION DE LA MARINA ALTA, S.L.&#8221; (di seguito IREMA), messo a disposizione degli utenti (di seguito Utente\/i).<\/p>\n<p style=\"padding-left: 40px;\">In caso di dubbi o domande relative all&#8217;uso e all&#8217;accesso al Sito web o alle presenti CGU, puoi contattarci tramite i recapiti pubblicati nell&#8217;Avviso legale.<\/p>\n<h3>2.- CONFORMIT\u00c0 ALLE PRESENTI CONDIZIONI GENERALI.<\/h3>\n<p style=\"padding-left: 40px;\">L&#8217;utilizzo del Sito implica la piena accettazione da parte dell&#8217;<strong>Utente<\/strong> delle CGU in vigore nel momento in cui l&#8217;<strong>Utente<\/strong> accede al Sito. Pertanto, se l&#8217;Utente non \u00e8 d&#8217;accordo con una qualsiasi delle condizioni qui esposte, deve astenersi dall&#8217;utilizzare il Sito. <\/p>\n<p style=\"padding-left: 40px;\">Di conseguenza, l&#8217;Utente deve leggere attentamente le CDU ogni volta che intende utilizzare il Sito.<\/p>\n<p style=\"padding-left: 40px;\">In ogni caso, IREMA si riserva il diritto di modificare, senza preavviso e in qualsiasi momento, le CDU. Allo stesso modo, IREMA si riserva il diritto di sospendere, interrompere o cessare la gestione del Sito Web in qualsiasi momento. <\/p>\n<p style=\"padding-left: 40px;\">Per &#8220;utilizzo del Sito&#8221; si intende qualsiasi Utente che acceda e navighi sul Sito, indipendentemente dal fatto che compili o meno i moduli di registrazione.<\/p>\n<h3>3.- CONDIZIONI DI ACCESSO E DI UTILIZZO DEL SITO WEB E DEI SUOI CONTENUTI.<\/h3>\n<p style=\"padding-left: 40px;\">L&#8217;accesso al Sito e\/o ai Contenuti in esso inclusi non implica alcun tipo di garanzia circa l&#8217;idoneit\u00e0 del Sito e\/o dei Contenuti in esso inclusi per gli scopi particolari o specifici degli Utenti.<\/p>\n<p style=\"padding-left: 40px;\"><strong>IREMA<\/strong> potr\u00e0 stabilire ulteriori limitazioni e\/o condizioni per l&#8217;utilizzo e\/o l&#8217;accesso al Sito e\/o ai Contenuti, che dovranno essere rispettate dagli Utenti in ogni caso.<\/p>\n<h4 style=\"padding-left: 40px;\">3.1- Accesso e utilizzo del Sito.<\/h4>\n<p style=\"padding-left: 80px;\">Se non diversamente previsto, l&#8217;utilizzo del Sito web sar\u00e0 gratuito, fatto salvo il costo della connessione attraverso la corrispondente rete di telecomunicazioni contratta dall&#8217;<strong>Utente<\/strong>.<\/p>\n<p style=\"padding-left: 80px;\">L&#8217;<strong>Utente<\/strong> riconosce di avere pi\u00f9 di diciotto anni, ed \u00e8 altres\u00ec consapevole e accetta volontariamente ed espressamente che l&#8217;utilizzo del Sito \u00e8 in ogni caso sotto la sua sola ed esclusiva responsabilit\u00e0.<\/p>\n<p style=\"padding-left: 80px;\">L&#8217;Utente si impegna a rispettare le CGU, nonch\u00e9 a rispettare le avvertenze o le istruzioni speciali contenute nel Sito web e ad agire sempre in conformit\u00e0 alla legge, ai buoni costumi e ai requisiti di buona fede, usando la massima cura tenendo conto della natura e della considerazione del servizio di cui gode. A tal fine, l&#8217;utente si asterr\u00e0 dall&#8217;utilizzare il Sito in qualsiasi modo che possa ostacolare, danneggiare o deteriorare il normale funzionamento dello stesso, i beni o i diritti di <strong>IREMA<\/strong>, dei suoi fornitori, dei suoi distributori, degli altri Utenti o in generale di qualsiasi terza parte. <\/p>\n<p style=\"padding-left: 80px;\">In particolare, e senza che ci\u00f2 implichi alcuna restrizione all&#8217;obbligo assunto dall&#8217;<strong>Utente<\/strong> in generale ai sensi della sezione precedente, l&#8217;<strong>Utente<\/strong> si impegna a utilizzare il Sito:<\/p>\n<p style=\"padding-left: 120px;\">a) Non inserire, memorizzare o diffondere sul Sito o dal Sito informazioni o materiali diffamatori, calunniosi, osceni, minacciosi, xenofobi, pornografici, a sostegno del terrorismo, che incitino alla violenza, alla discriminazione per motivi di razza, sesso, ideologia, religione o che in qualsiasi modo violino la forma, l&#8217;ordine pubblico, i diritti fondamentali, le libert\u00e0 pubbliche, l&#8217;onore, la privacy o l&#8217;immagine di terzi e in generale le normative vigenti.<\/p>\n<p style=\"padding-left: 120px;\">b) non introdurre, memorizzare o diffondere attraverso il Sito alcun programma informatico, dato, virus, codice o qualsiasi altro strumento o dispositivo elettronico o fisico che possa causare danni al Sito, a qualsiasi servizio, o a qualsiasi apparecchiatura, sistema o rete di <strong>IREMA<\/strong>, di qualsiasi Utente, dei Fornitori o Distributori di <strong>IREMA<\/strong> o in generale di qualsiasi terza parte, in grado di causare qualsiasi tipo di alterazione o impedire il normale funzionamento dello stesso.<\/p>\n<p style=\"padding-left: 120px;\">c) non introdurre, archiviare o diffondere attraverso il Sito Web qualsiasi contenuto che violi le norme sulla propriet\u00e0 intellettuale o industriale o i diritti di terzi, o in generale qualsiasi contenuto che non abbia, in conformit\u00e0 con la legge, il diritto di rendere disponibile a terzi.<\/p>\n<h4 style=\"padding-left: 40px;\">3.2- Accesso e utilizzo dei Contenuti.<\/h4>\n<p style=\"padding-left: 80px;\">I Contenuti del Sito sono messi a disposizione dell&#8217;<strong>Utente<\/strong> con informazioni provenienti sia da fonti proprie che da fonti terze.<\/p>\n<p style=\"padding-left: 80px;\"><strong>IREMA<\/strong> si impegna a garantire che i Contenuti siano della massima qualit\u00e0 possibile e ragionevolmente aggiornati, ma non garantisce l&#8217;utilit\u00e0, l&#8217;accuratezza, la completezza, la pertinenza e\/o la tempestivit\u00e0 dei Contenuti.<\/p>\n<h3>4.- DIRITTI DI PROPRIET\u00c0 INTELLETTUALE E INDUSTRIALE.<\/h3>\n<p style=\"padding-left: 40px;\">Le presenti CGU non trasferiscono alcun diritto di propriet\u00e0 intellettuale o industriale sul Sito o sui suoi elementi costitutivi e all&#8217;Utente \u00e8 espressamente vietato riprodurre, trasformare, distribuire, comunicare pubblicamente, mettere a disposizione, estrarre, riutilizzare, rinviare o utilizzare uno qualsiasi di essi in qualsiasi modo, con qualsiasi mezzo o procedura, tranne nei casi in cui ci\u00f2 sia legalmente consentito o autorizzato dal titolare dei diritti corrispondenti.<\/p>\n<p style=\"padding-left: 40px;\">L&#8217;<strong>Utente<\/strong> pu\u00f2 visualizzare e ottenere una copia privata temporanea dei Contenuti per uso esclusivamente personale e privato sui propri sistemi informatici (software e hardware), a condizione che ci\u00f2 non sia finalizzato allo svolgimento di attivit\u00e0 di natura commerciale o professionale. L&#8217;<strong>Utente<\/strong> deve astenersi dall&#8217;ottenere, o tentare di ottenere, i Contenuti con mezzi o procedure diversi da quelli che, in ogni caso, sono stati resi disponibili o indicati a tale scopo o da quelli normalmente utilizzati su Internet (a condizione che questi ultimi non comportino il rischio di danneggiare o disabilitare il Sito). L&#8217;<strong>Utente<\/strong> deve sempre rispettare tutti i diritti di propriet\u00e0 intellettuale e industriale sul Sito, di propriet\u00e0 di <strong>IREMA<\/strong> o di terzi.  <\/p>\n<h3>5.- ESCLUSIONE DI GARANZIE E RESPONSABILIT\u00c0.<\/h3>\n<h4 style=\"padding-left: 40px;\">5.1.- Esclusione di garanzie e responsabilit\u00e0 per il funzionamento del Sito.<\/h4>\n<p style=\"padding-left: 80px;\"><strong>IREMA<\/strong> non garantisce la disponibilit\u00e0 e la continuit\u00e0 del funzionamento del Sito web e dei servizi o Contenuti ivi offerti, n\u00e9 che i contenuti del Sito web siano aggiornati, ed \u00e8 esonerata da qualsiasi responsabilit\u00e0 per danni di qualsiasi tipo che possano derivare da tali circostanze.<\/p>\n<p style=\"padding-left: 80px;\"><strong>IREMA<\/strong> eseguir\u00e0, sempre che non vi siano circostanze che ne rendano impossibile o difficile l&#8217;esecuzione e non appena verr\u00e0 a conoscenza degli errori, delle disconnessioni e\/o del mancato aggiornamento dei contenuti, tutte quelle attivit\u00e0 volte a correggere gli errori, a ristabilire la comunicazione e\/o ad aggiornare i suddetti contenuti.<\/p>\n<p style=\"padding-left: 80px;\">Allo stesso modo, <strong>IREMA<\/strong> non garantisce n\u00e9 l&#8217;affidabilit\u00e0 tecnica del suo sito web, n\u00e9 l&#8217;accesso alle sue diverse pagine, ed \u00e8 parimenti esonerata da qualsiasi responsabilit\u00e0 per i danni di qualsiasi tipo che potrebbero verificarsi per questo motivo.<\/p>\n<p style=\"padding-left: 80px;\">Inoltre, <strong>IREMA<\/strong> non si assume alcuna responsabilit\u00e0 per eventuali errori o carenze di sicurezza che potrebbero verificarsi a causa dell&#8217;utilizzo da parte dell&#8217;Utente di un browser con una versione non aggiornata o non sicura del browser o per eventuali danni, errori o imprecisioni che potrebbero derivare dal malfunzionamento del browser.<\/p>\n<p style=\"padding-left: 80px;\">Al fine di ridurre il rischio di introduzione di virus sul Sito, IREMA utilizza programmi di rilevamento dei virus per controllare tutti i Contenuti che introduce sul Sito. Tuttavia<strong>, IREMA<\/strong> non garantisce l&#8217;assenza di virus o di altri elementi sul Sito web introdotti da terzi estranei a IREMA che possano causare alterazioni nei sistemi fisici o logici degli utenti o nei documenti e file elettronici memorizzati nei loro sistemi. Di conseguenza, <strong>IREMA<\/strong> non sar\u00e0 in alcun caso responsabile per eventuali danni di qualsiasi tipo che possano derivare dalla presenza di virus o altri elementi che possano causare alterazioni nei sistemi fisici o logici, nei documenti elettronici o nei file degli <strong>Utenti<\/strong>.  <\/p>\n<p style=\"padding-left: 80px;\"><strong>IREMA<\/strong> adotta diverse misure di protezione per proteggere il Sito, i dati raccolti e i Contenuti da attacchi informatici da parte di terzi. Tuttavia, <strong>IREMA<\/strong> non garantisce che terzi non autorizzati possano avere accesso al tipo di utilizzo o di navigazione del Sito da parte dell&#8217;<strong>Utente<\/strong> o alle condizioni, caratteristiche e circostanze in cui viene effettuata. Di conseguenza, <strong>IREMA<\/strong> non sar\u00e0 in alcun caso responsabile di eventuali danni che possano derivare da tale accesso non autorizzato.  <\/p>\n<p style=\"padding-left: 80px;\"><strong>IREMA<\/strong> non sar\u00e0 in alcun modo responsabile per l&#8217;uso che gli utenti e\/o i terzi potranno fare del Sito o dei Contenuti, n\u00e9 per eventuali danni che ne possano derivare.<\/p>\n<h4 style=\"padding-left: 40px;\">5.2.- Esclusione di garanzie e responsabilit\u00e0 per il Contenuto.<\/h4>\n<p style=\"padding-left: 80px;\"><strong>IREMA<\/strong> non modifica i Contenuti di terzi pubblicati sul Sito e, di conseguenza, non garantisce e non \u00e8 responsabile della legalit\u00e0, affidabilit\u00e0, utilit\u00e0, veridicit\u00e0, accuratezza, completezza e tempestivit\u00e0 di tali Contenuti, n\u00e9 dei Contenuti di propriet\u00e0 di IREMA. IREMA non sar\u00e0 in alcun caso responsabile per eventuali danni che possano derivare da: (i) la mancanza di legalit\u00e0, veridicit\u00e0, accuratezza, completezza e\/o tempestivit\u00e0 dei Contenuti originati da terzi e propri; (ii) l&#8217;inadeguatezza per qualsiasi scopo e la delusione delle aspettative generate dai Contenuti; (iii) le decisioni o le azioni intraprese o evitate dall&#8217;utente sulla base delle informazioni o dei dati forniti o forniti nei Contenuti, inclusa, senza limitazioni, la perdita di profitti o di opportunit\u00e0 commerciali.    <\/p>\n<h3>6.- COLLEGAMENTI IPERTESTUALI.<\/h3>\n<p style=\"padding-left: 40px;\">Le persone che intendono stabilire collegamenti ipertestuali tra la propria pagina web e il Sito devono osservare e rispettare le seguenti condizioni:<\/p>\n<p style=\"padding-left: 80px;\">i) L&#8217;autorizzazione preventiva non \u00e8 necessaria quando il collegamento ipertestuale consente solo l&#8217;accesso alla home page del Sito web, ma non pu\u00f2 essere riprodotto in alcuna forma. Qualsiasi altra forma di collegamento ipertestuale richiede l&#8217;espressa e inequivocabile autorizzazione scritta di IREMA. <\/p>\n<p style=\"padding-left: 80px;\">ii) La pagina web in cui viene stabilito il collegamento ipertestuale pu\u00f2 contenere solo ci\u00f2 che \u00e8 strettamente necessario per identificare la destinazione del collegamento ipertestuale.<\/p>\n<p style=\"padding-left: 80px;\">iii) La pagina web su cui viene stabilito il collegamento ipertestuale non deve contenere informazioni o contenuti illeciti, contrari alla morale e ai buoni costumi generalmente accettati e all&#8217;ordine pubblico, n\u00e9 contenuti contrari ai diritti di terzi.<\/p>\n<p style=\"padding-left: 80px;\">iv) <strong>IREMA<\/strong> si riserva il diritto di bloccare i collegamenti ipertestuali al Sito che non siano stati espressamente autorizzati, anche se conformi alle disposizioni del presente punto delle Condizioni Generali.<\/p>\n<h3>7.- AZIONI IN CASO DI NON CONFORMIT\u00c0.<\/h3>\n<div id=\"page-4\" class=\"_kqswh2mm _bfhku67f _18u01wug _2hwx1wug\" style=\"padding-left: 40px;\" data-testid=\"page-3\"><strong>IREMA<\/strong> si riserva il diritto di intraprendere qualsiasi azione disponibile ai sensi di legge per far rispettare i termini e le condizioni del presente documento.<\/div>\n<div id=\"page-5\" class=\"_kqswh2mm _bfhku67f _18u01wug _2hwx1wug\" style=\"padding-left: 40px;\" data-testid=\"page-4\">responsabilit\u00e0 derivanti dalla violazione di una qualsiasi delle disposizioni dei presenti Termini e Condizioni Generali del Sito Web da parte di un utente.<\/div>\n<div data-testid=\"page-4\"><\/div>\n<h3 data-testid=\"page-4\">8.- NULLIT\u00c0 PARZIALE.<\/h3>\n<p style=\"padding-left: 40px;\">La dichiarazione di nullit\u00e0, invalidit\u00e0 o inefficacia di una qualsiasi delle clausole contenute nelle presenti Condizioni Generali non pregiudica la validit\u00e0 o l&#8217;efficacia delle restanti clausole, che continueranno ad essere vincolanti tra le parti.<\/p>\n<h3>9.- LEGGE APPLICABILE E GIURISDIZIONE.<\/h3>\n<p style=\"padding-left: 40px;\">Le presenti CDU sono disciplinate dalle disposizioni della legge spagnola.<\/p>\n<p style=\"padding-left: 40px;\">Per qualsiasi controversia relativa alle condizioni di utilizzo e di accesso al presente Sito Web contenute nel presente documento delle CGU del Sito Web, le parti si sottopongono, rinunciando espressamente a qualsiasi altra giurisdizione che possa corrispondere loro, se non diversamente stabilito dalla legge, ai Tribunali di Denia.<\/p>\n<h3>10.- NOTIFICHE.<\/h3>\n<p>Al fine di effettuare le opportune notifiche, <strong>IREMA<\/strong> designa l&#8217;indirizzo specificato nell&#8217;Avviso Legale come indirizzo di contatto.<\/p>\n<p>L&#8217;indirizzo e-mail fornito dall&#8217;<strong>Utente<\/strong> durante il processo di registrazione sul Sito web sar\u00e0 utilizzato da <strong>IREMA<\/strong> per l&#8217;invio di notifiche all&#8217;Utente.<\/p>\n<p>L&#8217;<strong>Utente<\/strong> \u00e8 tenuto a mantenere i dati di cui alla presente clausola debitamente aggiornati ai fini delle notifiche.<\/p>\n<p>Tutte le notifiche effettuate da <strong>IREMA<\/strong> all&#8217;<strong>Utente<\/strong> saranno considerate valide se sono state effettuate utilizzando i dati e attraverso i mezzi sopra indicati. <strong>IREMA<\/strong> non potr\u00e0 essere ritenuta responsabile per eventuali danni che potrebbero verificarsi a causa del mancato aggiornamento dei dati di contatto da parte dell&#8217;<strong>Utente<\/strong>.<\/p>\n<p>&nbsp;<\/p>\n","protected":false},"excerpt":{"rendered":"<p>CONDIZIONI GENERALI DI UTILIZZO DI WWW.IREMA.ORG 1.- OGGETTO. Le presenti condizioni generali d&#8217;uso (di seguito CGU) regolano l&#8217;accesso e l&#8217;utilizzo del Sito Web sotto il dominio WWW.IREMA.ORG (di seguito Sito Web), di propriet\u00e0 di &#8220;INSTITUTO DE REPRODUCCION DE LA MARINA ALTA, S.L.&#8221; (di seguito IREMA), messo a disposizione degli utenti (di seguito Utente\/i). In caso [&hellip;]<\/p>\n","protected":false},"author":3,"featured_media":0,"parent":0,"menu_order":0,"comment_status":"closed","ping_status":"closed","template":"","meta":{"footnotes":""},"class_list":["post-48180","page","type-page","status-publish","hentry"],"_links":{"self":[{"href":"https:\/\/www.irema.org\/it\/wp-json\/wp\/v2\/pages\/48180","targetHints":{"allow":["GET"]}}],"collection":[{"href":"https:\/\/www.irema.org\/it\/wp-json\/wp\/v2\/pages"}],"about":[{"href":"https:\/\/www.irema.org\/it\/wp-json\/wp\/v2\/types\/page"}],"author":[{"embeddable":true,"href":"https:\/\/www.irema.org\/it\/wp-json\/wp\/v2\/users\/3"}],"replies":[{"embeddable":true,"href":"https:\/\/www.irema.org\/it\/wp-json\/wp\/v2\/comments?post=48180"}],"version-history":[{"count":1,"href":"https:\/\/www.irema.org\/it\/wp-json\/wp\/v2\/pages\/48180\/revisions"}],"predecessor-version":[{"id":48213,"href":"https:\/\/www.irema.org\/it\/wp-json\/wp\/v2\/pages\/48180\/revisions\/48213"}],"wp:attachment":[{"href":"https:\/\/www.irema.org\/it\/wp-json\/wp\/v2\/media?parent=48180"}],"curies":[{"name":"wp","href":"https:\/\/api.w.org\/{rel}","templated":true}]}}