{"id":48315,"date":"2021-12-23T20:55:14","date_gmt":"2021-12-23T19:55:14","guid":{"rendered":"https:\/\/www.irema.org\/politica-de-cookies-ue\/"},"modified":"2026-02-02T10:22:40","modified_gmt":"2026-02-02T09:22:40","slug":"politica-de-cookies-ue","status":"publish","type":"page","link":"https:\/\/www.irema.org\/it\/politica-de-cookies-ue\/","title":{"rendered":"Pol\u00edtica de cookies (UE)"},"content":{"rendered":"<h1 style=\"text-align: center;\">INFORMATIVA SUI COOKIE<\/h1>\n<div class=\"row\">\n<div class=\"col-xl-10 mx-auto\">\n<div class=\"paper\">\n<div>\n<h3>1. Cosa sono i Cookie?<\/h3>\n<p style=\"padding-left: 40px;\"><span class=\"citation-1410 citation-1411 citation-end-1411\">I cookie sono piccoli file di dati che vengono generati nel computer dell&#8217;utente e che ci permettono di conoscere la frequenza delle visite, i contenuti pi\u00f9 selezionati e gli elementi di sicurezza che possono intervenire nel controllo de<\/span><span class=\"citation-1410 citation-end-1410\">ll&#8217;accesso<\/span> alle aree riservate, nonch\u00e9 la visualizzazione di pubblicit\u00e0 in base a criteri predefiniti da <b data-path-to-node=\"4\" data-index-in-node=\"342\">INSTITUTO DE REPRODUCCION DE LA MARINA ALTA, S.L.<\/b> e che vengono attivati da cookie serviti da tale entit\u00e0 o da terzi che prestano questi servizi per conto di <b data-path-to-node=\"4\" data-index-in-node=\"500\">INSTITUTO DE REPRODUCCION DE LA MARINA ALTA, S.L.<\/b>.<\/p>\n<p style=\"padding-left: 40px;\">In linea generale, esistono i seguenti tipi di cookie. A seconda dell&#8217;ente che gestisce il dominio da cui vengono inviati i cookie e che tratta i dati ottenuti, si possono distinguere due tipologie:<\/p>\n<p style=\"padding-left: 80px;\">\u00b7 <b data-path-to-node=\"6,0,0\" data-index-in-node=\"0\">Co<span class=\"citation-1409\">okie propri:<\/span><\/b><span class=\"citation-1409 citation-end-1409\"> quelli che vengono inviati all&#8217;apparecchiatura terminale dell&#8217;utente da un computer o dominio gestito dall&#8217;editore stesso e dal quale viene fornito il servizio richiesto dall&#8217;utente.<\/span><\/p>\n<p style=\"padding-left: 80px;\">\u00b7 <b data-path-to-node=\"6,1,0\" data-index-in-node=\"0\"><span class=\"citation-1408\">Cookie di terze parti:<\/span><\/b><span class=\"citation-1408 citation-end-1408\"> quelli che vengono inviati <\/span>all&#8217;apparecchiatura terminale dell&#8217;utente da un computer o dominio che non \u00e8 gestito dall&#8217;editore, ma da un&#8217;altra entit\u00e0 che tratta i dati ottenuti attraverso i cookie.<\/p>\n<p style=\"padding-left: 40px;\">Nel caso in cui i cookie siano installati da un computer o dominio gestito dall&#8217;editore stesso, ma le informazioni raccolte tramite questi siano gestite da terzi, non possono essere considerati come cookie propri.<\/p>\n<p style=\"padding-left: 40px;\">Esiste anche una seconda classificazione in base al periodo di tempo in cui rimangono memorizzati nel browser del cliente, potendo trattarsi di:<\/p>\n<p style=\"padding-left: 80px;\"><b data-path-to-node=\"9,0,0\" data-index-in-node=\"0\">Cookie di sessione:<\/b> progettati per raccogliere e memorizzare dati mentre l&#8217;utente accede a una pagina web. Vengono solitamente utilizzati per memorizzare informazioni che interessa conservare solo per la fornitura del servizio richiesto dall&#8217;utente in un&#8217;unica occasione (ad es. un elenco di prodotti acquistati).<\/p>\n<p style=\"padding-left: 80px;\"><b data-path-to-node=\"9,1,0\" data-index-in-node=\"0\">Cookie persistenti:<\/b> i dati rimangono memorizzati nel terminale e possono essere consultati e trattati per un periodo definito dal responsabile del cookie, che pu\u00f2 variare da pochi minuti a diversi anni.<\/p>\n<p style=\"padding-left: 40px;\">Infine, esiste un&#8217;altra classificazione con sei tipi di cookie a seconda della finalit\u00e0 per cui vengono trattati i dati ottenuti:<\/p>\n<p style=\"padding-left: 80px;\">\u00b7 <b data-path-to-node=\"11,0,0\" data-index-in-node=\"0\">Cookie Tecnici:<\/b> I cookie tecnici o necessari sono essenziali affinch\u00e9 il nostro sito web possa funzionare correttamente e includono funzionalit\u00e0 di base come l&#8217;identificazione della sessione o l&#8217;accesso degli utenti registrati ad aree ad accesso riservato. Per questi motivi, i cookie tecnici non possono essere disattivati.<\/p>\n<p style=\"padding-left: 80px;\">\u00b7 <b data-path-to-node=\"11,1,0\" data-index-in-node=\"0\">Cookie di Preferenza:<\/b> Utilizzando i cookie di preferenza, la pagina web pu\u00f2 ricordare informazioni durante il tempo di navigazione associate al modo in cui la pagina si comporta o all&#8217;aspetto che ha, come la lingua preferita o la regione in cui ti trovi.<\/p>\n<p style=\"padding-left: 80px;\">\u00b7 <b data-path-to-node=\"11,2,0\" data-index-in-node=\"0\">Cookie Statistici:<\/b> Utilizziamo cookie di tipo statistico per vedere come interagisci con la pagina web, raccogliendo informazioni anonime durante il tempo in cui navighi su di essa. La finalit\u00e0 della raccolta di queste informazioni \u00e8 quella di introdurre miglioramenti nel sito in base all&#8217;analisi dei dati aggregati.<\/p>\n<p style=\"padding-left: 80px;\">\u00b7 <b data-path-to-node=\"11,3,0\" data-index-in-node=\"0\">Cookie di Marketing\/Pubblicitari:<\/b> Ci permettono la gestione degli spazi pubblicitari inclusi nel nostro sito web, applicazione o piattaforma in base a criteri come il contenuto mostrato o la frequenza con cui vengono mostrati gli annunci.<\/p>\n<p style=\"padding-left: 80px;\">\u00b7 <b data-path-to-node=\"11,4,0\" data-index-in-node=\"0\">Cookie di Marketing:<\/b> I cookie di marketing vengono utilizzati per analizzare il tuo comportamento mentre visiti la pagina web e affinch\u00e9, in modo puntuale, altri fornitori possano offrirti pubblicit\u00e0 personalizzata e pertinente in base al tuo profilo di navigazione.<\/p>\n<p style=\"padding-left: 80px;\">\u00b7 <b data-path-to-node=\"11,5,0\" data-index-in-node=\"0\">Cookie di Social Network esterni:<\/b> vengono utilizzati affinch\u00e9 i visitatori possano interagire con il contenuto di diverse piattaforme sociali (Facebook, YouTube, Twitter, LinkedIn, ecc.) e vengono generati unicamente per gli utenti di tali social network. Le condizioni di utilizzo di questi cookie e le informazioni raccolte sono regolate dalla politica sulla privacy della piattaforma sociale corrispondente.<\/p>\n<h3>2. Cookie che utilizziamo<\/h3>\n<p style=\"padding-left: 40px;\">Dal sito web di <b data-path-to-node=\"13\" data-index-in-node=\"16\">INSTITUTO DE REPRODUCCION DE LA MARINA ALTA, S.L.<\/b> utilizziamo cookie che hanno diverse funzioni:<\/p>\n<div>[wcc_category_list]<\/div>\n<h3 style=\"padding-left: 40px;\">COOKIE PROPRI<\/h3>\n<h4 style=\"padding-left: 80px;\">Tecnici o necessari<\/h4>\n<div id=\"page-15\" class=\"_kqswh2mm _bfhku67f _18u01wug _2hwx1wug\" style=\"padding-left: 120px;\" data-testid=\"page-14\">I cookie tecnici o strettamente necessari sono quelli che permettono all&#8217;utente la navigazione attraverso una pagina web e l&#8217;utilizzo delle diverse opzioni o servizi in essa offerti, come, ad esempio, controll<span class=\"citation-1406 citation-1407 citation-end-1407\">are il traffico e la comunicazione dei dati, identificare la sessione, accedere a parti ad accesso riservato, ricordare gli elementi che compongono un ordine, effettuare il processo di acquisto di un ordine, gestire il pagam<\/span><span class=\"citation-1406 citation-end-1406\">ento, controllare <\/span>la frode legata alla sicurezza del servizio, effettuare la richiesta di iscrizione o partecipazione a un evento, utilizzare elementi di sicurezza durante la navigazione, memorizzare contenuti per la diffusione di video o audio, abilitare contenuti dinamici (ad esempio, animazione di caricamento di un testo o immagine), condividere contenuti attraverso i social network o personalizzare l&#8217;interfaccia utente a condizione che sia quest&#8217;ultimo a scegliere le opzioni di personalizzazione desiderate. La base legale che legittima questo trattamento \u00e8 l&#8217;esecuzione e il mantenimento del servizio richiesto dall&#8217;utente. Questi cookie rimarranno attivi finch\u00e9 l&#8217;utente rimarr\u00e0 sul sito web.<\/div>\n<h4 style=\"padding-left: 80px;\">Preferenza o personalizzazione:<\/h4>\n<p style=\"padding-left: 120px;\">I cookie di preferenza o personalizzazione sono quelli che permettono di ricordare informazioni affinch\u00e9 l&#8217;utente acceda al servizio con determinate caratteristiche che possono differenziare la sua esperienza da quella di altri utenti, come, ad esempio, la lingua, il numero di<span class=\"citation-1405 citation-end-1405\"> risultati da mostrare quando l&#8217;utente effettua una ricerca, l&#8217;aspetto o il contenuto del servizio in base al tipo di browser attraverso il quale l&#8217;utente accede al servizio o alla regione da cui accede al servizio, ecc. La durata di questi <\/span>cookie \u00e8 il tempo in cui l&#8217;utente rimane sul sito web (sessione). Le informazioni vengono memorizzate esclusivamente nel browser dell&#8217;utente e non vengono utilizzate per altro motivo se non quello di gestire le preferenze dell&#8217;utente. La base legale che legittima il trattamento \u00e8 il consenso espresso prestato dall&#8217;utente.<\/p>\n<h4 style=\"padding-left: 40px;\">COOKIE DI TERZE PARTI<\/h4>\n<h4 style=\"padding-left: 80px;\">Misurazione o analisi:<\/h4>\n<p style=\"padding-left: 120px;\">I cookie di misurazione o analisi sono quelli che permettono al responsabile degli stessi il monitoraggio e l&#8217;analisi del comportamento degli utenti dei siti web a cui sono collegati, inclusa la quantificazione degli impatti degli annunci. Le informazioni raccolte tramite questo tipo di cookie vengono utilizzate nella misurazione dell&#8217;attivit\u00e0 dei siti web, dell&#8217;applicazione o della piattaforma, al fine di introdurre miglioramenti in base all&#8217;analisi dei dati di utilizzo fatti dagli utenti del servizio. La base legale che legittima il trattamento \u00e8 il consenso espresso prestato dall&#8217;utente. \u00c8 possibile ottenere maggiori informazioni su questi cookie, nonch\u00e9 sul loro periodo di conservazione, seguendo il\/i link della &#8220;Politica sui cookie&#8221;.<\/p>\n<h4 style=\"padding-left: 80px;\">Pubblicit\u00e0 comportamentale:<\/h4>\n<p style=\"padding-left: 120px;\">I cookie di pubblicit\u00e0 comportamentale sono quelli che memorizzano informazioni sul comportamento degli utenti ottenute attraverso l&#8217;osservazione continua delle loro abitudini di navigazione, il che permette di sviluppare un profilo specifico per mostrare pubblicit\u00e0 in base allo stesso. La base legale che legittima il trattamento \u00e8 il consenso espresso prestato dall&#8217;utente. \u00c8 possibile ottenere maggiori informazioni su questi cookie, nonch\u00e9 sul loro periodo di conservazione, seguendo il\/i link della &#8220;Politica sui cookie&#8221;. Utilizziamo cookie propri e di terze parti. Nella tabella seguente potr\u00e0 trovare tutti i cookie utilizzati.<\/p>\n<h3>3. Come modificare i cookie (Disattivazione ed eliminazione)<\/h3>\n<p style=\"padding-left: 40px;\"><b data-path-to-node=\"22\" data-index-in-node=\"0\">Come gestire i cookie dal nostro Banner:<\/b><\/p>\n<p style=\"padding-left: 40px;\">All&#8217;interno della pagina web, in modo automatico, si aprir\u00e0 una finestra dove potr\u00e0 decidere se accettare l&#8217;installazione dei cookie, il che permette che vengano installati e utilizzati come disposto nella nostra politica sui cookie, oppure configurarli a proprio piacimento. L&#8217;opzione di configurare i cookie sar\u00e0 sempre presente nella parte inferiore della pagina nel caso in cui cambiasse idea.<\/p>\n<p style=\"padding-left: 40px;\"><strong>Come gestire i cookie dal proprio browser:<\/strong><\/p>\n<p style=\"padding-left: 80px;\">La maggior parte dei browser consente di visualizzare, gestire, eliminare e bloccare i cookie di un sito web. Tenga presente che se cancella tutti i cookie, andranno perse tutte le preferenze utente stabilite, inclusa la possibilit\u00e0 di escludere i cookie, poich\u00e9 questa funzione richiede, appunto, l&#8217;inserimento di un cookie di esclusione sul suo dispositivo. Di seguito, pu\u00f2 vedere come gestire i cookie nei principali browser:<\/p>\n<p style=\"padding-left: 120px;\" data-path-to-node=\"24\"><b data-path-to-node=\"24\" data-index-in-node=\"0\">Google Chrome<\/b><\/p>\n<ol>\n<li style=\"list-style-type: none;\">\n<ol>\n<li style=\"list-style-type: none;\">\n<ol>\n<li style=\"list-style-type: none;\">\n<ol start=\"1\" data-path-to-node=\"25\">\n<li>\n<p data-path-to-node=\"25,0,0\">Sul computer, apri Chrome.<\/p>\n<\/li>\n<li>\n<p data-path-to-node=\"25,1,0\">In alto a destra, fai clic su Altro. Impostazioni.<\/p>\n<\/li>\n<li>\n<p data-path-to-node=\"25,2,0\">In &#8220;Privacy e sicurezza&#8221;, fai clic su Impostazioni sito.<\/p>\n<\/li>\n<li>\n<p data-path-to-node=\"25,3,0\">Fai clic su Cookie.<\/p>\n<\/li>\n<li>\n<p data-path-to-node=\"25,4,0\">Successivamente, potrai: Attivare i cookie: attiva l&#8217;interruttore accanto a &#8220;Bloccati&#8221;. Per ulteriori informazioni, puoi consultare il supporto di Google o la Guida del browser.<\/p>\n<\/li>\n<\/ol>\n<\/li>\n<\/ol>\n<\/li>\n<\/ol>\n<\/li>\n<\/ol>\n<p style=\"padding-left: 120px;\" data-path-to-node=\"26\"><b data-path-to-node=\"26\" data-index-in-node=\"0\">Microsoft Internet Explorer<\/b><\/p>\n<ol>\n<li style=\"list-style-type: none;\">\n<ol>\n<li style=\"list-style-type: none;\">\n<ol>\n<li style=\"list-style-type: none;\">\n<ol start=\"1\" data-path-to-node=\"27\">\n<li>\n<p data-path-to-node=\"27,0,0\">Fai clic su &#8220;Strumenti&#8221; nell&#8217;angolo superiore del tuo browser Windows e seleziona &#8220;Opzioni Internet&#8221; e clicca nuovamente sull&#8217;opzione &#8220;Privacy&#8221;.<\/p>\n<\/li>\n<li>\n<p data-path-to-node=\"27,1,0\">Assicurati che il tuo livello di Privacy sia su Medio o inferiore, il che permetter\u00e0 l&#8217;uso dei cookie nel tuo browser.<\/p>\n<\/li>\n<li>\n<p data-path-to-node=\"27,2,0\">Se si seleziona un&#8217;opzione superiore al livello Medio, non sar\u00e0 consentito l&#8217;uso dei cookie. Per ulteriori informazioni, puoi consultare il supporto di Microsoft o la Guida del browser.<\/p>\n<\/li>\n<\/ol>\n<\/li>\n<\/ol>\n<\/li>\n<\/ol>\n<\/li>\n<\/ol>\n<p style=\"padding-left: 120px;\" data-path-to-node=\"28\"><b data-path-to-node=\"28\" data-index-in-node=\"0\">Mozilla Firefox<\/b><\/p>\n<ol>\n<li style=\"list-style-type: none;\">\n<ol>\n<li style=\"list-style-type: none;\">\n<ol>\n<li style=\"list-style-type: none;\">\n<ol start=\"1\" data-path-to-node=\"29\">\n<li>\n<p data-path-to-node=\"29,0,0\">Fai clic nella parte superiore della finestra del tuo browser. Fai clic su &#8220;Strumenti&#8221; e seleziona &#8220;Opzioni&#8221;.<\/p>\n<\/li>\n<li>\n<p data-path-to-node=\"29,1,0\">Seleziona l&#8217;icona Privacy e sicurezza.<\/p>\n<\/li>\n<li>\n<p data-path-to-node=\"29,2,0\">Fai clic sull&#8217;opzione per permettere i cookie in questo sito. Per ulteriori informazioni, puoi consultare il supporto di Mozilla o la Guida del browser.<\/p>\n<\/li>\n<\/ol>\n<\/li>\n<\/ol>\n<\/li>\n<\/ol>\n<\/li>\n<\/ol>\n<p style=\"padding-left: 120px;\" data-path-to-node=\"30\"><b data-path-to-node=\"30\" data-index-in-node=\"0\">Safari<\/b><\/p>\n<ol>\n<li style=\"list-style-type: none;\">\n<ol>\n<li style=\"list-style-type: none;\">\n<ol>\n<li style=\"list-style-type: none;\">\n<ol start=\"1\" data-path-to-node=\"31\">\n<li>\n<p data-path-to-node=\"31,0,0\">Fai clic sull&#8217;icona degli strumenti nella parte superiore del tuo browser e seleziona l&#8217;opzione &#8220;Preferenze&#8221;.<\/p>\n<\/li>\n<li>\n<p data-path-to-node=\"31,1,0\">Fai clic su &#8220;Privacy e sicurezza&#8221; e seleziona l&#8217;opzione &#8220;Impedisci monitoraggio tra siti&#8221;.<\/p>\n<\/li>\n<li>\n<p data-path-to-node=\"31,2,0\">Fai clic su &#8220;Salva&#8221;. Per ulteriori informazioni, puoi consultare il supporto di Apple o la Guida del browser.<\/p>\n<\/li>\n<\/ol>\n<\/li>\n<\/ol>\n<\/li>\n<\/ol>\n<\/li>\n<\/ol>\n<p style=\"padding-left: 120px;\" data-path-to-node=\"32\">Oppure puoi consultare i video tutorial pubblicati dall&#8217;Agenzia Spagnola per la Protezione dei Dati (AEPD): <a class=\"ng-star-inserted\" href=\"http:\/\/www.youtube.com\/user\/desdelaAEPD\" target=\"_blank\" rel=\"noopener\">http:\/\/www.youtube.com\/user\/desdelaAEPD<\/a><\/p>\n<h3>4. Modifiche alla politica sui cookie<\/h3>\n<p style=\"padding-left: 40px;\">La presente informativa sulla privacy pu\u00f2 subire modifiche, cambiamenti o aggiornamenti derivanti da nuovi requisiti legali. Il presente documento sar\u00e0 sempre la versione aggiornata, adattata ai nuovi requisiti. Gli interessati potranno esercitare i diritti di accesso, rettifica, cancellazione o opposizione attraverso il seguente indirizzo email: <b data-path-to-node=\"34\" data-index-in-node=\"349\">dpo@procoden.es<\/b>.<\/p>\n<h3>5. Trattamento dei dati ed esercizio dei diritti<\/h3>\n<div id=\"page-18\" class=\"_kqswh2mm _bfhku67f _18u01wug _2hwx1wug\" style=\"padding-left: 40px;\" data-testid=\"page-17\">I dati personali che raccogliamo attraverso l&#8217;uso dei cookie saranno trattati da <b data-path-to-node=\"36\" data-index-in-node=\"81\">INSTITUTO DE REPRODUCCION DE LA MARINA ALTA, S.L., AVDA. DOCTOR FLEMING, 47 03760 ONDARA (ALICANTE)<\/b>.<\/div>\n<div data-testid=\"page-18\"><\/div>\n<div style=\"padding-left: 40px;\" data-testid=\"page-18\">I suoi dati personali saranno trattati per la finalit\u00e0 indicata in ciascuno dei cookie identificati nella tabella precedente. Questi dati personali saranno trattati sulla base del suo consenso.<\/div>\n<div style=\"padding-left: 40px;\" data-testid=\"page-18\"><\/div>\n<\/div>\n<div style=\"padding-left: 40px;\" data-testid=\"page-18\">Pu\u00f2 esercitare i suoi diritti di accesso, rettifica, cancellazione e opposizione, nonch\u00e9 il diritto alla limitazione del trattamento, il diritto alla portabilit\u00e0 dei suoi dati e il diritto di non essere oggetto di decisioni automatizzate, comprovando la sua identit\u00e0 tramite DNI o equivalente via email a <b data-path-to-node=\"38\" data-index-in-node=\"305\">dpo@procoden.es<\/b>.<\/div>\n<div style=\"padding-left: 40px;\" data-testid=\"page-18\"><\/div>\n<\/div>\n<div style=\"padding-left: 40px;\" data-testid=\"page-18\">Potr\u00e0 revocare il consenso prestato per ogni tipo di cookie in qualsiasi momento e attraverso il nostro pannello di configurazione dei cookie.<\/div>\n<div style=\"padding-left: 40px;\" data-testid=\"page-18\"><\/div>\n<\/div>\n<div style=\"padding-left: 40px;\" data-testid=\"page-18\">Se ritiene che <b data-path-to-node=\"40\" data-index-in-node=\"15\">INSTITUTO DE REPRODUCCION DE LA MARINA ALTA, S.L.<\/b> non abbia rispettato alcuno dei diritti sopra menzionati, ha il diritto di presentare un reclamo all&#8217;Agenzia Spagnola per la Protezione dei Dati.<\/div>\n<\/div>\n<h3 data-testid=\"page-18\">6. A chi verranno comunicati i suoi dati<\/h3>\n<p style=\"padding-left: 40px;\">In linea generale, i dati degli utenti raccolti attraverso i cookie propri di questo sito web non saranno trasferiti a terzi. Tuttavia, a causa dell&#8217;utilizzo di cookie di terze parti, \u00e8 possibile che i dati raccolti vengano trasferiti al di fuori dell&#8217;Unione Europea, poich\u00e9 questi cookie possono essere ospitati al di fuori dello Spazio Economico Europeo. Questi cookie che possono trovarsi ospitati fuori dall&#8217;UE sono i seguenti:<\/p>\n<p style=\"padding-left: 40px;\"><b data-path-to-node=\"43\" data-index-in-node=\"0\">MAGGIORI INFORMAZIONI SUL TRATTAMENTO DEI DATI PERSONALI<\/b> Pu\u00f2 consultare maggiori informazioni sul trattamento dei suoi dati personali accedendo alla nostra Politica sulla Privacy.<\/p>\n","protected":false},"excerpt":{"rendered":"<p>INFORMATIVA SUI COOKIE 1. Cosa sono i Cookie? I cookie sono piccoli file di dati che vengono generati nel computer dell&#8217;utente e che ci permettono di conoscere la frequenza delle visite, i contenuti pi\u00f9 selezionati e gli elementi di sicurezza che possono intervenire nel controllo dell&#8217;accesso alle aree riservate, nonch\u00e9 la visualizzazione di pubblicit\u00e0 in [&hellip;]<\/p>\n","protected":false},"author":3,"featured_media":0,"parent":0,"menu_order":0,"comment_status":"closed","ping_status":"closed","template":"","meta":{"footnotes":""},"class_list":["post-48315","page","type-page","status-publish","hentry"],"_links":{"self":[{"href":"https:\/\/www.irema.org\/it\/wp-json\/wp\/v2\/pages\/48315","targetHints":{"allow":["GET"]}}],"collection":[{"href":"https:\/\/www.irema.org\/it\/wp-json\/wp\/v2\/pages"}],"about":[{"href":"https:\/\/www.irema.org\/it\/wp-json\/wp\/v2\/types\/page"}],"author":[{"embeddable":true,"href":"https:\/\/www.irema.org\/it\/wp-json\/wp\/v2\/users\/3"}],"replies":[{"embeddable":true,"href":"https:\/\/www.irema.org\/it\/wp-json\/wp\/v2\/comments?post=48315"}],"version-history":[{"count":2,"href":"https:\/\/www.irema.org\/it\/wp-json\/wp\/v2\/pages\/48315\/revisions"}],"predecessor-version":[{"id":48317,"href":"https:\/\/www.irema.org\/it\/wp-json\/wp\/v2\/pages\/48315\/revisions\/48317"}],"wp:attachment":[{"href":"https:\/\/www.irema.org\/it\/wp-json\/wp\/v2\/media?parent=48315"}],"curies":[{"name":"wp","href":"https:\/\/api.w.org\/{rel}","templated":true}]}}