{"id":32151,"date":"2021-11-22T15:57:19","date_gmt":"2021-11-22T14:57:19","guid":{"rendered":"https:\/\/irema.servidorbilnea.com\/?page_id=32151"},"modified":"2026-01-30T11:29:00","modified_gmt":"2026-01-30T10:29:00","slug":"integritetspolicy","status":"publish","type":"page","link":"https:\/\/www.irema.org\/sv\/integritetspolicy\/","title":{"rendered":"Integritetspolicy"},"content":{"rendered":"<h1 style=\"text-align: center;\">INTEGRITETSPOLICY<\/h1>\n<p data-path-to-node=\"2\">Denna integritetspolicy \u00e4r i enlighet med <span class=\"citation-1153 citation-end-1153\">Europaparlamentets och r\u00e5dets f\u00f6rordning (EU) 2016\/679 av den 27 april 2016 om skydd f\u00f6r fysiska personer med avseende p\u00e5 behandling av personuppgifter och om det fria fl\u00f6det av s\u00e5dana uppgift<\/span>er (GDPR), den spanska organiska lagen 3\/2018 av den 5 december om skydd av personuppgifter och garanti f\u00f6r digitala r\u00e4ttigheter (LOPDGDD), samt i allt som inte strider mot n\u00e4mnda best\u00e4mmelser, den organiska lagen 15\/1999 om skydd av personuppgifter (LOPD) och dess till\u00e4mpningsf\u00f6reskrifter, och\/eller de som kan komma att ers\u00e4tta eller uppdatera dem i framtiden.<\/p>\n<div class=\"source-inline-chip-container ng-star-inserted\"><\/div>\n<p data-path-to-node=\"3\">V\u00e5r organisation \u00e4r engagerad i integriteten f\u00f6r dina personuppgifter. De personuppgifter som tillhandah\u00e5lls \u00e4r n\u00f6dv\u00e4ndiga f\u00f6r att tillhandah\u00e5lla v\u00e5ra tj\u00e4nster och behandlas p\u00e5 ett lagligt, korrekt och transparent s\u00e4tt, vilket garanterar en adekvat s\u00e4kerhet f\u00f6r dessa, inklusive skydd mot obeh\u00f6rig eller olaglig behandling och mot f\u00f6rlust, f\u00f6rst\u00f6relse eller oavsiktlig skada genom till\u00e4mpning av tekniska och organisatoriska \u00e5tg\u00e4rder.<\/p>\n<p data-path-to-node=\"4\">Genom detta dokument vill vi p\u00e5 ett transparent och r\u00e4ttvist s\u00e4tt erbjuda dig all n\u00f6dv\u00e4ndig information r\u00f6rande behandlingen av dina personuppgifter som utf\u00f6rs av denna organisation.<\/p>\n<p data-path-to-node=\"4\"><strong>I.- PERSONUPPGIFTSANSVARIG<\/strong><\/p>\n<p style=\"padding-left: 40px;\" data-path-to-node=\"7\"><b data-path-to-node=\"7\" data-index-in-node=\"0\">IDENTITET:<\/b> INSTITUTO DE REPRODUCCION DE LA MARINA ALTA, S.L.<\/p>\n<p style=\"padding-left: 40px;\" data-path-to-node=\"8\"><b data-path-to-node=\"8\" data-index-in-node=\"0\">C.I.F. \/ N.I.F.:<\/b> B53951745<\/p>\n<p style=\"padding-left: 40px;\" data-path-to-node=\"9\"><b data-path-to-node=\"9\" data-index-in-node=\"0\">ADRESS:<\/b> AVDA. DOCTOR FLEMING, 47, 03760 ONDARA (ALICANTE)<\/p>\n<p style=\"padding-left: 40px;\" data-path-to-node=\"10\"><b data-path-to-node=\"10\" data-index-in-node=\"0\">TELEFON:<\/b> 966477265<\/p>\n<p style=\"padding-left: 40px;\" data-path-to-node=\"11\"><b data-path-to-node=\"11\" data-index-in-node=\"0\">E-POST:<\/b> contactar@irema.org<\/p>\n<p style=\"padding-left: 40px;\" data-path-to-node=\"12\"><b data-path-to-node=\"12\" data-index-in-node=\"0\">DATASKYDDSOMBUD:<\/b> dpo@procoden.es<\/p>\n<p data-path-to-node=\"12\"><strong>II.- MOTTAGARE AV PERSONUPPGIFTER<\/strong><\/p>\n<ul>\n<li>\n<p data-path-to-node=\"14,0,0\">De tillhandah\u00e5llna personuppgifterna kommer inte att \u00f6verf\u00f6ras till n\u00e5gon part om inte annat anges i de specifika behandlingarna.<\/p>\n<\/li>\n<li>\n<p data-path-to-node=\"14,1,0\">Som tillval, f\u00f6r upphandling av molntj\u00e4nster och\/eller tj\u00e4nster f\u00f6r utskick av e-post, kommunikation samt andra relaterade IT-tj\u00e4nster, kan personuppgifterna:<\/p>\n<ul>\n<li>\u00a0\u00d6verf\u00f6ras till IT-tj\u00e4nstef\u00f6retag bel\u00e4gna inom det Europeiska ekonomiska samarbetsomr\u00e5det (EES) eller,<\/li>\n<li>\u00a0\u00d6verf\u00f6ras till IT-tj\u00e4nstef\u00f6retag bel\u00e4gna utanf\u00f6r EES som omfattas av skyddssk\u00f6lden Privacy Shield, vilket inneb\u00e4r att de har adekvata skydds\u00e5tg\u00e4rder f\u00f6r att garantera s\u00e4kerheten f\u00f6r personuppgifter. Du kan f\u00e5 mer information genom att bes\u00f6ka denna l\u00e4nk: <a class=\"ng-star-inserted\" href=\"https:\/\/www.privacyshield.gov\/welcome\" target=\"_blank\" rel=\"noopener\">https:\/\/www.privacyshield.gov\/welcome<\/a><\/li>\n<\/ul>\n<\/li>\n<\/ul>\n<ul>\n<li>Som tillval, till myndigheter och andra organ n\u00e4r de kr\u00e4vs i enlighet med r\u00e4ttsliga f\u00f6rpliktelser.<\/li>\n<\/ul>\n<h3 data-path-to-node=\"15\">III.- R\u00c4TTSLIG GRUND F\u00d6R BEHANDLING AV PERSONUPPGIFTER<\/h3>\n<p style=\"padding-left: 40px;\" data-path-to-node=\"16\">Vid varje specifik behandling av personuppgifter kommer vi att informera dig om den r\u00e4ttsliga grund som legitimerar den.<\/p>\n<h3 data-path-to-node=\"17\">IV.- R\u00c4TTIGHETER<\/h3>\n<p style=\"padding-left: 40px;\" data-path-to-node=\"18\"><b data-path-to-node=\"18\" data-index-in-node=\"0\">R\u00c4TT TILL TILLG\u00c5NG<\/b> Det \u00e4r r\u00e4tten att fr\u00e5n den personuppgiftsansvarige f\u00e5 bekr\u00e4ftelse p\u00e5 om personuppgifter som r\u00f6r den registrerade behandlas eller inte, och i s\u00e5 fall r\u00e4tt till tillg\u00e5ng till personuppgifterna och f\u00f6ljande information: \u00e4ndam\u00e5len med behandlingen, de kategorier av personuppgifter som behandlas, de mottagare eller kategorier av mottagare till vilka personuppgifterna har l\u00e4mnats eller ska l\u00e4mnas ut, lagringsperiod eller kriterier f\u00f6r att fastst\u00e4lla denna period, r\u00e4tten att beg\u00e4ra r\u00e4ttelse eller radering av personuppgifter eller begr\u00e4nsning av behandling eller att inv\u00e4nda mot s\u00e5dan behandling, r\u00e4tten att inge klagom\u00e5l till den spanska dataskyddsmyndigheten (AEPD), f\u00f6rekomsten av automatiserat beslutsfattande, inklusive profilering, och vid \u00f6verf\u00f6ring till tredjel\u00e4nder r\u00e4tten att bli informerad om de l\u00e4mpliga skydds\u00e5tg\u00e4rder som till\u00e4mpas.<\/p>\n<p style=\"padding-left: 40px;\" data-path-to-node=\"19\"><b data-path-to-node=\"19\" data-index-in-node=\"0\">R\u00c4TT TILL R\u00c4TTELSE<\/b> Det \u00e4r r\u00e4tten att beg\u00e4ra r\u00e4ttelse av dina personuppgifter om de \u00e4r felaktiga, inklusive r\u00e4tten att komplettera ofullst\u00e4ndiga uppgifter. Genom att l\u00e4mna personuppgifterna garanterar du att de \u00e4r sanna och korrekta och \u00e5tar dig att meddela oss om eventuella \u00e4ndringar. Skador som orsakas p\u00e5 grund av felaktig eller ofullst\u00e4ndig information i webbformul\u00e4ren \u00e4r den registrerades exklusiva ansvar.<\/p>\n<p style=\"padding-left: 40px;\" data-path-to-node=\"20\"><b data-path-to-node=\"20\" data-index-in-node=\"0\">R\u00c4TT TILL RADERING<\/b> Det \u00e4r r\u00e4tten att beg\u00e4ra radering av dina personuppgifter n\u00e4r de bland annat inte l\u00e4ngre \u00e4r n\u00f6dv\u00e4ndiga f\u00f6r de \u00e4ndam\u00e5l f\u00f6r vilka de samlades in, eller om samtycket \u00e5terkallas. Radering kommer inte att ske n\u00e4r behandlingen \u00e4r n\u00f6dv\u00e4ndig f\u00f6r bland annat fullg\u00f6rande av r\u00e4ttsliga f\u00f6rpliktelser eller f\u00f6r fastst\u00e4llande, ut\u00f6vande eller f\u00f6rsvar av r\u00e4ttsliga anspr\u00e5k.<\/p>\n<p style=\"padding-left: 40px;\" data-path-to-node=\"21\"><b data-path-to-node=\"21\" data-index-in-node=\"0\">R\u00c4TT TILL BEGR\u00c4NSNING<\/b> Det \u00e4r r\u00e4tten att beg\u00e4ra begr\u00e4nsning av behandlingen av dina personuppgifter, vilket inneb\u00e4r att du i vissa fall kan be oss att tillf\u00e4lligt avbryta behandlingen eller att vi sparar dem l\u00e4ngre \u00e4n n\u00f6dv\u00e4ndigt om du skulle beh\u00f6va dem.<\/p>\n<p style=\"padding-left: 40px;\" data-path-to-node=\"22\"><b data-path-to-node=\"22\" data-index-in-node=\"0\">R\u00c4TT ATT \u00c5TERKALLA SAMTYCKE<\/b> Det \u00e4r r\u00e4tten att n\u00e4r som helst \u00e5terkalla det samtycke som l\u00e4mnats genom att markera &#8221;Jag har l\u00e4st och accepterar integritetspolicyn&#8221;. Denna r\u00e4ttighet g\u00e4ller inte om behandlingen \u00e4r n\u00f6dv\u00e4ndig f\u00f6r r\u00e4ttsliga f\u00f6rpliktelser, fullg\u00f6rande av ett avtal eller f\u00f6rsvar av r\u00e4ttsliga anspr\u00e5k. \u00c5terkallandet har inte retroaktiv verkan.<\/p>\n<p style=\"padding-left: 40px;\" data-path-to-node=\"23\"><b data-path-to-node=\"23\" data-index-in-node=\"0\">R\u00c4TT TILL DATAPORTABILITET<\/b> Det \u00e4r r\u00e4tten att f\u00e5 de personuppgifter som du har tillhandah\u00e5llit oss i ett strukturerat, allm\u00e4nt anv\u00e4nt och maskinl\u00e4sbart format, och att \u00f6verf\u00f6ra dem till en annan personuppgiftsansvarig, f\u00f6rutsatt att behandlingen grundar sig p\u00e5 samtycke och sker p\u00e5 automatiserad v\u00e4g.<\/p>\n<p style=\"padding-left: 40px;\" data-path-to-node=\"24\"><b data-path-to-node=\"24\" data-index-in-node=\"0\">R\u00c4TT TILL INV\u00c4NDNING<\/b> Det \u00e4r r\u00e4tten att inv\u00e4nda mot behandlingen av dina personuppgifter baserat p\u00e5 v\u00e5rt ber\u00e4ttigade intresse. Vi kommer att upph\u00f6ra med behandlingen s\u00e5vida vi inte kan visa tvingande ber\u00e4ttigade sk\u00e4l f\u00f6r behandlingen som v\u00e4ger tyngre \u00e4n dina intressen, eller f\u00f6r f\u00f6rsvar av r\u00e4ttsliga anspr\u00e5k.<\/p>\n<p style=\"padding-left: 40px;\" data-path-to-node=\"25\"><b data-path-to-node=\"25\" data-index-in-node=\"0\">R\u00c4TT ATT INGE KLAGOM\u00c5L TILL EN TILLSYNSMYNDIGHET<\/b> Om du anser att vi behandlar dina personuppgifter p\u00e5 ett felaktigt s\u00e4tt kan du kontakta oss eller inge ett klagom\u00e5l till den spanska dataskyddsmyndigheten (AEPD): <a class=\"ng-star-inserted\" href=\"https:\/\/www.agpd.es\/\" target=\"_blank\" rel=\"noopener\">https:\/\/www.agpd.es\/<\/a><\/p>\n<p style=\"padding-left: 40px;\" data-path-to-node=\"26\"><b data-path-to-node=\"26\" data-index-in-node=\"0\">UT\u00d6VANDE AV R\u00c4TTIGHETER<\/b> Du kan ut\u00f6va dina r\u00e4ttigheter via brev till den postadress som anges ovan eller via e-post till contactar@irema.org. Bifoga i b\u00e5da fallen en kopia av din legitimation (NIF\/NIE\/pass).<\/p>\n<h3 data-path-to-node=\"28\">V.- BEHANDLING AV PERSONUPPGIFTER.<\/h3>\n<p style=\"padding-left: 40px;\" data-path-to-node=\"29\"><b data-path-to-node=\"29\" data-index-in-node=\"0\">ALLM\u00c4NNA BEST\u00c4MMELSER<\/b> De personuppgifter som beg\u00e4rs i varje behandling \u00e4r adekvata, relevanta och begr\u00e4nsade till vad som \u00e4r n\u00f6dv\u00e4ndigt (dataminimering). Att v\u00e4gra tillhandah\u00e5lla n\u00f6dv\u00e4ndiga uppgifter inneb\u00e4r att tj\u00e4nsten inte kan tillhandah\u00e5llas. Kommunikationen av uppgifter \u00e4r i vissa fall n\u00f6dv\u00e4ndig f\u00f6r ett avtal eller en r\u00e4ttslig f\u00f6rpliktelse.<\/p>\n<p style=\"padding-left: 40px;\" data-path-to-node=\"30\"><b data-path-to-node=\"30\" data-index-in-node=\"0\">KONTAKTFORMUL\u00c4R<\/b> Personuppgifter behandlas f\u00f6r att hantera f\u00f6rfr\u00e5gningar, f\u00f6rslag och klagom\u00e5l fr\u00e5n anv\u00e4ndare eller kunder.<\/p>\n<ul>\n<li style=\"list-style-type: none;\">\n<ul data-path-to-node=\"31\">\n<li>\n<p data-path-to-node=\"31,0,0\"><b data-path-to-node=\"31,0,0\" data-index-in-node=\"0\">R\u00e4ttslig grund:<\/b> Uttryckligt samtycke genom att markera &#8221;Jag har l\u00e4st och accepterar integritetspolicyn&#8221;.<\/p>\n<\/li>\n<li>\n<p data-path-to-node=\"31,1,0\"><b data-path-to-node=\"31,1,0\" data-index-in-node=\"0\">Lagring:<\/b> Under en period av tv\u00e5 \u00e5r fr\u00e5n det att behandlingen upph\u00f6r, utan att det p\u00e5verkar ut\u00f6vandet av dina r\u00e4ttigheter.<\/p>\n<\/li>\n<\/ul>\n<\/li>\n<\/ul>\n<p style=\"padding-left: 40px;\" data-path-to-node=\"32\"><b data-path-to-node=\"32\" data-index-in-node=\"0\">CV-FORMUL\u00c4R (CURRICULUM)<\/b> Personuppgifter behandlas f\u00f6r att hantera urvalsprocessen i f\u00f6retaget.<\/p>\n<ul>\n<li style=\"list-style-type: none;\">\n<ul data-path-to-node=\"33\">\n<li>\n<p data-path-to-node=\"33,0,0\"><b data-path-to-node=\"33,0,0\" data-index-in-node=\"0\">R\u00e4ttslig grund:<\/b> Uttryckligt samtycke genom att markera &#8221;Jag har l\u00e4st och accepterar integritetspolicyn&#8221;.<\/p>\n<\/li>\n<li>\n<p data-path-to-node=\"33,1,0\"><b data-path-to-node=\"33,1,0\" data-index-in-node=\"0\">Lagring:<\/b> Under en period av tv\u00e5 \u00e5r fr\u00e5n det att behandlingen upph\u00f6r, utan att det p\u00e5verkar ut\u00f6vandet av dina r\u00e4ttigheter.<\/p>\n<\/li>\n<\/ul>\n<\/li>\n<\/ul>\n","protected":false},"excerpt":{"rendered":"<p>INTEGRITETSPOLICY Denna integritetspolicy \u00e4r i enlighet med Europaparlamentets och r\u00e5dets f\u00f6rordning (EU) 2016\/679 av den 27 april 2016 om skydd f\u00f6r fysiska personer med avseende p\u00e5 behandling av personuppgifter och om det fria fl\u00f6det av s\u00e5dana uppgifter (GDPR), den spanska organiska lagen 3\/2018 av den 5 december om skydd av personuppgifter och garanti f\u00f6r digitala [&hellip;]<\/p>\n","protected":false},"author":3,"featured_media":0,"parent":0,"menu_order":0,"comment_status":"closed","ping_status":"closed","template":"","meta":{"footnotes":""},"class_list":["post-32151","page","type-page","status-publish","hentry"],"_links":{"self":[{"href":"https:\/\/www.irema.org\/sv\/wp-json\/wp\/v2\/pages\/32151","targetHints":{"allow":["GET"]}}],"collection":[{"href":"https:\/\/www.irema.org\/sv\/wp-json\/wp\/v2\/pages"}],"about":[{"href":"https:\/\/www.irema.org\/sv\/wp-json\/wp\/v2\/types\/page"}],"author":[{"embeddable":true,"href":"https:\/\/www.irema.org\/sv\/wp-json\/wp\/v2\/users\/3"}],"replies":[{"embeddable":true,"href":"https:\/\/www.irema.org\/sv\/wp-json\/wp\/v2\/comments?post=32151"}],"version-history":[{"count":10,"href":"https:\/\/www.irema.org\/sv\/wp-json\/wp\/v2\/pages\/32151\/revisions"}],"predecessor-version":[{"id":48285,"href":"https:\/\/www.irema.org\/sv\/wp-json\/wp\/v2\/pages\/32151\/revisions\/48285"}],"wp:attachment":[{"href":"https:\/\/www.irema.org\/sv\/wp-json\/wp\/v2\/media?parent=32151"}],"curies":[{"name":"wp","href":"https:\/\/api.w.org\/{rel}","templated":true}]}}