{"id":48179,"date":"2022-02-14T13:36:04","date_gmt":"2022-02-14T12:36:04","guid":{"rendered":"https:\/\/www.irema.org\/cgu\/"},"modified":"2026-01-29T17:50:45","modified_gmt":"2026-01-29T16:50:45","slug":"cgu","status":"publish","type":"page","link":"https:\/\/www.irema.org\/sv\/cgu\/","title":{"rendered":"CGU"},"content":{"rendered":"<p style=\"text-align: center;\">ALLM\u00c4NNA VILLKOR F\u00d6R ANV\u00c4NDNING AV WWW.IREMA.ORG<\/p>\n<h3>1.- OBJECT.<\/h3>\n<p style=\"padding-left: 40px;\">Dessa allm\u00e4nna anv\u00e4ndarvillkor (nedan kallade AVV) reglerar \u00e5tkomst till och anv\u00e4ndning av webbplatsen under dom\u00e4nen WWW.IREMA.ORG (nedan kallad webbplatsen), som \u00e4gs av &#8221;INSTITUTO DE REPRODUCCION DE LA MARINA ALTA, S.L.&#8221; (nedan kallat IREMA), och som g\u00f6rs tillg\u00e4nglig f\u00f6r anv\u00e4ndare (nedan kallade anv\u00e4ndare).<\/p>\n<p style=\"padding-left: 40px;\">Om du har n\u00e5gra tvivel eller fr\u00e5gor som r\u00f6r anv\u00e4ndningen av och tillg\u00e5ngen till webbplatsen eller dessa villkor kan du kontakta oss via de kontaktuppgifter som anges i det juridiska meddelandet.<\/p>\n<h3>2.- \u00d6VERENSST\u00c4MMELSE MED DESSA ALLM\u00c4NNA VILLKOR.<\/h3>\n<p style=\"padding-left: 40px;\">Anv\u00e4ndningen av webbplatsen inneb\u00e4r att <strong>anv\u00e4ndaren<\/strong> fullt ut godk\u00e4nner de allm\u00e4nna villkoren som g\u00e4ller vid den tidpunkt d\u00e5 <strong>anv\u00e4ndaren<\/strong> g\u00e5r in p\u00e5 webbplatsen. Om Anv\u00e4ndaren inte samtycker till n\u00e5got av de villkor som anges h\u00e4r, b\u00f6r han\/hon d\u00e4rf\u00f6r avst\u00e5 fr\u00e5n att anv\u00e4nda denna Webbplats. <\/p>\n<p style=\"padding-left: 40px;\">F\u00f6ljaktligen m\u00e5ste Anv\u00e4ndaren l\u00e4sa igenom Villkoren noggrant varje g\u00e5ng han\/hon avser att anv\u00e4nda Webbplatsen.<\/p>\n<p style=\"padding-left: 40px;\">I vilket fall som helst f\u00f6rbeh\u00e5ller sig IREMA r\u00e4tten att \u00e4ndra, utan f\u00f6reg\u00e5ende meddelande och n\u00e4r som helst, TOU. Likas\u00e5 f\u00f6rbeh\u00e5ller IREMA sig r\u00e4tten att avbryta, avbryta eller upph\u00f6ra att driva webbplatsen n\u00e4r som helst. <\/p>\n<p style=\"padding-left: 40px;\">Med &#8221;anv\u00e4ndning av webbplatsen&#8221; menar vi alla anv\u00e4ndare som g\u00e5r in p\u00e5 och surfar p\u00e5 webbplatsen, oavsett om de fyller i registreringsformul\u00e4ret eller inte.<\/p>\n<h3>3.- VILLKOR F\u00d6R TILLG\u00c5NG TILL OCH ANV\u00c4NDNING AV WEBBPLATSEN OCH DESS INNEH\u00c5LL.<\/h3>\n<p style=\"padding-left: 40px;\">Tillg\u00e5ng till webbplatsen och\/eller det inneh\u00e5ll som ing\u00e5r d\u00e4ri inneb\u00e4r inte n\u00e5gon form av garanti f\u00f6r att webbplatsen och\/eller det inneh\u00e5ll som ing\u00e5r d\u00e4ri \u00e4r l\u00e4mpligt f\u00f6r anv\u00e4ndarnas s\u00e4rskilda eller specifika syften.<\/p>\n<p style=\"padding-left: 40px;\"><strong>IREMA<\/strong> kan fastst\u00e4lla ytterligare begr\u00e4nsningar och \/ eller villkor f\u00f6r anv\u00e4ndning och \/ eller tillg\u00e5ng till webbplatsen och \/ eller inneh\u00e5llet, som m\u00e5ste f\u00f6ljas av anv\u00e4ndarna i alla fall.<\/p>\n<h4 style=\"padding-left: 40px;\">3.1- Tillg\u00e5ng till och anv\u00e4ndning av webbplatsen.<\/h4>\n<p style=\"padding-left: 80px;\">Om inte annat anges ska anv\u00e4ndningen av webbplatsen vara kostnadsfri, utan att det p\u00e5verkar kostnaden f\u00f6r anslutning via det motsvarande telekommunikationsn\u00e4t som <strong>anv\u00e4ndaren<\/strong> har avtalat om.<\/p>\n<p style=\"padding-left: 80px;\"><strong>Anv\u00e4ndaren<\/strong> bekr\u00e4ftar att han\/hon \u00e4r \u00f6ver arton \u00e5r gammal och \u00e4r ocks\u00e5 medveten om och accepterar frivilligt och uttryckligen att anv\u00e4ndningen av webbplatsen under alla omst\u00e4ndigheter sker under hans\/hennes eget och exklusiva ansvar.<\/p>\n<p style=\"padding-left: 80px;\">Anv\u00e4ndaren f\u00f6rbinder sig att f\u00f6lja GTU, liksom att f\u00f6lja de s\u00e4rskilda varningar eller instruktioner som finns p\u00e5 webbplatsen och att alltid agera i enlighet med lagen, god sed och kraven p\u00e5 god tro, med st\u00f6rsta m\u00f6jliga f\u00f6rsiktighet med h\u00e4nsyn till arten och \u00f6verv\u00e4gandet av den tj\u00e4nst han eller hon \u00e5tnjuter. F\u00f6r detta \u00e4ndam\u00e5l kommer du att avst\u00e5 fr\u00e5n att anv\u00e4nda webbplatsen p\u00e5 n\u00e5got s\u00e4tt som kan hindra, skada eller f\u00f6rs\u00e4mra den normala funktionen av densamma, varor eller r\u00e4ttigheter f\u00f6r <strong>IREMA<\/strong>, dess leverant\u00f6rer, dess distribut\u00f6rer, resten av anv\u00e4ndarna eller i allm\u00e4nhet av n\u00e5gon tredje part. <\/p>\n<p style=\"padding-left: 80px;\"><strong>Anv\u00e4ndaren<\/strong> \u00e5tar sig s\u00e4rskilt, och utan att detta inneb\u00e4r n\u00e5gon inskr\u00e4nkning i den skyldighet som <strong>Anv\u00e4ndaren<\/strong> i allm\u00e4nhet har enligt f\u00f6reg\u00e5ende avsnitt, att anv\u00e4nda Webbplatsen:<\/p>\n<p style=\"padding-left: 120px;\">a) Att inte p\u00e5 eller fr\u00e5n Webbplatsen l\u00e4gga in, lagra eller sprida information eller material som \u00e4r \u00e4rekr\u00e4nkande, f\u00f6rtalande, obscent, hotfullt, fr\u00e4mlingsfientligt, pornografiskt, st\u00f6djer terrorism, uppmanar till v\u00e5ld, diskriminering p\u00e5 grund av ras, k\u00f6n, ideologi, religion eller som p\u00e5 n\u00e5got s\u00e4tt kr\u00e4nker tredje mans form, allm\u00e4nna ordning, grundl\u00e4ggande r\u00e4ttigheter, allm\u00e4nna friheter, heder, privatliv eller anseende och i \u00f6vrigt g\u00e4llande best\u00e4mmelser.<\/p>\n<p style=\"padding-left: 120px;\">b) Inte inf\u00f6ra, lagra eller sprida via webbplatsen n\u00e5got datorprogram, data, virus, kod eller n\u00e5got annat elektroniskt eller fysiskt instrument eller enhet som kan orsaka skada p\u00e5 webbplatsen, till n\u00e5gon av tj\u00e4nsterna, eller till n\u00e5gon av utrustningen, system eller n\u00e4tverk av <strong>IREMA<\/strong>, av n\u00e5gon anv\u00e4ndare, av leverant\u00f6rer eller distribut\u00f6rer av <strong>IREMA<\/strong> eller i allm\u00e4nhet av n\u00e5gon tredje part, som kan orsaka n\u00e5gon typ av f\u00f6r\u00e4ndring eller f\u00f6rhindra normal funktion av densamma.<\/p>\n<p style=\"padding-left: 120px;\">c) inte inf\u00f6ra, lagra eller sprida via Webbplatsen n\u00e5got inneh\u00e5ll som g\u00f6r intr\u00e5ng i immateriella eller industriella r\u00e4ttigheter eller tredje mans r\u00e4ttigheter, eller i allm\u00e4nhet n\u00e5got inneh\u00e5ll som man inte enligt lag har r\u00e4tt att g\u00f6ra tillg\u00e4ngligt f\u00f6r tredje man.<\/p>\n<h4 style=\"padding-left: 40px;\">3.2- Tillg\u00e5ng till och anv\u00e4ndning av inneh\u00e5llet.<\/h4>\n<p style=\"padding-left: 80px;\">Inneh\u00e5llet p\u00e5 Webbplatsen g\u00f6rs tillg\u00e4ngligt f\u00f6r <strong>Anv\u00e4ndaren<\/strong> med information fr\u00e5n b\u00e5de egna och tredje parts k\u00e4llor.<\/p>\n<p style=\"padding-left: 80px;\"><strong>IREMA<\/strong> str\u00e4var efter att se till att inneh\u00e5llet \u00e4r av h\u00f6gsta m\u00f6jliga kvalitet och rimligt uppdaterat, men garanterar inte inneh\u00e5llets anv\u00e4ndbarhet, riktighet, fullst\u00e4ndighet, relevans och\/eller aktualitet.<\/p>\n<h3>4.- IMMATERIELLA OCH INDUSTRIELLA R\u00c4TTIGHETER.<\/h3>\n<p style=\"padding-left: 40px;\">Ingen immateriell eller industriell \u00e4gander\u00e4tt till Webbplatsen eller n\u00e5gon av dess best\u00e5ndsdelar \u00f6verf\u00f6rs genom dessa Allm\u00e4nna villkor, och Anv\u00e4ndaren \u00e4r uttryckligen f\u00f6rbjuden att reproducera, omvandla, distribuera, offentligt kommunicera, tillg\u00e4ngligg\u00f6ra, extrahera, \u00e5teranv\u00e4nda, vidares\u00e4nda eller anv\u00e4nda n\u00e5gon av dem p\u00e5 n\u00e5got s\u00e4tt, med n\u00e5got medel eller f\u00f6rfarande, utom i de fall d\u00e5 detta \u00e4r lagligen till\u00e5tet eller godk\u00e4nt av \u00e4garen till motsvarande r\u00e4ttigheter.<\/p>\n<p style=\"padding-left: 40px;\"><strong>Anv\u00e4ndaren<\/strong> kan se och erh\u00e5lla en tillf\u00e4llig privat kopia av Inneh\u00e5llet f\u00f6r sitt exklusiva personliga och privata bruk p\u00e5 sina datorsystem (mjukvara och h\u00e5rdvara), f\u00f6rutsatt att detta inte sker i syfte att utf\u00f6ra aktiviteter av kommersiell eller professionell karakt\u00e4r. <strong>Anv\u00e4ndaren<\/strong> ska avst\u00e5 fr\u00e5n att skaffa eller f\u00f6rs\u00f6ka skaffa Inneh\u00e5llet med andra medel eller f\u00f6rfaranden \u00e4n de som i varje enskilt fall har gjorts tillg\u00e4ngliga eller angetts f\u00f6r detta \u00e4ndam\u00e5l eller de som normalt anv\u00e4nds p\u00e5 Internet (under f\u00f6ruts\u00e4ttning att de senare inte medf\u00f6r risk f\u00f6r skada eller inaktivering av Webbplatsen). <strong>Anv\u00e4ndaren<\/strong> m\u00e5ste alltid respektera alla immateriella och industriella r\u00e4ttigheter \u00f6ver webbplatsen, som \u00e4gs av <strong>IREMA<\/strong> eller tredje part.  <\/p>\n<h3>5.- UTESLUTANDE AV GARANTIER OCH ANSVAR.<\/h3>\n<h4 style=\"padding-left: 40px;\">5.1.- Uteslutande av garantier och ansvar f\u00f6r webbplatsens funktion.<\/h4>\n<p style=\"padding-left: 80px;\"><strong>IREMA<\/strong> garanterar inte tillg\u00e4ngligheten och kontinuiteten i webbplatsens funktion och de tj\u00e4nster eller inneh\u00e5ll som erbjuds d\u00e4r, inte heller att inneh\u00e5llet p\u00e5 webbplatsen \u00e4r uppdaterat, och befrias fr\u00e5n allt ansvar f\u00f6r skador av n\u00e5got slag som kan uppst\u00e5 p\u00e5 grund av s\u00e5dana omst\u00e4ndigheter.<\/p>\n<p style=\"padding-left: 80px;\"><strong>IREMA<\/strong> kommer att utf\u00f6ra, f\u00f6rutsatt att det inte finns n\u00e5gra omst\u00e4ndigheter som g\u00f6r det om\u00f6jligt eller sv\u00e5rt att utf\u00f6ra och s\u00e5 snart det blir medvetet om fel, fr\u00e5nkopplingar och \/ eller brist p\u00e5 uppdatering av inneh\u00e5llet, alla de uppgifter som syftar till att korrigera felen, \u00e5teruppr\u00e4tta kommunikationen och \/ eller uppdatera ovann\u00e4mnda inneh\u00e5ll.<\/p>\n<p style=\"padding-left: 80px;\"><strong>IREMA<\/strong> garanterar inte heller den tekniska tillf\u00f6rlitligheten p\u00e5 sin webbplats eller \u00e5tkomst till dess olika sidor och befrias ocks\u00e5 fr\u00e5n allt ansvar f\u00f6r skador av n\u00e5got slag som kan uppst\u00e5 av denna anledning.<\/p>\n<p style=\"padding-left: 80px;\">Vidare tar <strong>IREMA<\/strong> inget ansvar f\u00f6r eventuella fel eller s\u00e4kerhetsbrister som kan uppst\u00e5 p\u00e5 grund av anv\u00e4ndarens anv\u00e4ndning av en webbl\u00e4sare med en f\u00f6r\u00e5ldrad eller os\u00e4ker version av webbl\u00e4saren eller f\u00f6r eventuella skador, fel eller felaktigheter som kan uppst\u00e5 till f\u00f6ljd av webbl\u00e4sarens funktionsfel.<\/p>\n<p style=\"padding-left: 80px;\">F\u00f6r att minska risken f\u00f6r inf\u00f6rande av virus p\u00e5 webbplatsen anv\u00e4nder den virusdetekteringsprogram f\u00f6r att kontrollera allt inneh\u00e5ll som den introducerar p\u00e5 webbplatsen.<strong>IREMA<\/strong> garanterar dock inte fr\u00e5nvaron av virus eller andra element p\u00e5 webbplatsen som inf\u00f6rs av tredje part som inte \u00e4r relaterade till IREMA som kan orsaka f\u00f6r\u00e4ndringar i anv\u00e4ndarnas fysiska eller logiska system eller i de elektroniska dokument och filer som lagras i deras system. F\u00f6ljaktligen ska <strong>IREMA<\/strong> inte i n\u00e5got fall vara ansvarig f\u00f6r eventuella skador av n\u00e5got slag som kan uppst\u00e5 p\u00e5 grund av f\u00f6rekomsten av virus eller andra element som kan orsaka f\u00f6r\u00e4ndringar i de fysiska eller logiska systemen, elektroniska dokument eller filer av <strong>anv\u00e4ndarna<\/strong>.  <\/p>\n<p style=\"padding-left: 80px;\"><strong>IREMA<\/strong> vidtar olika skydds\u00e5tg\u00e4rder f\u00f6r att skydda webbplatsen, de uppgifter som samlas in och inneh\u00e5llet mot datorattacker fr\u00e5n tredje part. <strong>IREMA<\/strong> garanterar dock inte att obeh\u00f6riga tredje parter kan f\u00e5 tillg\u00e5ng till den typ av anv\u00e4ndning eller surfning av webbplatsen av <strong>anv\u00e4ndaren<\/strong> eller de villkor, egenskaper och omst\u00e4ndigheter under vilka den utf\u00f6rs. F\u00f6ljaktligen ska <strong>IREMA<\/strong> inte i n\u00e5got fall vara ansvarig f\u00f6r eventuella skador som kan uppst\u00e5 p\u00e5 grund av s\u00e5dan obeh\u00f6rig \u00e5tkomst.  <\/p>\n<p style=\"padding-left: 80px;\"><strong>IREMA<\/strong> ska inte under n\u00e5gra omst\u00e4ndigheter h\u00e5llas ansvarig f\u00f6r den anv\u00e4ndning som anv\u00e4ndare och\/eller tredje part kan g\u00f6ra av webbplatsen eller inneh\u00e5llet, eller f\u00f6r eventuella skador som kan h\u00e4rledas fr\u00e5n densamma.<\/p>\n<h4 style=\"padding-left: 40px;\">5.2.- Uteslutande av garantier och ansvar f\u00f6r inneh\u00e5llet.<\/h4>\n<p style=\"padding-left: 80px;\"><strong>IREMA<\/strong> redigerar inte inneh\u00e5llet fr\u00e5n tredje part som publiceras p\u00e5 webbplatsen och garanterar f\u00f6ljaktligen inte och ansvarar inte f\u00f6r lagligheten, tillf\u00f6rlitligheten, anv\u00e4ndbarheten, sanningen, noggrannheten, fullst\u00e4ndigheten och aktualiteten i s\u00e5dant inneh\u00e5ll, eller f\u00f6r inneh\u00e5llet som \u00e4gs av IREMA. IREMA ska inte i n\u00e5got fall vara ansvarig f\u00f6r eventuella skador som kan uppst\u00e5 p\u00e5 grund av: (i) bristen p\u00e5 laglighet, sanningsenlighet, noggrannhet, fullst\u00e4ndighet och \/ eller aktualitet av inneh\u00e5llet som h\u00e4rr\u00f6r fr\u00e5n tredje part och egna; (ii) ol\u00e4mplighet f\u00f6r n\u00e5got \u00e4ndam\u00e5l och besvikelsen av de f\u00f6rv\u00e4ntningar som genereras av inneh\u00e5llet; (iii) beslut eller \u00e5tg\u00e4rder som vidtagits eller undvikits av anv\u00e4ndaren som f\u00f6rlitar sig p\u00e5 den information eller data som tillhandah\u00e5lls eller tillhandah\u00e5lls i inneh\u00e5llet, inklusive utan begr\u00e4nsning f\u00f6rlust av vinst eller aff\u00e4rsm\u00f6jligheter.    <\/p>\n<h3>6.- HYPERL\u00c4NKAR.<\/h3>\n<p style=\"padding-left: 40px;\">Personer som avser att uppr\u00e4tta hyperl\u00e4nkar mellan sin webbsida och webbplatsen m\u00e5ste iaktta och f\u00f6lja f\u00f6ljande villkor:<\/p>\n<p style=\"padding-left: 80px;\">i) F\u00f6rhandsgodk\u00e4nnande kr\u00e4vs inte n\u00e4r hyperl\u00e4nken endast ger tillg\u00e5ng till webbplatsens startsida, men inte f\u00e5r \u00e5terge den i n\u00e5gon form. Alla andra former av hyperl\u00e4nkar kr\u00e4ver IREMA:s uttryckliga och otvetydiga skriftliga tillst\u00e5nd. <\/p>\n<p style=\"padding-left: 80px;\">ii) Den webbsida p\u00e5 vilken hyperl\u00e4nken \u00e4r etablerad f\u00e5r endast inneh\u00e5lla vad som \u00e4r absolut n\u00f6dv\u00e4ndigt f\u00f6r att identifiera hyperl\u00e4nkens destination.<\/p>\n<p style=\"padding-left: 80px;\">iii) Den webbsida p\u00e5 vilken hyperl\u00e4nken \u00e4r etablerad f\u00e5r inte inneh\u00e5lla information eller inneh\u00e5ll som \u00e4r olagligt, strider mot moral och allm\u00e4nt accepterad god sed och allm\u00e4n ordning, och inte heller inneh\u00e5ll som strider mot tredje parts r\u00e4ttigheter.<\/p>\n<p style=\"padding-left: 80px;\">iv) <strong>IREMA<\/strong> f\u00f6rbeh\u00e5ller sig r\u00e4tten att blockera hyperl\u00e4nkar till webbplatsen som inte har ett uttryckligt f\u00f6rhandstillst\u00e5nd, \u00e4ven om de \u00f6verensst\u00e4mmer med best\u00e4mmelserna i denna punkt i de allm\u00e4nna villkoren.<\/p>\n<h3>7.- \u00c5TG\u00c4RDER I H\u00c4NDELSE AV BRISTANDE EFTERLEVNAD.<\/h3>\n<div id=\"page-4\" class=\"_kqswh2mm _bfhku67f _18u01wug _2hwx1wug\" style=\"padding-left: 40px;\" data-testid=\"page-3\"><strong>IREMA<\/strong> f\u00f6rbeh\u00e5ller sig r\u00e4tten att vidta alla \u00e5tg\u00e4rder som \u00e4r tillg\u00e4ngliga enligt lag f\u00f6r att genomdriva<\/div>\n<div id=\"page-5\" class=\"_kqswh2mm _bfhku67f _18u01wug _2hwx1wug\" style=\"padding-left: 40px;\" data-testid=\"page-4\">ansvar som uppst\u00e5r p\u00e5 grund av att en anv\u00e4ndare bryter mot n\u00e5gon av best\u00e4mmelserna i dessa allm\u00e4nna villkor f\u00f6r webbplatsen.<\/div>\n<div data-testid=\"page-4\"><\/div>\n<h3 data-testid=\"page-4\">8.- PARTIELL OGILTIGHET.<\/h3>\n<p style=\"padding-left: 40px;\">Om n\u00e5gon av best\u00e4mmelserna i dessa allm\u00e4nna villkor f\u00f6rklaras vara ogiltig eller verkningsl\u00f6s ska detta inte p\u00e5verka giltigheten eller verkan av de \u00e5terst\u00e5ende best\u00e4mmelserna, vilka ska forts\u00e4tta att vara bindande mellan parterna.<\/p>\n<h3>9.- TILL\u00c4MPLIG LAG OCH JURISDIKTION.<\/h3>\n<p style=\"padding-left: 40px;\">Dessa anv\u00e4ndarvillkor ska regleras av best\u00e4mmelserna i spansk lag.<\/p>\n<p style=\"padding-left: 40px;\">Alla tvister som r\u00f6r villkoren f\u00f6r anv\u00e4ndning och \u00e5tkomst till denna webbplats som finns i detta dokument av webbplatsens GTU, \u00f6verl\u00e4mnar parterna, med uttryckligt avst\u00e5ende fr\u00e5n all annan jurisdiktion som kan motsvara dem, om inte annat best\u00e4ms enligt lag, till domstolarna i Denia.<\/p>\n<h3>10.- MEDDELANDEN.<\/h3>\n<p>F\u00f6r att kunna g\u00f6ra l\u00e4mpliga anm\u00e4lningar utser <strong>IREMA<\/strong> den adress som anges i det r\u00e4ttsliga meddelandet som kontaktadress.<\/p>\n<p>Den e-postadress som tillhandah\u00e5lls av <strong>anv\u00e4ndaren<\/strong> under registreringsprocessen p\u00e5 webbplatsen kommer att anv\u00e4ndas av <strong>IREMA<\/strong> i syfte att skicka meddelanden till anv\u00e4ndaren.<\/p>\n<p><strong>Anv\u00e4ndaren<\/strong> \u00e4r skyldig att h\u00e5lla de uppgifter som avses i denna klausul vederb\u00f6rligen uppdaterade f\u00f6r att kunna skicka meddelanden.<\/p>\n<p>Alla meddelanden som <strong>IREMA<\/strong> g\u00f6r till <strong>anv\u00e4ndaren<\/strong> ska anses vara giltigt gjorda om de har gjorts med hj\u00e4lp av uppgifterna och genom ovann\u00e4mnda medel. <strong>IREMA<\/strong> ska inte h\u00e5llas ansvarig f\u00f6r eventuella skador som kan uppst\u00e5 till f\u00f6ljd av <strong>anv\u00e4ndarens<\/strong> underl\u00e5tenhet att h\u00e5lla sina kontaktuppgifter uppdaterade.<\/p>\n<p>&nbsp;<\/p>\n","protected":false},"excerpt":{"rendered":"<p>ALLM\u00c4NNA VILLKOR F\u00d6R ANV\u00c4NDNING AV WWW.IREMA.ORG 1.- OBJECT. Dessa allm\u00e4nna anv\u00e4ndarvillkor (nedan kallade AVV) reglerar \u00e5tkomst till och anv\u00e4ndning av webbplatsen under dom\u00e4nen WWW.IREMA.ORG (nedan kallad webbplatsen), som \u00e4gs av &#8221;INSTITUTO DE REPRODUCCION DE LA MARINA ALTA, S.L.&#8221; (nedan kallat IREMA), och som g\u00f6rs tillg\u00e4nglig f\u00f6r anv\u00e4ndare (nedan kallade anv\u00e4ndare). Om du har n\u00e5gra tvivel [&hellip;]<\/p>\n","protected":false},"author":3,"featured_media":0,"parent":0,"menu_order":0,"comment_status":"closed","ping_status":"closed","template":"","meta":{"footnotes":""},"class_list":["post-48179","page","type-page","status-publish","hentry"],"_links":{"self":[{"href":"https:\/\/www.irema.org\/sv\/wp-json\/wp\/v2\/pages\/48179","targetHints":{"allow":["GET"]}}],"collection":[{"href":"https:\/\/www.irema.org\/sv\/wp-json\/wp\/v2\/pages"}],"about":[{"href":"https:\/\/www.irema.org\/sv\/wp-json\/wp\/v2\/types\/page"}],"author":[{"embeddable":true,"href":"https:\/\/www.irema.org\/sv\/wp-json\/wp\/v2\/users\/3"}],"replies":[{"embeddable":true,"href":"https:\/\/www.irema.org\/sv\/wp-json\/wp\/v2\/comments?post=48179"}],"version-history":[{"count":1,"href":"https:\/\/www.irema.org\/sv\/wp-json\/wp\/v2\/pages\/48179\/revisions"}],"predecessor-version":[{"id":48214,"href":"https:\/\/www.irema.org\/sv\/wp-json\/wp\/v2\/pages\/48179\/revisions\/48214"}],"wp:attachment":[{"href":"https:\/\/www.irema.org\/sv\/wp-json\/wp\/v2\/media?parent=48179"}],"curies":[{"name":"wp","href":"https:\/\/api.w.org\/{rel}","templated":true}]}}