{"id":48318,"date":"2021-12-23T20:55:14","date_gmt":"2021-12-23T19:55:14","guid":{"rendered":"https:\/\/www.irema.org\/politica-de-cookies-ue\/"},"modified":"2026-02-02T12:21:50","modified_gmt":"2026-02-02T11:21:50","slug":"politica-de-cookies-ue","status":"publish","type":"page","link":"https:\/\/www.irema.org\/sv\/politica-de-cookies-ue\/","title":{"rendered":"Pol\u00edtica de cookies (UE)"},"content":{"rendered":"<h1 style=\"text-align: center;\">COOKIEPOLICY<\/h1>\n<div class=\"row\">\n<div class=\"col-xl-10 mx-auto\">\n<div class=\"paper\">\n<div>\n<h3>1. Vad \u00e4r cookies?<\/h3>\n<p style=\"padding-left: 40px;\">Cookies \u00e4r sm\u00e5 datafiler som genereras i anv\u00e4ndarens dator och som g\u00f6r det m\u00f6jligt f\u00f6r oss att k\u00e4nna till bes\u00f6ksfrekvens, det mest valda inneh\u00e5llet och de s\u00e4kerhetselement som kan spela in vid kontroll av \u00e5tkomst till begr\u00e4nsade omr\u00e5den. De anv\u00e4nds \u00e4ven f\u00f6r visning av reklam baserat p\u00e5 kriterier f\u00f6rdefinierade av <b data-path-to-node=\"4\" data-index-in-node=\"315\">INSTITUTO DE REPRODUCCION DE LA MARINA ALTA, S.L.<\/b> och som aktiveras av cookies som tillhandah\u00e5lls av n\u00e4mnda enhet eller av tredje part som tillhandah\u00e5ller dessa tj\u00e4nster f\u00f6r INSTITUTO DE REPRODUCCION DE LA MARINA ALTA, S.L.s r\u00e4kning.<\/p>\n<p style=\"padding-left: 40px;\">Som huvudregel finns f\u00f6ljande typer av cookies:<\/p>\n<p style=\"padding-left: 40px;\">Beroende p\u00e5 vilken enhet som hanterar dom\u00e4nen varifr\u00e5n cookies skickas och behandlar den data som erh\u00e5lls, kan tv\u00e5 typer urskiljas:<\/p>\n<p style=\"padding-left: 80px;\">\u00b7 <b data-path-to-node=\"7,0,0\" data-index-in-node=\"0\">Egna cookies:<\/b> de som skickas till anv\u00e4ndarens terminalutrustning fr\u00e5n en utrustning eller dom\u00e4n som hanteras av utgivaren sj\u00e4lv och varifr\u00e5n den tj\u00e4nst som anv\u00e4ndaren beg\u00e4rt tillhandah\u00e5lls.<\/p>\n<p style=\"padding-left: 80px;\">\u00b7 <b data-path-to-node=\"7,1,0\" data-index-in-node=\"0\">Tredjepartscookies:<\/b> de som skickas till anv\u00e4ndarens terminalutrustning fr\u00e5n en utrustning eller dom\u00e4n som inte hanteras av utgivaren, utan av en annan enhet som behandlar den data som erh\u00e5llits genom cookies.<\/p>\n<p style=\"padding-left: 40px;\">I de fall cookies installeras fr\u00e5n en utrustning eller dom\u00e4n som hanteras av utgivaren sj\u00e4lv, men informationen som samlas in genom dessa hanteras av en tredje part, kan de inte anses vara egna cookies.<\/p>\n<p style=\"padding-left: 40px;\">Det finns ocks\u00e5 en andra klassificering beroende p\u00e5 hur l\u00e4nge de f\u00f6rblir lagrade i klientens webbl\u00e4sare:<\/p>\n<p style=\"padding-left: 80px;\"><b data-path-to-node=\"10,0,0\" data-index-in-node=\"0\">Sessionscookies:<\/b> utformade f\u00f6r att samla in och lagra data medan anv\u00e4ndaren bes\u00f6ker en webbplats. De anv\u00e4nds vanligtvis f\u00f6r att lagra information som endast \u00e4r relevant att beh\u00e5lla f\u00f6r tillhandah\u00e5llandet av den tj\u00e4nst som anv\u00e4ndaren beg\u00e4rt vid ett enskilt tillf\u00e4lle (t.ex. en lista \u00f6ver k\u00f6pta produkter).<\/p>\n<p style=\"padding-left: 80px;\"><b data-path-to-node=\"10,1,0\" data-index-in-node=\"0\">Best\u00e4ndiga cookies:<\/b> data f\u00f6rblir lagrade i terminalen och kan n\u00e5s och behandlas under en period som definieras av den person som ansvarar f\u00f6r cookien, vilket kan variera fr\u00e5n n\u00e5gra minuter till flera \u00e5r.<\/p>\n<p style=\"padding-left: 40px;\">Slutligen finns det en annan klassificering med sex typer av cookies beroende p\u00e5 \u00e4ndam\u00e5let med behandlingen av erh\u00e5llen data:<\/p>\n<p style=\"padding-left: 80px;\">\u00b7<b data-path-to-node=\"12,0,0\" data-index-in-node=\"0\">Tekniska cookies:<\/b> Tekniska eller n\u00f6dv\u00e4ndiga cookies \u00e4r avg\u00f6rande f\u00f6r att v\u00e5r webbplats ska fungera korrekt och inkluderar grundl\u00e4ggande funktioner som att identifiera sessionen eller ge registrerade anv\u00e4ndare \u00e5tkomst till begr\u00e4nsade omr\u00e5den. Av dessa sk\u00e4l kan tekniska cookies inte inaktiveras.<\/p>\n<p style=\"padding-left: 80px;\">\u00b7<b data-path-to-node=\"12,1,0\" data-index-in-node=\"0\">Preferenscookies:<\/b> Genom att anv\u00e4nda preferenscookies kan webbplatsen komma ih\u00e5g information under din surfningstid som r\u00f6r hur webbplatsen beter sig eller ser ut, s\u00e5som ditt f\u00f6redragna spr\u00e5k eller den region du befinner dig i.<\/p>\n<p style=\"padding-left: 80px;\">\u00b7 <b data-path-to-node=\"12,2,0\" data-index-in-node=\"0\">Statistikcookies:<\/b> Vi anv\u00e4nder statistikcookies f\u00f6r att se hur du interagerar med webbplatsen genom att samla in anonym information under tiden du surfar p\u00e5 den. Syftet med att samla in denna information \u00e4r att inf\u00f6ra f\u00f6rb\u00e4ttringar p\u00e5 webbplatsen baserat p\u00e5 analysen av den sammanst\u00e4llda datan.<\/p>\n<p style=\"padding-left: 80px;\">\u00b7<b data-path-to-node=\"12,3,0\" data-index-in-node=\"0\">Marknadsf\u00f6rings-\/reklamcookies:<\/b> Dessa till\u00e5ter oss att hantera reklamutrymmen p\u00e5 v\u00e5r webbplats, applikation eller plattform baserat p\u00e5 kriterier som det visade inneh\u00e5llet eller hur ofta annonserna visas.<\/p>\n<p style=\"padding-left: 80px;\">\u00b7 <b data-path-to-node=\"12,4,0\" data-index-in-node=\"0\">Marknadsf\u00f6ringscookies:<\/b> Marknadsf\u00f6ringscookies anv\u00e4nds f\u00f6r att analysera ditt beteende n\u00e4r du bes\u00f6ker webbplatsen s\u00e5 att andra leverant\u00f6rer punktvis kan erbjuda dig personlig och relevant reklam baserat p\u00e5 din surfprofil.<\/p>\n<p style=\"padding-left: 80px;\">\u00b7 <b data-path-to-node=\"12,5,0\" data-index-in-node=\"0\">Cookies f\u00f6r externa sociala n\u00e4tverk:<\/b> anv\u00e4nds f\u00f6r att bes\u00f6kare ska kunna interagera med inneh\u00e5ll fr\u00e5n olika sociala plattformar (Facebook, YouTube, Twitter, LinkedIn, etc.) och genereras endast f\u00f6r anv\u00e4ndare av dessa sociala n\u00e4tverk. Anv\u00e4ndarvillkoren f\u00f6r dessa cookies och den information som samlas in regleras av sekretesspolicyn f\u00f6r motsvarande sociala plattform.<\/p>\n<h3>2. Cookies que nosotros utilizamos<\/h3>\n<p style=\"padding-left: 40px;\">Fr\u00e5n webbplatsen f\u00f6r INSTITUTO DE REPRODUCCION DE LA MARINA ALTA, S.L. anv\u00e4nder vi cookies som har olika funktioner:<\/p>\n<div>[wcc_category_list]<\/div>\n<h3 style=\"padding-left: 40px;\"><b data-path-to-node=\"15\" data-index-in-node=\"0\">EGNA COOKIES<\/b><\/h3>\n<h4 style=\"padding-left: 80px;\">Tekniska eller n\u00f6dv\u00e4ndiga<\/h4>\n<div id=\"page-15\" class=\"_kqswh2mm _bfhku67f _18u01wug _2hwx1wug\" style=\"padding-left: 120px;\" data-testid=\"page-14\">Tekniska eller strikt n\u00f6dv\u00e4ndiga cookies \u00e4r de som till\u00e5ter anv\u00e4ndaren att navigera genom en webbplats och anv\u00e4nda de olika alternativen eller tj\u00e4nsterna som erbjuds d\u00e4r, som till exempel att kontrollera trafik och datakommunikation, identifiera sessionen, f\u00e5 tillg\u00e5ng till delar med begr\u00e4nsad \u00e5tkomst, komma ih\u00e5g element i en best\u00e4llning, genomf\u00f6ra k\u00f6pprocessen f\u00f6r en best\u00e4llning, hantera betalning, kontrollera bedr\u00e4geri kopplat till tj\u00e4nstens s\u00e4kerhet, g\u00f6ra en ans\u00f6kan om registrering eller deltagande i ett evenemang, anv\u00e4nda s\u00e4kerhetselement under navigering, lagra inneh\u00e5ll f\u00f6r s\u00e4ndning av videor eller ljud, aktivera dynamiskt inneh\u00e5ll (till exempel laddningsanimering av en text eller bild), dela inneh\u00e5ll via sociala n\u00e4tverk eller anpassa anv\u00e4ndargr\u00e4nssnittet s\u00e5 l\u00e4nge det \u00e4r anv\u00e4ndaren som v\u00e4ljer de anpassningsalternativ som \u00f6nskas. Den lagliga grunden som legitimerar denna behandling \u00e4r genomf\u00f6randet och underh\u00e5llet av den tj\u00e4nst som anv\u00e4ndaren beg\u00e4rt. Dessa cookies f\u00f6rblir aktiva s\u00e5 l\u00e4nge anv\u00e4ndaren stannar p\u00e5 webbplatsen.<\/div>\n<h4 style=\"padding-left: 80px;\">Preferens eller anpassning:<\/h4>\n<p style=\"padding-left: 120px;\">Preferens- eller anpassningscookies \u00e4r de som g\u00f6r det m\u00f6jligt att komma ih\u00e5g information s\u00e5 att anv\u00e4ndaren f\u00e5r tillg\u00e5ng till tj\u00e4nsten med vissa egenskaper som kan skilja dennes upplevelse fr\u00e5n andra anv\u00e4ndares, som till exempel spr\u00e5k, antal resultat som ska visas n\u00e4r anv\u00e4ndaren g\u00f6r en s\u00f6kning, tj\u00e4nstens utseende eller inneh\u00e5ll beroende p\u00e5 vilken typ av webbl\u00e4sare anv\u00e4ndaren anv\u00e4nder f\u00f6r att f\u00e5 tillg\u00e5ng till tj\u00e4nsten eller fr\u00e5n vilken region den n\u00e5s, etc. Varaktigheten f\u00f6r dessa cookies \u00e4r den tid anv\u00e4ndaren stannar p\u00e5 webbplatsen (session). Informationen lagras uteslutande i anv\u00e4ndarens webbl\u00e4sare och anv\u00e4nds inte f\u00f6r n\u00e5got annat \u00e4ndam\u00e5l \u00e4n att hantera anv\u00e4ndarens preferenser. Den lagliga grunden som legitimerar behandlingen \u00e4r det uttryckliga samtycke som l\u00e4mnats av anv\u00e4ndaren.<\/p>\n<h4 style=\"padding-left: 40px;\">TREDJEPARTSCOOKIES<\/h4>\n<h4 style=\"padding-left: 80px;\">M\u00e4tning eller analys:<\/h4>\n<p style=\"padding-left: 120px;\">M\u00e4t- eller analyscookies \u00e4r de som g\u00f6r det m\u00f6jligt f\u00f6r den ansvarige att sp\u00e5ra och analysera beteendet hos anv\u00e4ndarna p\u00e5 de webbplatser som de \u00e4r l\u00e4nkade till, inklusive kvantifiering av annonsers p\u00e5verkan. Informationen som samlas in genom denna typ av cookies anv\u00e4nds f\u00f6r att m\u00e4ta aktiviteten p\u00e5 webbplatser, applikationer eller plattformar, i syfte att inf\u00f6ra f\u00f6rb\u00e4ttringar baserat p\u00e5 analysen av den data om anv\u00e4ndning som anv\u00e4ndarna av tj\u00e4nsten g\u00f6r. Den lagliga grunden som legitimerar behandlingen \u00e4r det uttryckliga samtycke som l\u00e4mnats av anv\u00e4ndaren. Du kan f\u00e5 mer information om dessa cookies samt deras lagringsperiod genom att f\u00f6lja l\u00e4nkarna f\u00f6r &#8221;Cookiepolicy&#8221;.<\/p>\n<h4 style=\"padding-left: 80px;\">Beteendebaserad reklam<\/h4>\n<p style=\"padding-left: 120px;\">Cookies f\u00f6r beteendebaserad reklam \u00e4r de som lagrar information om anv\u00e4ndarnas beteende erh\u00e5llen genom kontinuerlig observation av deras surfvanor, vilket g\u00f6r det m\u00f6jligt att utveckla en specifik profil f\u00f6r att visa reklam baserat p\u00e5 denna. Den lagliga grunden som legitimerar behandlingen \u00e4r det uttryckliga samtycke som l\u00e4mnats av anv\u00e4ndaren. Du kan f\u00e5 mer information om dessa cookies samt deras lagringsperiod genom att f\u00f6lja l\u00e4nkarna f\u00f6r &#8221;Cookiepolicy&#8221;. Vi anv\u00e4nder egna cookies och tredjepartscookies. I f\u00f6ljande tabell hittar du alla cookies som anv\u00e4nds.<\/p>\n<h3>3. Hur man \u00e4ndrar cookies (Inaktivering och borttagning)<\/h3>\n<p style=\"padding-left: 40px;\"><b data-path-to-node=\"20\" data-index-in-node=\"0\">Hur man hanterar cookies fr\u00e5n v\u00e5r banner:<\/b> Inom webbplatsen \u00f6ppnas automatiskt ett f\u00f6nster d\u00e4r du kan best\u00e4mma om du vill acceptera installationen av cookies, vilket till\u00e5ter att de installeras och anv\u00e4nds enligt vad som anges i v\u00e5r cookiepolicy, eller konfigurera dem efter \u00f6nskem\u00e5l. Alternativet att konfigurera cookies kommer alltid att finnas tillg\u00e4ngligt l\u00e4ngst ner p\u00e5 sidan om du skulle \u00e4ndra dig.<\/p>\n<p style=\"padding-left: 40px;\"><b data-path-to-node=\"21\" data-index-in-node=\"0\">Hur man hanterar cookies fr\u00e5n din webbl\u00e4sare:<\/b> De flesta webbl\u00e4sare l\u00e5ter dig se, hantera, ta bort och blockera cookies fr\u00e5n en webbplats. Observera att om du raderar alla cookies kommer alla anv\u00e4ndarinst\u00e4llningar du har gjort att g\u00e5 f\u00f6rlorade, inklusive m\u00f6jligheten att exkludera cookies, eftersom denna funktion kr\u00e4ver just placeringen av en exkluderingscookie p\u00e5 din enhet. Nedan kan du se hur du hanterar cookies i de vanligaste webbl\u00e4sarna:<\/p>\n<p style=\"padding-left: 80px;\" data-path-to-node=\"22\"><b data-path-to-node=\"22\" data-index-in-node=\"0\">Google Chrome<\/b><\/p>\n<ol>\n<li style=\"list-style-type: none;\">\n<ol>\n<li style=\"list-style-type: none;\">\n<ol start=\"1\" data-path-to-node=\"23\">\n<li>\n<p data-path-to-node=\"23,0,0\">\u00d6ppna Chrome p\u00e5 datorn.<\/p>\n<\/li>\n<li>\n<p data-path-to-node=\"23,1,0\">Klicka p\u00e5 Mer (tre punkter) uppe till h\u00f6ger. Inst\u00e4llningar.<\/p>\n<\/li>\n<li>\n<p data-path-to-node=\"23,2,0\">Under &#8221;Integritet och s\u00e4kerhet&#8221;, klicka p\u00e5 Webbplatsinst\u00e4llningar.<\/p>\n<\/li>\n<li>\n<p data-path-to-node=\"23,3,0\">Klicka p\u00e5 Cookies.<\/p>\n<\/li>\n<li>\n<p data-path-to-node=\"23,4,0\">D\u00e4refter kan du: Aktivera cookies: sl\u00e5 p\u00e5 reglaget som visas bredvid &#8221;Blockerad&#8221;. F\u00f6r mer information, se Googles support eller webbl\u00e4sarens hj\u00e4lpavsnitt.<\/p>\n<\/li>\n<\/ol>\n<\/li>\n<\/ol>\n<\/li>\n<\/ol>\n<p style=\"padding-left: 80px;\" data-path-to-node=\"24\"><b data-path-to-node=\"24\" data-index-in-node=\"0\">Microsoft Internet Explorer<\/b><\/p>\n<ol>\n<li style=\"list-style-type: none;\">\n<ol>\n<li style=\"list-style-type: none;\">\n<ol start=\"1\" data-path-to-node=\"25\">\n<li>\n<p data-path-to-node=\"25,0,0\">Klicka p\u00e5 \u201dVerktyg\u201d i det \u00f6vre h\u00f6rnet av din webbl\u00e4sare och v\u00e4lj \u201dInternetalternativ\u201d och klicka igen p\u00e5 alternativet \u201dIntegritet\u201d.<\/p>\n<\/li>\n<li>\n<p data-path-to-node=\"25,1,0\">Se till att din integritetsniv\u00e5 \u00e4r inst\u00e4lld p\u00e5 Medel eller l\u00e4gre, vilket till\u00e5ter anv\u00e4ndning av cookies i din webbl\u00e4sare.<\/p>\n<\/li>\n<li>\n<p data-path-to-node=\"25,2,0\">Om ett alternativ h\u00f6gre \u00e4n Medel v\u00e4ljs, kommer anv\u00e4ndning av cookies inte att till\u00e5tas. F\u00f6r mer information, se Microsofts support eller webbl\u00e4sarens hj\u00e4lpavsnitt.<\/p>\n<\/li>\n<\/ol>\n<\/li>\n<\/ol>\n<\/li>\n<\/ol>\n<p style=\"padding-left: 80px;\" data-path-to-node=\"26\"><b data-path-to-node=\"26\" data-index-in-node=\"0\">Mozilla Firefox<\/b><\/p>\n<ol>\n<li style=\"list-style-type: none;\">\n<ol>\n<li style=\"list-style-type: none;\">\n<ol start=\"1\" data-path-to-node=\"27\">\n<li>\n<p data-path-to-node=\"27,0,0\">Klicka l\u00e4ngst upp i ditt webbl\u00e4sarf\u00f6nster. Klicka p\u00e5 \u201dVerktyg\u201d och v\u00e4lj \u201dInst\u00e4llningar\u201d.<\/p>\n<\/li>\n<li>\n<p data-path-to-node=\"27,1,0\">V\u00e4lj ikonen Integritet &amp; S\u00e4kerhet.<\/p>\n<\/li>\n<li>\n<p data-path-to-node=\"27,2,0\">Klicka p\u00e5 alternativet att till\u00e5ta cookies p\u00e5 denna webbplats. F\u00f6r mer information, se Mozillas support eller webbl\u00e4sarens hj\u00e4lpavsnitt.<\/p>\n<\/li>\n<\/ol>\n<\/li>\n<\/ol>\n<\/li>\n<\/ol>\n<p style=\"padding-left: 80px;\" data-path-to-node=\"28\"><b data-path-to-node=\"28\" data-index-in-node=\"0\">Safari<\/b><\/p>\n<ol>\n<li style=\"list-style-type: none;\">\n<ol>\n<li style=\"list-style-type: none;\">\n<ol start=\"1\" data-path-to-node=\"29\">\n<li>\n<p data-path-to-node=\"29,0,0\">Klicka p\u00e5 verktygsikonen l\u00e4ngst upp i din webbl\u00e4sare och v\u00e4lj alternativet \u201dInst\u00e4llningar\u201d.<\/p>\n<\/li>\n<li>\n<p data-path-to-node=\"29,1,0\">Klicka p\u00e5 \u201dIntegritet och s\u00e4kerhet\u201d och v\u00e4lj alternativet Blockera \u201dF\u00f6rhindra sp\u00e5rning mellan webbplatser\u201d.<\/p>\n<\/li>\n<li>\n<p data-path-to-node=\"29,2,0\">Klicka p\u00e5 \u201dSpara\u201d. F\u00f6r mer information, se Apples support eller webbl\u00e4sarens hj\u00e4lpavsnitt.<\/p>\n<\/li>\n<\/ol>\n<\/li>\n<\/ol>\n<\/li>\n<\/ol>\n<p style=\"padding-left: 80px;\" data-path-to-node=\"30\">Eller s\u00e5 kan du konsultera videoguiderna publicerade av den spanska dataskyddsmyndigheten (AEPD): <a class=\"ng-star-inserted\" href=\"http:\/\/www.youtube.com\/user\/desdelaAEPD\" target=\"_blank\" rel=\"noopener\">http:\/\/www.youtube.com\/user\/desdelaAEPD<\/a><\/p>\n<h3>4. \u00c4ndringar i cookiepolicyn<\/h3>\n<p style=\"padding-left: 40px;\">Detta integritetsmeddelande kan genomg\u00e5 modifieringar, \u00e4ndringar eller uppdateringar till f\u00f6ljd av nya lagkrav. Detta dokument kommer alltid att vara den uppdaterade versionen, anpassad till de nya kraven. Intressenter kan ut\u00f6va sina r\u00e4ttigheter till tillg\u00e5ng, r\u00e4ttelse, radering eller inv\u00e4ndning via f\u00f6ljande e-postadress: dpo@procoden.es.<\/p>\n<h3>5. Behandling av uppgifter och ut\u00f6vande av r\u00e4ttigheter<\/h3>\n<div id=\"page-18\" class=\"_kqswh2mm _bfhku67f _18u01wug _2hwx1wug\" style=\"padding-left: 40px;\" data-testid=\"page-17\">De personuppgifter som vi samlar in genom anv\u00e4ndning av cookies kommer att behandlas av <b data-path-to-node=\"34\" data-index-in-node=\"88\">INSTITUTO DE REPRODUCCION DE LA MARINA ALTA, S.L.<\/b>, AVDA. DOCTOR FLEMING, 47 03760 ONDARA (ALICANTE).<\/div>\n<div data-testid=\"page-18\"><\/div>\n<div style=\"padding-left: 40px;\" data-testid=\"page-18\">Dina personuppgifter kommer att behandlas f\u00f6r det \u00e4ndam\u00e5l som anges f\u00f6r var och en av de cookies som identifieras i tabellen ovan. Dessa personuppgifter kommer att behandlas baserat p\u00e5 ditt samtycke.<\/div>\n<div style=\"padding-left: 40px;\" data-testid=\"page-18\"><\/div>\n<\/div>\n<div style=\"padding-left: 40px;\" data-testid=\"page-18\">Du kan ut\u00f6va dina r\u00e4ttigheter till tillg\u00e5ng, r\u00e4ttelse, radering och inv\u00e4ndning, samt r\u00e4tten till begr\u00e4nsning av behandling, r\u00e4tten till dataportabilitet och r\u00e4tten att inte bli f\u00f6rem\u00e5l f\u00f6r automatiserade beslut, genom att styrka din identitet med ID-kort eller motsvarande via e-post till dpo@procoden.es.<\/div>\n<div style=\"padding-left: 40px;\" data-testid=\"page-18\"><\/div>\n<\/div>\n<div style=\"padding-left: 40px;\" data-testid=\"page-18\">Du kan n\u00e4r som helst \u00e5terkalla det samtycke som l\u00e4mnats f\u00f6r varje typ av cookie via v\u00e5r panel f\u00f6r cookieinst\u00e4llningar.<\/div>\n<div style=\"padding-left: 40px;\" data-testid=\"page-18\"><\/div>\n<\/div>\n<div style=\"padding-left: 40px;\" data-testid=\"page-18\">Om du anser att INSTITUTO DE REPRODUCCION DE LA MARINA ALTA, S.L. inte har respekterat n\u00e5gon av de ovan n\u00e4mnda r\u00e4ttigheterna har du r\u00e4tt att l\u00e4mna in ett klagom\u00e5l till den spanska dataskyddsmyndigheten (Agencia Espa\u00f1ola de Protecci\u00f3n de Datos).<\/div>\n<\/div>\n<h3 data-testid=\"page-18\">6. Till vem dina uppgifter kommer att kommuniceras<\/h3>\n<p style=\"padding-left: 40px;\">I allm\u00e4nhet kommer anv\u00e4ndaruppgifter som samlas in genom egna cookies p\u00e5 denna webbplats inte att \u00f6verf\u00f6ras till tredje part. Men p\u00e5 grund av anv\u00e4ndningen av tredjepartscookies \u00e4r det m\u00f6jligt att insamlade uppgifter \u00f6verf\u00f6rs utanf\u00f6r Europeiska unionen, eftersom dessa cookies kan vara lagrade utanf\u00f6r det Europeiska ekonomiska samarbetsomr\u00e5det. Dessa cookies som kan vara lagrade utanf\u00f6r EU \u00e4r f\u00f6ljande:<\/p>\n<p style=\"padding-left: 40px;\"><b data-path-to-node=\"41\" data-index-in-node=\"0\">MER INFORMATION OM BEHANDLING AV PERSONUPPGIFTER<\/b> Du kan l\u00e4sa mer information om behandlingen av dina personuppgifter genom att g\u00e5 till v\u00e5r Integritetspolicy.<\/p>\n","protected":false},"excerpt":{"rendered":"<p>COOKIEPOLICY 1. Vad \u00e4r cookies? Cookies \u00e4r sm\u00e5 datafiler som genereras i anv\u00e4ndarens dator och som g\u00f6r det m\u00f6jligt f\u00f6r oss att k\u00e4nna till bes\u00f6ksfrekvens, det mest valda inneh\u00e5llet och de s\u00e4kerhetselement som kan spela in vid kontroll av \u00e5tkomst till begr\u00e4nsade omr\u00e5den. De anv\u00e4nds \u00e4ven f\u00f6r visning av reklam baserat p\u00e5 kriterier f\u00f6rdefinierade av [&hellip;]<\/p>\n","protected":false},"author":3,"featured_media":0,"parent":0,"menu_order":0,"comment_status":"closed","ping_status":"closed","template":"","meta":{"footnotes":""},"class_list":["post-48318","page","type-page","status-publish","hentry"],"_links":{"self":[{"href":"https:\/\/www.irema.org\/sv\/wp-json\/wp\/v2\/pages\/48318","targetHints":{"allow":["GET"]}}],"collection":[{"href":"https:\/\/www.irema.org\/sv\/wp-json\/wp\/v2\/pages"}],"about":[{"href":"https:\/\/www.irema.org\/sv\/wp-json\/wp\/v2\/types\/page"}],"author":[{"embeddable":true,"href":"https:\/\/www.irema.org\/sv\/wp-json\/wp\/v2\/users\/3"}],"replies":[{"embeddable":true,"href":"https:\/\/www.irema.org\/sv\/wp-json\/wp\/v2\/comments?post=48318"}],"version-history":[{"count":2,"href":"https:\/\/www.irema.org\/sv\/wp-json\/wp\/v2\/pages\/48318\/revisions"}],"predecessor-version":[{"id":48320,"href":"https:\/\/www.irema.org\/sv\/wp-json\/wp\/v2\/pages\/48318\/revisions\/48320"}],"wp:attachment":[{"href":"https:\/\/www.irema.org\/sv\/wp-json\/wp\/v2\/media?parent=48318"}],"curies":[{"name":"wp","href":"https:\/\/api.w.org\/{rel}","templated":true}]}}